{"id":115,"date":"2008-12-28T14:28:49","date_gmt":"2008-12-28T21:28:49","guid":{"rendered":"http:\/\/blog.espol.edu.ec\/rxgranda\/?page_id=115"},"modified":"2009-01-21T08:55:44","modified_gmt":"2009-01-21T15:55:44","slug":"temas-windows-xp","status":"publish","type":"page","link":"https:\/\/blog.espol.edu.ec\/rxgranda\/temas-windows-xp","title":{"rendered":"Temas Windows XP"},"content":{"rendered":"<p><!--[if gte mso 9]&gt;  Normal 0   21   false false false  ES X-NONE X-NONE              MicrosoftInternetExplorer4              &lt;![endif]--><!--[if gte mso 9]&gt;                                                                                                                                            &lt;![endif]--> Para aquellos que gozan de la estabilidad del <a href=\"http:\/\/www.microsoft.com\">Windows XPerience(XP) \u00ae<\/a> de <a href=\"http:\/\/www.microsoft.com\">Microsoft<\/a> aqu\u00ed algunos paquetes transformadores de temas.<\/p>\n<p>Si sienten que su compu esta desactializada con estos paquetes podr\u00e1n darles un retoque muy \u00fatil si desean tener una apariencia semejante al <a href=\"http:\/\/www.microsoft.com\">Windows Vista\u00ae.<\/a> Con \u00edconos muy bien dise\u00f1ados<\/p>\n<p>100% Comprobados<\/p>\n<p><span style=\"text-decoration: underline\"><strong>______________________________________________________________________________________<br \/>\n<\/strong><\/span><\/p>\n<h1 style=\"text-align: center\"><span style=\"text-decoration: underline\"><strong>ISSO VISTA PACK<\/strong><\/span><\/h1>\n<div id=\"attachment_116\" style=\"width: 266px\" class=\"wp-caption aligncenter\"><a title=\"Isso Pack\" href=\"http:\/\/www.4shared.com\/file\/69676601\/3095e2d4\/Isso_Pack.html?s=1\" target=\"_blank\"><img loading=\"lazy\" decoding=\"async\" aria-describedby=\"caption-attachment-116\" class=\"size-medium wp-image-116\" src=\"http:\/\/blog.espol.edu.ec\/rxgranda\/files\/2008\/12\/vista-dvd.png\" alt=\"ISSO VISTA PACK\" width=\"256\" height=\"256\" \/><\/a><a title=\"Isso Pack\" href=\"http:\/\/www.4shared.com\/file\/69676601\/3095e2d4\/Isso_Pack.html?s=1\" target=\"_blank\"><img decoding=\"async\" aria-describedby=\"caption-attachment-116\" src=\"images\/media-button-other.gif\" alt=\"\" \/><\/a><p id=\"caption-attachment-116\" class=\"wp-caption-text\">Paquete de Instalaci\u00f3n<\/p><\/div>\n<div id=\"attachment_117\" style=\"width: 510px\" class=\"wp-caption aligncenter\"><a href=\"http:\/\/blog.espol.edu.ec\/rxgranda\/files\/2008\/12\/isso-pack1.jpg\"><img loading=\"lazy\" decoding=\"async\" aria-describedby=\"caption-attachment-117\" class=\"aligncenter size-full wp-image-118\" src=\"http:\/\/blog.espol.edu.ec\/rxgranda\/files\/2008\/12\/isso-pack1.jpg\" alt=\"\" width=\"500\" height=\"312\" \/><\/a><p id=\"caption-attachment-117\" class=\"wp-caption-text\">La mejor y m\u00e1s semejante aplicaci\u00f3n de tema de Vista\u00ae <\/p><\/div>\n<p>Comentario: Tema muy elegante, el mas parecido al Tema Principal de VISTA\u00ae<\/p>\n<p>DOWNLOAD: <strong><span style=\"text-decoration: underline\"><a title=\"Isso Pack\" href=\"http:\/\/www.4shared.com\/file\/69676601\/3095e2d4\/Isso_Pack.html?s=1\">ISSO VISTA PACK<\/a><\/span><\/strong><\/p>\n<p><span style=\"text-decoration: underline\"><strong>______________________________________________________________________________________<\/strong><\/span><\/p>\n<h1 style=\"text-align: center\"><span style=\"text-decoration: underline\">VISTA MIZER<\/span><\/h1>\n<div id=\"attachment_116\" style=\"width: 266px\" class=\"wp-caption aligncenter\"><a href=\"http:\/\/vistamizer.softonic.com\/\"><img loading=\"lazy\" decoding=\"async\" aria-describedby=\"caption-attachment-116\" class=\"size-medium wp-image-116\" src=\"http:\/\/blog.espol.edu.ec\/rxgranda\/files\/2008\/12\/vista-dvd.png\" alt=\"VISTA MIZER\" width=\"256\" height=\"256\" \/><\/a><p id=\"caption-attachment-116\" class=\"wp-caption-text\">Paquete de Instalaci\u00f3n<\/p><\/div>\n<div class=\"mceTemp\">\n<div id=\"attachment_121\" style=\"width: 510px\" class=\"wp-caption aligncenter\"><a href=\"http:\/\/blog.espol.edu.ec\/rxgranda\/files\/2008\/12\/vista-mizzer.jpg\"><img loading=\"lazy\" decoding=\"async\" aria-describedby=\"caption-attachment-121\" class=\"size-full wp-image-121\" src=\"http:\/\/blog.espol.edu.ec\/rxgranda\/files\/2008\/12\/vista-mizzer.jpg\" alt=\"Previsualizaci\u00f3n de Vista Mizzer\" width=\"500\" height=\"400\" \/><\/a><p id=\"caption-attachment-121\" class=\"wp-caption-text\">Previsualizaci\u00f3n de Vista Mizzer.<\/p><\/div>\n<\/div>\n<p>Comentario: Paquete \u00fatil para los que gustan de la estilizaci\u00f3n<\/p>\n<p>DOWNLOAD: <a title=\"Vista Mizer\" href=\"http:\/\/vistamizer.softonic.com\/\"><strong><span style=\"text-decoration: underline\">VISTA MIZER<\/span><\/strong><\/a><\/p>\n<p><span style=\"text-decoration: underline\"><strong>______________________________________________________________________________________<\/strong><\/span><\/p>\n<h1 style=\"text-align: center\"><span style=\"color: #ffffff\"><span style=\"text-decoration: underline\"><strong>BRICOPACK<\/strong><\/span><\/span><\/h1>\n<p style=\"text-align: center\">\n<div id=\"attachment_122\" style=\"width: 330px\" class=\"wp-caption aligncenter\"><a title=\"Bricopack\" href=\"http:\/\/www.crystalxp.net\/galerie\/es.id.130.htm\" target=\"_blank\"><img loading=\"lazy\" decoding=\"async\" aria-describedby=\"caption-attachment-122\" class=\"size-full wp-image-122\" src=\"http:\/\/blog.espol.edu.ec\/rxgranda\/files\/2008\/12\/bricopack-vista-inspirat-ul.jpg\" alt=\"Paquete de Instalaci\u00f3n\" width=\"320\" height=\"436\" \/><\/a><p id=\"caption-attachment-122\" class=\"wp-caption-text\">Paquete de Instalaci\u00f3n<\/p><\/div>\n<div id=\"attachment_124\" style=\"width: 510px\" class=\"wp-caption aligncenter\"><a href=\"http:\/\/blog.espol.edu.ec\/rxgranda\/files\/2008\/12\/vista5b.jpg\"><img loading=\"lazy\" decoding=\"async\" aria-describedby=\"caption-attachment-124\" class=\"size-full wp-image-124\" src=\"http:\/\/blog.espol.edu.ec\/rxgranda\/files\/2008\/12\/vista5b.jpg\" alt=\"Previsualizaci\u00f3n de Bricopack\" width=\"500\" height=\"400\" \/><\/a><p id=\"caption-attachment-124\" class=\"wp-caption-text\">Previsualizaci\u00f3n de Bricopack<\/p><\/div>\n<p>Comentario: Le agrega animaciones muy \u00fatiles y divertidas. Recomendado para combinar elegancia de VISTA y flexibilidad de XP. ICONOS NUEVOS<\/p>\n<p>DOWNLOAD: <a title=\"Vista Mizer\" href=\"http:\/\/vistamizer.softonic.com\/\"><strong><span style=\"text-decoration: underline\">BRICOPACK<\/span><\/strong><\/a><\/p>\n<p><span style=\"text-decoration: underline\"><strong>______________________________________________________________________________________<\/strong><\/span><\/p>\n<h1 style=\"text-align: center\"><span style=\"text-decoration: underline\"><strong>XPize<\/strong><\/span><\/h1>\n<div id=\"attachment_126\" style=\"width: 134px\" class=\"wp-caption aligncenter\"><a href=\"http:\/\/www.xpize.net\/\"><img loading=\"lazy\" decoding=\"async\" aria-describedby=\"caption-attachment-126\" class=\"size-full wp-image-126\" src=\"http:\/\/blog.espol.edu.ec\/rxgranda\/files\/2008\/12\/xpize.gif\" alt=\"Paquete de Instalaci\u00f3n\" width=\"124\" height=\"126\" \/><\/a><p id=\"caption-attachment-126\" class=\"wp-caption-text\">Paquete de Instalaci\u00f3n<\/p><\/div>\n<div id=\"attachment_127\" style=\"width: 510px\" class=\"wp-caption aligncenter\"><a href=\"http:\/\/www.crystalxp.net\/galerie\/es.id.130.htm\"><img loading=\"lazy\" decoding=\"async\" aria-describedby=\"caption-attachment-127\" class=\"size-full wp-image-127\" src=\"http:\/\/blog.espol.edu.ec\/rxgranda\/files\/2008\/12\/xpize17zs.gif\" alt=\"Previsualizaci\u00f3n\" width=\"500\" height=\"375\" \/><\/a><p id=\"caption-attachment-127\" class=\"wp-caption-text\">Previsualizaci\u00f3n<\/p><\/div>\n<p>Comentario:El m\u00e1s \u00e1gil de los paquetes de temas de la web. Adem\u00e1 posee un estilo visual que gusta a tosdos con su tema LUNA ROYALE. RECOMENDADO para los que tienen poca memoria disponible en sus equipos.<\/p>\n<p>DOWNLOAD: <a title=\"xPIZE\" href=\"http:\/\/www.xpize.net\/\" target=\"_blank\"><strong><span style=\"text-decoration: underline\">Xpize<\/span><\/strong><\/a><\/p>\n<p><span style=\"text-decoration: underline\"><strong>______________________________________________________________________________________<\/strong><\/span><\/p>\n","protected":false},"excerpt":{"rendered":"<p>Para aquellos que gozan de la estabilidad del Windows XPerience(XP) \u00ae de Microsoft aqu\u00ed algunos paquetes transformadores de temas. Si sienten que su compu esta desactializada con estos paquetes podr\u00e1n darles un retoque muy \u00fatil si desean tener una apariencia semejante al Windows Vista\u00ae. Con \u00edconos muy bien dise\u00f1ados 100% Comprobados ______________________________________________________________________________________ ISSO VISTA PACK [&hellip;]<\/p>\n","protected":false},"author":741,"featured_media":0,"parent":0,"menu_order":2,"comment_status":"open","ping_status":"open","template":"","meta":{"_monsterinsights_skip_tracking":false,"_monsterinsights_sitenote_active":false,"_monsterinsights_sitenote_note":"","_monsterinsights_sitenote_category":0,"footnotes":""},"class_list":["post-115","page","type-page","status-publish","hentry"],"aioseo_notices":[],"_links":{"self":[{"href":"https:\/\/blog.espol.edu.ec\/rxgranda\/wp-json\/wp\/v2\/pages\/115","targetHints":{"allow":["GET"]}}],"collection":[{"href":"https:\/\/blog.espol.edu.ec\/rxgranda\/wp-json\/wp\/v2\/pages"}],"about":[{"href":"https:\/\/blog.espol.edu.ec\/rxgranda\/wp-json\/wp\/v2\/types\/page"}],"author":[{"embeddable":true,"href":"https:\/\/blog.espol.edu.ec\/rxgranda\/wp-json\/wp\/v2\/users\/741"}],"replies":[{"embeddable":true,"href":"https:\/\/blog.espol.edu.ec\/rxgranda\/wp-json\/wp\/v2\/comments?post=115"}],"version-history":[{"count":9,"href":"https:\/\/blog.espol.edu.ec\/rxgranda\/wp-json\/wp\/v2\/pages\/115\/revisions"}],"predecessor-version":[{"id":159,"href":"https:\/\/blog.espol.edu.ec\/rxgranda\/wp-json\/wp\/v2\/pages\/115\/revisions\/159"}],"wp:attachment":[{"href":"https:\/\/blog.espol.edu.ec\/rxgranda\/wp-json\/wp\/v2\/media?parent=115"}],"curies":[{"name":"wp","href":"https:\/\/api.w.org\/{rel}","templated":true}]}}