{"id":175,"date":"2009-01-17T13:14:41","date_gmt":"2009-01-17T20:14:41","guid":{"rendered":"http:\/\/blog.espol.edu.ec\/rxgranda\/?page_id=175"},"modified":"2009-01-21T09:12:08","modified_gmt":"2009-01-21T16:12:08","slug":"my-universidad","status":"publish","type":"page","link":"https:\/\/blog.espol.edu.ec\/rxgranda\/my-universidad","title":{"rendered":"My Universidad"},"content":{"rendered":"<div id=\"info1\">\n<h1 class=\"mainTitulo\"><a href=\"http:\/\/www.espol.edu.ec\"><span style=\"color: #ffffff\"><span style=\"text-decoration: underline\"><strong>ESCUELA SUPERIOR POLITECNICA DEL LITORAL<\/strong><\/span><\/span><\/a><\/h1>\n<h2 class=\"mainTitulo\">Mi paso por la <a href=\"http:\/\/www.espol.edu.ec\">espol<\/a><\/h2>\n<p>En esta parte les doy los detalles de la universidad en la que estudio actualmente. Mi carrera es <a href=\"http:\/\/www.fiec.espol.edu.ec\">INGENIERIA EN TELEM\u00c1TICA<\/a>. A continuaci\u00f3n los detalles de mi U.<\/p>\n<h1 style=\"text-align: center\"><a href=\"http:\/\/www.espol.edu.ec\">ESPOL<\/a><\/h1>\n<p class=\"mainTitulo\">\n<p class=\"mainTitulo\">La Escuela Superior Polit\u00e9cnica del Litoral es una universidad de tipo P\u00fablica fundada el 29 de octubre de 1958 en la ciudad de Guayaquil, Ecuador. Esta universidad, mejor conocida por su acr\u00f3nimo ESPOL, surgi\u00f3 como respuesta a las crecientes demandas de educaci\u00f3n cient\u00edfico-t\u00e9cnica en la Regi\u00f3n Litoral. Fue creada siendo Presidente de la Rep\u00fablica el Dr. Camilo Ponce Enr\u00edquez, mediante Decreto Ejecutivo No. 1664 publicado en el Registro Oficial del 11 de noviembre de 1958.<\/p>\n<p>El 25 de mayo del siguiente a\u00f1o, en dos aulas de la denominada Casona Universitaria perteneciente a la Universidad de Guayaquil, con alrededor de 50 alumnos iniciaron de manera oficial la vida acad\u00e9mica de la ESPOL, bajo la direcci\u00f3n de su primer rector, el Ing. Walter Camacho Navarro.<\/p>\n<p>La ESPOL adem\u00e1s de ser una instituci\u00f3n de educaci\u00f3n superior, es una persona jur\u00eddica de derecho p\u00fablico, sin fines de lucro. Es aut\u00f3noma en el campo acad\u00e9mico, cient\u00edfico, t\u00e9cnico, administrativo, financiero y econ\u00f3mico. Tiene la capacidad para auto-regularse y formular propuestas para el desarrollo humano, sin m\u00e1s restricciones que las se\u00f1aladas en la constituci\u00f3n y las leyes tanto de la Rep\u00fablica como las institucionales.<\/p>\n<p>Administraci\u00f3n<br \/>\nVista nocturna del Edificio del Rectorado<\/p>\n<p>El Gobierno Estudiantil de la Escuela Superior Polit\u00e9cnica del Litoral est\u00e1 conformada por las autoridades de la instituci\u00f3n, as\u00ed tambi\u00e9n como por los profesores y el cuerpo estudiantil, adem\u00e1s de empleados y trabajadores. Esto de acuerdo con la Ley y el Estatuto de la universidad.<\/p>\n<p>A nivel institucional el gobierno estudiantil esta conformado por las autoridades representadas en el Rector, Vicerrector General y Vicerrector de Bienestar y Asuntos Estudiantiles. Adem\u00e1s de las autoridades, est\u00e1n los titulares de los Vicerrectorados que fuesen creados por el Consejo Polit\u00e9cnico.<\/p>\n<p>Campus<\/p>\n<p>Las actividades acad\u00e9micas y de investigaci\u00f3n las desarrolla en 6 campus:<\/p>\n<p>Gustavo Galindo<\/p>\n<p>El campus Gustavo Galindo, ubicado en Guayaquil, tiene una extensi\u00f3n de 724 hect\u00e1reas, est\u00e1 ubicado en el Km. 30.5 de la v\u00eda Perimetral, es el asiento de la administraci\u00f3n central y de la mayor\u00eda de las carreras de pregrado que oferta la ESPOL. Su moderna infraestructura es el resultado del Plan de Desarrollo 1983-1992 que se financi\u00f3 con el pr\u00e9stamo BID-ESPOL II.<\/p>\n<p>Las Pe\u00f1as<\/p>\n<p>El campus Las Pe\u00f1as tiene una extensi\u00f3n de 2.5 hect\u00e1reas. Est\u00e1 ubicado al pie del barrio m\u00e1s antiguo de la ciudad de Guayaquil. En este campus se realiza una amplia y diversificada vida acad\u00e9mica que atiende tanto la formaci\u00f3n de pregrado y postgrado, cuanto la actualizaci\u00f3n y mejoramiento profesional.<\/p>\n<p>CENAIM<br \/>\nLa Fundaci\u00f3n CENAIM-ESPOL, tiene su sede principal de investigaci\u00f3n en San Pedro de Manglaralto, en la ruta del Sol de la Pen\u00ednsula de Santa Elena. Su esfuerzo acad\u00e9mico est\u00e1 orientado a potenciar la capacidad productiva del sector acu\u00edcola ecuatoriano y ser un espacio acad\u00e9mico internacional en dicho campo. Mayor informaci\u00f3n: Tel: +593-4-2269750, info@cenaim.espol.edu.ec www.cenaim.espol.edu.ec [1]<\/p>\n<p>Santa Elena<\/p>\n<p>El campus Santa Elena est\u00e1 ubicado en la cabecera del cant\u00f3n del mismo nombre, oferta carreras vinculadas a las Tecnolog\u00edas Pesquera y Computacional.<\/p>\n<p>Daule<\/p>\n<p>El campus Daule est\u00e1 ubicado a 46 Km. al norte de Guayaquil, trabaja espec\u00edficamente en el campo de la agricultura, formando bachilleres y tecn\u00f3logos, en estrecha conexi\u00f3n con el sector productivo, especialmente arrocero.<\/p>\n<p>Samborond\u00f3n<\/p>\n<p>El campus Samborond\u00f3n ubicado en la entrada del cant\u00f3n del mismo nombre, oferta las carreras de Secretariado Ejecutivo y Programaci\u00f3n de Sistemas.<\/p>\n<h2>Programas acad\u00e9micos<\/h2>\n<p class=\"mainTitulo\">La ESPOL ofrece servicios acad\u00e9micos en diferentes ramas:<\/p>\n<h1>Facultades<\/h1>\n<p class=\"mainTitulo\">\n<h2><a href=\"http:\/\/www.fimcm.espol.edu.ec\/\">Facultad de Ingenier\u00eda Mar\u00edtima y Ciencias del Mar <\/a><\/h2>\n<p class=\"mainTitulo\">Mejor conocida por su acr\u00f3nimo FIMCM (com\u00fanmente pronunciado fimceeme). Esta facultad ofrece 1 carrera a nivel intermedio, 2 licenciaturas, 3 ingenier\u00edas y 1 maestr\u00eda.<\/p>\n<p>Carreras<\/p>\n<p>La FIMCM ofrece 7 t\u00edtulos en diferentes carreras relacionadas a la mar\u00edtima dentro de los cuales se encuentran:<br \/>\nA nivel de Ingenier\u00eda<br \/>\nIngenier\u00eda Naval<br \/>\nIngenier\u00eda en Acuicultura especializaci\u00f3n Biotecnolog\u00eda<br \/>\nBiolog\u00eda: Especializaci\u00f3n Biolog\u00eda Marina<br \/>\nA nivel de Licenciatura<br \/>\nLicenciatura en Turismo<br \/>\nOceanograf\u00eda y Ciencias Ambientales<br \/>\nA nivel intermedio<br \/>\nGu\u00eda Nacional de Turismo<br \/>\nA nivel de Maestr\u00eda<br \/>\nMaestr\u00eda en Acuicultura Marina<\/p>\n<h2><a href=\"http:\/\/www.fict.espol.edu.ec\/\" target=\"_blank\">Facultad de Ingenier\u00eda en Ciencias de la Tierra <\/a><\/h2>\n<p class=\"mainTitulo\">Conocida por su acr\u00f3nimo FICT (com\u00fanmente pronunciada ficete). Esta facultad ofrece 4 carreras de ingenier\u00eda.<\/p>\n<p>Carrera<\/p>\n<p>La FICT ofrece 6 t\u00edtulos en diferentes carreras relacionadas al petr\u00f3leo y minas dentro de los cuales se encuentran:<br \/>\nA nivel de Ingenier\u00eda<br \/>\nIngenier\u00eda Civil<br \/>\nIngenier\u00eda en Geolog\u00eda<br \/>\nIngenier\u00eda de Minas<br \/>\nIngenier\u00eda de Petr\u00f3leos<\/p>\n<h2><a href=\"http:\/\/www.fimcp.espol.edu.ec\/sitefimcp\/web\/inicio.asp\" target=\"_blank\">Facultad de Ingenier\u00eda Mec\u00e1nica y Ciencias de la Producci\u00f3n<\/a><\/h2>\n<p class=\"mainTitulo\">Mejor conocida bajo su acr\u00f3nimo FIMCP. Esta facultad es una de las instituciones m\u00e1s antigua de la universidad. Ofrece 1 carrera de Tecnolog\u00eda, 4 carreras a nivel de Ingenier\u00eda, 8 a nivel de Postgrado.<\/p>\n<p>Carreras<\/p>\n<p>La FIMCP ofrece 13 t\u00edtulos en diferentes carreras relacionadas a la mec\u00e1nica y a la producci\u00f3n industrial dentro de los cuales se encuentran:<br \/>\nA nivel de Ingenier\u00eda<br \/>\nIngenier\u00eda Agropecuaria<br \/>\nIngenier\u00eda en Alimentos<br \/>\nIngenier\u00eda y Administraci\u00f3n de la Producci\u00f3n Industrial<br \/>\nIngenier\u00eda Mec\u00e1nica<br \/>\nA nivel de Tecnolog\u00eda<br \/>\nTecnolog\u00eda Agr\u00edcola<br \/>\nA nivel de Diplomado<br \/>\nDiplomado Superior en Administraci\u00f3n de Operaciones de Producci\u00f3n<br \/>\nDiplomado Superior en Administraci\u00f3n Seis Sigma<br \/>\nDiplomado Superior en Desarrollo de los Recursos Humanos<br \/>\nDiplomado Superior en Administraci\u00f3n de Sistemas de Calidad<br \/>\nDiplomado Superior en Control de la Calidad<br \/>\nDiplomado Superior en Mejoramiento de la Calidad<br \/>\nIngenier\u00eda Mec\u00e1nica<br \/>\nA nivel de Maestr\u00eda<br \/>\nMaestr\u00eda en Administraci\u00f3n de la Producci\u00f3n<br \/>\nMaestr\u00eda en Gesti\u00f3n de la Calidad<\/p>\n<h2><a href=\"http:\/\/www.fen.espol.edu.ec\/\">Facultad de Econom\u00eda y Negocios <\/a><\/h2>\n<p class=\"mainTitulo\">La Facultad de Econom\u00eda y Negocios (FEN), antes Instituto de Ciencias Human\u00edsticas y Econ\u00f3micas (ICHE), ofrece 4 carreras a nivel de Ingenier\u00eda, 1 a nivel de Licenciatura y 1 a nivel de Maestr\u00eda.<\/p>\n<p>Carreras<\/p>\n<p>La FEN ofrece 6 t\u00edtulos en diferentes carreras relacionadas a la econom\u00eda y a las ciencias sociales dentro de los cuales se encuentran:<br \/>\nA nivel de Ingenier\u00eda<br \/>\nEconom\u00eda con Menci\u00f3n en Gesti\u00f3n Empresarial<br \/>\nIngenier\u00eda Comercial y Empresarial<br \/>\nIngenier\u00eda en Gesti\u00f3n Empresarial Internacional<br \/>\nIngenier\u00eda en Marketing, Comunicaci\u00f3n y Ventas Tecnol\u00f3gicos<br \/>\nA nivel de Licenciatura<br \/>\nLicenciatura en Administraci\u00f3n Tecnol\u00f3gica<br \/>\nA nivel de Maestr\u00eda<br \/>\nMaestr\u00eda Ejecutiva en Econom\u00eda y Direcci\u00f3n de Empresas<\/p>\n<h2><a href=\"http:\/\/www.fiec.espol.edu.ec\" target=\"_blank\">Facultad de Ingenier\u00eda en Electricidad y Computaci\u00f3n <\/a><\/h2>\n<p class=\"mainTitulo\">Mejor conocida por su acr\u00f3nimo FIEC. Ofrece 7 carreras a nivel de Ingenier\u00eda, 2 a nivel de Licenciatura, 4 a nivel de Maestr\u00eda y 2 Diplomados.<\/p>\n<p>Administraci\u00f3n<\/p>\n<p>La Facultad de Ingenier\u00eda en Electricidad y Computaci\u00f3n (FIEC) est\u00e1 administrada por dos autoridades: el Decano y el Subdecano, adem\u00e1s de tres organismos los cuales son: la Junta de la Facultad, la Junta Acad\u00e9mica de la misma y el Consejo Directivo. En la actualidad los cargos de Decano y Subdecano los ejercen el Ing. Gustavo Berm\u00fadez Flores y el Ing. Holger Cevallos Ulloa respectivamente.<\/p>\n<p>El Decano es responsable de la marcha acad\u00e9mica y administrativa de la FIEC y es el encargado de cumplir y hacer cumplir las leyes, estatutos, reglamentos y resoluciones que rigen en nuestra Instituci\u00f3n. De igual manera el Subdecano tiene como funci\u00f3n principal la coordinaci\u00f3n acad\u00e9mica de la Facultad.<\/p>\n<p>La Junta de la Facultad est\u00e1 dirigida por el decano y est\u00e1 conformada adem\u00e1s por los profesores titulares de la FIEC que tengan m\u00e1s de 2 a\u00f1os de servicio. Esta Junta la conforman tambi\u00e9n los representantes estudiantiles y de los trabajadores.<\/p>\n<p>Carreras<\/p>\n<p>La FIEC ofrece 13 t\u00edtulos en diferentes carreras relacionadas a la electricidad y a la inform\u00e1tica dentro de los cuales se encuentran:<br \/>\nA nivel de Ingenier\u00eda<br \/>\nIngenier\u00eda en Electricidad Especializaci\u00f3n Potencia<br \/>\nIngenier\u00eda en Electricidad Especializaci\u00f3n Electr\u00f3nica y Automatizaci\u00f3n Industrial<br \/>\nIngenier\u00eda en Electr\u00f3nica y Telecomunicaciones<br \/>\nIngenier\u00eda en Computaci\u00f3n Especializaci\u00f3n Sistemas Tecnol\u00f3gicos<br \/>\nIngenier\u00eda en Computaci\u00f3n Especializaci\u00f3n Sistemas de Informaci\u00f3n<br \/>\nIngenier\u00eda en Computaci\u00f3n Especializaci\u00f3n Sistemas Multimedia<br \/>\nIngenier\u00eda en Telem\u00e1tica<br \/>\nA nivel de Licenciatura<br \/>\nLicenciatura en Sistemas de Informaci\u00f3n<br \/>\nLicenciatura en Redes y Sistemas Operativos<br \/>\nA nivel de Maestr\u00eda<br \/>\nMagister en Automatizaci\u00f3n y Control Industrial<br \/>\nMagister en Sistemas de Informaci\u00f3n Gerencial<br \/>\nMagister en Sistemas El\u00e9ctricos en Potencia<br \/>\nMaestr\u00eda en Seguridad Inform\u00e1tica Aplicada<br \/>\nA nivel de Diplomado<br \/>\nDiplomado Superior en Miner\u00eda de Datos<br \/>\nDiplomado en Sistemas El\u00e9ctricos de Potencia<\/p>\n<h2>Programas de Tecnolog\u00eda<\/h2>\n<p class=\"mainTitulo\">Tiene cuatro Programas de Tecnolog\u00eda en: Alimentos, Electricidad y Electr\u00f3nica, Mec\u00e1nica y Pesquer\u00eda.<\/p>\n<p>Alimentos<\/p>\n<p>Tecnolog\u00edas:<\/p>\n<p>* Tecnolog\u00eda en Alimentos<\/p>\n<p>Licenciaturas:<\/p>\n<p>* Licenciatura en Nutrici\u00f3n<\/p>\n<p>Electricidad y Electr\u00f3nica<\/p>\n<p>Tecnolog\u00edas:<\/p>\n<p>* Tecnolog\u00eda en Electricidad<br \/>\n* Tecnolog\u00eda en Electr\u00f3nica<br \/>\n* Tecnolog\u00eda en Sistemas de Telecomunicaciones<\/p>\n<p>Mec\u00e1nica<\/p>\n<p>Tecnolog\u00edas:<\/p>\n<p>* Tecnolog\u00eda en Mec\u00e1nica Industrial<br \/>\n* Tecnolog\u00eda en Mec\u00e1nica Automotriz<br \/>\n* Tecnolog\u00eda Mec\u00e1nica en Refrigeraci\u00f3n y Aire Acondicionado<\/p>\n<p>Pesquer\u00eda<br \/>\nTecnolog\u00edas:<\/p>\n<p>* Tecnolog\u00eda en Pesquer\u00eda<\/p>\n<h2>Escuela de Dise\u00f1o y Comunicaci\u00f3n Visual<\/h2>\n<p class=\"mainTitulo\">La Escuela de Dise\u00f1o y Comunicaci\u00f3n Visual, ofrece carreras de pregrado en el \u00e1rea de computaci\u00f3n y dise\u00f1o gr\u00e1fico: Postgrados:<\/p>\n<p>* Maestr\u00eda en Comunicaci\u00f3n P\u00fablica de la Ciencia y la Tecnolog\u00eda<br \/>\n* Diplomado en Comunicaci\u00f3n P\u00fablica de la Ciencia<\/p>\n<p>Licenciatura:<\/p>\n<p>* Licenciatura en Dise\u00f1o y Producci\u00f3n Audiovisual<br \/>\n* Licenciatura en Administraci\u00f3n Tecnol\u00f3gica (Con aval acad\u00e9mico del ICHE)<br \/>\n* Licenciatura en Dise\u00f1o Gr\u00e1fico y Publicitario<br \/>\n* Licenciatura en Dise\u00f1o Web y Aplicaciones Multimedia<\/p>\n<p>Tecnolog\u00edas:<\/p>\n<p>* An\u00e1lisis de Sistemas<br \/>\n* Tecnolog\u00eda en Dise\u00f1o Gr\u00e1fico y Publicitario<br \/>\n* Secretariado Biling\u00fce en Sistemas de Informaci\u00f3n<br \/>\n* Carreras T\u00e9cnicas<br \/>\n* Secretariado Ejecutivo en Sistemas de Informaci\u00f3n<br \/>\n* An\u00e1lisis de Soporte de Microcomputadores<br \/>\n* Programaci\u00f3n de Sistemas<\/p>\n<h2>Escuela de Postgrado en Administraci\u00f3n de Empresas<\/h2>\n<p class=\"mainTitulo\">La Escuela de Postgrado en Administraci\u00f3n de Empresas ESPAE, ofrece educaci\u00f3n en Postgrados en las modalidades ejecutiva y a programas regulares a tiempo completo:<\/p>\n<p>* Maestr\u00eda Regular en Administraci\u00f3n de Empresas<br \/>\n* Maestr\u00eda Ejecutiva en Administraci\u00f3n de Empresas<br \/>\n* Maestr\u00eda en Tributaci\u00f3n<br \/>\n* Maestr\u00eda en Gerencia Hospitalaria<br \/>\n* Maestr\u00eda en Gerencia de Proyectos para el Desarrollo<br \/>\n* MBA Ejecutivo (en convenio con la UQAM)<br \/>\n* Especializaci\u00f3n en Gerencia de Servicios en Salud<br \/>\n* Diplomado en Administraci\u00f3n Deportiva<\/p>\n<p>Educaci\u00f3n Continua<br \/>\nExisten cursos de Educaci\u00f3n Continua para los ejecutivos que les gusta estar al d\u00eda en la informaci\u00f3n<\/p>\n<p>Diplomados:<\/p>\n<p>* Manejo Ambiental<br \/>\n* Administraci\u00f3n Empresarial<br \/>\n* Formulaci\u00f3n y Gesti\u00f3n de Proyectos<br \/>\n* Auditor\u00eda Inform\u00e1tica<\/p>\n<h2>Institutos de Ciencias B\u00e1sicas<\/h2>\n<p class=\"mainTitulo\">Existen 3 Institutos de Ciencias B\u00e1sicas: Matem\u00e1ticas, F\u00edsica y Qu\u00edmica.<\/p>\n<p>Instituto de Ciencias Matem\u00e1ticas<br \/>\nArt\u00edculo principal: Instituto de Ciencias Matem\u00e1ticas (ESPOL)<\/p>\n<p>Postgrados:<\/p>\n<p>* Maestr\u00eda en Gesti\u00f3n de la Productividad y la Calidad<br \/>\n* Maestr\u00eda en Investigaci\u00f3n de Mercados<br \/>\n* Maestr\u00eda en Control de Operaciones y Log\u00edstica<\/p>\n<p>Ingenier\u00edas:<\/p>\n<p>* Ingenier\u00eda en Estad\u00edstica Inform\u00e1tica<br \/>\n* Ingenier\u00eda en Auditor\u00eda y Control de Gesti\u00f3n<br \/>\n* Ingenier\u00eda en Log\u00edstica y Transporte<\/p>\n<p>Instituto de Ciencias F\u00edsicas<\/p>\n<p>Postgrados:<\/p>\n<p>* Maestr\u00eda en F\u00edsica M\u00e9dica<\/p>\n<p>Licenciatura:<\/p>\n<p>* Licenciatura en F\u00edsica<\/p>\n<p>Instituto de Ciencias Qu\u00edmicas y Ambientales<\/p>\n<p>Ingenier\u00edas:<\/p>\n<p>* Ingenier\u00eda Qu\u00edmica<\/p>\n<h2 class=\"mainTitulo\">Misi\u00f3n y Visi\u00f3n de la <a href=\"http:\/\/www.espol.edu.ec\" target=\"_blank\">ESPOL<\/a><\/h2>\n<p class=\"txtTexto\" style=\"text-align: justify\"><a class=\"txtCategoria\">Misi\u00f3n<\/a><br \/>\nFormar profesionales de excelencia, l\u00edderes, emprendedores, con s\u00f3lidos valores morales y \u00e9ticos que contribuyan al desarrollo del pa\u00eds, para mejorarlo en lo social, econ\u00f3mico, ambiental y pol\u00edtico. Hacer investigaci\u00f3n, transferencia de tecnolog\u00eda y extensi\u00f3n de calidad para servir a la sociedad.<\/p>\n<p><a class=\"txtCategoria\">Visi\u00f3n<\/a><br \/>\nSer l\u00edder y referente de la Educaci\u00f3n Superior de Am\u00e9rica Latina.<\/p>\n<h2><strong>UNIDADES ACAD\u00c9MICAS<\/strong><\/h2>\n<h3><a href=\"http:\/\/www.fiec.espol.edu.ec\/\" target=\"_blank\"><span style=\"text-decoration: underline\"><strong>FIEC<\/strong><\/span><\/a><\/h3>\n<div id=\"attachment_183\" style=\"width: 510px\" class=\"wp-caption aligncenter\"><a href=\"http:\/\/blog.espol.edu.ec\/rxgranda\/files\/2009\/01\/fiec1.gif\"><img loading=\"lazy\" decoding=\"async\" aria-describedby=\"caption-attachment-183\" class=\"size-full wp-image-183\" src=\"http:\/\/blog.espol.edu.ec\/rxgranda\/files\/2009\/01\/fiec1.gif\" alt=\"FACULTAD DE INGENIERIA EN ELECTRICIDAD Y COMPUTACION\" width=\"500\" height=\"400\" \/><\/a><p id=\"caption-attachment-183\" class=\"wp-caption-text\">FACULTAD DE INGENIERIA EN ELECTRICIDAD Y COMPUTACION<\/p><\/div>\n<\/div>\n<h3><a href=\"http:\/\/www.fen.espol.edu.ec\/\" target=\"_blank\">FEN<\/a><\/h3>\n<div>\n<div id=\"attachment_181\" style=\"width: 510px\" class=\"wp-caption aligncenter\"><a href=\"http:\/\/blog.espol.edu.ec\/rxgranda\/files\/2009\/01\/fen.gif\"><img loading=\"lazy\" decoding=\"async\" aria-describedby=\"caption-attachment-181\" class=\"size-full wp-image-181\" src=\"http:\/\/blog.espol.edu.ec\/rxgranda\/files\/2009\/01\/fen.gif\" alt=\"FEN\" width=\"500\" height=\"400\" \/><\/a><p id=\"caption-attachment-181\" class=\"wp-caption-text\">FACULTAD DE ECONOMIA Y NEGOCIOS<\/p><\/div>\n<\/div>\n<h3><a href=\"http:\/\/www.fict.espol.edu.ec\/\" target=\"_blank\">FICT<\/a><\/h3>\n<div>\n<div id=\"attachment_182\" style=\"width: 510px\" class=\"wp-caption aligncenter\"><a href=\"http:\/\/blog.espol.edu.ec\/rxgranda\/files\/2009\/01\/fict.gif\"><img loading=\"lazy\" decoding=\"async\" aria-describedby=\"caption-attachment-182\" class=\"size-full wp-image-182\" src=\"http:\/\/blog.espol.edu.ec\/rxgranda\/files\/2009\/01\/fict.gif\" alt=\"FICT\" width=\"500\" height=\"400\" \/><\/a><p id=\"caption-attachment-182\" class=\"wp-caption-text\">FACULTAD DE INGENIERIA EN CIENCIAS DE LA TIERRA<\/p><\/div>\n<h3><a href=\"http:\/\/www.fimcp.espol.edu.ec\/sitefimcp\/web\/inicio.asp\" target=\"_blank\">FICMP<\/a><\/h3>\n<div>\n<div id=\"attachment_184\" style=\"width: 510px\" class=\"wp-caption aligncenter\"><a href=\"http:\/\/blog.espol.edu.ec\/rxgranda\/files\/2009\/01\/fimcp.gif\"><img loading=\"lazy\" decoding=\"async\" aria-describedby=\"caption-attachment-184\" class=\"size-full wp-image-184\" src=\"http:\/\/blog.espol.edu.ec\/rxgranda\/files\/2009\/01\/fimcp.gif\" alt=\"FACULTA DE INGENIERIA EN MECANICA Y CIENCIAS DE LA PRODUCCION\" width=\"500\" height=\"400\" \/><\/a><p id=\"caption-attachment-184\" class=\"wp-caption-text\">FACULTA DE INGENIERIA EN MECANICA Y CIENCIAS DE LA PRODUCCION<\/p><\/div>\n<h3><a href=\"http:\/\/www.fimcm.espol.edu.ec\/\" target=\"_blank\">FIMCM<\/a><\/h3>\n<div id=\"attachment_185\" style=\"width: 510px\" class=\"wp-caption aligncenter\"><a href=\"http:\/\/blog.espol.edu.ec\/rxgranda\/files\/2009\/01\/ficm.gif\"><img loading=\"lazy\" decoding=\"async\" aria-describedby=\"caption-attachment-185\" class=\"size-full wp-image-185\" src=\"http:\/\/blog.espol.edu.ec\/rxgranda\/files\/2009\/01\/ficm.gif\" alt=\"FACULTAD DE INGENIERIA MARITIMA Y CIENCIAS DEL MAR\" width=\"500\" height=\"400\" \/><\/a><p id=\"caption-attachment-185\" class=\"wp-caption-text\">FACULTAD DE INGENIERIA MARITIMA Y CIENCIAS DEL MAR<\/p><\/div>\n<\/div>\n<\/div>\n<table style=\"height: 3px\" border=\"0\" cellspacing=\"0\" cellpadding=\"0\" width=\"9\">\n<tbody>\n<tr>\n<td align=\"right\"><\/td>\n<\/tr>\n<tr>\n<td><!--inicio--><\/td>\n<\/tr>\n<\/tbody>\n<\/table>\n","protected":false},"excerpt":{"rendered":"<p>ESCUELA SUPERIOR POLITECNICA DEL LITORAL Mi paso por la espol En esta parte les doy los detalles de la universidad en la que estudio actualmente. Mi carrera es INGENIERIA EN TELEM\u00c1TICA. A continuaci\u00f3n los detalles de mi U. ESPOL La Escuela Superior Polit\u00e9cnica del Litoral es una universidad de tipo P\u00fablica fundada el 29 de [&hellip;]<\/p>\n","protected":false},"author":741,"featured_media":0,"parent":0,"menu_order":2,"comment_status":"open","ping_status":"open","template":"","meta":{"_monsterinsights_skip_tracking":false,"_monsterinsights_sitenote_active":false,"_monsterinsights_sitenote_note":"","_monsterinsights_sitenote_category":0,"footnotes":""},"class_list":["post-175","page","type-page","status-publish","hentry"],"aioseo_notices":[],"_links":{"self":[{"href":"https:\/\/blog.espol.edu.ec\/rxgranda\/wp-json\/wp\/v2\/pages\/175","targetHints":{"allow":["GET"]}}],"collection":[{"href":"https:\/\/blog.espol.edu.ec\/rxgranda\/wp-json\/wp\/v2\/pages"}],"about":[{"href":"https:\/\/blog.espol.edu.ec\/rxgranda\/wp-json\/wp\/v2\/types\/page"}],"author":[{"embeddable":true,"href":"https:\/\/blog.espol.edu.ec\/rxgranda\/wp-json\/wp\/v2\/users\/741"}],"replies":[{"embeddable":true,"href":"https:\/\/blog.espol.edu.ec\/rxgranda\/wp-json\/wp\/v2\/comments?post=175"}],"version-history":[{"count":12,"href":"https:\/\/blog.espol.edu.ec\/rxgranda\/wp-json\/wp\/v2\/pages\/175\/revisions"}],"predecessor-version":[{"id":189,"href":"https:\/\/blog.espol.edu.ec\/rxgranda\/wp-json\/wp\/v2\/pages\/175\/revisions\/189"}],"wp:attachment":[{"href":"https:\/\/blog.espol.edu.ec\/rxgranda\/wp-json\/wp\/v2\/media?parent=175"}],"curies":[{"name":"wp","href":"https:\/\/api.w.org\/{rel}","templated":true}]}}