{"id":45,"date":"2008-12-18T12:20:37","date_gmt":"2008-12-18T19:20:37","guid":{"rendered":"http:\/\/blog.espol.edu.ec\/rxgranda\/?page_id=45"},"modified":"2009-01-21T08:56:06","modified_gmt":"2009-01-21T15:56:06","slug":"utilidades","status":"publish","type":"page","link":"https:\/\/blog.espol.edu.ec\/rxgranda\/utilidades","title":{"rendered":"Utilidades"},"content":{"rendered":"<p>Para los que SABEN YTILIZAR SUS PC'S. Las Versiones mas estables de <a href=\"http:\/\/www.fiec.espol.edu.ec\">programas utilitarios<\/a> como navegadores, compresores, etc.<\/p>\n<p>________________________________________________________________________________________________<\/p>\n<h1 style=\"text-align: center\"><span style=\"text-decoration: underline\"><strong>Firefox 3<br \/>\n<\/strong><\/span><\/h1>\n<div id=\"attachment_131\" style=\"width: 386px\" class=\"wp-caption aligncenter\"><a href=\"http:\/\/download.mozilla.org\/?product=firefox-3.0.5&amp;os=win&amp;lang=es-ES\"><img loading=\"lazy\" decoding=\"async\" aria-describedby=\"caption-attachment-131\" class=\"size-full wp-image-131\" src=\"http:\/\/blog.espol.edu.ec\/rxgranda\/files\/2008\/12\/firefox.png\" alt=\"Simplemente el navegador m\u00e1s \u00e1gil del mundo\" width=\"376\" height=\"376\" \/><\/a><p id=\"caption-attachment-131\" class=\"wp-caption-text\">Simplemente el navegador m\u00e1s \u00e1gil del mundo<\/p><\/div>\n<p><strong> Comentario:<\/strong> El vencedor total de los navegadores. Destrona al Explorer de windows hace algunos a\u00f1os atras. Es el l\u00edder en descargas y navegaci\u00f3n ya que no es vulnerable a ataques de virus; todo lo contrario al explorer. Es el m\u00e1s \u00e1gil , vel\u00f3z y \u00fatil navegador del mundo. La creaci\u00f3n suprema de Mozilla.<\/p>\n<p><strong>Licencia<\/strong>: GNU<\/p>\n<p><strong>Fabricante:<\/strong> <a title=\"Mozilla\" href=\"http:\/\/www.mozilla-europe.org\/es\/firefox\/\" target=\"_blank\">Mozilla<\/a><\/p>\n<table class=\"infobox\" style=\"width: 25em;font-size: 90%;text-align: left\" border=\"0\" cellspacing=\"2\">\n<tbody>\n<tr style=\"vertical-align: top\">\n<td align=\"right\"><strong>Desarrollador:<\/strong><\/td>\n<td><a title=\"Fundaci\u00f3n Mozilla\" href=\"http:\/\/es.wikipedia.org\/wiki\/Fundaci%C3%B3n_Mozilla\">Fundaci\u00f3n Mozilla<\/a><\/td>\n<\/tr>\n<tr style=\"vertical-align: top\">\n<td align=\"right\"><strong>\u00daltima versi\u00f3n:<\/strong><\/td>\n<td>3.0.5<sup><a href=\"http:\/\/es.wikipedia.org\/wiki\/Firefox#cite_note-versionactual-0\"><\/a><\/sup> (<span class=\"bday\">16 de Diciembre de 2008<\/span><span class=\"noprint\">; hace 6 d\u00edas<\/span>)<\/td>\n<\/tr>\n<tr style=\"vertical-align: top\">\n<td align=\"right\"><strong>\u00daltima versi\u00f3n en pruebas:<\/strong><\/td>\n<td>3.1 beta 2<sup><a href=\"http:\/\/es.wikipedia.org\/wiki\/Firefox#cite_note-versi.C3.B3npruebas-1\"><\/a><\/sup> (<span class=\"bday\">8 de Diciembre de 2008<\/span><span class=\"noprint\">; hace 14 d\u00edas<\/span>)<\/td>\n<\/tr>\n<tr style=\"vertical-align: top\">\n<td align=\"right\"><strong>Escrito en:<\/strong><\/td>\n<td><a title=\"C++\" href=\"http:\/\/es.wikipedia.org\/wiki\/C%2B%2B\">C++<\/a>, <a title=\"XUL\" href=\"http:\/\/es.wikipedia.org\/wiki\/XUL\">XUL<\/a>, <a title=\"XBL\" href=\"http:\/\/es.wikipedia.org\/wiki\/XBL\">XBL<\/a>, <a title=\"JavaScript\" href=\"http:\/\/es.wikipedia.org\/wiki\/JavaScript\">JavaScript<\/a>,<sup><a href=\"http:\/\/es.wikipedia.org\/wiki\/Firefox#cite_note-2\"><\/a><\/sup> <a class=\"mw-redirect\" title=\"CSS\" href=\"http:\/\/es.wikipedia.org\/wiki\/CSS\">CSS<\/a><sup><a href=\"http:\/\/es.wikipedia.org\/wiki\/Firefox#cite_note-3\"><\/a><\/sup><sup><a href=\"http:\/\/es.wikipedia.org\/wiki\/Firefox#cite_note-4\"><\/a><\/sup><\/td>\n<\/tr>\n<tr style=\"vertical-align: top\">\n<td align=\"right\"><strong><span class=\"mw-redirect\">S.O.<\/span>:<\/strong><\/td>\n<td><a class=\"mw-redirect\" title=\"Windows\" href=\"http:\/\/es.wikipedia.org\/wiki\/Windows\">Windows<\/a>\/<a title=\"GNU\/Linux\" href=\"http:\/\/es.wikipedia.org\/wiki\/GNU\/Linux\">GNU\/Linux<\/a>\/<a title=\"Mac OS X\" href=\"http:\/\/es.wikipedia.org\/wiki\/Mac_OS_X\">Mac OS X<\/a>\/<a title=\"Solaris (sistema operativo)\" href=\"http:\/\/es.wikipedia.org\/wiki\/Solaris_%28sistema_operativo%29\">Solaris<\/a>\/<a class=\"mw-redirect\" title=\"BSD\" href=\"http:\/\/es.wikipedia.org\/wiki\/BSD\">*BSD<\/a><\/td>\n<\/tr>\n<tr style=\"vertical-align: top\">\n<td align=\"right\"><strong>G\u00e9nero:<\/strong><\/td>\n<td><a title=\"Navegador web\" href=\"http:\/\/es.wikipedia.org\/wiki\/Navegador_web\">Navegador web<\/a><\/td>\n<\/tr>\n<tr style=\"vertical-align: top\">\n<td align=\"right\"><strong>Licencia:<\/strong><\/td>\n<td>tri-licencia <a class=\"mw-redirect\" title=\"Licencia p\u00fablica de Mozilla\" href=\"http:\/\/es.wikipedia.org\/wiki\/Licencia_p%C3%BAblica_de_Mozilla\">MPL<\/a>, MPL\/<a class=\"mw-redirect\" title=\"Licencia p\u00fablica general de GNU\" href=\"http:\/\/es.wikipedia.org\/wiki\/Licencia_p%C3%BAblica_general_de_GNU\">GPL<\/a>\/<a class=\"mw-redirect\" title=\"Licencia p\u00fablica general reducida de GNU\" href=\"http:\/\/es.wikipedia.org\/wiki\/Licencia_p%C3%BAblica_general_reducida_de_GNU\">LGPL<\/a>. <a class=\"external text\" title=\"http:\/\/www.mozilla.com\/en-US\/legal\/eula\/\" rel=\"nofollow\" href=\"http:\/\/www.mozilla.com\/en-US\/legal\/eula\/\">Mozilla EULA<\/a> (Para redistribuci\u00f3n binaria)<\/td>\n<\/tr>\n<tr style=\"vertical-align: top\">\n<td align=\"right\"><strong>Idiomas:<\/strong><\/td>\n<td><a class=\"external text\" title=\"http:\/\/www.mozilla.com\/en-US\/firefox\/all.html\" rel=\"nofollow\" href=\"http:\/\/www.mozilla.com\/en-US\/firefox\/all.html\">50 idiomas<\/a><\/td>\n<\/tr>\n<tr style=\"vertical-align: top\">\n<td align=\"right\"><strong>En espa\u00f1ol:<\/strong><\/td>\n<td>S\u00ed<\/td>\n<\/tr>\n<tr style=\"vertical-align: top\">\n<td align=\"right\"><strong><span class=\"mw-redirect\">Sitio Web<\/span>:<\/strong><\/td>\n<td><a class=\"external text\" title=\"http:\/\/www.mozilla-europe.org\/es\/firefox\/\" rel=\"nofollow\" href=\"http:\/\/www.mozilla-europe.org\/es\/firefox\/\">www.mozilla.com<\/a><\/td>\n<\/tr>\n<\/tbody>\n<\/table>\n<p><strong>Download:<\/strong> <a title=\"firefox 3\" href=\"http:\/\/download.mozilla.org\/?product=firefox-3.0.5&amp;os=win&amp;lang=es-ES\" target=\"_blank\">Firefox 3<\/a><\/p>\n<p>________________________________________________________________________________________________<\/p>\n<h1 style=\"text-align: center\"><span style=\"text-decoration: underline\"><strong>Ccleaner<\/strong><\/span><\/h1>\n<p style=\"text-align: center\"><a href=\"http:\/\/blog.espol.edu.ec\/rxgranda\/files\/2008\/12\/boxlr9.jpg\"><img loading=\"lazy\" decoding=\"async\" class=\"aligncenter size-full wp-image-146\" src=\"http:\/\/blog.espol.edu.ec\/rxgranda\/files\/2008\/12\/boxlr9.jpg\" alt=\"\" width=\"320\" height=\"520\" \/><\/a><\/p>\n<p style=\"text-align: left\">\n<p style=\"text-align: left\"><strong>Comentario<\/strong>: Si tu pc se vuelve lenta con el pasar del tiempo. Aqu\u00ed est\u00e1 la soluci\u00f3n, Ccleaner el mejor limpiador de unidades r\u00edgidas. Limpia los archivos temporales e inservibles de tu pc. Y adem\u00e1s trae utilidades de que har\u00e1n de tu pc una m\u00e1quina vel\u00f3z.<\/p>\n<p style=\"text-align: left\"><strong>Licencia<\/strong>:Freeware<\/p>\n<p style=\"text-align: left\"><strong>Fabricante:<\/strong> <a title=\"Ccleanner\" href=\"http:\/\/www.piriform.com\/\" target=\"_blank\">Piriform<\/a><\/p>\n<p style=\"text-align: left\"><strong>Download:<\/strong> <a title=\"Ccleanner\" href=\"http:\/\/download.piriform.com\/ccsetup215.exe\" target=\"_self\">Ccleaner<\/a><\/p>\n<p style=\"text-align: left\">________________________________________________________________________________________________<\/p>\n<p style=\"text-align: center\"><span style=\"text-decoration: underline\"><strong>WinRaR<\/strong><\/span><\/p>\n<div id=\"attachment_150\" style=\"width: 360px\" class=\"wp-caption aligncenter\"><a href=\"http:\/\/blog.espol.edu.ec\/rxgranda\/files\/2008\/12\/winrar.jpg\"><img loading=\"lazy\" decoding=\"async\" aria-describedby=\"caption-attachment-150\" class=\"size-full wp-image-150\" src=\"http:\/\/blog.espol.edu.ec\/rxgranda\/files\/2008\/12\/winrar.jpg\" alt=\"Compresor\" width=\"350\" height=\"364\" \/><\/a><p id=\"caption-attachment-150\" class=\"wp-caption-text\">Compresor<\/p><\/div>\n<p style=\"text-align: left\"><strong>Comentario<\/strong>: Un compresor muy \u00fatil que casi a desplazado a WinZip por su agilidad y utilidad.<\/p>\n<table class=\"infobox\" style=\"font-size: 90%;text-align: left;height: 190px\" border=\"0\" cellspacing=\"2\" width=\"319\">\n<tbody>\n<tr>\n<th colspan=\"2\"><\/th>\n<\/tr>\n<tr style=\"vertical-align: top\">\n<td align=\"right\"><strong>Desarrollador:<\/strong><\/td>\n<td>Eugene Roshal \/ Alexander Roshal<\/td>\n<\/tr>\n<tr style=\"vertical-align: top\">\n<td align=\"right\"><strong>\u00daltima versi\u00f3n:<\/strong><\/td>\n<td>3.80 (3 de octubre de 2008)<\/td>\n<\/tr>\n<tr style=\"vertical-align: top\">\n<td align=\"right\"><strong><span class=\"mw-redirect\">S.O.<\/span>:<\/strong><\/td>\n<td>Multiplataforma<\/td>\n<\/tr>\n<tr style=\"vertical-align: top\">\n<td align=\"right\"><strong>G\u00e9nero:<\/strong><\/td>\n<td>Compresi\u00f3n\/Descompresi\u00f3n de ficheros<\/td>\n<\/tr>\n<tr style=\"vertical-align: top\">\n<td align=\"right\"><strong>Licencia:<\/strong><\/td>\n<td>Propietario<\/td>\n<\/tr>\n<tr style=\"vertical-align: top\">\n<td align=\"right\"><strong>En espa\u00f1ol:<\/strong><\/td>\n<td>si<\/td>\n<\/tr>\n<tr style=\"vertical-align: top\">\n<td align=\"right\"><strong><span class=\"mw-redirect\">Sitio Web<\/span>:<\/strong><\/td>\n<td><a class=\"external text\" title=\"http:\/\/www.rarlab.com\/\" rel=\"nofollow\" href=\"http:\/\/www.rarlab.com\/\">www.rarlab.com<\/a><\/td>\n<\/tr>\n<\/tbody>\n<\/table>\n<p style=\"text-align: left\"><strong>Download:<\/strong> <a title=\"Winrar\" href=\"http:\/\/www.winrar.es\/descargas\/52\" target=\"_self\">WinRaR<\/a><\/p>\n<p style=\"text-align: left\">________________________________________________________________________________________________<\/p>\n<p style=\"text-align: center\"><span style=\"text-decoration: underline\"><strong>ZoomPlayer<\/strong><\/span><\/p>\n<div id=\"attachment_151\" style=\"width: 358px\" class=\"wp-caption aligncenter\"><a href=\"http:\/\/blog.espol.edu.ec\/rxgranda\/files\/2008\/12\/250px-zoomplayerdvdmode.png\"><img loading=\"lazy\" decoding=\"async\" aria-describedby=\"caption-attachment-151\" class=\"size-full wp-image-151\" src=\"http:\/\/blog.espol.edu.ec\/rxgranda\/files\/2008\/12\/250px-zoomplayerdvdmode.png\" alt=\"Reproductor de Video\" width=\"348\" height=\"308\" \/><\/a><p id=\"caption-attachment-151\" class=\"wp-caption-text\">Reproductor de Video<\/p><\/div>\n<p style=\"text-align: left\"><strong>Comentario<\/strong>: Un Reproductor de archivo *.VOB de Formato DVD y mpeg que presenta facilidades para el manejo en la reproducci\u00f3n de las pel\u00edculas. Recomendado<\/p>\n<p style=\"text-align: left\"><strong>Licencia<\/strong>: GNU<\/p>\n<p style=\"text-align: left\"><strong>Download:<\/strong> <a title=\"Zoomplayer\" href=\"http:\/\/www.zptechnology.com\/download\/zp600max.exe\" target=\"_self\">Zoomplayer<\/a><\/p>\n<p style=\"text-align: left\">\n<p style=\"text-align: left\">________________________________________________________________________________________________<\/p>\n<p style=\"text-align: center\"><span style=\"text-decoration: underline\"><strong>Tune Up Utilities<\/strong><\/span><\/p>\n<div id=\"attachment_152\" style=\"width: 335px\" class=\"wp-caption aligncenter\"><a href=\"http:\/\/blog.espol.edu.ec\/rxgranda\/files\/2008\/12\/tuneup-utilits.jpg\"><img loading=\"lazy\" decoding=\"async\" aria-describedby=\"caption-attachment-152\" class=\"size-full wp-image-152\" src=\"http:\/\/blog.espol.edu.ec\/rxgranda\/files\/2008\/12\/tuneup-utilits.jpg\" alt=\"Optimizador de Pc\" width=\"325\" height=\"286\" \/><\/a><p id=\"caption-attachment-152\" class=\"wp-caption-text\">Optimizador de Pc<\/p><\/div>\n<p style=\"text-align: center\">\n<p style=\"text-align: left\"><strong>Comentario<\/strong>: Su nombre dice su funcionalidad. Es una aplicaci\u00f3n muy \u00fatil para agilitar el desarrollo de los procesos de tu pc. Que en realidad aumenta la velocidad de proceso.<\/p>\n<p style=\"text-align: left\">Rcomendado.<\/p>\n<p style=\"text-align: left\"><strong>Licencia<\/strong>:Trial<\/p>\n<p style=\"text-align: left\"><strong>Download:<\/strong> <a title=\"Tune Up\" href=\"http:\/\/www.tuneup.es\/download\/?EMail=&amp;x=83&amp;y=13\" target=\"_self\">Tune up Utuilities<br \/>\n<\/a><\/p>\n","protected":false},"excerpt":{"rendered":"<p>Para los que SABEN YTILIZAR SUS PC'S. Las Versiones mas estables de programas utilitarios como navegadores, compresores, etc. ________________________________________________________________________________________________ Firefox 3 Comentario: El vencedor total de los navegadores. Destrona al Explorer de windows hace algunos a\u00f1os atras. Es el l\u00edder en descargas y navegaci\u00f3n ya que no es vulnerable a ataques de virus; todo lo [&hellip;]<\/p>\n","protected":false},"author":741,"featured_media":0,"parent":0,"menu_order":4,"comment_status":"open","ping_status":"open","template":"","meta":{"_monsterinsights_skip_tracking":false,"_monsterinsights_sitenote_active":false,"_monsterinsights_sitenote_note":"","_monsterinsights_sitenote_category":0,"footnotes":""},"class_list":["post-45","page","type-page","status-publish","hentry"],"aioseo_notices":[],"_links":{"self":[{"href":"https:\/\/blog.espol.edu.ec\/rxgranda\/wp-json\/wp\/v2\/pages\/45","targetHints":{"allow":["GET"]}}],"collection":[{"href":"https:\/\/blog.espol.edu.ec\/rxgranda\/wp-json\/wp\/v2\/pages"}],"about":[{"href":"https:\/\/blog.espol.edu.ec\/rxgranda\/wp-json\/wp\/v2\/types\/page"}],"author":[{"embeddable":true,"href":"https:\/\/blog.espol.edu.ec\/rxgranda\/wp-json\/wp\/v2\/users\/741"}],"replies":[{"embeddable":true,"href":"https:\/\/blog.espol.edu.ec\/rxgranda\/wp-json\/wp\/v2\/comments?post=45"}],"version-history":[{"count":29,"href":"https:\/\/blog.espol.edu.ec\/rxgranda\/wp-json\/wp\/v2\/pages\/45\/revisions"}],"predecessor-version":[{"id":130,"href":"https:\/\/blog.espol.edu.ec\/rxgranda\/wp-json\/wp\/v2\/pages\/45\/revisions\/130"}],"wp:attachment":[{"href":"https:\/\/blog.espol.edu.ec\/rxgranda\/wp-json\/wp\/v2\/media?parent=45"}],"curies":[{"name":"wp","href":"https:\/\/api.w.org\/{rel}","templated":true}]}}