{"id":50,"date":"2008-12-18T12:23:52","date_gmt":"2008-12-18T19:23:52","guid":{"rendered":"http:\/\/blog.espol.edu.ec\/rxgranda\/?page_id=50"},"modified":"2009-01-21T08:32:35","modified_gmt":"2009-01-21T15:32:35","slug":"autor-2","status":"publish","type":"page","link":"https:\/\/blog.espol.edu.ec\/rxgranda\/autor-2","title":{"rendered":"Autor"},"content":{"rendered":"<p><!--[if gte mso 9]&gt; Normal   0         21         false   false   false      ES   X-NONE   X-NONE                                                     MicrosoftInternetExplorer4 &lt;![endif]--><!--[if gte mso 9]&gt; &lt;![endif]--><!--  --><!--[if gte mso 10]&gt; &lt;!   \/* Style Definitions *\/  table.MsoNormalTable \t{mso-style-name:\"Tabla normal\"; \tmso-tstyle-rowband-size:0; \tmso-tstyle-colband-size:0; \tmso-style-noshow:yes; \tmso-style-priority:99; \tmso-style-qformat:yes; \tmso-style-parent:\"\"; \tmso-padding-alt:0cm 5.4pt 0cm 5.4pt; \tmso-para-margin-top:0cm; \tmso-para-margin-right:0cm; \tmso-para-margin-bottom:10.0pt; \tmso-para-margin-left:0cm; \tline-height:115%; \tmso-pagination:widow-orphan; \tfont-size:11.0pt; \tfont-family:\"Calibri\",\"sans-serif\"; \tmso-ascii-font-family:Calibri; \tmso-ascii-theme-font:minor-latin; \tmso-hansi-font-family:Calibri; \tmso-hansi-theme-font:minor-latin; \tmso-fareast-language:EN-US;} --> <!--[endif]--><\/p>\n<p><!--[if gte mso 9]&gt;  Normal 0   21   false false false  ES X-NONE X-NONE              MicrosoftInternetExplorer4              &lt;![endif]--><!--[if gte mso 9]&gt;                                                                                                                                            &lt;![endif]--><\/p>\n<p class=\"MsoNormal\"><strong><span style=\"font-size: 24pt;font-family: Algerian;color: yellow\">Datos del Autor:<\/span><\/strong><strong><\/strong><\/p>\n<p class=\"MsoNormal\"><span style=\"color: #00ff00\"><strong><em><span style=\"font-size: 18pt;font-family: &quot;Times New Roman&quot;,&quot;serif&quot;color: lime\">Nombres:<\/span><\/em><\/strong><\/span><strong><span style=\"font-size: 12pt;font-family: &quot;Times New Roman&quot;,&quot;serif&amp;quot&amp;quot&amp;quot&amp;quot&amp;quot&quot\"> <\/span><span style=\"color: #ffffff\"><span style=\"font-size: 18pt\">Roger Xavier<\/span><\/span><\/strong><\/p>\n<p class=\"MsoNormal\"><span style=\"color: #00ff00\"><strong><em><span style=\"font-size: 18pt;font-family: &quot;Times New Roman&quot;,&quot;serif&quot;color: lime\">Apellido<\/span><\/em><\/strong><\/span><span style=\"font-size: 12pt;font-family: &quot;Times New Roman&quot;,&quot;serif&amp;quot&quot;color: #00ff00\"> <\/span><span style=\"color: #00ff00\"><strong><em><span style=\"font-size: 18pt;font-family: &quot;Times New Roman&quot;,&quot;serif&quot;color: lime\">Paterno:<\/span><\/em><\/strong><\/span><span style=\"font-size: 12pt;font-family: &quot;Times New Roman&quot;,&quot;serif&amp;quot&quot;color: #00ff00\"> <\/span><strong><span style=\"color: #ffffff\"><span style=\"font-size: 18pt\">Granda<\/span><\/span><\/strong><\/p>\n<p class=\"MsoNormal\"><span style=\"color: #00ff00\"><strong><em><span style=\"font-size: 18pt;font-family: &quot;Times New Roman&quot;,&quot;serif&quot;color: lime\">Apellido<\/span><\/em><\/strong><strong><span style=\"font-size: 12pt;font-family: &quot;Times New Roman&quot;,&quot;serif&amp;quot&amp;quot&amp;quot&amp;quot&amp;quot&quot\"> <\/span><\/strong><strong><em><span style=\"font-size: 18pt;font-family: &quot;Times New Roman&quot;,&quot;serif&quot;color: lime\">Materno:<\/span><\/em><\/strong><\/span><span style=\"font-size: 12pt;font-family: &quot;Times New Roman&quot;,&quot;serif&amp;quot&quot;color: #00ff00\"> <\/span><strong><span style=\"color: #ffffff\"><span style=\"font-size: 18pt\">Quichimbo<\/span><\/span><\/strong><\/p>\n<p class=\"MsoNormal\"><span style=\"color: #00ff00\"><strong><em><span style=\"font-size: 18pt;font-family: &quot;Times New Roman&quot;,&quot;serif&quot;color: lime\">Fecha<\/span><\/em><\/strong><span style=\"font-size: 12pt;font-family: &quot;Times New Roman&quot;,&quot;serif&quot;color: lime\"> <\/span><strong><em><span style=\"font-size: 18pt;font-family: &quot;Times New Roman&quot;,&quot;serif&quot;color: lime\">de Nacimiento:<\/span><\/em><\/strong><\/span><span style=\"font-size: 12pt;font-family: &quot;Times New Roman&quot;,&quot;serif&amp;quot&quot;color: #00ff00\"> <\/span><strong><span style=\"color: #ffffff\"><span style=\"font-size: 18pt\">17 de Julio de 1990<\/span><\/span><\/strong><\/p>\n<p class=\"MsoNormal\"><span style=\"color: #00ff00\"><strong><em><span style=\"font-size: 18pt;font-family: &quot;Times New Roman&quot;,&quot;serif&quot;color: lime\">Edad:<\/span><\/em><\/strong><\/span><strong><span style=\"font-size: 12pt;font-family: &quot;Times New Roman&quot;,&quot;serif&amp;quot&amp;quot&amp;quot&amp;quot&amp;quot&quot\"> <\/span><span style=\"color: #ffffff\"><span style=\"font-size: 18pt\">18 A\u00f1os<\/span><\/span><\/strong><\/p>\n<p><strong><\/strong><\/p>\n<h2><span style=\"text-decoration: underline\"><span style=\"color: #ffff00\">Foto: <\/span><\/span><img decoding=\"async\" src=\"\/DOCUME~1\/ADMINI~1\/CONFIG~1\/Temp\/moz-screenshot.jpg\" alt=\"\" \/><img decoding=\"async\" src=\"\/DOCUME%7E1\/ADMINI%7E1\/CONFIG%7E1\/Temp\/moz-screenshot-3.jpg\" alt=\"\" \/><img decoding=\"async\" src=\"\/DOCUME%7E1\/ADMINI%7E1\/CONFIG%7E1\/Temp\/moz-screenshot-1.jpg\" alt=\"\" \/><img decoding=\"async\" src=\"\/DOCUME%7E1\/ADMINI%7E1\/CONFIG%7E1\/Temp\/moz-screenshot-2.jpg\" alt=\"\" \/><\/h2>\n<div id=\"attachment_89\" style=\"width: 235px\" class=\"wp-caption aligncenter\"><a href=\"http:\/\/blog.espol.edu.ec\/rxgranda\/files\/2008\/12\/imagen013.jpg\"><img loading=\"lazy\" decoding=\"async\" aria-describedby=\"caption-attachment-89\" class=\"size-medium wp-image-89\" src=\"http:\/\/blog.espol.edu.ec\/rxgranda\/files\/2008\/12\/imagen013-225x300.jpg\" alt=\"Autor\" width=\"225\" height=\"300\" \/><\/a><p id=\"caption-attachment-89\" class=\"wp-caption-text\">Autor<\/p><\/div>\n<h2><span style=\"color: #ffff00\">Academicos:<\/span><\/h2>\n<p><span style=\"color: #00ff00\">I<strong>nstrucci\u00f3n Primaria:<\/strong><\/span><strong> <span style=\"color: #ffffff\">Centro Educativo Particular Pelusin<\/span><\/strong><\/p>\n<p><strong><span style=\"color: #00ff00\">Intrucci\u00f3n Secundaria: <\/span><span style=\"color: #ffffff\">Instituto Superior Tecnol\u00f3gico \"JUBONES\"<\/span><\/strong><\/p>\n<p><strong><span style=\"color: #00ff00\">T\u00edtulo:<\/span> <span style=\"color: #ffffff\">Bachiller<\/span><\/strong><\/p>\n<p><strong><span style=\"color: #00ff00\">Especializaci\u00f3n:<\/span> <span style=\"color: #ffffff\">Inform\u00e1tica<\/span><\/strong><\/p>\n<p><strong><span style=\"color: #00ff00\">Tesis de Grado:<\/span><\/strong><\/p>\n<p><strong><span style=\"color: #00ff00\">Monograf\u00eda\u00a0de Bachillerato:<\/span><\/strong><\/p>\n<p><strong><span style=\"color: #00ff00\">Promedio de Calificaciones:<\/span><\/strong><\/p>\n<h2><span style=\"color: #ffff00\">Universidad<\/span><\/h2>\n<p><strong><span style=\"color: #00ff00\">Estudios:<\/span> <span style=\"color: #ffffff\"><a href=\"http:\/\/www.espol.edu.ec\" target=\"_blank\">ESCUELA SUPERIOR POLIT\u00c9CNICA DEL LITORAL<\/a> (actualidad)<\/span><\/strong><\/p>\n<p><strong><span style=\"color: #00ff00\">Facultad <\/span>:<a href=\"http:\/\/www.fiec.espol.edu.ec\"> <span style=\"color: #ffffff\">Facultad de Ingenier\u00eda en Electricidad y Computaci\u00f3n<\/span><\/a><\/strong><\/p>\n<p><strong><span style=\"color: #00ff00\">Carrera: <\/span><a href=\"http:\/\/www.fiec.espol.edu.ec\"><span style=\"color: #ffffff\">Ingenier\u00eda en Telem\u00e1tica<\/span><\/a><\/strong><\/p>\n<p><strong><span style=\"color: #00ff00\">Semestre:<\/span> <span style=\"color: #ffffff\">I Semestre<\/span><\/strong><\/p>\n<p><strong><span style=\"color: #00ff00\">Numero de Materias Tomadas:<\/span> <span style=\"color: #ffffff\">5<\/span><\/strong><\/p>\n<p><span style=\"color: #ffffff\"><strong>* C\u00e1lculo Diferencial<\/strong><\/span><\/p>\n<p><span style=\"color: #ffffff\"><strong>* F\u00edsica A<\/strong><\/span><\/p>\n<p><span style=\"color: #ffffff\"><strong>* Qu\u00edmica General I<\/strong><\/span><\/p>\n<p><span style=\"color: #ffffff\"><strong>* Programas Utilitarios<\/strong><\/span><\/p>\n<p><span style=\"color: #ffffff\"><strong>* Ingl\u00e9s B\u00e1sico A<\/strong><\/span><\/p>\n<p><strong><span style=\"color: #00ff00\">Numero de Laboratorios Tomados:<\/span> <span style=\"color: #ffffff\">1<\/span><\/strong><\/p>\n<p><span style=\"color: #ffffff\"><strong>* Laboratorio de Qu\u00edmica General I<\/strong><\/span><\/p>\n<h2><span style=\"color: #ffff00\"><strong>PARTICIPACI\u00d3N SOCIAL<\/strong><\/span><\/h2>\n<p><strong><span style=\"color: #ffffff\">* <\/span><span style=\"color: #ffffff\">Programa SER ECUADOR Sistema de Ealuaci\u00f3n y Rendici\u00f3n de Cuentas Acad\u00e9micas del Ecuador - Espol<\/span><\/strong><\/p>\n<p><strong><span style=\"color: #ffffff\">* Escuela para Padres - Instituto Jubones- Ecuela Amelia Tobar<\/span><\/strong><\/p>\n<p><strong><span style=\"color: #ffffff\">* Casa Abierta Jubones: Exposici\u00f3n del Programa \"MILLONARIO\"<\/span><\/strong><\/p>\n<p><strong><span style=\"color: #ffffff\">* Casa Abierta : Carmen Mora de Encalada. Exposici\u00f3n de Inform\u00e1tica Programa \"Millonario\"<\/span><\/strong><\/p>\n<p><strong><span style=\"color: #ffffff\">* Casa Abierta : Carmen Mora de Encalada. Exposici\u00f3n de Qu\u00edmica.<\/span><\/strong><\/p>\n<h2><strong><span style=\"color: #ffff00\">Intereses:<\/span><\/strong><\/h2>\n<p><strong><span style=\"color: #ffffff\">* Inform\u00e1tica<\/span><\/strong><\/p>\n<p><strong><span style=\"color: #ffffff\">* Geograf\u00eda<\/span><\/strong><\/p>\n<p><strong><span style=\"color: #ffffff\">* Astronom\u00eda<\/span><\/strong><\/p>\n<p><strong><span style=\"color: #ffffff\">* Filosof\u00eda<\/span><\/strong><\/p>\n<p><strong><span style=\"color: #ffffff\">* Educaci\u00f3n<\/span><\/strong><\/p>\n<p><strong><span style=\"color: #ffffff\">* Pol\u00edtica<\/span><\/strong><\/p>\n<p><strong><span style=\"color: #ffffff\">* Cultura y Arte<\/span><\/strong><\/p>\n<p><strong><span style=\"color: #ffffff\">* Amistades<\/span><\/strong><\/p>\n","protected":false},"excerpt":{"rendered":"<p>Datos del Autor: Nombres: Roger Xavier Apellido Paterno: Granda Apellido Materno: Quichimbo Fecha de Nacimiento: 17 de Julio de 1990 Edad: 18 A\u00f1os Foto: Academicos: Instrucci\u00f3n Primaria: Centro Educativo Particular Pelusin Intrucci\u00f3n Secundaria: Instituto Superior Tecnol\u00f3gico \"JUBONES\" T\u00edtulo: Bachiller Especializaci\u00f3n: Inform\u00e1tica Tesis de Grado: Monograf\u00eda\u00a0de Bachillerato: Promedio de Calificaciones: Universidad Estudios: ESCUELA SUPERIOR POLIT\u00c9CNICA DEL [&hellip;]<\/p>\n","protected":false},"author":741,"featured_media":0,"parent":0,"menu_order":1,"comment_status":"open","ping_status":"open","template":"","meta":{"_monsterinsights_skip_tracking":false,"_monsterinsights_sitenote_active":false,"_monsterinsights_sitenote_note":"","_monsterinsights_sitenote_category":0,"footnotes":""},"class_list":["post-50","page","type-page","status-publish","hentry"],"aioseo_notices":[],"_links":{"self":[{"href":"https:\/\/blog.espol.edu.ec\/rxgranda\/wp-json\/wp\/v2\/pages\/50","targetHints":{"allow":["GET"]}}],"collection":[{"href":"https:\/\/blog.espol.edu.ec\/rxgranda\/wp-json\/wp\/v2\/pages"}],"about":[{"href":"https:\/\/blog.espol.edu.ec\/rxgranda\/wp-json\/wp\/v2\/types\/page"}],"author":[{"embeddable":true,"href":"https:\/\/blog.espol.edu.ec\/rxgranda\/wp-json\/wp\/v2\/users\/741"}],"replies":[{"embeddable":true,"href":"https:\/\/blog.espol.edu.ec\/rxgranda\/wp-json\/wp\/v2\/comments?post=50"}],"version-history":[{"count":10,"href":"https:\/\/blog.espol.edu.ec\/rxgranda\/wp-json\/wp\/v2\/pages\/50\/revisions"}],"predecessor-version":[{"id":70,"href":"https:\/\/blog.espol.edu.ec\/rxgranda\/wp-json\/wp\/v2\/pages\/50\/revisions\/70"}],"wp:attachment":[{"href":"https:\/\/blog.espol.edu.ec\/rxgranda\/wp-json\/wp\/v2\/media?parent=50"}],"curies":[{"name":"wp","href":"https:\/\/api.w.org\/{rel}","templated":true}]}}