{"id":145,"date":"2009-07-03T06:35:54","date_gmt":"2009-07-03T10:35:54","guid":{"rendered":"http:\/\/blog.espol.edu.ec\/sagbasti\/?page_id=145"},"modified":"2009-07-03T06:55:58","modified_gmt":"2009-07-03T10:55:58","slug":"esta-soy-yo","status":"publish","type":"page","link":"https:\/\/blog.espol.edu.ec\/sagbasti\/esta-soy-yo\/","title":{"rendered":"Esta Soy Yo =)"},"content":{"rendered":"<h1 style=\"text-align: left\"><a class=\"highslide\" rel=\"attachment wp-att-148\" href=\"http:\/\/blog.espol.edu.ec\/sagbasti\/esta-soy-yo\/dsc05982\/\"><img loading=\"lazy\" decoding=\"async\" class=\"aligncenter size-medium wp-image-148\" src=\"http:\/\/blog.espol.edu.ec\/sagbasti\/files\/2009\/07\/dsc05982-300x225.jpg\" alt=\"Mi Familia\" width=\"300\" height=\"225\" srcset=\"https:\/\/blog.espol.edu.ec\/sagbasti\/files\/2009\/07\/dsc05982-300x225.jpg 300w, https:\/\/blog.espol.edu.ec\/sagbasti\/files\/2009\/07\/dsc05982-1024x768.jpg 1024w\" sizes=\"auto, (max-width: 300px) 100vw, 300px\" \/><\/a><\/h1>\n<h1 style=\"text-align: left\">Nombre:<\/h1>\n<p>Samantha Gabriela Bastidas Vel\u00e1squez<\/p>\n<h1>Fecha de Nacimiento:<\/h1>\n<p>8 de octubre de 1986<\/p>\n<h1>Edad:<\/h1>\n<h1>22 a\u00f1os<\/h1>\n<h1>Estado Civil:<\/h1>\n<p>Casada<\/p>\n<h1>Correo Electronico:<\/h1>\n<p><a href=\"https:\/\/www.mail.espol.edu.ec\/horde\/imp\/message.php?mailbox=INBOX&amp;index=559#\">samith28@hotmail.com<\/a><br \/>\n<a href=\"https:\/\/www.mail.espol.edu.ec\/horde\/imp\/message.php?mailbox=INBOX&amp;index=559#\">sagbasti@espol.edu.ec<\/a><\/p>\n<h1>Profesion:<\/h1>\n<p>Estudio Ingenier\u00eda en Alimentos y ya este salgo?.. uffff! Adios ESPOL<\/p>\n<h1>Tierra Natal:<\/h1>\n<p>Soy de Babahoyo<\/p>\n<h1>Hobbies:<\/h1>\n<p>Me encanta ir al cine, viajar y bailar!!!!!!<\/p>\n<h1>\u00bfTienes Ni\u00f1os?<\/h1>\n<p>Tengo un baby hermoso de 2 a\u00f1itos al que amo con mi vida.<\/p>\n<h1><a class=\"highslide\" rel=\"attachment wp-att-149\" href=\"http:\/\/blog.espol.edu.ec\/sagbasti\/esta-soy-yo\/1ero-a-3ero\/\"><img loading=\"lazy\" decoding=\"async\" class=\"aligncenter size-medium wp-image-149\" src=\"http:\/\/blog.espol.edu.ec\/sagbasti\/files\/2009\/07\/1ero-a-3ero-300x225.jpg\" alt=\"Amigas\" width=\"300\" height=\"225\" srcset=\"https:\/\/blog.espol.edu.ec\/sagbasti\/files\/2009\/07\/1ero-a-3ero-300x225.jpg 300w, https:\/\/blog.espol.edu.ec\/sagbasti\/files\/2009\/07\/1ero-a-3ero.jpg 640w\" sizes=\"auto, (max-width: 300px) 100vw, 300px\" \/><\/a><\/h1>\n","protected":false},"excerpt":{"rendered":"<p>Nombre: Samantha Gabriela Bastidas Vel\u00e1squez Fecha de Nacimiento: 8 de octubre de 1986 Edad: 22 a\u00f1os Estado Civil: Casada Correo Electronico: samith28@hotmail.com sagbasti@espol.edu.ec Profesion: Estudio Ingenier\u00eda en Alimentos y ya este salgo?.. uffff! Adios ESPOL Tierra Natal: Soy de Babahoyo Hobbies: Me encanta ir al cine, viajar y bailar!!!!!! \u00bfTienes Ni\u00f1os? Tengo un baby hermoso [&hellip;]<\/p>\n","protected":false},"author":1649,"featured_media":0,"parent":0,"menu_order":0,"comment_status":"open","ping_status":"open","template":"","meta":{"footnotes":""},"class_list":["post-145","page","type-page","status-publish","hentry"],"_links":{"self":[{"href":"https:\/\/blog.espol.edu.ec\/sagbasti\/wp-json\/wp\/v2\/pages\/145","targetHints":{"allow":["GET"]}}],"collection":[{"href":"https:\/\/blog.espol.edu.ec\/sagbasti\/wp-json\/wp\/v2\/pages"}],"about":[{"href":"https:\/\/blog.espol.edu.ec\/sagbasti\/wp-json\/wp\/v2\/types\/page"}],"author":[{"embeddable":true,"href":"https:\/\/blog.espol.edu.ec\/sagbasti\/wp-json\/wp\/v2\/users\/1649"}],"replies":[{"embeddable":true,"href":"https:\/\/blog.espol.edu.ec\/sagbasti\/wp-json\/wp\/v2\/comments?post=145"}],"version-history":[{"count":4,"href":"https:\/\/blog.espol.edu.ec\/sagbasti\/wp-json\/wp\/v2\/pages\/145\/revisions"}],"predecessor-version":[{"id":151,"href":"https:\/\/blog.espol.edu.ec\/sagbasti\/wp-json\/wp\/v2\/pages\/145\/revisions\/151"}],"wp:attachment":[{"href":"https:\/\/blog.espol.edu.ec\/sagbasti\/wp-json\/wp\/v2\/media?parent=145"}],"curies":[{"name":"wp","href":"https:\/\/api.w.org\/{rel}","templated":true}]}}