{"id":60,"date":"2009-06-18T15:06:33","date_gmt":"2009-06-18T19:06:33","guid":{"rendered":"http:\/\/blog.espol.edu.ec\/sagbasti\/?page_id=60"},"modified":"2009-07-02T04:25:33","modified_gmt":"2009-07-02T08:25:33","slug":"historia","status":"publish","type":"page","link":"https:\/\/blog.espol.edu.ec\/sagbasti\/informacion-general\/historia\/","title":{"rendered":"Historia De Babahoyo"},"content":{"rendered":"<p><a href=\"http:\/\/blog.espol.edu.ec\/sagbasti\/files\/2009\/06\/bhyo_06.jpg\"><img loading=\"lazy\" decoding=\"async\" class=\"alignleft size-thumbnail wp-image-70\" src=\"http:\/\/blog.espol.edu.ec\/sagbasti\/files\/2009\/06\/bhyo_06-150x124.jpg\" alt=\"comercio\" width=\"150\" height=\"124\" \/><\/a><a href=\"http:\/\/blog.espol.edu.ec\/sagbasti\/files\/2009\/06\/puerto_fluvial1.jpg\"><img loading=\"lazy\" decoding=\"async\" class=\"alignright size-thumbnail wp-image-67\" src=\"http:\/\/blog.espol.edu.ec\/sagbasti\/files\/2009\/06\/puerto_fluvial1-150x150.jpg\" alt=\"puerto_fluvial1\" width=\"150\" height=\"150\" \/><\/a><a href=\"http:\/\/blog.espol.edu.ec\/sagbasti\/files\/2009\/06\/puerto_fluvial1.jpg\"><img loading=\"lazy\" decoding=\"async\" class=\"aligncenter size-thumbnail wp-image-67\" src=\"http:\/\/blog.espol.edu.ec\/sagbasti\/files\/2009\/06\/puerto_fluvial1-150x150.jpg\" alt=\"puerto_fluvial1\" width=\"150\" height=\"150\" \/><\/a><\/p>\n<div class=\"box\">\n<h1 class=\"primer\">Historia<\/h1>\n<p><img loading=\"lazy\" decoding=\"async\" style=\"padding: 5px;margin-left: 10px;margin-right: 0px\" src=\"http:\/\/www.babahoyo.gov.ec\/userfiles\/image\/babahoyo\/historia\/puerto_fluvial.jpg\" border=\"2\" alt=\"\" width=\"300\" height=\"223\" align=\"right\" \/>La ciudad de Babahoyo, fundada el 27 de Mayo de 1869, en los terrenos cedidos por la familia Flores, frente a la confluencia de los r\u00edos Babahoyo y Caracol, se estableci\u00f3 en la margen derecha del r\u00edo San Pablo. Por mucho tiempo se llam\u00f3 Bodegas, por haber estado all\u00ed ubicadas la Aduana y los Almacenes Reales, para el control del comercio entre Guayaquil y las ciudades de la Sierra ecuatoriana.<\/p>\n<p>Azotada por muchos incendios, el de mayor magnitud ocurri\u00f3 el 30 de Marzo de 1867, que arras\u00f3 con todos los bienes de la poblaci\u00f3n, motivos suficientes para que el gobierno del Dr. Gabriel Garc\u00eda Moreno, resolviera el traslado al lugar que ocupa actualmente.<\/p>\n<p>La capital fluminense se llen\u00f3 de gloria al otro lado del r\u00edo San Pablo, donde hoy se encuentra asentada la Parroquia Urbana Barreiro, pudiendo afirmarse que el Babahoyo de anta\u00f1o es el Barreiro de hoy.<\/p>\n<p>Babahoyo, la tradicional e hist\u00f3rica Bodegas de la \u00e9poca Floreana, pertenece a los pueblos francamente progresistas, ostensiblemente fuertes en su actual imperativo de colectividades que producen, crean e incrementan riqueza.<\/p>\n<p>Es el prototipo de la actividad y apogeo de los distintos \u00f3rdenes de la vida nacional, y lo seguir\u00e1 siendo siempre, porque tiene fuentes propias; haber sido y ser la v\u00e9rtebra vital de las dos regiones: Costa y Sierra; por ser el punto de influencia arterial entre una y otra, en donde se vinculan \u00edntimamente los esfuerzos de muchos pueblos emprendedores; por que aqu\u00ed se funden las aspiraciones de agricultores y comerciantes.<\/p>\n<p>El centro de la ciudad comprende desde el Malec\u00f3n 9 de octubre, las calles Juan x Marcos, Isa\u00edas Chopitea hasta la calle Primero de Mayo. En el sector se concentran las actividades comerciales y se desarrollan las acciones administrativas p\u00fablicas. Cuenta con todos los servicios de infraestructura y la mayor parte del equipamiento comunitario de la ciudad; las edificaciones del sector est\u00e1n construidas con materiales perdurables. Las calzadas de las calles se encuentran en buen estado, todos con pavimento r\u00edgido y algunas sobrepuestas con una capa de pavimento flexible.<\/p>\n<p>Dentro de la red vial urbana, la ciudad cuenta con dos puentes peatonales que permiten la comunicaci\u00f3n con Barreiro y El Salto. Existen cuatro puentes vehiculares: los dos primeros que cruzan los r\u00edos Catarama y San pablo al norte de la ciudad (carretera Babahoyo - Quevedo); el tercero que cruza el estero Lagarto al Sur de la urbe (carretera Babahoyo - Guayaquil); y el cuarto que est\u00e1 ubicado en el sector La Ventura (carretera Babahoyo - Montalvo).<\/p><\/div>\n<p><a href=\"http:\/\/blog.espol.edu.ec\/sagbasti\/files\/2009\/06\/bhyo_06.jpg\"><br \/>\n<\/a><\/p>\n","protected":false},"excerpt":{"rendered":"<p>Historia La ciudad de Babahoyo, fundada el 27 de Mayo de 1869, en los terrenos cedidos por la familia Flores, frente a la confluencia de los r\u00edos Babahoyo y Caracol, se estableci\u00f3 en la margen derecha del r\u00edo San Pablo. Por mucho tiempo se llam\u00f3 Bodegas, por haber estado all\u00ed ubicadas la Aduana y los [&hellip;]<\/p>\n","protected":false},"author":1649,"featured_media":0,"parent":93,"menu_order":0,"comment_status":"open","ping_status":"open","template":"","meta":{"footnotes":""},"class_list":["post-60","page","type-page","status-publish","hentry"],"_links":{"self":[{"href":"https:\/\/blog.espol.edu.ec\/sagbasti\/wp-json\/wp\/v2\/pages\/60","targetHints":{"allow":["GET"]}}],"collection":[{"href":"https:\/\/blog.espol.edu.ec\/sagbasti\/wp-json\/wp\/v2\/pages"}],"about":[{"href":"https:\/\/blog.espol.edu.ec\/sagbasti\/wp-json\/wp\/v2\/types\/page"}],"author":[{"embeddable":true,"href":"https:\/\/blog.espol.edu.ec\/sagbasti\/wp-json\/wp\/v2\/users\/1649"}],"replies":[{"embeddable":true,"href":"https:\/\/blog.espol.edu.ec\/sagbasti\/wp-json\/wp\/v2\/comments?post=60"}],"version-history":[{"count":9,"href":"https:\/\/blog.espol.edu.ec\/sagbasti\/wp-json\/wp\/v2\/pages\/60\/revisions"}],"predecessor-version":[{"id":95,"href":"https:\/\/blog.espol.edu.ec\/sagbasti\/wp-json\/wp\/v2\/pages\/60\/revisions\/95"}],"up":[{"embeddable":true,"href":"https:\/\/blog.espol.edu.ec\/sagbasti\/wp-json\/wp\/v2\/pages\/93"}],"wp:attachment":[{"href":"https:\/\/blog.espol.edu.ec\/sagbasti\/wp-json\/wp\/v2\/media?parent=60"}],"curies":[{"name":"wp","href":"https:\/\/api.w.org\/{rel}","templated":true}]}}