{"id":93,"date":"2009-07-02T04:24:22","date_gmt":"2009-07-02T08:24:22","guid":{"rendered":"http:\/\/blog.espol.edu.ec\/sagbasti\/?page_id=93"},"modified":"2009-07-02T04:24:23","modified_gmt":"2009-07-02T08:24:23","slug":"informacion-general","status":"publish","type":"page","link":"https:\/\/blog.espol.edu.ec\/sagbasti\/informacion-general\/","title":{"rendered":"Informacion General"},"content":{"rendered":"<h1 class=\"firstHeading\">Babahoyo<\/h1>\n<table class=\"infobox_v2\" style=\"width: 23.7em;font-size: 90%\" border=\"0\">\n<caption>\n<\/caption>\n<tbody>\n<tr class=\"mergedtoprow\">\n<td class=\"maptable\" style=\"text-align: center\" colspan=\"2\">\n<table style=\"padding-top: 0.4em;height: 27px\" border=\"0\" width=\"18\">\n<tbody>\n<tr>\n<td style=\"vertical-align: middle\"><\/td>\n<td style=\"vertical-align: middle\"><\/td>\n<\/tr>\n<\/tbody>\n<\/table>\n<\/td>\n<\/tr>\n<tr>\n<td style=\"padding: 1px 5px;font-weight: bold\"><a title=\"Pa\u00eds\" href=\"http:\/\/es.wikipedia.org\/wiki\/Pa%C3%ADs\">Pa\u00eds<\/a><\/td>\n<td style=\"padding: 1px 5px\"><a class=\"image\" title=\"Flag of Ecuador.svg\" href=\"http:\/\/es.wikipedia.org\/wiki\/Archivo:Flag_of_Ecuador.svg\"><img loading=\"lazy\" decoding=\"async\" src=\"http:\/\/upload.wikimedia.org\/wikipedia\/commons\/thumb\/e\/e8\/Flag_of_Ecuador.svg\/20px-Flag_of_Ecuador.svg.png\" alt=\"\" width=\"20\" height=\"10\" \/><\/a> <a title=\"Ecuador\" href=\"http:\/\/es.wikipedia.org\/wiki\/Ecuador\">Ecuador<\/a>-<\/td>\n<\/tr>\n<tr>\n<td style=\"padding: 1px 5px\">\u2022<\/td>\n<td style=\"padding: 1px 5px\">4 parroquias urbanas, 4 rurales<\/td>\n<td><\/td>\n<\/tr>\n<tr>\n<td style=\"padding: 1px 5px;font-weight: bold\">Ubicaci\u00f3n<\/td>\n<td style=\"padding: 1px 5px\"><\/td>\n<\/tr>\n<tr>\n<td style=\"padding: 1px 5px\">\u2022\u00a0<a title=\"Latitud\" href=\"http:\/\/es.wikipedia.org\/wiki\/Latitud\">Latitud<\/a><\/td>\n<td style=\"padding: 1px 5px\">1\u00b0 46' S<\/td>\n<\/tr>\n<tr>\n<td style=\"padding: 1px 5px\">\u2022\u00a0<a title=\"Longitud (cartograf\u00eda)\" href=\"http:\/\/es.wikipedia.org\/wiki\/Longitud_%28cartograf%C3%ADa%29\">Longitud<\/a><\/td>\n<td style=\"padding: 1px 5px\">97\u00b0 27' O<\/td>\n<\/tr>\n<tr>\n<td style=\"padding: 1px 5px\">\u2022\u00a0<a title=\"Altitud\" href=\"http:\/\/es.wikipedia.org\/wiki\/Altitud\">Altitud<\/a><\/td>\n<td style=\"padding: 1px 5px\">n\/d<\/td>\n<\/tr>\n<tr>\n<td style=\"padding: 1px 5px\">\u2022\u00a0<a title=\"Distancia\" href=\"http:\/\/es.wikipedia.org\/wiki\/Distancia\">Distancia<\/a><\/td>\n<td style=\"padding: 1px 5px\">240 km a <a title=\"Quito\" href=\"http:\/\/es.wikipedia.org\/wiki\/Quito\">Quito<\/a>, 300 km por carretera <a title=\"Kil\u00f3metro\" href=\"http:\/\/es.wikipedia.org\/wiki\/Kil%C3%B3metro\">km<\/a><\/td>\n<\/tr>\n<tr>\n<td style=\"padding: 1px 5px;font-weight: bold\"><a title=\"\u00c1rea\" href=\"http:\/\/es.wikipedia.org\/wiki\/%C3%81rea\">Superficie<\/a><\/td>\n<td style=\"padding: 1px 5px\">1076,1 <a class=\"mw-redirect\" title=\"Km\u00b2\" href=\"http:\/\/es.wikipedia.org\/wiki\/Km%C2%B2\">km\u00b2<\/a>altitud= 6 msnm <a title=\"Kil\u00f3metro cuadrado\" href=\"http:\/\/es.wikipedia.org\/wiki\/Kil%C3%B3metro_cuadrado\">km\u00b2<\/a><\/td>\n<\/tr>\n<tr>\n<td style=\"padding: 1px 5px;font-weight: bold\">Fundaci\u00f3n<\/td>\n<td style=\"padding: 1px 5px\"><a title=\"27 de mayo\" href=\"http:\/\/es.wikipedia.org\/wiki\/27_de_mayo\">27 de mayo<\/a> de <a title=\"1869\" href=\"http:\/\/es.wikipedia.org\/wiki\/1869\">1869<\/a><\/td>\n<\/tr>\n<tr>\n<td style=\"padding: 1px 5px\"><strong><a title=\"Poblaci\u00f3n mundial\" href=\"http:\/\/es.wikipedia.org\/wiki\/Poblaci%C3%B3n_mundial\">Poblaci\u00f3n<\/a><\/strong><\/td>\n<td style=\"padding: 1px 5px\">140\u00a0534 <a class=\"mw-redirect\" title=\"Poblaci\u00f3n humana\" href=\"http:\/\/es.wikipedia.org\/wiki\/Poblaci%C3%B3n_humana\">hab.<\/a> (<a title=\"2007\" href=\"http:\/\/es.wikipedia.org\/wiki\/2007\">2007<\/a>)cant\u00f3n = 250\u00a0000 hab. (<a title=\"2007\" href=\"http:\/\/es.wikipedia.org\/wiki\/2007\">2007<\/a>) hab.<\/td>\n<\/tr>\n<tr>\n<td style=\"padding: 1px 5px\">\u2022\u00a0<a title=\"Densidad de poblaci\u00f3n\" href=\"http:\/\/es.wikipedia.org\/wiki\/Densidad_de_poblaci%C3%B3n\">Densidad<\/a><\/td>\n<td style=\"padding: 1px 5px\">1235 hab\/km\u00b2 hab.\/km\u00b2<\/td>\n<\/tr>\n<tr>\n<td style=\"padding: 1px 5px;font-weight: bold\"><a title=\"Gentilicio\" href=\"http:\/\/es.wikipedia.org\/wiki\/Gentilicio\">Gentilicio<\/a><\/td>\n<td style=\"padding: 1px 5px\">babahoyense, fluminense<\/td>\n<\/tr>\n<tr>\n<td style=\"padding: 1px 5px;font-weight: bold\">Alcalde<\/td>\n<td style=\"padding: 1px 5px\"><a class=\"new\" title=\"Jhonny Ter\u00e1n Salcedo (a\u00fan no redactado)\" href=\"http:\/\/es.wikipedia.org\/w\/index.php?title=Jhonny_Ter%C3%A1n_Salcedo&amp;action=edit&amp;redlink=1\">Jhonny Ter\u00e1n Salcedo<\/a> (<a title=\"Partido Social Cristiano (Ecuador)\" href=\"http:\/\/es.wikipedia.org\/wiki\/Partido_Social_Cristiano_%28Ecuador%29\">PSC<\/a>)<\/td>\n<\/tr>\n<tr>\n<td style=\"padding: 1px 5px;font-weight: bold\"><a title=\"Sitio web\" href=\"http:\/\/es.wikipedia.org\/wiki\/Sitio_web\">Sitio web<\/a><\/td>\n<td style=\"padding: 1px 5px\"><a class=\"external free\" title=\"http:\/\/www.babahoyo.gov.ec\/\" rel=\"nofollow\" href=\"http:\/\/www.babahoyo.gov.ec\/\">http:\/\/www.babahoyo.gov.ec\/<\/a><\/td>\n<\/tr>\n<\/tbody>\n<\/table>\n<p><strong>Babahoyo<\/strong> es la capital de la provincia de <a title=\"Los R\u00edos\" href=\"http:\/\/es.wikipedia.org\/wiki\/Los_R%C3%ADos\">Los R\u00edos<\/a>, <a title=\"Ecuador\" href=\"http:\/\/es.wikipedia.org\/wiki\/Ecuador\">Ecuador<\/a>. Fue fundada el <a title=\"27 de mayo\" href=\"http:\/\/es.wikipedia.org\/wiki\/27_de_mayo\">27 de mayo<\/a> de <a title=\"1869\" href=\"http:\/\/es.wikipedia.org\/wiki\/1869\">1869<\/a> (decreto legislativo).Es una de las ciudades m\u00e1s importantes del Ecuador y el puerto fluvial m\u00e1s importante del pa\u00eds por eso es considerada la Capital Fluvial del Ecuador. Es la Capital Provincial m\u00e1s cerca al Puerto Principal Guayaquil de hecho a esto se debe su lento crecimiento poblacional.<\/p>\n<table id=\"toc\" class=\"toc\" border=\"0\" summary=\"Contenido\">\n<tbody>\n<tr>\n<td><\/td>\n<\/tr>\n<\/tbody>\n<\/table>\n<h2><span class=\"mw-headline\">Situaci\u00f3n Geogr\u00e1fica<\/span><\/h2>\n<p>La ciudad est\u00e1 situada en la margen izquierda del r\u00edo San Pablo, que al unirse en su desembocadura con el r\u00edo Catarama forman el <a class=\"new\" title=\"R\u00edo Babahoyo (a\u00fan no redactado)\" href=\"http:\/\/es.wikipedia.org\/w\/index.php?title=R%C3%ADo_Babahoyo&amp;action=edit&amp;redlink=1\">r\u00edo Babahoyo<\/a>. Una de las m\u00e1s interesantes excursiones en la zona es el descenso en bote por el r\u00edo Babahoyo. Babahoyo se encuentra en el Litoral y es paso obligado para ir hacia la Sierra por las carreteras Babahoyo - <a title=\"Quito\" href=\"http:\/\/es.wikipedia.org\/wiki\/Quito\">Quito<\/a> (Via Panamericana), Babahoyo - <a title=\"Ambato\" href=\"http:\/\/es.wikipedia.org\/wiki\/Ambato\">Ambato<\/a> (Via Flores) y tambi\u00e9n por la Babahoyo - <a title=\"Riobamba\" href=\"http:\/\/es.wikipedia.org\/wiki\/Riobamba\">Riobamba<\/a>. Babahoyo se encuentra al Sur de la Provincia de <a title=\"Los R\u00edos\" href=\"http:\/\/es.wikipedia.org\/wiki\/Los_R%C3%ADos\">Los R\u00edos<\/a> las vias que la unen con las dem\u00e1s ciudades y pueblos de la costa son la Babahoyo - <a class=\"mw-redirect\" title=\"Baba\" href=\"http:\/\/es.wikipedia.org\/wiki\/Baba\">Baba<\/a>, la Babahoyo - <a title=\"Guayaquil\" href=\"http:\/\/es.wikipedia.org\/wiki\/Guayaquil\">Guayaquil<\/a> y la Babahoyo - <a title=\"Milagro\" href=\"http:\/\/es.wikipedia.org\/wiki\/Milagro\">Milagro<\/a>. Su situaci\u00f3n geografica es una de las m\u00e1s privilegiadas por Babahoyo pasan cada d\u00eda m\u00e1s de 25000 carros (entre buses, trailers y autos). Es un punto comercial entre la Costa y la Sierra. Dentro de la red vial urbana, la ciudad cuenta con dos puentes peatonales que permiten la comunicaci\u00f3n con Barreiro y El Salto. Existen cuatro puentes vehiculares: los dos primeros que cruzan los r\u00edos Catarama y San pablo al norte de la ciudad (carretera Babahoyo - <a title=\"Quito\" href=\"http:\/\/es.wikipedia.org\/wiki\/Quito\">Quito<\/a>); el tercero que cruza el estero Lagarto al Sur de la urbe (carretera Babahoyo - <a title=\"Guayaquil\" href=\"http:\/\/es.wikipedia.org\/wiki\/Guayaquil\">Guayaquil<\/a>); y el cuarto que est\u00e1 ubicado en el sector La Ventura (carretera Babahoyo - <a title=\"Ambato\" href=\"http:\/\/es.wikipedia.org\/wiki\/Ambato\">Ambato<\/a>).<\/p>\n<h3><span class=\"mw-headline\">Demograf\u00eda<\/span> <span class=\"editsection\" style=\"font-size: small;font-weight: normal;float: none;margin-left: 0px\"><\/span><\/h3>\n<p>Tiene una poblaci\u00f3n de 250.000 habitantes su centro es uno de los m\u00e1s vastos de la region y se encuentra entre las 10 ciudades m\u00e1s grandes del Pa\u00eds y una de las m\u00e1s largas. Gran parte de su poblaci\u00f3n se encuentra en el casco urbano y las periferias de la ciudad que se encuentran alrededor del By Pass (Via E25 carretera Babahoyo - Quito) que pasa por toda la ciudad de sur a noroeste. El centro de la ciudad comprende desde el Malec\u00f3n 9 de octubre, las calles Juan x Marcos, Isa\u00edas Chopitea hasta la calle Primero de mayo. En el sector se concentran las actividades comerciales y se desarrollan las acciones administrativas p\u00fablicas. Cuenta con todos los servicios de infraestructura y la mayor parte del equipamiento comunitario de la ciudad; las edificaciones del sector est\u00e1n construidas con materiales perdurables. Las calzadas de las calles se encuentran en buen estado, todos con pavimento r\u00edgido y algunas sobrepuestas con una capa de pavimento flexible.<\/p>\n<h3><span class=\"mw-headline\">Econom\u00eda<\/span><span class=\"editsection\" style=\"font-size: small;font-weight: normal;float: none;margin-left: 0px\"><\/span><\/h3>\n<p>La poblaci\u00f3n en su gran mayor\u00eda se dedica al cultivo, principalmente de arroz y banano. Diferentes industrias tienen sede en esta ciudad como Industrias Facundo ubicada a las afueras de la ciudad, as\u00ed como el Ingenio Isabel Maria el 4 ingenio m\u00e1s grande del pa\u00eds, y diferentes piladoras; gran parte de la ciudad tiene un gran movimiento econ\u00f3mico sobretodo su centro que es el polo econ\u00f3mico m\u00e1s grande de la Provincia. En Babahoyo existen diferentes entidades bancarias y cooperativas de ahorro haci\u00e9ndola una ciudad con todos los servicios si de econom\u00eda se habla.<\/p>\n<h3><span class=\"mw-headline\">Cultura<\/span><span class=\"editsection\" style=\"font-size: small;font-weight: normal;float: none;margin-left: 0px\"><\/span><\/h3>\n<p>La fiesta patronal de la ciudad es el 24 de septiembre. Cada a\u00f1o se rinde un justo homenaje a la Virgen de la Merced de la manera siguiente: Desde el 15 hasta el 23 de septiembre diferentes grupos de seguidores cargan a la Virgen paseando por las calles de la ciudad. El 24 se celebra el d\u00eda de la Merced. Se muestra y se vende artesan\u00eda de las regiones sierra y costa del Ecuador y siempre hay una gran feria de juegos infantiles. Grupos folcl\u00f3ricos y cantantes nacionales y a veces internacionales vienen a rendirle homenaje a la Virgen.<\/p>\n<h3><span class=\"mw-headline\">Festividades locales<\/span><\/h3>\n<p>Dentro de las festividades locales y feriados que celebran los Babahoyenses est\u00e1n los siguientes:<\/p>\n<table class=\"toc\" style=\"text-align: center;margin-left: 3px;font-size: 90%\" border=\"0\" cellspacing=\"2\" cellpadding=\"2\" width=\"60%\">\n<tbody>\n<tr>\n<td style=\"text-align: center\" colspan=\"2\"><strong><big>Festividades locales<\/big><\/strong><\/td>\n<\/tr>\n<tr>\n<td width=\"80\" align=\"center\"><strong>Fecha<\/strong><\/td>\n<td width=\"160\" align=\"center\"><strong>Acontecimiento<\/strong><\/td>\n<\/tr>\n<tr>\n<td align=\"center\"><a title=\"1 de enero\" href=\"http:\/\/es.wikipedia.org\/wiki\/1_de_enero\">1 de enero<\/a><\/td>\n<td align=\"center\"><a title=\"A\u00f1o Nuevo\" href=\"http:\/\/es.wikipedia.org\/wiki\/A%C3%B1o_Nuevo\">A\u00f1o Nuevo<\/a><\/td>\n<\/tr>\n<tr>\n<td align=\"center\">En febrero o en marzo<\/td>\n<td align=\"center\"><a title=\"Carnaval\" href=\"http:\/\/es.wikipedia.org\/wiki\/Carnaval\">Carnaval<\/a><\/td>\n<\/tr>\n<tr>\n<td align=\"center\">En marzo o en abril<\/td>\n<td align=\"center\"><a title=\"Semana Santa\" href=\"http:\/\/es.wikipedia.org\/wiki\/Semana_Santa\">Semana Santa<\/a><\/td>\n<\/tr>\n<tr>\n<td align=\"center\"><a title=\"1 de mayo\" href=\"http:\/\/es.wikipedia.org\/wiki\/1_de_mayo\">1 de mayo<\/a><\/td>\n<td align=\"center\"><a class=\"mw-redirect\" title=\"D\u00eda del Trabajo\" href=\"http:\/\/es.wikipedia.org\/wiki\/D%C3%ADa_del_Trabajo\">D\u00eda del Trabajo<\/a><\/td>\n<\/tr>\n<tr>\n<td align=\"center\"><a title=\"27 de mayo\" href=\"http:\/\/es.wikipedia.org\/wiki\/27_de_mayo\">27 de mayo<\/a><\/td>\n<td align=\"center\"><a class=\"new\" title=\"Fundaci\u00f3n de Babahoyo (a\u00fan no redactado)\" href=\"http:\/\/es.wikipedia.org\/w\/index.php?title=Fundaci%C3%B3n_de_Babahoyo&amp;action=edit&amp;redlink=1\">Fundaci\u00f3n de Babahoyo<\/a><\/td>\n<\/tr>\n<tr>\n<td align=\"center\"><a title=\"24 de mayo\" href=\"http:\/\/es.wikipedia.org\/wiki\/24_de_mayo\">24 de mayo<\/a><\/td>\n<td align=\"center\"><a title=\"Pichincha\" href=\"http:\/\/es.wikipedia.org\/wiki\/Pichincha\">Batalla del Pichincha<\/a><\/td>\n<\/tr>\n<tr>\n<td align=\"center\"><a title=\"10 de agosto\" href=\"http:\/\/es.wikipedia.org\/wiki\/10_de_agosto\">10 de agosto<\/a><\/td>\n<td align=\"center\"><a class=\"mw-redirect\" title=\"Primer Grito de Independencia\" href=\"http:\/\/es.wikipedia.org\/wiki\/Primer_Grito_de_Independencia\">Primer Grito de Independencia<\/a><\/td>\n<\/tr>\n<tr>\n<td align=\"center\"><a title=\"24 de septiembre\" href=\"http:\/\/es.wikipedia.org\/wiki\/24_de_septiembre\">24 de septiembre<\/a><\/td>\n<td align=\"center\"><a class=\"new\" title=\"Fiesta Patronal de la Ciudad (a\u00fan no redactado)\" href=\"http:\/\/es.wikipedia.org\/w\/index.php?title=Fiesta_Patronal_de_la_Ciudad&amp;action=edit&amp;redlink=1\">Fiesta Patronal de la Ciudad<\/a><\/td>\n<\/tr>\n<tr>\n<td align=\"center\"><a title=\"6 de octubre\" href=\"http:\/\/es.wikipedia.org\/wiki\/6_de_octubre\">6 de octubre<\/a><\/td>\n<td align=\"center\"><a title=\"Los R\u00edos\" href=\"http:\/\/es.wikipedia.org\/wiki\/Los_R%C3%ADos\">Creaci\u00f3n de la Provincia de Los Rios<\/a><\/td>\n<\/tr>\n<tr>\n<td align=\"center\"><a title=\"11 de octubre\" href=\"http:\/\/es.wikipedia.org\/wiki\/11_de_octubre\">11 de octubre<\/a><\/td>\n<td align=\"center\"><a class=\"new\" title=\"Independencia de Babahoyo (a\u00fan no redactado)\" href=\"http:\/\/es.wikipedia.org\/w\/index.php?title=Independencia_de_Babahoyo&amp;action=edit&amp;redlink=1\">Independencia de Babahoyo<\/a><\/td>\n<\/tr>\n<tr>\n<td align=\"center\"><a title=\"12 de octubre\" href=\"http:\/\/es.wikipedia.org\/wiki\/12_de_octubre\">12 de octubre<\/a><\/td>\n<td align=\"center\">D\u00eda de la Raza<\/td>\n<\/tr>\n<tr>\n<td align=\"center\"><a title=\"2 de noviembre\" href=\"http:\/\/es.wikipedia.org\/wiki\/2_de_noviembre\">2 de noviembre<\/a><\/td>\n<td align=\"center\"><a class=\"mw-redirect\" title=\"D\u00eda de los Fieles Difuntos\" href=\"http:\/\/es.wikipedia.org\/wiki\/D%C3%ADa_de_los_Fieles_Difuntos\">D\u00eda de los Fieles Difuntos<\/a><\/td>\n<\/tr>\n<tr>\n<td align=\"center\"><a title=\"25 de diciembre\" href=\"http:\/\/es.wikipedia.org\/wiki\/25_de_diciembre\">25 de diciembre<\/a><\/td>\n<td align=\"center\"><a title=\"Navidad\" href=\"http:\/\/es.wikipedia.org\/wiki\/Navidad\">Navidad<\/a><\/td>\n<\/tr>\n<tr>\n<td align=\"center\"><a title=\"31 de diciembre\" href=\"http:\/\/es.wikipedia.org\/wiki\/31_de_diciembre\">31 de diciembre<\/a><\/td>\n<td align=\"center\"><a title=\"Fin de a\u00f1o\" href=\"http:\/\/es.wikipedia.org\/wiki\/Fin_de_a%C3%B1o\">Fin de a\u00f1o<\/a><\/td>\n<\/tr>\n<\/tbody>\n<\/table>\n<h3><span class=\"mw-headline\">Clima<\/span><\/h3>\n<p>La ciudad tiene un clima c\u00e1lido h\u00famedo. En el invierno exist\u00edan tiempos atr\u00e1s inundaciones en el casco urbano pero ahora gracias a un sistema de alcantarillado de primera la ciudad no se inunda siendo as\u00ed con <a title=\"Cuenca\" href=\"http:\/\/es.wikipedia.org\/wiki\/Cuenca\">Cuenca<\/a> las ciudades con el mejor sistema de utilidad del agua del pa\u00eds. La gente es pac\u00edfica y humanitaria.<\/p>\n<h3><span class=\"mw-headline\">Transporte<\/span> <span class=\"editsection\" style=\"font-size: small;font-weight: normal;float: none;margin-left: 0px\"><\/span><\/h3>\n<p>Cuenta con dos Empresas de Transportes \"Fluminense\" y la Coop. Santa Rita ambas con 4 lineas de buses cada una que van del noroeste a sur pasando por el centro. Tambi\u00e9n existe el transporte mediante las canoas que colegan la parroquias urbanas Barreiro y El Salto y las parroquias rurales Pimocha y Caracol.<\/p>\n<h3><span class=\"mw-headline\">Parroquia Rurales<\/span><\/h3>\n<h2><span class=\"mw-headline\"><em>La Uni\u00f3n<\/em><\/span><span class=\"editsection\" style=\"font-size: small;font-weight: normal;float: none;margin-left: 0px\"><\/span><\/h2>\n<p>Ubicada noreste de Babahoyo cerca a la Sierra es una parroquia netamente agricola que se dedica a la pesca y a los cultivos de arroz, banana, soya y dem\u00e1s cultivos.<\/p>\n<h2><span class=\"mw-headline\"><em>Pimocha<\/em><\/span><\/h2>\n<p>Es una parroquia muy extensa en cuanto a territorio. Limita al norte con el cant\u00f3n Puebloviejo, al sur con el r\u00edo Babahoyo, al este con el r\u00edo Caracol y al oeste con el r\u00edo Garrapata.<\/p>\n<p>Sus recintos son Cauge, Guarumo, Chapulo, Convento, Mapan, Sauce, Gallinazo, Papayal, Compa\u00f1\u00eda, Pechiche Dulce, Santa Rita, Las tres bocas, Calabria, Cubon de Caimito, Parindero, R\u00edo Grande, Tejar, Providencia, etc.<\/p>\n<p>Se asegura fue asiento de una de las tribus numerosas que formaron los pueblos Huancavilcas. En terrenos de su jurisdicci\u00f3n los mont\u00edculos artificiales o tolas son numerosos.<\/p>\n<p>La principal fuente de trabajo y de riqueza es la agricultura, existen adem\u00e1s algunas industrias. Su suelo produce cacao, arroz, ca\u00f1a de az\u00facar, caf\u00e9, caucho, maderas finas, especialmente roble, cedro, Guachapel\u00ed y Guayac\u00e1n. Tambi\u00e9n balsa y ca\u00f1a guadua. La explotaci\u00f3n de estas \u00faltimas no se hacen en gran escala.<\/p>\n<p>Entre los frutales precisa anotar los c\u00edtricos, naranja dulce en especial, siendo de inmejorable calidad. El banano, se exporta en cantidad apreciable. Tambi\u00e9n se da pi\u00f1a, mamey, pomarrosa, y muchas frutas silvestres.<\/p>\n<p>En cuantos a industrias, adem\u00e1s de la pecuaria y la pesquer\u00eda que est\u00e1n bien extendidas, existen ingenios para la f\u00e1brica de az\u00facar y elaboraci\u00f3n de aguardiente y piladoras de arroz y caf\u00e9.<\/p>\n<h2><span class=\"mw-headline\"><em>Caracol<\/em><\/span> <span class=\"editsection\" style=\"font-size: small;font-weight: normal;float: none;margin-left: 0px\"><\/span><\/h2>\n<p>Es una de las m\u00e1s antiguas poblaciones riosenses. Quiz\u00e1 como Ojivar, fue asiento de alguna parcialidad ind\u00edgena de las que los espa\u00f1oles encontraron situadas al tiempo de su vuelta por estas tierras: losOjivas, como dice algunos.<\/p>\n<p>En 1838 se elev\u00f3 esta poblaci\u00f3n a la categor\u00eda de parroquia esclesi\u00e1stica independiz\u00e1ndola del curato de Babahoyo.<\/p>\n<p>Limita al norte con Catarama, al sur con Barreiro ,al este con Montalvo y al oeste con el R\u00edo Caracol que lo separa de Pimocha.<\/p>\n<p>Sus recintos son: Pijullo, Salampe, Palo Prieto, Los cerritos, Pozuelos, Playas de Ojiva, Castrejon, Javilla, San Antonia, Manila, etc.<\/p>\n<h2><span class=\"mw-headline\"><em>Febres Cordero<\/em><\/span><\/h2>\n<p>Creada en el hermoso Recinto de \u201cLas Juntas\u201d el 14 de mayo de 1936, sus habitantes se dedican a la agricultura y ganader\u00eda. Es uno de los sectores mas imporatantes para la agricultura.<\/p>\n","protected":false},"excerpt":{"rendered":"<p>Babahoyo Pa\u00eds Ecuador- \u2022 4 parroquias urbanas, 4 rurales Ubicaci\u00f3n \u2022\u00a0Latitud 1\u00b0 46' S \u2022\u00a0Longitud 97\u00b0 27' O \u2022\u00a0Altitud n\/d \u2022\u00a0Distancia 240 km a Quito, 300 km por carretera km Superficie 1076,1 km\u00b2altitud= 6 msnm km\u00b2 Fundaci\u00f3n 27 de mayo de 1869 Poblaci\u00f3n 140\u00a0534 hab. (2007)cant\u00f3n = 250\u00a0000 hab. (2007) hab. \u2022\u00a0Densidad 1235 hab\/km\u00b2 hab.\/km\u00b2 [&hellip;]<\/p>\n","protected":false},"author":1649,"featured_media":0,"parent":0,"menu_order":0,"comment_status":"open","ping_status":"open","template":"","meta":{"footnotes":""},"class_list":["post-93","page","type-page","status-publish","hentry"],"_links":{"self":[{"href":"https:\/\/blog.espol.edu.ec\/sagbasti\/wp-json\/wp\/v2\/pages\/93","targetHints":{"allow":["GET"]}}],"collection":[{"href":"https:\/\/blog.espol.edu.ec\/sagbasti\/wp-json\/wp\/v2\/pages"}],"about":[{"href":"https:\/\/blog.espol.edu.ec\/sagbasti\/wp-json\/wp\/v2\/types\/page"}],"author":[{"embeddable":true,"href":"https:\/\/blog.espol.edu.ec\/sagbasti\/wp-json\/wp\/v2\/users\/1649"}],"replies":[{"embeddable":true,"href":"https:\/\/blog.espol.edu.ec\/sagbasti\/wp-json\/wp\/v2\/comments?post=93"}],"version-history":[{"count":1,"href":"https:\/\/blog.espol.edu.ec\/sagbasti\/wp-json\/wp\/v2\/pages\/93\/revisions"}],"predecessor-version":[{"id":94,"href":"https:\/\/blog.espol.edu.ec\/sagbasti\/wp-json\/wp\/v2\/pages\/93\/revisions\/94"}],"wp:attachment":[{"href":"https:\/\/blog.espol.edu.ec\/sagbasti\/wp-json\/wp\/v2\/media?parent=93"}],"curies":[{"name":"wp","href":"https:\/\/api.w.org\/{rel}","templated":true}]}}