{"id":147,"date":"2009-01-18T20:30:50","date_gmt":"2009-01-19T01:30:50","guid":{"rendered":"http:\/\/blog.espol.edu.ec\/sanballe\/?page_id=147"},"modified":"2009-01-18T20:35:21","modified_gmt":"2009-01-19T01:35:21","slug":"romanticas","status":"publish","type":"page","link":"https:\/\/blog.espol.edu.ec\/sanballe\/romanticas\/","title":{"rendered":"Romanticas"},"content":{"rendered":"<p><object width=\"425\" height=\"344\"><param name=\"allowFullScreen\" value=\"true\" \/><param name=\"allowscriptaccess\" value=\"always\" \/><param name=\"src\" value=\"http:\/\/www.youtube.com\/v\/6jo9O0jcX1A&amp;hl=es&amp;fs=1\" \/><embed type=\"application\/x-shockwave-flash\" width=\"425\" height=\"344\" src=\"http:\/\/www.youtube.com\/v\/6jo9O0jcX1A&amp;hl=es&amp;fs=1\"><\/embed><\/object><\/p>\n<p>Nunca de \"Juan Fernando Velazco\"<\/p>\n<p>Puedo detener mi coraz\u00f3n<br \/>\npuedo cambiar de voz; envejecer<br \/>\nperder el pelo y la raz\u00f3n<br \/>\ndescubrir la luz de un amanecer<br \/>\ny comprender que no ser\u00eda cap\u00e1z<br \/>\nde continuar sin tu calooooooor......<\/p>\n<p>Nunca; yo nunca dejar\u00e9 de amarte<br \/>\ntendr\u00e1s que acostumbrarte a vivir con eso<br \/>\ndeja; deja que te abrace fuerte<br \/>\nno hay nada que yo pueda hacer mi amor<br \/>\nlo sientoooooo........<\/p>\n<p>A partir de m\u00ed; me entiendo yo<br \/>\na partir de tu amor soy lo que soy<br \/>\ntengo sentido y direcci\u00f3n<br \/>\nni el inmenso mar me bastar\u00e1<br \/>\nsi no puedo sentir el ritmo y el;<br \/>\ncalor de tu respiraci\u00f3n......<\/p>\n<p>Nunca; yo nunca dejar\u00e9 de amarte<br \/>\ntendr\u00e1s que acostumbrarte a vivir con eso<br \/>\ndeja; deja que te abrace fuerte<br \/>\nno hay nada que yo pueda hacer mi amor<br \/>\nlo sientoooooo........<br \/>\nooooooooohhhhhhhh.<\/p>\n<p><object width=\"425\" height=\"344\"><param name=\"allowFullScreen\" value=\"true\" \/><param name=\"allowscriptaccess\" value=\"always\" \/><param name=\"src\" value=\"http:\/\/www.youtube.com\/v\/josjS2ORbtQ&amp;hl=es&amp;fs=1\" \/><embed type=\"application\/x-shockwave-flash\" width=\"425\" height=\"344\" src=\"http:\/\/www.youtube.com\/v\/josjS2ORbtQ&amp;hl=es&amp;fs=1\"><\/embed><\/object><\/p>\n<p>Nunca imagine \"Tommy Torres\"<\/p>\n<p><object width=\"425\" height=\"344\"><param name=\"allowFullScreen\" value=\"true\" \/><param name=\"allowscriptaccess\" value=\"always\" \/><param name=\"src\" value=\"http:\/\/www.youtube.com\/v\/QxONNw4ohTI&amp;hl=es&amp;fs=1\" \/><embed type=\"application\/x-shockwave-flash\" width=\"425\" height=\"344\" src=\"http:\/\/www.youtube.com\/v\/QxONNw4ohTI&amp;hl=es&amp;fs=1\"><\/embed><\/object><\/p>\n<p>Como duele de \"Ricardo Arjona\"<\/p>\n<p>\u00a0<\/p>\n<p><object width=\"425\" height=\"344\"><param name=\"movie\" value=\"http:\/\/www.youtube.com\/v\/lwQdOZGHCBU&amp;hl=es&amp;fs=1\"><\/param><param name=\"allowFullScreen\" value=\"true\"><\/param><param name=\"allowscriptaccess\" value=\"always\"><\/param><embed src=\"http:\/\/www.youtube.com\/v\/lwQdOZGHCBU&amp;hl=es&amp;fs=1\" type=\"application\/x-shockwave-flash\" width=\"425\" height=\"344\"><\/embed><\/object><\/p>\n<p>Amores extra\u00f1os de \"Laura Paussini\"<\/p>\n<p><span style=\"font-size: 14px\">Ya sab\u00eda que no llegar\u00eda,<br \/>\nya sab\u00eda que era una mentira,<br \/>\ncuanto tiempo que por \u00e9l perd\u00ed,<br \/>\nque promesa rota sin cumplir.<br \/>\nson amores problem\u00e1ticos,<br \/>\ncomo t\u00fa, como yo.<br \/>\nes la espera en un tel\u00e9fono,<br \/>\nla aventura de lo il\u00f3gico,<br \/>\nla locura de lo m\u00e1gico,<br \/>\nun veneno sin ant\u00eddoto,<br \/>\nla amargura de lo ef\u00edmero,<br \/>\nporque \u00e9l se march\u00f3.<br \/>\nAmores, tan extra\u00f1os que te hacen c\u00ednica,<br \/>\nte hacen sonre\u00edr entre l\u00e1grimas.<br \/>\ncu\u00e1ntas p\u00e1ginas hipot\u00e9ticas, para no escribir las<br \/>\naut\u00e9nticas.<br \/>\nson amores que s\u00f3lo a nuestra edad<br \/>\nse confunden en nuestros esp\u00edritus,<br \/>\nte interrogan y nunca te dejan ver<br \/>\nsi ser\u00e1n amor o placer.<br \/>\nY cuantas noches llorar\u00e9 por \u00e9l,<br \/>\ncuantas veces volver\u00e9 a leer<br \/>\naquellas cartas que yo recib\u00eda<br \/>\ncuando mis penas eran alegr\u00edas.<br \/>\nson amores espor\u00e1dicos,<br \/>\npero en ti quedar\u00e1n.<br \/>\nAmores, tan extra\u00f1os que vienen y se van,<br \/>\nque en tu coraz\u00f3n sobrevivir\u00e1n,<br \/>\nson historias que siempre contar\u00e1s<br \/>\nsin saber si son de verdad.<br \/>\nSon amores fr\u00e1giles,<br \/>\nprisioneros, c\u00f3mplices,<br \/>\nson amores problem\u00e1ticos,<br \/>\ncomo t\u00fa, como yo.<br \/>\nson amores fr\u00e1giles,<br \/>\nprisioneros, c\u00f3mplices,<br \/>\ntan extra\u00f1os que viven neg\u00e1ndose<br \/>\nescondi\u00e9ndose de los dos.<br \/>\nSon amores que s\u00f3lo a nuestra edad<br \/>\nse confunden en nuestro esp\u00edritu,<br \/>\nson amores problem\u00e1ticos<br \/>\nque se esconder\u00e1n de los dos.<br \/>\nson amores que vienen y se van,<br \/>\nson historias que siempre contar\u00e1s.<br \/>\nYa sab\u00eda que no llegar\u00eda,<br \/>\nesta vez me lo prometer\u00e9,<br \/>\ntengo ganas de un amor sincero, ya sin \u00e9l.<br \/>\n<\/span><\/p>\n<p><object width=\"425\" height=\"344\"><param name=\"movie\" value=\"http:\/\/www.youtube.com\/v\/0Q1fEczVR-Y&amp;hl=es&amp;fs=1\"><\/param><param name=\"allowFullScreen\" value=\"true\"><\/param><param name=\"allowscriptaccess\" value=\"always\"><\/param><embed src=\"http:\/\/www.youtube.com\/v\/0Q1fEczVR-Y&amp;hl=es&amp;fs=1\" type=\"application\/x-shockwave-flash\" width=\"425\" height=\"344\"><\/embed><\/object><\/p>\n<p>Chao Lola de \"Juan Fernando\"<\/p>\n","protected":false},"excerpt":{"rendered":"<p>Nunca de \"Juan Fernando Velazco\" Puedo detener mi coraz\u00f3n puedo cambiar de voz; envejecer perder el pelo y la raz\u00f3n descubrir la luz de un amanecer y comprender que no ser\u00eda cap\u00e1z de continuar sin tu calooooooor...... Nunca; yo nunca dejar\u00e9 de amarte tendr\u00e1s que acostumbrarte a vivir con eso deja; deja que te abrace [&hellip;]<\/p>\n","protected":false},"author":678,"featured_media":0,"parent":0,"menu_order":0,"comment_status":"open","ping_status":"open","template":"","meta":{"footnotes":""},"class_list":["post-147","page","type-page","status-publish","hentry"],"_links":{"self":[{"href":"https:\/\/blog.espol.edu.ec\/sanballe\/wp-json\/wp\/v2\/pages\/147","targetHints":{"allow":["GET"]}}],"collection":[{"href":"https:\/\/blog.espol.edu.ec\/sanballe\/wp-json\/wp\/v2\/pages"}],"about":[{"href":"https:\/\/blog.espol.edu.ec\/sanballe\/wp-json\/wp\/v2\/types\/page"}],"author":[{"embeddable":true,"href":"https:\/\/blog.espol.edu.ec\/sanballe\/wp-json\/wp\/v2\/users\/678"}],"replies":[{"embeddable":true,"href":"https:\/\/blog.espol.edu.ec\/sanballe\/wp-json\/wp\/v2\/comments?post=147"}],"version-history":[{"count":6,"href":"https:\/\/blog.espol.edu.ec\/sanballe\/wp-json\/wp\/v2\/pages\/147\/revisions"}],"predecessor-version":[{"id":168,"href":"https:\/\/blog.espol.edu.ec\/sanballe\/wp-json\/wp\/v2\/pages\/147\/revisions\/168"}],"wp:attachment":[{"href":"https:\/\/blog.espol.edu.ec\/sanballe\/wp-json\/wp\/v2\/media?parent=147"}],"curies":[{"name":"wp","href":"https:\/\/api.w.org\/{rel}","templated":true}]}}