{"id":24,"date":"2010-06-08T13:51:39","date_gmt":"2010-06-08T13:51:39","guid":{"rendered":"http:\/\/blog.espol.edu.ec\/sangapon\/?page_id=24"},"modified":"2010-06-08T13:51:39","modified_gmt":"2010-06-08T13:51:39","slug":"espectaculos","status":"publish","type":"page","link":"https:\/\/blog.espol.edu.ec\/sangapon\/espectaculos\/","title":{"rendered":"Espectaculos!!!"},"content":{"rendered":"<h2 id=\"TituloPrint\">Los premios de cine MTV, \u00a1un espect\u00e1culo!<\/h2>\n<p><strong>EFE | Los \u00c1ngeles, EE.UU.<\/strong><\/p>\n<p><strong>Los vampiros de New Moon triunfaron el pasado domingo en los MTV Movie Awards, pero las celebridades que desfilaron por la gala les robaron el protagonismo y proporcionaron los mejores momentos de una gala desenfadada y repleta de humor.<\/p>\n<p>El filme The Twilight Saga: New Moon, protagonizado por Kristen Stewart y Robert Pattinson, se hizo con cinco galardones en la decimonovena edici\u00f3n de estos premios, elegidos por votaci\u00f3n popular a trav\u00e9s de internet.<\/p>\n<p>Las estatuillas \u2013recipientes con palomitas doradas\u2013 llegaron en las categor\u00edas de mejor pel\u00edcula, mejor actuaci\u00f3n femenina (Stewart), mejor actuaci\u00f3n masculina (Pattinson), superestrella mundial (Pattinson) y mejor beso (protagonizado por la pareja protagonista).<\/p>\n<p>Por el evento, que dur\u00f3 dos horas y tuvo lugar en el Gibson Amphitheatre de los estudios Universal (Los \u00c1ngeles), desfilaron actores tan conocidos como Jessica Biel, Cameron Diaz, Adam Sandler, Taylor Lautner, Samuel L. Jackson, Will Ferrell, Steve Carell o Mark Walhberg, pero el momento estrella de la noche se lo llevaron Jennifer L\u00f3pez y Tom Cruise.<\/p>\n<p>El int\u00e9rprete, caracterizado como el productor deslenguado de la comedia Tropic Thunder, sorprendi\u00f3 por su destreza al marcarse unos bailes con la diva \u2013muy sensual en todo momento\u2013, mientras recreaba la pose y los desmanes del personaje por el que recibi\u00f3 su \u00faltima candidatura a los premios Globos de Oro.<\/p>\n<p>Otros momentos destacados de la velada, conducida por el c\u00f3mico Aziz Ansari, fueron los besos que se dieron Stewart y Pattinson y Zac Effron y Vanessa Hudgens, dos de las parejas j\u00f3venes m\u00e1s famosas del mundo del espect\u00e1culo.<\/p>\n<p>En lo musical sobresali\u00f3 la actuaci\u00f3n de una escotada Katy Perry, que luci\u00f3 un bikini de lentejuelas rojas y azules mientras interpretaba su \u00faltimo \u00e9xito, California Gurls, junto al rapero Snoop Dogg, as\u00ed como el montaje futurista que present\u00f3 la estadounidense Christina Aguilera mientras cantaba Bionic, entre otros temas.<\/p>\n<p>Asimismo, Sandra Bullock, en su primera comparecencia p\u00fablica tras el esc\u00e1ndalo de infidelidades de su marido, recibi\u00f3 el galard\u00f3n MTV Generation Award, por sus dos d\u00e9cadas en el negocio del espect\u00e1culo, de manos de Bradley Cooper \u2013con quien form\u00f3 la peor pareja del a\u00f1o en All About Steve, seg\u00fan los premios Razzies\u2013, Betty White \u2013quien la llam\u00f3 un \u201ctesoro nacional\u201d\u2013 y Scarlett Johansson.<\/p>\n<p>Una sugerente Johansson, tras su famoso beso con Pen\u00e9lope Cruz en Vicky Cristina Barcelona, repiti\u00f3 \u00f3sculo sobre el escenario con Bullock, algo que us\u00f3 la actriz para tratar de reconducir toda la situaci\u00f3n desde el esc\u00e1ndalo creado por Jesse James, de quien est\u00e1 en proceso de divorcio. \u201cDespu\u00e9s de eso, por favor, volvamos a la normalidad\u201d, se\u00f1al\u00f3 la int\u00e9rprete, esperanzada. Adem\u00e1s se refiri\u00f3 a los rumores en torno a una posible retirada profesional. \u201cA pesar de lo que hay\u00e1is visto, o\u00eddo o le\u00eddo \u00faltimamente, amo lo que hago. No voy a ninguna parte\u201d, coment\u00f3.<\/p>\n<p>Hubo m\u00e1s besos, aunque con menos glamour, como el que se dieron en sus butacas Russell Brand y Jonah Hill, protagonistas de Get Him to the Greek. Y el p\u00fablico recibi\u00f3 con emoci\u00f3n las nuevas im\u00e1genes de Harry Potter and the Deathly Hallows, que apuntan a un material oscuro e intenso.<\/p>\n<p>Otros premios de la ceremonia fueron el de mejor pelea, para Beyonce Knowles y Ali Larter por Obsessed; el momento m\u00e1s surrealista, para Ken Jeong por The Hangover; el m\u00e1s aterrador, para Amanda Seyfried por Jennifers Body, o el de mejor interpretaci\u00f3n de comedia, para Zach Galifianakis por The Hangover.<\/p>\n<p>Anna Kendrick se alz\u00f3 con el t\u00edtulo de mayor estrella novel y el t\u00edtulo de mejor villano recay\u00f3 en Tom Felton, por Harry Potter and the Half-Blood Prince.<\/strong><\/p>\n","protected":false},"excerpt":{"rendered":"<p>Los premios de cine MTV, \u00a1un espect\u00e1culo! EFE | Los \u00c1ngeles, EE.UU. Los vampiros de New Moon triunfaron el pasado domingo en los MTV Movie Awards, pero las celebridades que desfilaron por la gala les robaron el protagonismo y proporcionaron los mejores momentos de una gala desenfadada y repleta de humor. El filme The Twilight [&hellip;]<\/p>\n","protected":false},"author":4165,"featured_media":0,"parent":0,"menu_order":0,"comment_status":"open","ping_status":"open","template":"","meta":{"footnotes":""},"class_list":["post-24","page","type-page","status-publish","hentry"],"_links":{"self":[{"href":"https:\/\/blog.espol.edu.ec\/sangapon\/wp-json\/wp\/v2\/pages\/24","targetHints":{"allow":["GET"]}}],"collection":[{"href":"https:\/\/blog.espol.edu.ec\/sangapon\/wp-json\/wp\/v2\/pages"}],"about":[{"href":"https:\/\/blog.espol.edu.ec\/sangapon\/wp-json\/wp\/v2\/types\/page"}],"author":[{"embeddable":true,"href":"https:\/\/blog.espol.edu.ec\/sangapon\/wp-json\/wp\/v2\/users\/4165"}],"replies":[{"embeddable":true,"href":"https:\/\/blog.espol.edu.ec\/sangapon\/wp-json\/wp\/v2\/comments?post=24"}],"version-history":[{"count":1,"href":"https:\/\/blog.espol.edu.ec\/sangapon\/wp-json\/wp\/v2\/pages\/24\/revisions"}],"predecessor-version":[{"id":25,"href":"https:\/\/blog.espol.edu.ec\/sangapon\/wp-json\/wp\/v2\/pages\/24\/revisions\/25"}],"wp:attachment":[{"href":"https:\/\/blog.espol.edu.ec\/sangapon\/wp-json\/wp\/v2\/media?parent=24"}],"curies":[{"name":"wp","href":"https:\/\/api.w.org\/{rel}","templated":true}]}}