{"id":10,"date":"2009-06-12T14:34:33","date_gmt":"2009-06-12T18:34:33","guid":{"rendered":"http:\/\/blog.espol.edu.ec\/sangulo\/?page_id=10"},"modified":"2009-08-05T14:24:59","modified_gmt":"2009-08-05T18:24:59","slug":"mi-personalidad","status":"publish","type":"page","link":"https:\/\/blog.espol.edu.ec\/sangulo\/mi-personalidad\/","title":{"rendered":"Mi Personalidad"},"content":{"rendered":"<p>Tengo 22 a\u00f1os<\/p>\n<p>soy una persona tranquila y me gusta tener muchos amigos.<\/p>\n<p>Soy directa, puedes confiar en mi, me gusta todo tipo de musica pero en especial la que es en ingles y rock Latino.<\/p>\n<p>Me gusta ir al cine, mis peliculas favoritas son las de misterio y las romanticas entre las mas lindas que he visto son El Diario de una pasi\u00f3n, un angel enamorado, shrek 2, y las de misterio puede ser saw 4, entre otras que tienen un final inesperado.<\/p>\n<p>Mi autor favorito de libros es Gabriel G. Marquez.<\/p>\n<p>Me gusta ir ala playa con mis amigos pero los buenos amigos, pero no me deja de gustar tambien la sierra en especial Cuenca.<\/p>\n<p>Encuentrame tambi\u00e9n en:<\/p>\n<p>sangulo@espol.edu.ec<\/p>\n<p><a href=\"http:\/\/www.hi5.com\/friend\/p50448938--DANNIELA_ANGULO--html\" target=\"_self\">Daniela's HI5<\/a><\/p>\n<p>SOBRE MI CARRERA:<\/p>\n<p>Estudio Licenciatura en Nutrici\u00f3n, esta es una carrera nueva que fue creada en el 2008, en mi carrera tenemos que cumplir un perfil ocupacional y profecional, aqui detallo ambos perfiles:<\/p>\n<p style=\"padding-left: 60px\">\n<p style=\"padding-left: 60px\"><strong>PERFIL PROFESIONAL<\/strong><\/p>\n<p style=\"padding-left: 60px\">El Licenciado en Nutrici\u00f3n, estar\u00e1 en condiciones de:<\/p>\n<ul style=\"text-align: justify;padding-left: 60px\">\n<li>Detectar, vigilar y resolver los problemas de mal nutrici\u00f3n que afectan la salud, en los diferentes niveles de atenci\u00f3n.<\/li>\n<li>Identificar las necesidades de la comunidad dentro del contexto social para generar acciones de participaci\u00f3n y autogesti\u00f3n comunitaria para su propio desarrollo.<\/li>\n<li>Realizar investigaci\u00f3n en nutrici\u00f3n para la generaci\u00f3n y aplicaci\u00f3n del conocimiento.<\/li>\n<li>Participar en la toma de decisiones dentro de las pol\u00edticas de alimentaci\u00f3n y nutrici\u00f3n aplicadas.<\/li>\n<li>Asumir el liderazgo en el desarrollo de la ense\u00f1anza de este campo profesional.<\/li>\n<li>Dise\u00f1ar la instrumentaci\u00f3n b\u00e1sica del plan alimentario \/ nutricional.<\/li>\n<li>Elaborar planes alimentarios para personas sanas y enfermas.<\/li>\n<li>Participar en de programas nutricionales como difusor o capacitador.<\/li>\n<\/ul>\n<p style=\"padding-left: 60px\"><strong>PERFIL OCUPACIONAL<\/strong><\/p>\n<ul style=\"text-align: justify;padding-left: 60px\">\n<li>Supervisor del \u00e1rea nutricional<\/li>\n<li>Asesor en gastronom\u00eda<\/li>\n<li>Gerente de producci\u00f3n de planes alimentarios<\/li>\n<li>Gerente de servicios t\u00e9cnicos de alimentaci\u00f3n<\/li>\n<li>Gerente de servicios de empresas de restauraci\u00f3n alimentar\u00eda colectiva<\/li>\n<li>Investigador en biotecnolog\u00eda alimentar\u00eda y nutricional<\/li>\n<li>Asesor en nutrici\u00f3n cl\u00ednica<\/li>\n<li>Asesor en nutrici\u00f3n p\u00fablica comunitaria<\/li>\n<\/ul>\n","protected":false},"excerpt":{"rendered":"<p>Tengo 22 a\u00f1os soy una persona tranquila y me gusta tener muchos amigos. Soy directa, puedes confiar en mi, me gusta todo tipo de musica pero en especial la que es en ingles y rock Latino. Me gusta ir al cine, mis peliculas favoritas son las de misterio y las romanticas entre las mas lindas [&hellip;]<\/p>\n","protected":false},"author":1877,"featured_media":0,"parent":0,"menu_order":0,"comment_status":"open","ping_status":"open","template":"","meta":{"_monsterinsights_skip_tracking":false,"_monsterinsights_sitenote_active":false,"_monsterinsights_sitenote_note":"","_monsterinsights_sitenote_category":0,"footnotes":""},"class_list":["post-10","page","type-page","status-publish","hentry"],"_links":{"self":[{"href":"https:\/\/blog.espol.edu.ec\/sangulo\/wp-json\/wp\/v2\/pages\/10","targetHints":{"allow":["GET"]}}],"collection":[{"href":"https:\/\/blog.espol.edu.ec\/sangulo\/wp-json\/wp\/v2\/pages"}],"about":[{"href":"https:\/\/blog.espol.edu.ec\/sangulo\/wp-json\/wp\/v2\/types\/page"}],"author":[{"embeddable":true,"href":"https:\/\/blog.espol.edu.ec\/sangulo\/wp-json\/wp\/v2\/users\/1877"}],"replies":[{"embeddable":true,"href":"https:\/\/blog.espol.edu.ec\/sangulo\/wp-json\/wp\/v2\/comments?post=10"}],"version-history":[{"count":9,"href":"https:\/\/blog.espol.edu.ec\/sangulo\/wp-json\/wp\/v2\/pages\/10\/revisions"}],"predecessor-version":[{"id":24,"href":"https:\/\/blog.espol.edu.ec\/sangulo\/wp-json\/wp\/v2\/pages\/10\/revisions\/24"}],"wp:attachment":[{"href":"https:\/\/blog.espol.edu.ec\/sangulo\/wp-json\/wp\/v2\/media?parent=10"}],"curies":[{"name":"wp","href":"https:\/\/api.w.org\/{rel}","templated":true}]}}