{"id":1,"date":"2009-05-20T14:07:10","date_gmt":"2009-05-20T18:07:10","guid":{"rendered":"http:\/\/blog.espol.edu.ec\/sara\/about\/"},"modified":"2009-06-06T23:24:11","modified_gmt":"2009-06-07T03:24:11","slug":"about","status":"publish","type":"page","link":"https:\/\/blog.espol.edu.ec\/sara\/about\/","title":{"rendered":"\u00bfQui\u00e9n soy?"},"content":{"rendered":"<h3>Informaci\u00f3n personal sobre\u00a0m\u00ed, la creadora de este blog<\/h3>\n<p><strong>Nombre:<\/strong> Sara Solano<\/p>\n<p><strong>Cumplea\u00f1os:<\/strong> 8 de abril<\/p>\n<p><strong>Edad:<\/strong> 18 a\u00f1os<\/p>\n<p><strong>E-mail:<\/strong> <a href=\"http:\/\/ssolano8412@yahoo.com\"><img loading=\"lazy\" decoding=\"async\" class=\"size-full wp-image-53 alignnone\" src=\"http:\/\/blog.espol.edu.ec\/sara\/files\/2009\/06\/logo_yahoo.jpg\" alt=\"Yahoo mail\" width=\"63\" height=\"36\" \/><\/a>\u00a0<a href=\"mailto:ssolano8412@yahoo.com\"><span style=\"color: #000000\">ssolano8412@yahoo.com<\/span><\/a><\/p>\n<p><strong><span style=\"color: #000000\">Estudios:<\/span><\/strong><\/p>\n<p><strong>Primaria:<\/strong> Instituto Particular Abd\u00f3n Calder\u00f3n IPAC<\/p>\n<p><strong>Secundaria:<\/strong> Colegio Polit\u00e9cnico COPOL<\/p>\n<p><strong>Superior:<\/strong> ESPOL (ICM)<\/p>\n<p><strong>Idiomas: <\/strong>Espa\u00f1ol, Ingles<\/p>\n<p><strong>Series Favoritas: <\/strong>Grey's Anatomy,\u00a0 Dr House, Gossip Girl, 30 Rock, Brothers and Sisters, Chuck, Heroes, Los Simpsons, Friends<\/p>\n<p><strong>Cantantes favoritos:<\/strong> Ricardo Arjona, Franco de Vita, Kelly Clarkson, Avril Lavigne, Alejandro Lerner, Miley Cyrus, Amy Winehouse, Keane,\u00a0 Juan Luis Guerra, Fanny Lu, Fonseca, Hombres G, Soda Stereo, Los enanitos verdes.. Una mezcla de todo.. Jajaja...<\/p>\n<p><strong>Pel\u00edculas favoritas:<\/strong> La sonrisa de la Monalisa, Diario de una pasi\u00f3n, Piratas del caribe (las 3), Ocean's (eleven, twelve y thirteen), Harry Potter (todas)<\/p>\n<p><strong>Contactos:<\/strong><\/p>\n<p><a href=\"http:\/\/www.twitter.com\/sara8412\"><img loading=\"lazy\" decoding=\"async\" class=\"alignleft size-full wp-image-52\" src=\"http:\/\/blog.espol.edu.ec\/sara\/files\/2009\/06\/logo_twitter_min.png\" alt=\"Twitter\" width=\"74\" height=\"17\" \/><\/a><a href=\"http:\/\/sarita-chiki.hi5.com\"><img loading=\"lazy\" decoding=\"async\" class=\"size-full wp-image-51 alignnone\" src=\"http:\/\/blog.espol.edu.ec\/sara\/files\/2009\/06\/hi5-logo.jpg\" alt=\"hi5\" width=\"57\" height=\"39\" \/><\/a><a href=\"http:\/\/ssolano8412@yahoo.com\"><\/a><\/p>\n","protected":false},"excerpt":{"rendered":"<p>Informaci\u00f3n personal sobre\u00a0m\u00ed, la creadora de este blog Nombre: Sara Solano Cumplea\u00f1os: 8 de abril Edad: 18 a\u00f1os E-mail: \u00a0ssolano8412@yahoo.com Estudios: Primaria: Instituto Particular Abd\u00f3n Calder\u00f3n IPAC Secundaria: Colegio Polit\u00e9cnico COPOL Superior: ESPOL (ICM) Idiomas: Espa\u00f1ol, Ingles Series Favoritas: Grey's Anatomy,\u00a0 Dr House, Gossip Girl, 30 Rock, Brothers and Sisters, Chuck, Heroes, Los Simpsons, Friends [&hellip;]<\/p>\n","protected":false},"author":1579,"featured_media":0,"parent":0,"menu_order":0,"comment_status":"open","ping_status":"open","template":"","meta":{"footnotes":""},"class_list":["post-1","page","type-page","status-publish","hentry"],"_links":{"self":[{"href":"https:\/\/blog.espol.edu.ec\/sara\/wp-json\/wp\/v2\/pages\/1","targetHints":{"allow":["GET"]}}],"collection":[{"href":"https:\/\/blog.espol.edu.ec\/sara\/wp-json\/wp\/v2\/pages"}],"about":[{"href":"https:\/\/blog.espol.edu.ec\/sara\/wp-json\/wp\/v2\/types\/page"}],"author":[{"embeddable":true,"href":"https:\/\/blog.espol.edu.ec\/sara\/wp-json\/wp\/v2\/users\/1579"}],"replies":[{"embeddable":true,"href":"https:\/\/blog.espol.edu.ec\/sara\/wp-json\/wp\/v2\/comments?post=1"}],"version-history":[{"count":9,"href":"https:\/\/blog.espol.edu.ec\/sara\/wp-json\/wp\/v2\/pages\/1\/revisions"}],"predecessor-version":[{"id":30,"href":"https:\/\/blog.espol.edu.ec\/sara\/wp-json\/wp\/v2\/pages\/1\/revisions\/30"}],"wp:attachment":[{"href":"https:\/\/blog.espol.edu.ec\/sara\/wp-json\/wp\/v2\/media?parent=1"}],"curies":[{"name":"wp","href":"https:\/\/api.w.org\/{rel}","templated":true}]}}