{"id":56,"date":"2012-07-09T23:09:25","date_gmt":"2012-07-09T23:09:25","guid":{"rendered":"http:\/\/blog.espol.edu.ec\/saylflor\/?page_id=56"},"modified":"2012-07-10T03:02:02","modified_gmt":"2012-07-10T03:02:02","slug":"lista-de-libros","status":"publish","type":"page","link":"https:\/\/blog.espol.edu.ec\/saylflor\/lista-de-libros\/","title":{"rendered":"Lista de libros"},"content":{"rendered":"<p><strong>Aqu\u00ed dejar\u00e9 una lista de libros de autores ecuatorianos:<\/strong><\/p>\n<p>&nbsp;<\/p>\n<p align=\"center\"><strong>Jos\u00e9 Joaqu\u00edn de Olmedo<\/strong><\/p>\n<p style=\"text-align: center\" align=\"center\"><strong>\u00a0<a href=\"http:\/\/blog.espol.edu.ec\/saylflor\/files\/2012\/07\/Jos\u00e9-Joaqu\u00edn-de-Olmedo.png\"><img loading=\"lazy\" decoding=\"async\" class=\"aligncenter  wp-image-99\" src=\"http:\/\/blog.espol.edu.ec\/saylflor\/files\/2012\/07\/Jos\u00e9-Joaqu\u00edn-de-Olmedo-216x300.png\" alt=\"\" width=\"151\" height=\"210\" srcset=\"https:\/\/blog.espol.edu.ec\/saylflor\/files\/2012\/07\/Jos\u00e9-Joaqu\u00edn-de-Olmedo-216x300.png 216w, https:\/\/blog.espol.edu.ec\/saylflor\/files\/2012\/07\/Jos\u00e9-Joaqu\u00edn-de-Olmedo.png 289w\" sizes=\"auto, (max-width: 151px) 100vw, 151px\" \/><\/a><\/strong><\/p>\n<p align=\"center\">Jos\u00e9 Joaqu\u00edn de Olmedo public\u00f3 muchos poemas, historias y odas, pero de entre las m\u00e1s importantes y destacadas se pueden encontrar:<\/p>\n<p align=\"center\">\u00a01. La Batalla de Junin<\/p>\n<p align=\"center\">2. Canto a Bol\u00edvar<\/p>\n<p align=\"center\">\u00a03. Alfabeto para un ni\u00f1o<\/p>\n<p align=\"center\">\u00a04. Al General Flores, vencedor en Mi\u00f1arica<\/p>\n<p align=\"center\">5. Al General Lamar<\/p>\n<p align=\"center\">\u00a06. Epitalamio<\/p>\n<p align=\"center\"><strong><!--more--><\/strong><\/p>\n<p align=\"center\"><strong>Dolores Veintimilla<\/strong><\/p>\n<p style=\"text-align: center\" align=\"center\"><strong>\u00a0<a href=\"http:\/\/blog.espol.edu.ec\/saylflor\/files\/2012\/07\/Veintimilla_Dolores.jpg\"><img loading=\"lazy\" decoding=\"async\" class=\"aligncenter  wp-image-100\" src=\"http:\/\/blog.espol.edu.ec\/saylflor\/files\/2012\/07\/Veintimilla_Dolores-216x300.jpg\" alt=\"\" width=\"151\" height=\"210\" srcset=\"https:\/\/blog.espol.edu.ec\/saylflor\/files\/2012\/07\/Veintimilla_Dolores-216x300.jpg 216w, https:\/\/blog.espol.edu.ec\/saylflor\/files\/2012\/07\/Veintimilla_Dolores.jpg 227w\" sizes=\"auto, (max-width: 151px) 100vw, 151px\" \/><\/a><\/strong><\/p>\n<p align=\"center\">Dolores Veintimilla dej\u00f3 pocas obras, las cuales fueron publicadas en conjunto por Celiano Monge en Quito despu\u00e9s de la muerte de la poetisa. Entre la prosa sobresalen \u201cFantas\u00eda\u201d y \u201cRecuerdos\u201d. Son obras en las que dialoga con el pasado y en las que culpa al tiempo por haber dado una temprana muerte a sus ilusiones. En el verso es donde mejor logra plasmar su dolor. Con \u201cAspiraci\u00f3n\u201d, \u201cDesencanto\u201d, \u201cAnhelo\u201d, \u201cSufrimiento\u201d, \u201cLa noche y mi dolor\u201d, \u201cQuejas\u201d, \u201cA mis enemigos\u201d, \u201cA un Reloj\u201d y \u201cA mi madre\u201d. C\u00f3mo caracter\u00edsticas de estilo se puede contar que prefiri\u00f3 el verso rimado y musical, y que casi no se vali\u00f3 de met\u00e1foras u otras im\u00e1genes literarias para plasmar su dolor en sus escritos.<\/p>\n<p align=\"center\"><!--more--><\/p>\n<p align=\"center\"><strong>Jorge Icaza<\/strong><\/p>\n<p align=\"center\"><strong><a href=\"http:\/\/blog.espol.edu.ec\/saylflor\/files\/2012\/07\/icaza.jpg\"><img loading=\"lazy\" decoding=\"async\" class=\"aligncenter size-full wp-image-101\" src=\"http:\/\/blog.espol.edu.ec\/saylflor\/files\/2012\/07\/icaza.jpg\" alt=\"\" width=\"145\" height=\"174\" \/><\/a><\/strong><\/p>\n<p align=\"center\">Su fama se debe a su obra narrativa, que comenz\u00f3 con el libro de cuentos Barro de la Sierra (1933), en la que ya se hace patente el tema que atraves\u00f3 todos sus escritos: la situaci\u00f3n del indio ecuatoriano. En su primera novela, Huasipungo (1934), expone la degradada situaci\u00f3n en que se encuentran los indios, sometidos a esclavitud por los patronos que cuentan con el apoyo de la autoridad civil y eclesi\u00e1stica. Este libro, de denuncia social y crudo realismo (constantes de la narrativa de Icaza), se ha convertido en una obra fundamental en la evoluci\u00f3n de la corriente indigenista del Ecuador. Con \u00e9l, la novela ecuatoriana entra de lleno en la tendencia del compromiso social de la novel\u00edstica actual. Es la obra que le ha dado m\u00e1s fama internacional. Adem\u00e1s de la edici\u00f3n de 1934, la novela Huasipungo fue reescrita en 1953 y 1960, con la \u00faltima edici\u00f3n quedando como la definitiva del autor. Pas\u00f3 tambi\u00e9n por dos traducciones al ingl\u00e9s, adem\u00e1s de traducciones a otros idiomas. En 1935 gan\u00f3 el Premio Nacional de Literatura en su pa\u00eds, con la novela 'En las calles' (1935). En ella narra la situaci\u00f3n del indio perdido en la ciudad, lugar donde sus protestas se esfuman sin alcanzar nunca las altas esferas del gobierno.<\/p>\n<p align=\"center\"><!--more--><\/p>\n<p align=\"center\"><strong>Medardo \u00c1ngel Silva<\/strong><\/p>\n<p style=\"text-align: center\" align=\"center\"><strong><a href=\"http:\/\/blog.espol.edu.ec\/saylflor\/files\/2012\/07\/medardo.jpg\"><img loading=\"lazy\" decoding=\"async\" class=\"aligncenter  wp-image-102\" src=\"http:\/\/blog.espol.edu.ec\/saylflor\/files\/2012\/07\/medardo-257x300.jpg\" alt=\"\" width=\"180\" height=\"210\" srcset=\"https:\/\/blog.espol.edu.ec\/saylflor\/files\/2012\/07\/medardo-257x300.jpg 257w, https:\/\/blog.espol.edu.ec\/saylflor\/files\/2012\/07\/medardo.jpg 362w\" sizes=\"auto, (max-width: 180px) 100vw, 180px\" \/><\/a>\u00a0<\/strong><\/p>\n<p align=\"center\">Escribi\u00f3 bajo los seud\u00f3nimos de \"Jean D'Agreve\" y \"Oscar Ren\u00e9\", que adopt\u00f3 en 1915. De sus obras s\u00f3lo fueron publicadas Mar\u00eda Jes\u00fas y El \u00e1rbol del bien y del mal, el resto quedaron in\u00e9ditas. Entre sus famosas obras literarias est\u00e1n:<\/p>\n<p align=\"center\">\u00a01. El \u00e1rbol del bien y del mal (poes\u00edas, 1918)<\/p>\n<p align=\"center\">\u00a02. Mar\u00eda Jes\u00fas (novela, 1919)<\/p>\n<p align=\"center\">\u00a03. La m\u00e1scara ir\u00f3nica (ensayos)<\/p>\n<p align=\"center\">4. Trompetas de oro (poes\u00edas)<\/p>\n<p align=\"center\">\u00a05. El alma en los labios<\/p>\n<p align=\"center\"><!--more--><\/p>\n<p align=\"center\"><strong>Jorge Carrera Andrade<\/strong><\/p>\n<p style=\"text-align: center\" align=\"center\"><a href=\"http:\/\/blog.espol.edu.ec\/saylflor\/files\/2012\/07\/Jorge_Carrera_Andrade.jpg\"><img loading=\"lazy\" decoding=\"async\" class=\"aligncenter  wp-image-103\" src=\"http:\/\/blog.espol.edu.ec\/saylflor\/files\/2012\/07\/Jorge_Carrera_Andrade-215x300.jpg\" alt=\"\" width=\"151\" height=\"210\" srcset=\"https:\/\/blog.espol.edu.ec\/saylflor\/files\/2012\/07\/Jorge_Carrera_Andrade-215x300.jpg 215w, https:\/\/blog.espol.edu.ec\/saylflor\/files\/2012\/07\/Jorge_Carrera_Andrade-734x1024.jpg 734w, https:\/\/blog.espol.edu.ec\/saylflor\/files\/2012\/07\/Jorge_Carrera_Andrade.jpg 849w\" sizes=\"auto, (max-width: 151px) 100vw, 151px\" \/><\/a><\/p>\n<p align=\"center\">1. Estanque Inefable, 1922<\/p>\n<p align=\"center\">2. La guirnalda del silencio, 1926<\/p>\n<p align=\"center\">\u00a03. Boletines de mar y tierra (mit einem Vorwort von Gabriela Mistral), 1930<\/p>\n<p align=\"center\">4. Latitudes, 1934<\/p>\n<p align=\"center\">\u00a05. El tiempo manual, 1935<\/p>\n<p align=\"center\">6. Biograf\u00eda para uso de los p\u00e1jaros, 1937<\/p>\n<p align=\"center\">\u00a07. Microgramas, 1940<\/p>\n<p align=\"center\">\u00a08. Mirador Terrestre<\/p>\n<p align=\"center\">\u00a09. La Rep\u00fablica del Ecuador, encrucijada de Am\u00e9rica<\/p>\n<p align=\"center\">\u00a010. Lugar de Origen<\/p>\n<p align=\"center\">\u00a011. El visitante de niebla y otros poemas<\/p>\n<p align=\"center\">\u00a012. Rostros y climas, 1948<\/p>\n<p align=\"center\">13. Familia de la Noche<\/p>\n<p align=\"center\">14. La Tierra Siempre Verde, 1955<\/p>\n<p align=\"center\">\u00a015. Viajes por pa\u00edses y libros, 1961<\/p>\n<p align=\"center\">\u00a016. Camino al sol tomo I y II<\/p>\n<p align=\"center\"><!--more--><\/p>\n<p align=\"center\"><strong>Pedro Jorge Vera<\/strong><\/p>\n<p style=\"text-align: center\" align=\"center\"><strong><img loading=\"lazy\" decoding=\"async\" class=\"aligncenter\" src=\"http:\/\/images3.wikia.nocookie.net\/__cb20090224001156\/literatura\/es\/images\/5\/59\/Pedrojor.gif\" alt=\"\" width=\"100\" height=\"148\" \/>\u00a0<\/strong><\/p>\n<p align=\"center\"><strong>Novela<\/strong><br \/>\nLos animales puros (Buenos Aires, 1946)<br \/>\nLa semilla est\u00e9ril (Quito, 1962)<br \/>\nTiempo de mu\u00f1ecos (Quito, 1980)<br \/>\nEl pueblo soy yo (Buenos Aires, 1976)<br \/>\nLas familias y los a\u00f1os (Madrid, 1982)<br \/>\nEl destino (Quito, 1984)<br \/>\nPor la plata baila el perro (Quito, 1987)<br \/>\nEste furioso mundo (Quito, 1992)<br \/>\nNarrativa escogida (Quito, 1995)<br \/>\nEl asco y la esperanza (Quito, 1997)<br \/>\nEl cansancio de Dios (Quito, 1997)<br \/>\nEl tiempo invariable (p\u00f3stumo)(Quito, 2000)<\/p>\n<p align=\"center\"><strong>Cuento<\/strong><br \/>\nLa guamote\u00f1a (M\u00e9xico, 1947)<br \/>\nLuto eterno (Guayaquil, 1953)<br \/>\nUn ata\u00fad abandonado (Quito, 1968)<br \/>\nLos mandamientos de la ley de Dios (Quito, 1972)<br \/>\nCuentos escogidos (Guayaquil, 1976)<br \/>\nJes\u00fas ha vuelto (Quito, 1978)<br \/>\nNada m\u00e1s que cuentos (Quito, 1979)<br \/>\n\u00c1Ah los militares! (Quito, 1985)<br \/>\nCuentos duros (Quito, 1990)<br \/>\nLa muerte siempre gana (Quito, 1995)<br \/>\nDoce cuentos de la historia (Quito, 1997)<\/p>\n<p align=\"center\"><strong>Poes\u00eda<\/strong><br \/>\nNuevo itinerario: poemas - 1934\/1936 - (Quito, 1937)<br \/>\nRomances madrugadores (Guayaquil, 1937)<br \/>\nT\u00fanel iluminado (Quito, 1949)<br \/>\nVersos de hoy y de ayer (Guayaquil, 1979)<\/p>\n<p align=\"center\"><strong>Teatro<\/strong><br \/>\nEl dios de la selva (Quito, 1943)<br \/>\nHamlet resuelve su duda (Quito, 1952)<br \/>\nTeatro (Quito, 1956); Luto eterno (Quito, 1962)<\/p>\n<p align=\"center\"><strong>Memorias<\/strong><br \/>\nGracias a la vida (Quito, 1993)<\/p>\n<p align=\"center\"><strong>Consta en las antolog\u00edas<\/strong><br \/>\n\u00cdndice de la poes\u00eda ecuatoriana contempor\u00e1nea (Santiago de Chile, 1937)<br \/>\nEl nuevo relato ecuatoriano (Quito, 1951)<br \/>\nCuentos hispanoamericanos (La Paz, 1957)<br \/>\nAntolog\u00eda del cuento hispanoamericano contempor\u00e1neo (Chile, 1958)<br \/>\nGli migliore raccontos del mondo (Milan, 1961)<br \/>\nAntolog\u00eda de cuentistas hispanoamericanos (Barcelona, 1964)<br \/>\nCuentos latinoamericanos (Lima, 1964)<br \/>\nCuentos latinoamericanos modernos (Tel Aviv, 1964)<br \/>\nInvatati limba spaniola (Bucarest, 1966)<br \/>\nCuentos antrop\u00f3fagos (M\u00e9xico, 1972)<br \/>\nNarrativa andina (Lima, 1972)<br \/>\nAntolog\u00eda del relato ecuatoriano (Quito, 1973)<br \/>\nLa violencia en el Ecuador (M\u00e9xico, 1973)<br \/>\nEcuador en el cuento (Buenos Aires, 1976)<br \/>\nNarradores latinoamericanos (Caracas, 1976)<br \/>\nCuentos (La Habana, 1986)<br \/>\nAs\u00ed en la tierra como en los sue\u00f1os (Quito, 1991)<br \/>\nPoes\u00eda viva del Ecuador (Quito, 1998)<br \/>\nCuento contigo (Guayaquil, 1993)<br \/>\nAntolog\u00eda b\u00e1sica del cuento ecuatoriano (Quito, 1998).<\/p>\n","protected":false},"excerpt":{"rendered":"<p>Aqu\u00ed dejar\u00e9 una lista de libros de autores ecuatorianos: &nbsp; Jos\u00e9 Joaqu\u00edn de Olmedo \u00a0 Jos\u00e9 Joaqu\u00edn de Olmedo public\u00f3 muchos poemas, historias y odas, pero de entre las m\u00e1s importantes y destacadas se pueden encontrar: \u00a01. La Batalla de Junin 2. Canto a Bol\u00edvar \u00a03. Alfabeto para un ni\u00f1o \u00a04. Al General Flores, vencedor [&hellip;]<\/p>\n","protected":false},"author":7500,"featured_media":0,"parent":0,"menu_order":1,"comment_status":"open","ping_status":"open","template":"","meta":{"footnotes":""},"class_list":["post-56","page","type-page","status-publish","hentry"],"_links":{"self":[{"href":"https:\/\/blog.espol.edu.ec\/saylflor\/wp-json\/wp\/v2\/pages\/56","targetHints":{"allow":["GET"]}}],"collection":[{"href":"https:\/\/blog.espol.edu.ec\/saylflor\/wp-json\/wp\/v2\/pages"}],"about":[{"href":"https:\/\/blog.espol.edu.ec\/saylflor\/wp-json\/wp\/v2\/types\/page"}],"author":[{"embeddable":true,"href":"https:\/\/blog.espol.edu.ec\/saylflor\/wp-json\/wp\/v2\/users\/7500"}],"replies":[{"embeddable":true,"href":"https:\/\/blog.espol.edu.ec\/saylflor\/wp-json\/wp\/v2\/comments?post=56"}],"version-history":[{"count":14,"href":"https:\/\/blog.espol.edu.ec\/saylflor\/wp-json\/wp\/v2\/pages\/56\/revisions"}],"predecessor-version":[{"id":66,"href":"https:\/\/blog.espol.edu.ec\/saylflor\/wp-json\/wp\/v2\/pages\/56\/revisions\/66"}],"wp:attachment":[{"href":"https:\/\/blog.espol.edu.ec\/saylflor\/wp-json\/wp\/v2\/media?parent=56"}],"curies":[{"name":"wp","href":"https:\/\/api.w.org\/{rel}","templated":true}]}}