{"id":109,"date":"2009-03-03T12:12:47","date_gmt":"2009-03-03T16:12:47","guid":{"rendered":"http:\/\/blog.espol.edu.ec\/sccm\/?page_id=109"},"modified":"2009-03-03T23:34:39","modified_gmt":"2009-03-04T03:34:39","slug":"manual-del-usuario","status":"publish","type":"page","link":"https:\/\/blog.espol.edu.ec\/sccm\/manual-del-usuario\/","title":{"rendered":"Manual del Usuario"},"content":{"rendered":"<p style=\"text-align: left\">En este Sistema de Control encontramos una p\u00e1gina de inicio como \u00e9sta:<\/p>\n<p style=\"text-align: center\"><a href=\"http:\/\/blog.espol.edu.ec\/sccm\/files\/2009\/03\/inicio.jpg\"><img loading=\"lazy\" decoding=\"async\" class=\"aligncenter size-medium wp-image-73\" src=\"http:\/\/blog.espol.edu.ec\/sccm\/files\/2009\/03\/inicio-300x225.jpg\" alt=\"\" width=\"376\" height=\"231\" \/><\/a><\/p>\n<p style=\"text-align: left\">Luego procedemos a ingresar al sistema con los siguientes pasos:<\/p>\n<ul style=\"text-align: left\">\n<li>Ingresamos el usuario con su contrase\u00f1a correspondiente<\/li>\n<\/ul>\n<ul style=\"text-align: left\">\n<li>Una vez ingresado a la p\u00e1gina de inicio de dicho usuario, procedemos a escoger una de las opciones del men\u00fa del usuario que se encuentra a la derecha de la p\u00e1gina como lo muestra la figura:<\/li>\n<\/ul>\n<p style=\"text-align: left\"><a href=\"http:\/\/blog.espol.edu.ec\/sccm\/files\/2009\/03\/hhh.jpg\"><img loading=\"lazy\" decoding=\"async\" class=\"aligncenter size-medium wp-image-74\" src=\"http:\/\/blog.espol.edu.ec\/sccm\/files\/2009\/03\/hhh-300x225.jpg\" alt=\"\" width=\"364\" height=\"257\" \/><\/a><\/p>\n<p style=\"text-align: left\">A continuaci\u00f3n se especifica los cargos que tienen acceso al Sistema, en este caso ser\u00eda<\/p>\n<ol style=\"text-align: left\">\n<li>Administrador<\/li>\n<li>M\u00e9dicos<\/li>\n<li>Secretaria<\/li>\n<li>Farmac\u00e9uticos<\/li>\n<\/ol>\n<p style=\"text-align: left\">Cada uno de ellos tienen opciones de usuario diferentes, como ya lo hab\u00edamos indicado. A continuaci\u00f3n decribimos las opciones de cada uno de los usuarios del sistema:<\/p>\n<p style=\"text-align: left\">El Administrador tiene una p\u00e1gina de inicio como \u00e9sta:<\/p>\n<p style=\"text-align: center\"><a href=\"http:\/\/blog.espol.edu.ec\/sccm\/files\/2009\/03\/principal-administrador1.jpg\"><img loading=\"lazy\" decoding=\"async\" class=\"size-medium wp-image-76 aligncenter\" src=\"http:\/\/blog.espol.edu.ec\/sccm\/files\/2009\/03\/principal-administrador1-300x225.jpg\" alt=\"\" width=\"419\" height=\"300\" \/><\/a><\/p>\n<p style=\"text-align: left\">Luego como podemos observar tiene 3 opciones de usuario:<\/p>\n<ul style=\"text-align: left\">\n<li><strong>Ingresar Nuevo Personal <\/strong><\/li>\n<\/ul>\n<p style=\"text-align: left\">Si desea ingresar a \u00e9sta opci\u00f3n, se muestra el registro que debe ser llenado con los datos personales<\/p>\n<p style=\"text-align: left\">del nuevo integrante, como lo indica la figura.<\/p>\n<p style=\"text-align: left\"><a href=\"http:\/\/blog.espol.edu.ec\/sccm\/files\/2009\/03\/newpersonal.jpg\"><img loading=\"lazy\" decoding=\"async\" class=\"aligncenter size-medium wp-image-77\" src=\"http:\/\/blog.espol.edu.ec\/sccm\/files\/2009\/03\/newpersonal-300x225.jpg\" alt=\"\" width=\"354\" height=\"266\" \/><\/a><\/p>\n<p style=\"text-align: left\">Luego se presiona el bot\u00f3n de Guardar y listo, ya se ha ingresado un nuevo personal<!--more--><\/p>\n<ul style=\"text-align: left\">\n<li><strong>Consultar Tablas<\/strong><\/li>\n<\/ul>\n<p style=\"text-align: left\">En \u00e9sta opci\u00f3n el Administrador ingresa a un buscador donde puede escoger que tabla quiere consulta.<\/p>\n<p style=\"text-align: left\">Entre las cuales tenemos:<\/p>\n<p style=\"text-align: left\">*Datos del Personal con sus respectivos enlaces de Modificar.<\/p>\n<p style=\"text-align: left\"><a href=\"http:\/\/blog.espol.edu.ec\/sccm\/files\/2009\/03\/personal1.jpeg\"><img loading=\"lazy\" decoding=\"async\" class=\"size-medium wp-image-81 alignnone\" src=\"http:\/\/blog.espol.edu.ec\/sccm\/files\/2009\/03\/personal1.jpeg\" alt=\"\" width=\"619\" height=\"480\" \/><\/a><\/p>\n<p style=\"text-align: left\">* Datos de los Pacientes con acceso a modificaciones<\/p>\n<p style=\"text-align: left\"><a href=\"http:\/\/blog.espol.edu.ec\/sccm\/files\/2009\/03\/paciente.jpeg\"><img loading=\"lazy\" decoding=\"async\" class=\"size-thumbnail wp-image-82 alignnone\" src=\"http:\/\/blog.espol.edu.ec\/sccm\/files\/2009\/03\/paciente.jpeg\" alt=\"\" width=\"616\" height=\"602\" \/><\/a><\/p>\n<p style=\"text-align: left\">* Historias Cl\u00ednicas de los Pacientes<\/p>\n<p style=\"text-align: left\"><a href=\"http:\/\/blog.espol.edu.ec\/sccm\/files\/2009\/03\/historiaclinica.jpeg\"><img loading=\"lazy\" decoding=\"async\" class=\"size-thumbnail wp-image-83 alignnone\" src=\"http:\/\/blog.espol.edu.ec\/sccm\/files\/2009\/03\/historiaclinica.jpeg\" alt=\"\" width=\"617\" height=\"613\" \/><\/a><\/p>\n<p style=\"text-align: left\">* Historial de todos los sucesos dentro del Sistema de Control<\/p>\n<p style=\"text-align: left\"><a href=\"http:\/\/blog.espol.edu.ec\/sccm\/files\/2009\/03\/historial.jpeg\"><img loading=\"lazy\" decoding=\"async\" class=\"size-thumbnail wp-image-84 alignnone\" src=\"http:\/\/blog.espol.edu.ec\/sccm\/files\/2009\/03\/historial.jpeg\" alt=\"\" width=\"619\" height=\"593\" \/><\/a><\/p>\n<p style=\"text-align: left\">* Citas programadas<\/p>\n<p style=\"text-align: left\"><a href=\"http:\/\/blog.espol.edu.ec\/sccm\/files\/2009\/03\/cita.jpeg\"><img loading=\"lazy\" decoding=\"async\" class=\"size-thumbnail wp-image-85 alignnone\" src=\"http:\/\/blog.espol.edu.ec\/sccm\/files\/2009\/03\/cita.jpeg\" alt=\"\" width=\"626\" height=\"467\" \/><\/a><\/p>\n<p style=\"text-align: left\"><!--more--><\/p>\n<ul style=\"text-align: left\">\n<li><strong>Cerrar Sesi\u00f3n<\/strong><\/li>\n<\/ul>\n<p style=\"text-align: left\">En esta opci\u00f3n el usuario sale de su p\u00e1gina de inicio y se pregunta de nuevo por el user y password,<\/p>\n<p style=\"text-align: left\">como lo hab\u00edamos indicado anteriormente.<\/p>\n<p style=\"text-align: left\"><!--more--><\/p>\n<p style=\"text-align: left\">Si el usuario es M\u00e9dico, tiene una p\u00e1gina de inicio como \u00e9sta:<\/p>\n<p style=\"text-align: left\"><img loading=\"lazy\" decoding=\"async\" class=\"size-thumbnail wp-image-87 alignnone\" src=\"http:\/\/blog.espol.edu.ec\/sccm\/files\/2009\/03\/doctor-principal.jpeg\" alt=\"\" width=\"621\" height=\"548\" \/><\/p>\n<p style=\"text-align: left\">En la que como podemos observar tiene 5 opciones en el men\u00fa de usuario<\/p>\n<ul style=\"text-align: left\">\n<li><strong>Crear Historia Cl\u00ednica<\/strong><\/li>\n<\/ul>\n<p style=\"text-align: left\">En esta opci\u00f3n el m\u00e9dico puede crear una historia cl\u00ednica del paciente llenando el registro que se<\/p>\n<p style=\"text-align: left\">muestra a continuaci\u00f3n.<\/p>\n<p style=\"text-align: left\"><a href=\"http:\/\/blog.espol.edu.ec\/sccm\/files\/2009\/03\/new_hc.jpg\"><img loading=\"lazy\" decoding=\"async\" class=\"aligncenter size-medium wp-image-88\" src=\"http:\/\/blog.espol.edu.ec\/sccm\/files\/2009\/03\/new_hc-300x219.jpg\" alt=\"\" width=\"513\" height=\"327\" \/><\/a><\/p>\n<p style=\"text-align: left\"><!--more--><\/p>\n<ul style=\"text-align: left\">\n<li><strong>Consultar Historia Cl\u00ednica<\/strong><\/li>\n<\/ul>\n<p style=\"text-align: left\">En esta opci\u00f3n el m\u00e9dico consulta la historia cl\u00ednica de un determinado paciente. Al acceder en esta<\/p>\n<p style=\"text-align: left\">opci\u00f3n, inmediatamente nos pide el nombre del paciente del que vamos a buscar.<\/p>\n<p style=\"text-align: left\"><a href=\"http:\/\/blog.espol.edu.ec\/sccm\/files\/2009\/03\/m_hc.jpeg\"><img loading=\"lazy\" decoding=\"async\" class=\"size-medium wp-image-89 alignnone\" src=\"http:\/\/blog.espol.edu.ec\/sccm\/files\/2009\/03\/m_hc.jpeg\" alt=\"\" width=\"634\" height=\"516\" \/><\/a><\/p>\n<p style=\"text-align: left\">Luego una vez escogido, en la parte inferior aparece la informaci\u00f3n correspondiente al paciente<\/p>\n<p style=\"text-align: left\"><!--more--><\/p>\n<ul style=\"text-align: left\">\n<li><strong>Consultar Medicina<\/strong><\/li>\n<\/ul>\n<p style=\"text-align: left\">As\u00ed mismo el m\u00e9dico tiene acceso a consultar la medicina para poder recetarle al paciente e indicarle<\/p>\n<p style=\"text-align: left\">si est\u00e1 disponible o no. Al acceder a esta opci\u00f3n, debe especificar el campo a buscar<\/p>\n<p style=\"text-align: left\"><a href=\"http:\/\/blog.espol.edu.ec\/sccm\/files\/2009\/03\/med1.jpg\"><img loading=\"lazy\" decoding=\"async\" class=\"aligncenter size-medium wp-image-90\" src=\"http:\/\/blog.espol.edu.ec\/sccm\/files\/2009\/03\/med1-300x193.jpg\" alt=\"\" width=\"575\" height=\"370\" \/><\/a><\/p>\n<p style=\"text-align: left\">Luego de hacer clic en el bot\u00f3n Buscar, especifica el nombre del campo que ha elegido para encontrar<\/p>\n<p style=\"text-align: left\">su medicina<\/p>\n<p style=\"text-align: left\"><a href=\"http:\/\/blog.espol.edu.ec\/sccm\/files\/2009\/03\/med_medicina_12.jpeg\"><br \/>\n<\/a><\/p>\n<p style=\"text-align: left\">Inmediatamente al hacer nuevamente clic en el bot\u00f3n Buscar aparece la informaci\u00f3n en la parte inferior<\/p>\n<p style=\"text-align: left\"><!--more--><\/p>\n<ul style=\"text-align: left\">\n<li><strong>Consultar Otros Doctores<\/strong><\/li>\n<\/ul>\n<p style=\"text-align: left\">El m\u00e9dico tiene acceso a consultar la disponibilidad de otros m\u00e9dicos de diferentes especialidades,<\/p>\n<p style=\"text-align: left\">para as\u00ed enviar a un paciente a dicho especialista, si es necesario.<\/p>\n<p style=\"text-align: left\"><a href=\"http:\/\/blog.espol.edu.ec\/sccm\/files\/2009\/03\/medico_med.jpeg\"><img loading=\"lazy\" decoding=\"async\" class=\"size-medium wp-image-92 alignnone\" src=\"http:\/\/blog.espol.edu.ec\/sccm\/files\/2009\/03\/medico_med.jpeg\" alt=\"\" width=\"631\" height=\"524\" \/><\/a><\/p>\n<p style=\"text-align: left\"><!--more--><\/p>\n<ul style=\"text-align: left\">\n<li><strong>Cerrar Sesi\u00f3n<\/strong><\/li>\n<\/ul>\n<p style=\"text-align: left\">Esta es la opci\u00f3n en la que sale de la p\u00e1gina principal del M\u00e9dico para ir a la p\u00e1gina de inicio del Sistema.<\/p>\n<p style=\"text-align: left\"><!--more--><\/p>\n<p style=\"text-align: left\">Si el usuario es Secretaria tiene una p\u00e1gina de inicio como \u00e9sta<\/p>\n<p style=\"text-align: left\"><a href=\"http:\/\/blog.espol.edu.ec\/sccm\/files\/2009\/03\/secre.jpeg\"><img loading=\"lazy\" decoding=\"async\" class=\"size-medium wp-image-99 alignnone\" src=\"http:\/\/blog.espol.edu.ec\/sccm\/files\/2009\/03\/secre.jpeg\" alt=\"\" width=\"613\" height=\"516\" \/><\/a><\/p>\n<p style=\"text-align: left\">\n<p style=\"text-align: left\">\n<p style=\"text-align: left\">En el men\u00fa principal tiene 6 opciones:<\/p>\n<ul style=\"text-align: left\">\n<li><strong>Ingresar nuevo paciente<\/strong><\/li>\n<\/ul>\n<p style=\"text-align: left\">En esta opci\u00f3n la secretaria podr\u00e1 ingresar los datos personales de un paciente, llenando el registro<\/p>\n<p style=\"text-align: left\">que a continuaci\u00f3n se muestra.<\/p>\n<p style=\"text-align: left\"><a href=\"http:\/\/blog.espol.edu.ec\/sccm\/files\/2009\/03\/newpaciente.jpeg\"><img loading=\"lazy\" decoding=\"async\" class=\"size-medium wp-image-93 alignnone\" src=\"http:\/\/blog.espol.edu.ec\/sccm\/files\/2009\/03\/newpaciente.jpeg\" alt=\"\" width=\"629\" height=\"527\" \/><\/a><\/p>\n<ul style=\"text-align: left\">\n<li><strong>Consultar Pacientes<\/strong><\/li>\n<\/ul>\n<p style=\"text-align: left\">La secretaria tiene acceso a consultar los datos de los pacientes. Al hacer clic en esta opci\u00f3n<\/p>\n<p style=\"text-align: left\">se tiene que indicar el nombre del paciente a consultar.<\/p>\n<p style=\"text-align: left\"><a href=\"http:\/\/blog.espol.edu.ec\/sccm\/files\/2009\/03\/tbpaciente.jpeg\"><img loading=\"lazy\" decoding=\"async\" class=\"size-medium wp-image-94 alignnone\" src=\"http:\/\/blog.espol.edu.ec\/sccm\/files\/2009\/03\/tbpaciente.jpeg\" alt=\"\" width=\"621\" height=\"513\" \/><\/a><\/p>\n<p style=\"text-align: left\">Luego se presiona el bot\u00f3n Buscar y en la parte inferior se muestra la informaci\u00f3n deseada.<\/p>\n<p style=\"text-align: left\">Tambi\u00e9n tiene la opci\u00f3n de modificar los datos de ese paciente, haciendo clic en el link Modificar.<\/p>\n<p style=\"text-align: left\"><!--more--><\/p>\n<ul style=\"text-align: left\">\n<li><strong>Crear Cita<\/strong><\/li>\n<\/ul>\n<p style=\"text-align: left\">La secretaria puede programar una cita, llenando el registro que se presenta<\/p>\n<p style=\"text-align: left\"><a href=\"http:\/\/blog.espol.edu.ec\/sccm\/files\/2009\/03\/newcita.jpeg\"><img loading=\"lazy\" decoding=\"async\" class=\"size-medium wp-image-96 alignnone\" src=\"http:\/\/blog.espol.edu.ec\/sccm\/files\/2009\/03\/newcita.jpeg\" alt=\"\" width=\"618\" height=\"529\" \/><\/a><\/p>\n<p style=\"text-align: left\">Para elegir la fecha en el calendario solo se escoge haciendo clic en bot\u00f3n que est\u00e1 a lado de la caja<\/p>\n<p style=\"text-align: left\">de texto y aparecer\u00e1 algo como<\/p>\n<p style=\"text-align: left\">\n<p style=\"text-align: left\"><a href=\"http:\/\/blog.espol.edu.ec\/sccm\/files\/2009\/03\/newcita1.jpeg\"><img loading=\"lazy\" decoding=\"async\" class=\"aligncenter size-medium wp-image-97\" src=\"http:\/\/blog.espol.edu.ec\/sccm\/files\/2009\/03\/newcita1.jpeg\" alt=\"\" width=\"616\" height=\"515\" \/><\/a><\/p>\n<p style=\"text-align: left\">\n<p style=\"text-align: left\">Luego se presiona en el bot\u00f3n Guardar, para registrar esa cita.<\/p>\n<p style=\"text-align: left\"><!--more--><\/p>\n<ul style=\"text-align: left\">\n<li><strong>Cancelar Cita<\/strong><\/li>\n<\/ul>\n<p style=\"text-align: left\">Si un paciente desea cancelar su cita, la secertaria procede a buscar con su n\u00famero de registro y<\/p>\n<p style=\"text-align: left\">una vez encontrado, borra el registro.<\/p>\n<p style=\"text-align: left\">\n<p style=\"text-align: left\">\n<p style=\"text-align: left\"><a href=\"http:\/\/blog.espol.edu.ec\/sccm\/files\/2009\/03\/cancelarcita.jpeg\"><img loading=\"lazy\" decoding=\"async\" class=\"size-medium wp-image-98 alignnone\" src=\"http:\/\/blog.espol.edu.ec\/sccm\/files\/2009\/03\/cancelarcita.jpeg\" alt=\"\" width=\"618\" height=\"521\" \/><\/a><\/p>\n<p style=\"text-align: left\">\n<ul style=\"text-align: left\">\n<li><strong>Consultar m\u00e9dicos<\/strong><\/li>\n<\/ul>\n<p style=\"text-align: left\">La secretaria tiene acceso a consultar los m\u00e9dicos, para verificar horarios. Al hacer clic en esta opci\u00f3n<\/p>\n<p style=\"text-align: left\">podr\u00e1 ver la tabla de los m\u00e9dicos.<\/p>\n<p style=\"text-align: left\">\n<p style=\"text-align: left\">\n<p style=\"text-align: left\"><a href=\"http:\/\/blog.espol.edu.ec\/sccm\/files\/2009\/03\/medico_med.jpeg\"><img loading=\"lazy\" decoding=\"async\" class=\"size-medium wp-image-92 alignnone\" src=\"http:\/\/blog.espol.edu.ec\/sccm\/files\/2009\/03\/medico_med.jpeg\" alt=\"\" width=\"616\" height=\"524\" \/><\/a><\/p>\n<p style=\"text-align: left\"><!--more--><\/p>\n<ul style=\"text-align: left\">\n<li><strong>Cerrar Sesi\u00f3n<\/strong><\/li>\n<\/ul>\n<p style=\"text-align: left\">Con esta opci\u00f3n la secretaria sale su p\u00e1gina principal y regresa a la p\u00e1gina de inicio del Sistema.<\/p>\n<p style=\"text-align: left\">\n<p style=\"text-align: left\"><!--more--><\/p>\n<p style=\"text-align: left\">Si el usuario es Farmac\u00e9utico, su p\u00e1gina de inicio ser\u00eda la siguiente<\/p>\n<p style=\"text-align: left\"><a href=\"http:\/\/blog.espol.edu.ec\/sccm\/files\/2009\/03\/farma.jpeg\"><img loading=\"lazy\" decoding=\"async\" class=\"aligncenter size-medium wp-image-100\" src=\"http:\/\/blog.espol.edu.ec\/sccm\/files\/2009\/03\/farma.jpeg\" alt=\"\" width=\"569\" height=\"516\" \/><\/a><\/p>\n<p style=\"text-align: left\">\n<p style=\"text-align: left\">El men\u00fa principal tiene 3 opciones:<\/p>\n<ul style=\"text-align: left\">\n<li><strong>Consultar Medicina<\/strong><\/li>\n<\/ul>\n<p style=\"text-align: left\">En esta opci\u00f3n el farmac\u00e9utico podr\u00e1 consultar los medicamentos disponibles y sus caracter\u00edsticas,<\/p>\n<p style=\"text-align: left\">eligiendo el campo<\/p>\n<p style=\"text-align: left\"><a href=\"http:\/\/blog.espol.edu.ec\/sccm\/files\/2009\/03\/med1.jpg\"><img loading=\"lazy\" decoding=\"async\" class=\"aligncenter size-medium wp-image-90\" src=\"http:\/\/blog.espol.edu.ec\/sccm\/files\/2009\/03\/med1-300x193.jpg\" alt=\"\" width=\"575\" height=\"370\" \/><\/a><\/p>\n<p style=\"text-align: left\">Luego haciendo clic en Buscar, le muestra la informaci\u00f3n en la parte inferior<\/p>\n<p style=\"text-align: left\"><a href=\"http:\/\/blog.espol.edu.ec\/sccm\/files\/2009\/03\/med_medicina_12.jpeg\"><img loading=\"lazy\" decoding=\"async\" class=\"aligncenter size-medium wp-image-91\" src=\"http:\/\/blog.espol.edu.ec\/sccm\/files\/2009\/03\/med_medicina_12.jpeg\" alt=\"\" width=\"564\" height=\"482\" \/><\/a><\/p>\n<p style=\"text-align: left\"><!--more--><\/p>\n<ul style=\"text-align: left\">\n<li><strong>Ingresar medicina<\/strong><\/li>\n<\/ul>\n<p style=\"text-align: left\">El farmac\u00e9utico podr\u00e1 ingresar la medicina nueva con toda la informaci\u00f3n necesaria, llenando el<\/p>\n<p style=\"text-align: left\">registro y presionando en el bot\u00f3n Guardar.<\/p>\n<p style=\"text-align: left\">\n<p style=\"text-align: left\"><!--more--><\/p>\n<ul style=\"text-align: left\">\n<li><strong>Cerrar Sesi\u00f3n<\/strong><\/li>\n<\/ul>\n<p style=\"text-align: left\">El farmac\u00e9utico al acceder a esta opci\u00f3n regresa a la p\u00e1gina principal del Sistema.<\/p>\n<p style=\"text-align: left\">\n<p style=\"text-align: left\">\n<p style=\"text-align: left\">\n<p style=\"text-align: left\">\n<p style=\"text-align: left\">\n<p style=\"text-align: left\">\n<p style=\"text-align: left\">\n<p style=\"text-align: left\">\n<p style=\"text-align: left\">\n<p style=\"text-align: left\">\n<p style=\"text-align: left\">\n<p style=\"text-align: left\">\n<p style=\"text-align: left\">\n<p style=\"text-align: left\">\n<p style=\"text-align: left\">\n<p style=\"text-align: left\">\n<p style=\"text-align: left\">\n<p style=\"text-align: left\">\n<p style=\"text-align: left\">\n<p style=\"text-align: left\">\n<p style=\"text-align: left\">\n<p style=\"text-align: left\">\n<p style=\"text-align: left\">\n<p style=\"text-align: left\">\n<p style=\"text-align: left\">\n<p style=\"text-align: left\">\n<p style=\"text-align: left\">\n<p style=\"text-align: left\">\n<p style=\"text-align: left\">\n<p style=\"text-align: left\">\n<p style=\"text-align: left\">\n<p style=\"text-align: left\">\n","protected":false},"excerpt":{"rendered":"<p>En este Sistema de Control encontramos una p\u00e1gina de inicio como \u00e9sta: Luego procedemos a ingresar al sistema con los siguientes pasos: Ingresamos el usuario con su contrase\u00f1a correspondiente Una vez ingresado a la p\u00e1gina de inicio de dicho usuario, procedemos a escoger una de las opciones del men\u00fa del usuario que se encuentra a [&hellip;]<\/p>\n","protected":false},"author":165,"featured_media":0,"parent":0,"menu_order":0,"comment_status":"open","ping_status":"open","template":"","meta":{"footnotes":""},"class_list":["post-109","page","type-page","status-publish","hentry"],"_links":{"self":[{"href":"https:\/\/blog.espol.edu.ec\/sccm\/wp-json\/wp\/v2\/pages\/109","targetHints":{"allow":["GET"]}}],"collection":[{"href":"https:\/\/blog.espol.edu.ec\/sccm\/wp-json\/wp\/v2\/pages"}],"about":[{"href":"https:\/\/blog.espol.edu.ec\/sccm\/wp-json\/wp\/v2\/types\/page"}],"author":[{"embeddable":true,"href":"https:\/\/blog.espol.edu.ec\/sccm\/wp-json\/wp\/v2\/users\/165"}],"replies":[{"embeddable":true,"href":"https:\/\/blog.espol.edu.ec\/sccm\/wp-json\/wp\/v2\/comments?post=109"}],"version-history":[{"count":4,"href":"https:\/\/blog.espol.edu.ec\/sccm\/wp-json\/wp\/v2\/pages\/109\/revisions"}],"predecessor-version":[{"id":114,"href":"https:\/\/blog.espol.edu.ec\/sccm\/wp-json\/wp\/v2\/pages\/109\/revisions\/114"}],"wp:attachment":[{"href":"https:\/\/blog.espol.edu.ec\/sccm\/wp-json\/wp\/v2\/media?parent=109"}],"curies":[{"name":"wp","href":"https:\/\/api.w.org\/{rel}","templated":true}]}}