{"id":2,"date":"2013-07-04T15:28:40","date_gmt":"2013-07-04T15:28:40","guid":{"rendered":"http:\/\/blog.espol.edu.ec\/scriverquodmotus\/?page_id=2"},"modified":"2013-08-07T04:39:55","modified_gmt":"2013-08-07T04:39:55","slug":"proyectoterra_huertourbano","status":"publish","type":"page","link":"https:\/\/blog.espol.edu.ec\/scriverquodmotus\/proyectoterra_huertourbano\/","title":{"rendered":"Proyecto Terra - Huerto Urbano"},"content":{"rendered":"<p><a href=\"http:\/\/blog.espol.edu.ec\/scriverquodmotus\/files\/2013\/07\/42.jpg\"><img loading=\"lazy\" decoding=\"async\" class=\"alignnone size-full wp-image-58\" src=\"http:\/\/blog.espol.edu.ec\/scriverquodmotus\/files\/2013\/07\/42.jpg\" alt=\"\" width=\"960\" height=\"720\" srcset=\"https:\/\/blog.espol.edu.ec\/scriverquodmotus\/files\/2013\/07\/42.jpg 960w, https:\/\/blog.espol.edu.ec\/scriverquodmotus\/files\/2013\/07\/42-300x225.jpg 300w, https:\/\/blog.espol.edu.ec\/scriverquodmotus\/files\/2013\/07\/42-400x300.jpg 400w\" sizes=\"auto, (max-width: 960px) 100vw, 960px\" \/><\/a><\/p>\n<p>En una ciudad como la nuestra; llena de contaminaci\u00f3n en todos los sentidos, construir un huerto urbano nos genera muchos beneficios. Ac\u00e1 algunos de ellos:<\/p>\n<ul>\n<li>nos acerca a unos h\u00e1bitos alimenticios mas saludables<\/li>\n<li>consumir lo que producimos genera una gran sensaci\u00f3n de satisfacci\u00f3n<\/li>\n<li>un huerto establecido producir\u00e1 hortalizas casi gratis, solo hay que invertir algo de tiempo<\/li>\n<li>nos acerca un poco mas a la autosuficiencia<\/li>\n<li>nos revela antiguos conocimientos que en las ciudades se han olvidado<\/li>\n<li>nos muestra el ciclo natural, y la necesidad de respetarla<\/li>\n<li>contribuimos al incremento de las tan escasas zonas verdes dentro de la ciudad<\/li>\n<li>fomenta una cultura mas ecol\u00f3gica y sostenible<\/li>\n<\/ul>\n<h2>\u00bfQu\u00e9 necesitamos?<\/h2>\n<p>Lo mas importante es tener el deseo de crear un huerto, luego de esto necesitamos tambi\u00e9n algo de tiempo y espacio en casa. Se requiere por su puesto tierra y semillas para comenzar. Estas las podemos conseguir en los supermercados.<\/p>\n<p>Podemos instalar varios tipos de huerto seg\u00fan tus preferencias y el espacio del que dispongas, sea balc\u00f3n, terraza, jard\u00edn o patio.<\/p>\n<p><a title=\"EcoPlaneta - Huerto Urbano\" href=\"https:\/\/www.dropbox.com\/sh\/2cexty4u5wvh6fi\/LFSQeBJDOM\" target=\"_blank\"><img loading=\"lazy\" decoding=\"async\" src=\"http:\/\/blog.espol.edu.ec\/scriverquodmotus\/files\/2013\/07\/DSCN3318-1024x576.jpg\" alt=\"\" width=\"584\" height=\"328\" \/><\/a><\/p>\n<p>\u00bfQu\u00e9 materiales podemos usar?<\/p>\n<p>Podemos dise\u00f1ar nuestro huerto a nuestro gusto y para nuestra conveniencia, y por ende usar los materiales que mas nos gusten sean estos nuevos o reciclados. \u00a0 Pero si lo que queremos es promover una cultura ecol\u00f3gica definitivamente deber\u00edamos intentar reciclar todo lo que podamos.<\/p>\n<p><a title=\"EcoPlaneta - Huerto Urbano\" href=\"https:\/\/www.dropbox.com\/sh\/2cexty4u5wvh6fi\/LFSQeBJDOM\" target=\"_blank\"><img loading=\"lazy\" decoding=\"async\" src=\"http:\/\/blog.espol.edu.ec\/scriverquodmotus\/files\/2013\/07\/DSC_0007-1024x682.jpg\" alt=\"\" width=\"584\" height=\"388\" \/><\/a><\/p>\n<h2>\u00bfQu\u00e9 podemos sembrar?<\/h2>\n<p>Algunos de los cultivos que mejor se adaptan al huerto en casa, son: \u00a0R\u00e1bano, Cebolla, Lechuga, Zanahoria, Tomate, Berenjena, Pimiento, Pepino, Espinaca, Haba, Fresa y Ajo.<\/p>\n<p>Mira aqu\u00ed nuestra\u00a0<a title=\"GALERIA HUERTO ECOPLANETA\" href=\"https:\/\/www.dropbox.com\/sh\/2cexty4u5wvh6fi\/LFSQeBJDOM\" target=\"_blank\">GALERIA<\/a>\u00a0 y otra <a title=\"Proyecto Terra\" href=\"http:\/\/blog.espol.edu.ec\/scriverquodmotus\/2013\/07\/29\/57\/\">GALERIA2<\/a><\/p>\n<p>&nbsp;<\/p>\n","protected":false},"excerpt":{"rendered":"<p>En una ciudad como la nuestra; llena de contaminaci\u00f3n en todos los sentidos, construir un huerto urbano nos genera muchos beneficios. Ac\u00e1 algunos de ellos: nos acerca a unos h\u00e1bitos alimenticios mas saludables consumir lo que producimos genera una gran &hellip; <a href=\"https:\/\/blog.espol.edu.ec\/scriverquodmotus\/proyectoterra_huertourbano\/\">Sigue leyendo <span class=\"meta-nav\">&rarr;<\/span><\/a><\/p>\n","protected":false},"author":8732,"featured_media":36,"parent":0,"menu_order":0,"comment_status":"open","ping_status":"open","template":"sidebar-page.php","meta":{"footnotes":""},"class_list":["post-2","page","type-page","status-publish","has-post-thumbnail","hentry"],"_links":{"self":[{"href":"https:\/\/blog.espol.edu.ec\/scriverquodmotus\/wp-json\/wp\/v2\/pages\/2","targetHints":{"allow":["GET"]}}],"collection":[{"href":"https:\/\/blog.espol.edu.ec\/scriverquodmotus\/wp-json\/wp\/v2\/pages"}],"about":[{"href":"https:\/\/blog.espol.edu.ec\/scriverquodmotus\/wp-json\/wp\/v2\/types\/page"}],"author":[{"embeddable":true,"href":"https:\/\/blog.espol.edu.ec\/scriverquodmotus\/wp-json\/wp\/v2\/users\/8732"}],"replies":[{"embeddable":true,"href":"https:\/\/blog.espol.edu.ec\/scriverquodmotus\/wp-json\/wp\/v2\/comments?post=2"}],"version-history":[{"count":9,"href":"https:\/\/blog.espol.edu.ec\/scriverquodmotus\/wp-json\/wp\/v2\/pages\/2\/revisions"}],"predecessor-version":[{"id":98,"href":"https:\/\/blog.espol.edu.ec\/scriverquodmotus\/wp-json\/wp\/v2\/pages\/2\/revisions\/98"}],"wp:featuredmedia":[{"embeddable":true,"href":"https:\/\/blog.espol.edu.ec\/scriverquodmotus\/wp-json\/wp\/v2\/media\/36"}],"wp:attachment":[{"href":"https:\/\/blog.espol.edu.ec\/scriverquodmotus\/wp-json\/wp\/v2\/media?parent=2"}],"curies":[{"name":"wp","href":"https:\/\/api.w.org\/{rel}","templated":true}]}}