{"id":25,"date":"2016-11-15T00:36:28","date_gmt":"2016-11-15T00:36:28","guid":{"rendered":"http:\/\/blog.espol.edu.ec\/sdcarril\/?page_id=25"},"modified":"2016-11-15T07:19:15","modified_gmt":"2016-11-15T07:19:15","slug":"historia","status":"publish","type":"page","link":"https:\/\/blog.espol.edu.ec\/sdcarril\/historia\/","title":{"rendered":"Historia"},"content":{"rendered":"<p style=\"text-align: center\"><strong>Historia de Assassin's Creed<\/strong><\/p>\n<p><img decoding=\"async\" src=\"http:\/\/68.media.tumblr.com\/5023be8f7a449b798a2a1063305ac16b\/tumblr_obrbqwJB811vcmnk8o1_75sq.png\" \/>Assassin Order<\/p>\n<blockquote><p><em>\"Nada es verdad, todo est\u00e1 permitido\"<\/em><\/p><\/blockquote>\n<p>La Orden de los Templarios, tambi\u00e9n conocida como la Orden de los Caballeros Templarios, es un monasterio militar mon\u00e1rquico convertido en gigante corporativo, que se form\u00f3 durante la era prehist\u00f3rica. Los Templarios tratan de crear un mundo perfecto, aunque su interpretaci\u00f3n - enfatizando el prop\u00f3sito, la orden y el control, sobre la libertad de los individuos - contrasta directamente con los ideales de sus enemigos jurados, la Orden de los Asesinos.<br \/>\nDebido a una diferencia en la ideolog\u00eda, los Templarios se involucraron en una guerra encubierta contra los Asesinos, que abarca milenios y contin\u00faa en la era moderna.<\/p>\n<p><span style=\"color: #ff0000\"><a style=\"color: #ff0000\" href=\"http:\/\/es.assassinscreed.wikia.com\/wiki\/Orden_de_los_Asesinos\"><span style=\"text-decoration: underline\">Leer m\u00e1s...<\/span><\/a><\/span><\/p>\n<p><img decoding=\"async\" src=\"http:\/\/68.media.tumblr.com\/2bd7e4131fd399e8f8d9d479499e2eb3\/tumblr_obrbqwJB811vcmnk8o2_r1_75sq.png\" \/>\u00a0Templar Order<\/p>\n<blockquote><p>\"<em>Que el Padre del Entendimiento nos gu\u00ede\"<\/em><\/p><\/blockquote>\n<p>La Orden de los Templarios, tambi\u00e9n conocida como la Orden de los Caballeros Templarios, es un monasterio militar mon\u00e1rquico convertido en gigante corporativo, que se form\u00f3 durante la era prehist\u00f3rica. Los Templarios tratan de crear un mundo perfecto, aunque su interpretaci\u00f3n - enfatizando el prop\u00f3sito, el orden y el control, sobre la libertad de los individuos - contrasta directamente con los ideales de sus enemigos jurados, la Orden de los Asesinos.<br \/>\nDebido a esta diferencia en la ideolog\u00eda, los Templarios se involucraron en una guerra encubierta contra los Asesinos, que abarca milenios y contin\u00faa en la era moderna.<\/p>\n<p><a href=\"http:\/\/es.assassinscreed.wikia.com\/wiki\/Orden_de_los_Templarios\"><span style=\"text-decoration: underline\"><span style=\"color: #ff0000;text-decoration: underline\">Leer m\u00e1s...<\/span><\/span><\/a><\/p>\n<p><img decoding=\"async\" src=\"http:\/\/68.media.tumblr.com\/85c41394c92e0725b27de624c2349dae\/tumblr_obrbqwJB811vcmnk8o5_r2_75sq.png\" \/>Los Que Vinieron Antes<\/p>\n<blockquote><p>\"<em>Nosotros los creamos, pero ustedes sobrevivieron\"<\/em><\/p><\/blockquote>\n<p>Los Isu, conocidos por la humanidad como la primera civilizaci\u00f3n, los que vinieron antes, o los precursores, y clasificado como Homo sapiens divinus por las industrias de Abstergo, son una especie antigua y avanzada de humanoides que eran, quiz\u00e1, el primer conocido para llamar la tierra su hogar.<br \/>\nA diferencia de la mayor\u00eda de las otras especies en la Tierra, los Isu pose\u00edan una estructura de ADN de triple h\u00e9lice. Ellos fueron responsables de la creaci\u00f3n de los pedazos del Ed\u00e9n, as\u00ed como la raza humana y muchas otras especies del g\u00e9nero del homo, que utilizaron como fuerza de trabajo dom\u00e9stica. Con los primeros seres humanos incapaces de comprender a los Isu por lo que realmente eran, r\u00e1pidamente llegaron a ser reverenciados como dioses.<br \/>\nDespu\u00e9s de una rebeli\u00f3n conducida por el h\u00edbrido Humano-Isu Eva, una guerra estall\u00f3 entre los Isu y sus esclavos humanos. Esta guerra de una d\u00e9cada, junto con la aparici\u00f3n de lo que se denominar\u00eda la \"cat\u00e1strofe de Toba\", ver\u00edan a los Isu declinar su civilizaci\u00f3n gradualmente, y finalmente se extinguir\u00eda. A pesar de esto, su legado vivir\u00e1 durante miles de a\u00f1os en varios mitos y leyendas, convirti\u00e9ndose en la base de muchos ideales religiosos humanos. Algunos de sus pedazos del ed\u00e9n consiguieron sobrevivir la cat\u00e1strofe, y se convirtieron en un deseo fundamental para los caballeros templarios y la orden de los asesinos, que libraron una guerra por los pedazos.<br \/>\nPor los tiempos modernos, los equipos cient\u00edficos de Abstergo Industries bajo \u00c1lvaro Gram\u00e1tica intentaron clonar lentamente los Isu de nuevo en existencia usando las piezas de Ed\u00e9n recogidas por la compa\u00f1\u00eda con el tiempo.<\/p>\n<p><a href=\"http:\/\/es.assassinscreed.wikia.com\/wiki\/Primera_Civilizaci%C3%B3n\"><span style=\"text-decoration: underline\"><span style=\"color: #ff0000;text-decoration: underline\">Leer m\u00e1s...<\/span><\/span><\/a><\/p>\n<p><img decoding=\"async\" src=\"http:\/\/68.media.tumblr.com\/4bea4c82182c922d895b09b2d3d4b621\/tumblr_obrbqwJB811vcmnk8o4_r1_75sq.png\" \/>\u00a0Frutos del Ed\u00e9n<\/p>\n<p>Los pedazos del Ed\u00e9n eran dispositivos tecnol\u00f3gicamente avanzados creados por el Isu para diversos prop\u00f3sitos. Cada uno pose\u00eda propiedades \u00fanicas adecuadas a los fines para los que fue dise\u00f1ado, con algunas capaces de doblar los pensamientos de uno o m\u00e1s individuos a la voluntad del usuario.<\/p>\n<p><a href=\"http:\/\/es.assassinscreed.wikia.com\/wiki\/Piezas_de_Ed%C3%A9n\"><span style=\"text-decoration: underline\"><span style=\"color: #ff0000;text-decoration: underline\">Leer m\u00e1s...<\/span><\/span><\/a><\/p>\n<p><img decoding=\"async\" src=\"http:\/\/68.media.tumblr.com\/e9c80e3f38929a59d37ab546aaf29d22\/tumblr_obrbqwJB811vcmnk8o3_r2_75sq.png\" \/>\u00a0Industrias Abstergo<\/p>\n<blockquote><p><em>\"La Historia es nuestro patio de juegos\"<\/em><\/p><\/blockquote>\n<p>Abstergo Industries es un conglomerado corporativo multinacional y el frente primario para las actividades modernas de la Orden Templaria. Una de las corporaciones m\u00e1s grandes y m\u00e1s prominentes del mundo, Abstergo Industries, o sus predecesores, fueron responsables de la mayor\u00eda del desarrollo tecnol\u00f3gico humano durante los \u00faltimos milenios.<\/p>\n<p>A pesar de contribuir genuinamente al desarrollo tecnol\u00f3gico de la sociedad, la principal misi\u00f3n de Abstergo Industries, dictada por sus miembros templarios, fue \"la destrucci\u00f3n de la Orden de los Asesinos, la adquisici\u00f3n de tecnolog\u00edas avanzadas creadas originalmente por la Primera Civilizaci\u00f3n y el establecimiento de un Nuevo Orden Mundial \".<\/p>\n<p>Para el a\u00f1o 2012, Abstergo Industries se ha expandido en varios sectores empresariales, creando varias compa\u00f1\u00edas subsidiarias, como Abstergo Entertainment. En el mismo a\u00f1o, Abstergo Industries hab\u00eda sido investigado por el gobierno de los Estados Unidos para el experimento \"New Fluoride\" y deb\u00eda congelar sus cuentas, lo que llev\u00f3 a la compa\u00f1\u00eda a acelerar el lanzamiento de sus sat\u00e9lites Eye-Abstergo.<\/p>\n<p><a href=\"http:\/\/es.assassinscreed.wikia.com\/wiki\/Piezas_de_Ed%C3%A9n\"><span style=\"text-decoration: underline\"><span style=\"color: #ff0000;text-decoration: underline\">Leer m\u00e1s...<\/span><\/span><\/a><\/p>\n","protected":false},"excerpt":{"rendered":"<p>Historia de Assassin's Creed Assassin Order \"Nada es verdad, todo est\u00e1 permitido\" La Orden de los Templarios, tambi\u00e9n conocida como la Orden de los Caballeros Templarios, es un monasterio militar mon\u00e1rquico convertido en gigante corporativo, que se form\u00f3 durante la era prehist\u00f3rica. Los Templarios tratan de crear un mundo perfecto, aunque su interpretaci\u00f3n - enfatizando [&hellip;]<\/p>\n","protected":false},"author":10721,"featured_media":0,"parent":0,"menu_order":0,"comment_status":"closed","ping_status":"closed","template":"","meta":{"footnotes":""},"class_list":["post-25","page","type-page","status-publish","hentry"],"_links":{"self":[{"href":"https:\/\/blog.espol.edu.ec\/sdcarril\/wp-json\/wp\/v2\/pages\/25","targetHints":{"allow":["GET"]}}],"collection":[{"href":"https:\/\/blog.espol.edu.ec\/sdcarril\/wp-json\/wp\/v2\/pages"}],"about":[{"href":"https:\/\/blog.espol.edu.ec\/sdcarril\/wp-json\/wp\/v2\/types\/page"}],"author":[{"embeddable":true,"href":"https:\/\/blog.espol.edu.ec\/sdcarril\/wp-json\/wp\/v2\/users\/10721"}],"replies":[{"embeddable":true,"href":"https:\/\/blog.espol.edu.ec\/sdcarril\/wp-json\/wp\/v2\/comments?post=25"}],"version-history":[{"count":6,"href":"https:\/\/blog.espol.edu.ec\/sdcarril\/wp-json\/wp\/v2\/pages\/25\/revisions"}],"predecessor-version":[{"id":80,"href":"https:\/\/blog.espol.edu.ec\/sdcarril\/wp-json\/wp\/v2\/pages\/25\/revisions\/80"}],"wp:attachment":[{"href":"https:\/\/blog.espol.edu.ec\/sdcarril\/wp-json\/wp\/v2\/media?parent=25"}],"curies":[{"name":"wp","href":"https:\/\/api.w.org\/{rel}","templated":true}]}}