{"id":61,"date":"2016-11-15T05:18:11","date_gmt":"2016-11-15T05:18:11","guid":{"rendered":"http:\/\/blog.espol.edu.ec\/sdcarril\/?page_id=61"},"modified":"2016-11-15T05:18:11","modified_gmt":"2016-11-15T05:18:11","slug":"assassins-creed-the-movie","status":"publish","type":"page","link":"https:\/\/blog.espol.edu.ec\/sdcarril\/assassins-creed-the-movie\/","title":{"rendered":"Assassin's Creed: The Movie"},"content":{"rendered":"<p><img loading=\"lazy\" decoding=\"async\" class=\"size-medium wp-image-62 alignleft\" src=\"http:\/\/blog.espol.edu.ec\/sdcarril\/files\/2016\/11\/10168369_10204004830941145_1388173800_n-251x300.jpg\" alt=\"10168369_10204004830941145_1388173800_n\" width=\"251\" height=\"300\" srcset=\"https:\/\/blog.espol.edu.ec\/sdcarril\/files\/2016\/11\/10168369_10204004830941145_1388173800_n-251x300.jpg 251w, https:\/\/blog.espol.edu.ec\/sdcarril\/files\/2016\/11\/10168369_10204004830941145_1388173800_n.jpg 400w\" sizes=\"auto, (max-width: 251px) 100vw, 251px\" \/>Assassin's Creed es una pel\u00edcula de acci\u00f3n y aventuras de 2016, basada en la saga hom\u00f3nima de videojuegos. Fue dirigida por Justin Kurzel; escrita por Michael Lesslie, Adam Cooper y Bill Collage; y protagonizada por Michael Fassbender, Marion Cotillard, Jeremy Irons, Brendan Gleeson y Michael K. Williams.<\/p>\n<p>La pel\u00edcula est\u00e1 ambientada en el mismo universo que los videojuegos, aunque presenta una historia original que expande la mitolog\u00eda de los mismos. Su fecha de estreno es el 21 de diciembre de 2016.<\/p>\n<p>Variety informa que \"Ubisoft Motion Pictures ha estado trabajando con los productores de los juegos y el equipo de marketing de Ubisoft para identificar el ADN de cada juego y llegar a historias que son consistentes\".<\/p>\n<p>El jefe de Ubisoft Motion Pictures Jean-Julien Baronnet dijo a Variety: \"Queremos mantener la propiedad, mantener el control sobre el contenido de la pel\u00edcula, y estamos abiertos a trabajar con los estudios sobre el desarrollo de nuestros proyectos, y, finalmente, colaborar en la pre-fundici\u00f3n, pre-presupuesto y el gui\u00f3n.\"<\/p>\n<p>Despu\u00e9s de esto en este 2015 Ubisoft afirm\u00f3 que se ha asociado con New Regency y 20th Century Fox para llevar este ambicioso proyecto y se ha confirmado por el jefe de compa\u00f1\u00eda Yves Guillemot que ya ha comenzado el rodaje de la pel\u00edcula.<\/p>\n<p><img loading=\"lazy\" decoding=\"async\" class=\"size-medium wp-image-63 alignright\" src=\"http:\/\/blog.espol.edu.ec\/sdcarril\/files\/2016\/11\/Assassins_creed_pel\u00edcula_1-200x300.jpg\" alt=\"assassins_creed_pelicula_1\" width=\"200\" height=\"300\" srcset=\"https:\/\/blog.espol.edu.ec\/sdcarril\/files\/2016\/11\/Assassins_creed_pel\u00edcula_1-200x300.jpg 200w, https:\/\/blog.espol.edu.ec\/sdcarril\/files\/2016\/11\/Assassins_creed_pel\u00edcula_1.jpg 320w\" sizes=\"auto, (max-width: 200px) 100vw, 200px\" \/>Michael Fassbender se ha confirmado como actor protagonista, junto a Marion Cotillard. Michael Fassbender dijo que interpretar\u00eda a un nuevo asesino sin relaci\u00f3n con los videojuegos: Callum Lynch.<\/p>\n<p>El 28 de agosto de 2015 se publica la primera imagen oficial de Michael Fassbender como Callum Lynch y se revela la sinopsis del film.<\/p>\n<p>Sinopsis: Gracias a una revolucionaria tecnolog\u00eda que desbloquea los recuerdos gen\u00e9ticos, Callum Lynch (Michael Fassbender) vive las aventuras de su ancestro, Aguilar, en la Espa\u00f1a del siglo XV. Callum descubre que es el descendiente de una misteriosa sociedad secreta, los Asesinos, y que posee incre\u00edbles conocimientos y habilidades que le permitir\u00e1n enfrentarse a la poderosa y opresora organizaci\u00f3n de los Templarios en el presente.<\/p>\n<p>El mismo d\u00eda tiene lugar un Q&amp;A digital en Twitter con el responsable de contenido de Ubisoft Aymar Azaizia, en el que lo fans pueden enviar preguntas acerca del film con el hashtag #AssassinsCreedMovie.<\/p>\n","protected":false},"excerpt":{"rendered":"<p>Assassin's Creed es una pel\u00edcula de acci\u00f3n y aventuras de 2016, basada en la saga hom\u00f3nima de videojuegos. Fue dirigida por Justin Kurzel; escrita por Michael Lesslie, Adam Cooper y Bill Collage; y protagonizada por Michael Fassbender, Marion Cotillard, Jeremy Irons, Brendan Gleeson y Michael K. Williams. La pel\u00edcula est\u00e1 ambientada en el mismo universo [&hellip;]<\/p>\n","protected":false},"author":10721,"featured_media":0,"parent":0,"menu_order":0,"comment_status":"closed","ping_status":"closed","template":"","meta":{"footnotes":""},"class_list":["post-61","page","type-page","status-publish","hentry"],"_links":{"self":[{"href":"https:\/\/blog.espol.edu.ec\/sdcarril\/wp-json\/wp\/v2\/pages\/61","targetHints":{"allow":["GET"]}}],"collection":[{"href":"https:\/\/blog.espol.edu.ec\/sdcarril\/wp-json\/wp\/v2\/pages"}],"about":[{"href":"https:\/\/blog.espol.edu.ec\/sdcarril\/wp-json\/wp\/v2\/types\/page"}],"author":[{"embeddable":true,"href":"https:\/\/blog.espol.edu.ec\/sdcarril\/wp-json\/wp\/v2\/users\/10721"}],"replies":[{"embeddable":true,"href":"https:\/\/blog.espol.edu.ec\/sdcarril\/wp-json\/wp\/v2\/comments?post=61"}],"version-history":[{"count":1,"href":"https:\/\/blog.espol.edu.ec\/sdcarril\/wp-json\/wp\/v2\/pages\/61\/revisions"}],"predecessor-version":[{"id":65,"href":"https:\/\/blog.espol.edu.ec\/sdcarril\/wp-json\/wp\/v2\/pages\/61\/revisions\/65"}],"wp:attachment":[{"href":"https:\/\/blog.espol.edu.ec\/sdcarril\/wp-json\/wp\/v2\/media?parent=61"}],"curies":[{"name":"wp","href":"https:\/\/api.w.org\/{rel}","templated":true}]}}