{"id":115,"date":"2015-11-12T03:34:33","date_gmt":"2015-11-12T03:34:33","guid":{"rendered":"http:\/\/blog.espol.edu.ec\/sdpachec\/?page_id=115"},"modified":"2015-11-12T10:29:39","modified_gmt":"2015-11-12T10:29:39","slug":"mi-primer-cuadro-artistico","status":"publish","type":"page","link":"https:\/\/blog.espol.edu.ec\/sdpachec\/mi-primer-cuadro-artistico\/","title":{"rendered":"Contraste de colores calidos"},"content":{"rendered":"<p><img loading=\"lazy\" decoding=\"async\" class=\"wp-image-32 aligncenter\" src=\"http:\/\/blog.espol.edu.ec\/sdpachec\/files\/2015\/11\/20151109_201835-21-300x201.jpg\" alt=\"20151109_201835 (2)\" width=\"592\" height=\"397\" srcset=\"https:\/\/blog.espol.edu.ec\/sdpachec\/files\/2015\/11\/20151109_201835-21-300x201.jpg 300w, https:\/\/blog.espol.edu.ec\/sdpachec\/files\/2015\/11\/20151109_201835-21-1024x685.jpg 1024w\" sizes=\"auto, (max-width: 592px) 100vw, 592px\" \/><\/p>\n<p><strong>Paisajes- atardeceres\u00a0<\/strong><\/p>\n<p>Este fue mi primer cuadro art\u00edstico porque fue el primero en donde yo aprend\u00ed y aplique las t\u00e9cnicas de pintura que en este caso fue el <a href=\"http:\/\/www.pinturaacrilica.net\/tecnicas-y-consejos\/tecnica-de-pintar-sobre-pintura-humeda.php\" target=\"_blank\">h\u00famedo sobre h\u00famedo<\/a>, en donde t\u00fa lo que busca es trabajar solo con pintura h\u00fameda, tambi\u00e9n aprend\u00ed los contraste de color en este caso utilice <a href=\"http:\/\/arte.about.com\/od\/Diccionario-De-Arte\/fl\/Colores-calidos.htm\" target=\"_blank\">colores c\u00e1lidos<\/a> por ser un atardecer en donde los colores primarios que predominan son el amarillo y el rojo, de ah\u00ed derivan otros tonos de anaranjados. Ah y nunca te debes de olvidar que lo primero que plasmas en el cuadro es lo que est\u00e1 en <a href=\"http:\/\/wiki.ead.pucv.cl\/index.php\/Profundidad_construida_a_trav%C3%A9s_de_planos_luminosos\" target=\"_blank\">tercer plano <\/a>es decir lo que se ve m\u00e1s alejado que casi siempre es el cielo, en este paisaje lo m\u00e1s cercano a tu vistas son los \u00e1rboles que sus <a href=\"http:\/\/www.proyectacolor.cl\/teoria-de-los-colores\/propiedades-de-los-colores\/\" target=\"_blank\">tonalidades<\/a> van siendo m\u00e1s oscuras a medida que te alejas del sol, para las hojas son simples pinceladas de pinceles que pueden ser de <a href=\"https:\/\/es.wikipedia.org\/wiki\/Pincel#Pincel_espatulado\" target=\"_blank\">pinceles planos<\/a> y <a href=\"https:\/\/es.wikipedia.org\/wiki\/Pincel#Pincel_de_abanico\" target=\"_blank\">pinceles abanicos<\/a>. Lo m\u00e1s importante al momento de pintar es la paciencia, tambi\u00e9n ser observadores al momento de transcribir los detalles y elegir\u00a0 bien en donde se encuentra la luz y la oscuridad.<\/p>\n","protected":false},"excerpt":{"rendered":"<p>Paisajes- atardeceres\u00a0 Este fue mi primer cuadro art\u00edstico porque fue el primero en donde yo aprend\u00ed y aplique las t\u00e9cnicas de pintura que en este caso fue el h\u00famedo sobre h\u00famedo, en donde t\u00fa lo que busca es trabajar solo &hellip; <a href=\"https:\/\/blog.espol.edu.ec\/sdpachec\/mi-primer-cuadro-artistico\/\">Sigue leyendo <span class=\"meta-nav\">&rarr;<\/span><\/a><\/p>\n","protected":false},"author":9944,"featured_media":0,"parent":0,"menu_order":0,"comment_status":"closed","ping_status":"closed","template":"","meta":{"footnotes":""},"class_list":["post-115","page","type-page","status-publish","hentry"],"_links":{"self":[{"href":"https:\/\/blog.espol.edu.ec\/sdpachec\/wp-json\/wp\/v2\/pages\/115","targetHints":{"allow":["GET"]}}],"collection":[{"href":"https:\/\/blog.espol.edu.ec\/sdpachec\/wp-json\/wp\/v2\/pages"}],"about":[{"href":"https:\/\/blog.espol.edu.ec\/sdpachec\/wp-json\/wp\/v2\/types\/page"}],"author":[{"embeddable":true,"href":"https:\/\/blog.espol.edu.ec\/sdpachec\/wp-json\/wp\/v2\/users\/9944"}],"replies":[{"embeddable":true,"href":"https:\/\/blog.espol.edu.ec\/sdpachec\/wp-json\/wp\/v2\/comments?post=115"}],"version-history":[{"count":3,"href":"https:\/\/blog.espol.edu.ec\/sdpachec\/wp-json\/wp\/v2\/pages\/115\/revisions"}],"predecessor-version":[{"id":143,"href":"https:\/\/blog.espol.edu.ec\/sdpachec\/wp-json\/wp\/v2\/pages\/115\/revisions\/143"}],"wp:attachment":[{"href":"https:\/\/blog.espol.edu.ec\/sdpachec\/wp-json\/wp\/v2\/media?parent=115"}],"curies":[{"name":"wp","href":"https:\/\/api.w.org\/{rel}","templated":true}]}}