{"id":7,"date":"2015-05-19T19:29:35","date_gmt":"2015-05-19T19:29:35","guid":{"rendered":"http:\/\/blog.espol.edu.ec\/sebarami\/?page_id=7"},"modified":"2015-06-02T17:38:23","modified_gmt":"2015-06-02T17:38:23","slug":"mi-primera-pagina","status":"publish","type":"page","link":"https:\/\/blog.espol.edu.ec\/sebarami\/mi-primera-pagina\/","title":{"rendered":"TItanes"},"content":{"rendered":"<p><img decoding=\"async\" class=\"imagen alignleft\" title=\"Los titanes \u00a0Mitologia Griega\" src=\"http:\/\/upload.wikimedia.org\/wikipedia\/commons\/thumb\/5\/53\/Pergamon_Museum_Berlin_2007034.jpg\/220px-Pergamon_Museum_Berlin_2007034.jpg\" alt=\"Los titanes \u00a0Mitologia Griega\" border=\"0\" \/><\/p>\n<p>Oceano<\/p>\n<p>En la mitolog\u00eda griega este oc\u00e9ano mundial era personificado como un Tit\u00e1n, hijo de Urano y Gea. En los mosaicos helen\u00edsticos y romanos se representa con frecuencia a este Tit\u00e1n con el torso y brazos de un hombre musculoso con barba larga y cuernos (a menudo con pinzas de cangrejo), y con la parte inferior del cuerpo de una serpiente (comp\u00e1rese con Tif\u00f3n). En fragmentos de una vasija arcaica fechada sobre 580 a. C.,3 entre los dioses que acuden a la boda de Peleo y la ninfa marina Tetis aparece un Oc\u00e9ano con cola de pez, llevando un pez en una mano y una serpiente en la otra, dones de recompensa y profec\u00eda. En los mosaicos romanos, como el de Bardo, puede aparecer llevando un tim\u00f3n y meciendo un barco.<br \/>\nAlgunos estudiosos creen que originalmente Oc\u00e9ano representaba a todos los cuerpos de agua salada, incluyendo el mar Mediterr\u00e1neo y el oc\u00e9ano Atl\u00e1ntico, las dos mayores masas acu\u00e1ticas conocidas por los antiguos griegos. Sin embargo, a medida que la geograf\u00eda se hizo m\u00e1s precisa, Oc\u00e9ano pas\u00f3 a representar las aguas m\u00e1s desconocidas y extra\u00f1as del Atl\u00e1ntico (tambi\u00e9n llamado \u00abMar Oc\u00e9ano\u00bb), mientras el reci\u00e9n llegado de una nueva generaci\u00f3n, Poseid\u00f3n, gobernaba el Mediterr\u00e1neo.<br \/>\nLa esposa de Oc\u00e9ano era su hermana Tetis, y de su uni\u00f3n nacieron las tres mil Oce\u00e1nides (o ninfas del mar) y todos los Oce\u00e1nidas, los r\u00edos del mundo, as\u00ed como las fuentes y los lagos.4 De Crono, de la raza de los Titanes, nacieron los doce ol\u00edmpicos, y Hera menciona dos veces en la Il\u00edada su pretendido viaje \u00aba los confines de la f\u00e9rtil tierra para ver a Oc\u00e9ano, padre de los dioses, y a la madre Tetis, los cuales me recibieron de manos de Rea y me criaron y educaron en su palacio\u00bb.<\/p>\n<p>&nbsp;<\/p>\n<p>&nbsp;<\/p>\n<p>&nbsp;<\/p>\n<p><a href=\"http:\/\/blog.espol.edu.ec\/sebarami\/files\/2015\/05\/378230-103891-hyperion.jpg\"><img loading=\"lazy\" decoding=\"async\" class=\"alignleft size-medium wp-image-77\" src=\"http:\/\/blog.espol.edu.ec\/sebarami\/files\/2015\/05\/378230-103891-hyperion-208x300.jpg\" alt=\"378230-103891-hyperion\" width=\"208\" height=\"300\" srcset=\"https:\/\/blog.espol.edu.ec\/sebarami\/files\/2015\/05\/378230-103891-hyperion-208x300.jpg 208w, https:\/\/blog.espol.edu.ec\/sebarami\/files\/2015\/05\/378230-103891-hyperion.jpg 258w\" sizes=\"auto, (max-width: 208px) 100vw, 208px\" \/><\/a><\/p>\n<p>Hiperion<\/p>\n<p>En la mitolog\u00eda griega, Hiperi\u00f3n (en griego antiguo \u1f59\u03c0\u03b5\u03c1\u03af\u03c9\u03bd Hyper\u00ed\u00f4n, \u2018el que vive arriba\u2019 o \u2018el que mira desde arriba\u2019) es un Tit\u00e1n, hijo de Urano (el Cielo) y Gea (la Tierra).<br \/>\nEn la Il\u00edada de Homero, el dios sol se llamaba Helios Hyperion (\u2018Sol en lo m\u00e1s alto\u2019), pero en la Odisea, la Teogon\u00eda de Hes\u00edodo y el himno hom\u00e9rico a Dem\u00e9ter el sol recibe el nombre de Hyperonides (\u2018hijo de Hiporraeri\u00f3n\u2019), y ciertamente Hes\u00edodo imaginaba a Hiperi\u00f3n como un ser separado de Helios en otras obras. De hecho, algunos traducen \u00abHiperi\u00f3n\u00bb como \u2018el que aparece antes que el Sol\u2019. En la literatura griega posterior Hiperi\u00f3n siempre se distingue de Helios.<br \/>\nHiperi\u00f3n es considerado a menudo el dios de la observaci\u00f3n, y su hermana Tea la diosa de la vista.<br \/>\nSeg\u00fan Hes\u00edodo, se cas\u00f3 con Tea (llamada Eurifaesa es el Himno hom\u00e9rico a Helios), su hermana, con la que tuvo tres hijos: Helios (el Sol), Selene (la Luna) y Eos (la Aurora):<br \/>\nTea concibi\u00f3 del amor de Hiperi\u00f3n y dio a luz<br \/>\nal gran Helios y las brillantes Selene y Eos,<br \/>\nque traen la luz a todos los mortales de esta tierra<br \/>\ny a los inmortales dioses que gobiernan el ancho cielo.1<br \/>\nSus tres hijos eran notables por su belleza y virtud, lo que atrajo sobre Hiperi\u00f3n los celos de los otros Titanes. \u00c9stos, conspirando entre ellos, convinieron matar a Hiperi\u00f3n y ahogar a sus hijos.<br \/>\nHiperi\u00f3n desempe\u00f1a un papel virtualmente nulo en los cultos griegos y muy peque\u00f1o en la mitolog\u00eda, con la excepci\u00f3n de aparecer en la lista de los doce Titanes.<\/p>\n<p>&nbsp;<\/p>\n<p>&nbsp;<\/p>\n<p>&nbsp;<\/p>\n<p><img decoding=\"async\" class=\"imagen alignleft\" title=\"nes\" src=\"http:\/\/4.bp.blogspot.com\/_mNEOkhCKgno\/THaBiBpjDlI\/AAAAAAAAAEQ\/yXQY10rIoPI\/s1600\/CEO.jpg\" alt=\"nes\" border=\"0\" \/><\/p>\n<p>Ceo<\/p>\n<p>En la mitolog\u00eda griega, Ceo (en griego antiguo \u039a\u03bf\u1fd6\u03bf\u03c2 Ko\u0129os, \u2018inteligencia\u2019, \u2018inquisitividad\u2019) era el Tit\u00e1n de la inteligencia. Los titanes eran los hijos gigantes de Urano (Cielo) y Gea (Tierra).<br \/>\nCon su hermana Febe, tit\u00e1nide del brillo y la luna, Ceo fue padre de Leto y Asteria. De Zeus (hijo de Crono y Rea), Leto engendr\u00f3 a Artemisa y Apolo.<br \/>\nCeo representaba la adivinaci\u00f3n por las estrellas, as\u00ed como el eje norte del cielo alrededor del cual giraban las estrellas, que recibi\u00f3 el nombre de Polo por \u00e9l (\u03a0\u03bf\u03bb\u03bf\u03c2 Polos era uno de los ep\u00edtetos de Ceo).<br \/>\nJunto con su esposa, que representaba el centro de la Tierra (entendida como un disco plano), despunt\u00f3 como uno de los primeros dioses prof\u00e9ticos, siendo Ceo el portavoz de la sabidur\u00eda de su padre Urano y Febe la de su madre Gea. En este sentido sus dos hijas representaban las dos ramas de la clarividencia: Leto y su hijo Apolo presiden el poder prof\u00e9tico de la luz y el cielo, mientras que Asteria y su hija H\u00e9cate lo hacen del de la noche, la oscuridad ct\u00f3nica y los esp\u00edritus de los muertos. Asimismo Apolo divid\u00eda su tiempo entre el or\u00e1culo de Delfos, en el centro de la Tierra que presid\u00eda su abuela y, durante el invierno, en las regiones hiperb\u00f3reas, cercanas al polo que representaba su abuelo Ceo. Ambos lugares estaban custodiados por dragones, Pit\u00f3n en Delfos y la constelaci\u00f3n de Draco en el norte axial, pudiendo \u00e9stos representar a la pareja de Titanes. Seg\u00fan esta versi\u00f3n Ceo ser\u00eda el drag\u00f3n que Atenea lanz\u00f3 al firmamento durante la citada titanomaquia.<br \/>\nCon los dem\u00e1s titanes, Ceo fue derrocado por Zeus y los dem\u00e1s ol\u00edmpicos, que lo encerraron en el T\u00e1rtaro<\/p>\n<p>&nbsp;<\/p>\n<p>&nbsp;<\/p>\n<p>&nbsp;<\/p>\n<p><img decoding=\"async\" class=\"imagen alignleft\" title=\"ti\" src=\"http:\/\/upload.wikimedia.org\/wikipedia\/commons\/thumb\/b\/ba\/Feuerbach_Gaea.jpg\/220px-Feuerbach_Gaea.jpg\" alt=\"ti\" border=\"0\" \/><\/p>\n<p>Gea<\/p>\n<p>La Teogon\u00eda de Hes\u00edodo cuenta3 c\u00f3mo, tras el Caos, surgi\u00f3 Gea \u00abla de amplio pecho\u00bb, la eterna fundaci\u00f3n de los dioses del Olimpo. De su propio ser, \u00absin mediar el grato comercio\u00bb, trajo a Urano, el cielo estrellado, su igual, para cubrirla a ella y a las colinas, y tambi\u00e9n a Ponto, la infructuosa profundidad del mar. Pero tras esto, como cuenta Hes\u00edodo:<br \/>\nacostada con Urano, alumbr\u00f3 a Oc\u00e9ano de profundas corrientes, a Ceo, a Cr\u00edo, a Hiperi\u00f3n, a J\u00e1peto, a Tea, a Rea, a Temis, a Mnem\u00f3sine, a Febe de \u00e1urea corona y a la amable Tetis. Despu\u00e9s de ellos naci\u00f3 el m\u00e1s joven, Crono, de mente retorcida, el m\u00e1s terrible de los hijos y se llen\u00f3 de un intenso odio hacia su padre.<br \/>\nHes\u00edodo menciona que Gea concibi\u00f3 m\u00e1s descendencia con Urano. Primero los C\u00edclopes gigantes de un solo ojo, constructores de murallas, a los que posteriormente se les dieron nombres: Brontes (\u2018el que truena\u2019), Est\u00e9ropes (\u2018el que da el rayo\u2019) y Arges (\u2018el que brilla\u2019): \u00abEl vigor, la fuerza y los recursos presid\u00edan sus actos.\u00bb Luego a\u00f1ade los tres terribles hijos de cien manos de la Tierra y el Cielo, los Hecat\u00f3nquiros, Coto, Briareo y Giges, cada uno con cincuenta cabezas.<br \/>\nUrano escondi\u00f3 a c\u00edclopes y hecat\u00f3nquiros en el T\u00e1rtaro para que no vieran la luz, regocij\u00e1ndose de su maldad. Esto provocaba dolor a Gea (el T\u00e1rtaro era su vientre), por lo que cre\u00f3 un pedernal gris (o adamanto) y de \u00e9ste fabric\u00f3 una gran hoz, y reuniendo a los titanes les pidi\u00f3 obediencia. Solo Crono, el menor, se atrevi\u00f3 a tomar la hoz y castr\u00f3 a su padre cuando \u00e9ste se acerc\u00f3 a Gea para yacer con ella. De las gotas de sangre y semen Gea concibi\u00f3 a\u00fan a m\u00e1s hijos: las fuertes Erinias, los Gigantes con armadura y las Melias (ninfas de los fresnos).<br \/>\nCrono arroj\u00f3 al mar los test\u00edculos de Urano, donde produjeron una espuma de la que naci\u00f3 Afrodita. Tras la castraci\u00f3n de Urano, Gea pari\u00f3 a Equidna y Tif\u00f3n, engendrados por T\u00e1rtaro. De su hijo Ponto tuvo a las deidades marinas Nereo, Taumante, Forcis, Ceto y Euribia. Con \u00c9ter tuvo a Erg\u00eda, la diosa de la pereza y la holgazaner\u00eda.<br \/>\nZeus escond\u00eda a una amante, Elara, de Hera ocult\u00e1ndola bajo la tierra. El hijo que tuvo de \u00e9sta, el gigante Ticio, es por tanto considerado a veces hijo de Gea, la diosa de la tierra.<br \/>\nGea tambi\u00e9n hizo inmortal a Aristeo.<br \/>\nSe cree por algunas fuentes4 que Gea fue la deidad original tras el Or\u00e1culo de Delfos. Traspas\u00f3 sus poderes a, seg\u00fan la versi\u00f3n, Poseid\u00f3n, Apolo o Temis. Apolo es el mejor conocido como poder tras el or\u00e1culo, muy reconocido ya en tiempos de Homero, tras haber matado al hijo de Gea Pit\u00f3n en ese lugar y usurpado su poder ct\u00f3nico. Hera castig\u00f3 a Apolo por esto envi\u00e1ndolo a trabajar como pastor durante nueve a\u00f1os con el rey Admeto.<\/p>\n<p>&nbsp;<\/p>\n<p>&nbsp;<\/p>\n<p>&nbsp;<\/p>\n<p><img decoding=\"async\" class=\"imagen alignleft\" title=\"cronos\" src=\"http:\/\/upload.wikimedia.org\/wikipedia\/commons\/thumb\/7\/75\/ConstantaPontos.JPG\/220px-ConstantaPontos.JPG\" alt=\"cronos\" border=\"0\" \/><\/p>\n<p>Ponto<\/p>\n<p>En la mitolog\u00eda griega, Ponto (en griego antiguo \u03a0\u03cc\u03bd\u03c4\u03bf\u03c2 P\u00f3ntos, \u2018mar\u2019; en lat\u00edn Pontus) era un antiguo dios del mar preol\u00edmpico, hijo de Gea, la Tierra, y hermano de Urano. Hes\u00edodo cuenta que Gea engendr\u00f3 a Ponto por s\u00ed misma, sin emparejarse.1 Para \u00e9l, Ponto parece poco m\u00e1s que una personificaci\u00f3n del mar. Higino afirmaba que fue hijo de Gea con \u00c9ter, el Aire.2<br \/>\nFue padre con Gea de los ancianos del mar, Nereo y Taumante (el sobrecogedor \u2018milagro\u2019 del mar), de los aspectos peligrosos del mar, Forcis y su esposa y hermana Ceto, y de la \u2018fuerte\u2019 diosa Euribia. Con Talasa (cuyo nombre significa simplemente \u2018mar\u2019, pero en una ra\u00edz pre-griega), fue padre de los Telquines.<br \/>\nComp\u00e1rese con el tit\u00e1n del mar Oc\u00e9ano, cuya presencia era m\u00e1s v\u00edvida entre los helenos.<\/p>\n<p>&nbsp;<\/p>\n<p>&nbsp;<\/p>\n<p>&nbsp;<\/p>\n<p>&nbsp;<\/p>\n<p>&nbsp;<\/p>\n<p>&nbsp;<\/p>\n<p>&nbsp;<\/p>\n<p>&nbsp;<\/p>\n<p>&nbsp;<\/p>\n<p>&nbsp;<\/p>\n<p>&nbsp;<\/p>\n<p><a href=\"http:\/\/blog.espol.edu.ec\/sebarami\/files\/2015\/05\/Japeto.jpg\"><img loading=\"lazy\" decoding=\"async\" class=\"alignleft size-medium wp-image-80\" src=\"http:\/\/blog.espol.edu.ec\/sebarami\/files\/2015\/05\/Japeto-242x300.jpg\" alt=\"Japeto\" width=\"242\" height=\"300\" srcset=\"https:\/\/blog.espol.edu.ec\/sebarami\/files\/2015\/05\/Japeto-242x300.jpg 242w, https:\/\/blog.espol.edu.ec\/sebarami\/files\/2015\/05\/Japeto.jpg 258w\" sizes=\"auto, (max-width: 242px) 100vw, 242px\" \/><\/a><\/p>\n<p>Japeto<\/p>\n<p>En la mitolog\u00eda griega, J\u00e1peto (en griego antiguo \u038a\u03b1\u03c0\u03b5\u03c4\u03cc\u03c2 Iapet\u00f3s), era un tit\u00e1n hijo de Urano y Gea. Fue padre de Atlas, Prometeo (a trav\u00e9s de quien ser\u00eda ancestro de la raza humana), Epimeteo y Menecio, a quien Zeus matar\u00eda en la Titanomaquia. Sus descendientes son a menudo llamados por las formas patron\u00edmicas Jap\u00e9tidas o Japet\u00f3nidas.<\/p>\n<p>&nbsp;<\/p>\n<p>&nbsp;<\/p>\n<p>&nbsp;<\/p>\n<p>&nbsp;<\/p>\n<p>&nbsp;<\/p>\n<p>&nbsp;<\/p>\n<p>&nbsp;<\/p>\n<p>&nbsp;<\/p>\n<p>&nbsp;<\/p>\n<p>&nbsp;<\/p>\n<p>&nbsp;<\/p>\n<p>&nbsp;<\/p>\n<p>&nbsp;<\/p>\n<p>&nbsp;<\/p>\n<p>&nbsp;<\/p>\n<p>&nbsp;<\/p>\n<p>&nbsp;<\/p>\n<p>&nbsp;<\/p>\n<p><a href=\"http:\/\/blog.espol.edu.ec\/sebarami\/files\/2015\/05\/fe.jpg\"><img loading=\"lazy\" decoding=\"async\" class=\"alignleft size-full wp-image-81\" src=\"http:\/\/blog.espol.edu.ec\/sebarami\/files\/2015\/05\/fe.jpg\" alt=\"fe\" width=\"193\" height=\"256\" \/><\/a><\/p>\n<p>Febe<\/p>\n<p>En la mitolog\u00eda griega, Febe (en griego antiguo \u03a6\u03bf\u03b9\u03b2\u03b7 Phoeb\u0113, \u2018brillo\u2019 del intelecto), la de la corona de oro, era una de las Tit\u00e1nides originales, los hijos gigantes de Urano y Gea. Febe acudi\u00f3 al lecho de Ceo y de \u00e9l concibi\u00f3 a Leto y a Asteria. Recibi\u00f3 el control del or\u00e1culo de Delfos de Temis, de acuerdo con algunas pocas fuentes, y posteriormente se lo dar\u00eda a Apolo.<br \/>\nTambi\u00e9n se aplicaba su nombre como ep\u00edteto a Artemisa en su papel de diosa de la luna, que se consideraba femenina<\/p>\n<p>&nbsp;<\/p>\n<p>&nbsp;<\/p>\n<p>&nbsp;<\/p>\n<p>&nbsp;<\/p>\n<p>&nbsp;<\/p>\n<p>&nbsp;<\/p>\n<p>&nbsp;<\/p>\n<p>&nbsp;<\/p>\n<p>&nbsp;<\/p>\n<p>&nbsp;<\/p>\n<p>&nbsp;<\/p>\n<p>&nbsp;<\/p>\n<p>&nbsp;<\/p>\n<p><a href=\"http:\/\/blog.espol.edu.ec\/sebarami\/files\/2015\/05\/Cronos_.jpg\"><img loading=\"lazy\" decoding=\"async\" class=\"alignleft size-medium wp-image-82\" src=\"http:\/\/blog.espol.edu.ec\/sebarami\/files\/2015\/05\/Cronos_-258x300.jpg\" alt=\"Cronos_\" width=\"258\" height=\"300\" \/><\/a><\/p>\n<p>Cronos<\/p>\n<p>En la mitolog\u00eda griega, Crono (en griego antiguo \u039a\u03c1\u03cc\u03bd\u03bf\u03c2 Kr\u00f3nos, transliterado tambi\u00e9n Cronus y Kronos)1 era el l\u00edder y \u2014en algunos mitos\u2014 el m\u00e1s joven de la primera generaci\u00f3n de Titanes, descendientes divinos de Gea, la tierra, y Urano, el cielo. Crono derroc\u00f3 a su padre y gobern\u00f3 durante la mitol\u00f3gica edad dorada, hasta que fue derrocado por sus propios hijos, Zeus, Hades y Poseid\u00f3n, y encerrado en el T\u00e1rtaro2 o enviado a gobernar el para\u00edso de los Campos El\u00edseos.3<br \/>\nSe le sol\u00eda representar con una hoz o guada\u00f1a, que us\u00f3 como arma para castrar y destronar a su padre, Urano. En Atenas se celebraba el duod\u00e9cimo d\u00eda de cada mes (Hekatombaion) una fiesta llamada Cronia en honor a Crono para celebrar la cosecha, sugiriendo que, como resultado de su relaci\u00f3n con la virtuosa edad dorada, segu\u00ed presidiendo como patr\u00f3n de la cosecha. Crono tambi\u00e9n fue identificado en la antig\u00fcedad cl\u00e1sica con el dios romano Saturno.<\/p>\n","protected":false},"excerpt":{"rendered":"<p>Oceano En la mitolog\u00eda griega este oc\u00e9ano mundial era personificado como un Tit\u00e1n, hijo de Urano y Gea. En los mosaicos helen\u00edsticos y romanos se representa con frecuencia a este Tit\u00e1n con el torso y brazos de un hombre musculoso con barba larga y cuernos (a menudo con pinzas de cangrejo), y con la parte [&hellip;]<\/p>\n","protected":false},"author":9660,"featured_media":0,"parent":0,"menu_order":0,"comment_status":"open","ping_status":"open","template":"","meta":{"footnotes":""},"class_list":["post-7","page","type-page","status-publish","hentry"],"_links":{"self":[{"href":"https:\/\/blog.espol.edu.ec\/sebarami\/wp-json\/wp\/v2\/pages\/7","targetHints":{"allow":["GET"]}}],"collection":[{"href":"https:\/\/blog.espol.edu.ec\/sebarami\/wp-json\/wp\/v2\/pages"}],"about":[{"href":"https:\/\/blog.espol.edu.ec\/sebarami\/wp-json\/wp\/v2\/types\/page"}],"author":[{"embeddable":true,"href":"https:\/\/blog.espol.edu.ec\/sebarami\/wp-json\/wp\/v2\/users\/9660"}],"replies":[{"embeddable":true,"href":"https:\/\/blog.espol.edu.ec\/sebarami\/wp-json\/wp\/v2\/comments?post=7"}],"version-history":[{"count":13,"href":"https:\/\/blog.espol.edu.ec\/sebarami\/wp-json\/wp\/v2\/pages\/7\/revisions"}],"predecessor-version":[{"id":88,"href":"https:\/\/blog.espol.edu.ec\/sebarami\/wp-json\/wp\/v2\/pages\/7\/revisions\/88"}],"wp:attachment":[{"href":"https:\/\/blog.espol.edu.ec\/sebarami\/wp-json\/wp\/v2\/media?parent=7"}],"curies":[{"name":"wp","href":"https:\/\/api.w.org\/{rel}","templated":true}]}}