{"id":100,"date":"2014-11-08T17:13:10","date_gmt":"2014-11-08T17:13:10","guid":{"rendered":"http:\/\/blog.espol.edu.ec\/sgpena\/?page_id=100"},"modified":"2014-11-10T20:27:09","modified_gmt":"2014-11-10T20:27:09","slug":"otros","status":"publish","type":"page","link":"https:\/\/blog.espol.edu.ec\/sgpena\/region-costa\/otros\/","title":{"rendered":"Otros"},"content":{"rendered":"<h1 style=\"text-align: center\"><strong><span style=\"color: #3366ff\">Cascada Milagrosa<\/span><\/strong><\/h1>\n<p style=\"text-align: justify\">Al sur del pueblo de Balsapamba, junto a la carretera se avista un salto de agua, cuya fuerza y minerales le han atribuido propiedades milagrosas. Este sitio es el destino de los paseos dominicales de la gente de Bol\u00edvar y de la vecina provincia de Los R\u00edos.<a title=\"ver ubicacion\" href=\"http:\/\/visitelacascadamilagrosa.blogspot.com\/\"> ver ubicacion<\/a><\/p>\n<p><a href=\"http:\/\/blog.espol.edu.ec\/sgpena\/files\/2014\/11\/\u00edndice.jpg\"><img loading=\"lazy\" decoding=\"async\" class=\" wp-image-101 aligncenter\" src=\"http:\/\/blog.espol.edu.ec\/sgpena\/files\/2014\/11\/\u00edndice.jpg\" alt=\"\u00edndice\" width=\"335\" height=\"251\" \/><\/a><\/p>\n<h2 style=\"text-align: center\"><\/h2>\n<h2 style=\"text-align: center\"><strong><span style=\"color: #000080\">Archipi\u00e9lago de Jambel\u00ed <\/span><\/strong><\/h2>\n<div class=\"texto\" style=\"text-align: justify\">El Archipi\u00e9lago de Jambel\u00ed se localiza frente a la costa de la provincia de El Oro, al sur del golfo de Guayaquil, y forma parte de la Zona Especial de Manejo (ZEM) definida por el Programa de Manejo de Recursos Costeros.<\/div>\n<div class=\"texto\" style=\"text-align: justify\">Es un conjunto de peque\u00f1as islas rodeadas de manglares, donde se extienden pac\u00edficas y acogedoras playas, limpias y ricas en vegetaci\u00f3n. <a title=\"ver mas\" href=\"http:\/\/es.wikipedia.org\/wiki\/Archipi%C3%A9lago_de_Jambel%C3%AD\">ver mas<\/a><\/div>\n<div class=\"texto\"><a href=\"http:\/\/blog.espol.edu.ec\/sgpena\/files\/2014\/11\/images1.jpg\"><img loading=\"lazy\" decoding=\"async\" class=\" wp-image-102 aligncenter\" src=\"http:\/\/blog.espol.edu.ec\/sgpena\/files\/2014\/11\/images1.jpg\" alt=\"images\" width=\"329\" height=\"184\" \/><\/a><\/div>\n<div class=\"texto\" style=\"text-align: center\"><\/div>\n<h2 class=\"texto\" style=\"text-align: center\"><span style=\"color: #800080\">Museo del Banco Central-Zaruma<\/span><\/h2>\n<p style=\"text-align: justify\">El Museo Municipal de Zaruma est\u00e1 ubicado en el Centro Hist\u00f3rico de la ciudad, en la Plaza de la Independencia. Esta instituci\u00f3n alberga colecciones de objetos de inter\u00e9s art\u00edstico, hist\u00f3rico y cient\u00edfico, conservados y exhibidos para la ense\u00f1anza y entretenimiento de todos los visitantes. El museo recoge buena parte de la riqueza hist\u00f3rica de la antigua ciudad capital de la provincia de El Oro durante la Colonia y principios de la Rep\u00fablica.<\/p>\n<h1 style=\"text-align: center\"><a href=\"http:\/\/blog.espol.edu.ec\/sgpena\/files\/2014\/11\/gfhgj.jpg\"><img loading=\"lazy\" decoding=\"async\" class=\" wp-image-103 aligncenter\" src=\"http:\/\/blog.espol.edu.ec\/sgpena\/files\/2014\/11\/gfhgj.jpg\" alt=\"gfhgj\" width=\"315\" height=\"236\" \/><\/a><\/h1>\n<h1 style=\"text-align: center\"><\/h1>\n<h1 style=\"text-align: center\"><strong><span style=\"color: #99cc00\">salinas<\/span><\/strong><\/h1>\n<p style=\"text-align: justify\">Salinas es conocido como el principal balneario del Ecuador y la provincia de Santa Elena. Ubicado a 141 km. de Guayaquil y a 549 km. de Quito. Salinas es visitada cada a\u00f1o por turistas nacionales e internacionales para disfrutar de sus hermosas playas. Adem\u00e1s es el sitio ideal para la pr\u00e1ctica de deportes n\u00e1uticos: buceo, tabla, vela, voleibol playero, jet ski y pesca deportiva de profundidad.<a title=\"ver ubicacion\" href=\"http:\/\/www.ecostravel.com\/ecuador\/ciudades-destinos\/salinas.php\"> ver ubicacion<\/a><\/p>\n<p style=\"text-align: justify\">\n<p><a href=\"http:\/\/blog.espol.edu.ec\/sgpena\/files\/2014\/11\/\u00edndicesali.jpg\"><img loading=\"lazy\" decoding=\"async\" class=\" wp-image-104 aligncenter\" src=\"http:\/\/blog.espol.edu.ec\/sgpena\/files\/2014\/11\/\u00edndicesali.jpg\" alt=\"\u00edndicesali\" width=\"502\" height=\"182\" srcset=\"https:\/\/blog.espol.edu.ec\/sgpena\/files\/2014\/11\/\u00edndicesali.jpg 372w, https:\/\/blog.espol.edu.ec\/sgpena\/files\/2014\/11\/\u00edndicesali-300x108.jpg 300w\" sizes=\"auto, (max-width: 502px) 100vw, 502px\" \/><\/a><\/p>\n<p>&nbsp;<\/p>\n","protected":false},"excerpt":{"rendered":"<p>Cascada Milagrosa Al sur del pueblo de Balsapamba, junto a la carretera se avista un salto de agua, cuya fuerza y minerales le han atribuido propiedades milagrosas. Este sitio es el destino de los paseos dominicales de la gente de Bol\u00edvar y de la vecina provincia de Los R\u00edos. ver ubicacion Archipi\u00e9lago de Jambel\u00ed El &hellip; <\/p>\n<p><a class=\"more-link btn\" href=\"https:\/\/blog.espol.edu.ec\/sgpena\/region-costa\/otros\/\">Seguir leyendo<\/a><\/p>\n","protected":false},"author":9428,"featured_media":0,"parent":52,"menu_order":3,"comment_status":"open","ping_status":"open","template":"","meta":{"footnotes":""},"class_list":["post-100","page","type-page","status-publish","hentry","nodate","item-wrap"],"_links":{"self":[{"href":"https:\/\/blog.espol.edu.ec\/sgpena\/wp-json\/wp\/v2\/pages\/100","targetHints":{"allow":["GET"]}}],"collection":[{"href":"https:\/\/blog.espol.edu.ec\/sgpena\/wp-json\/wp\/v2\/pages"}],"about":[{"href":"https:\/\/blog.espol.edu.ec\/sgpena\/wp-json\/wp\/v2\/types\/page"}],"author":[{"embeddable":true,"href":"https:\/\/blog.espol.edu.ec\/sgpena\/wp-json\/wp\/v2\/users\/9428"}],"replies":[{"embeddable":true,"href":"https:\/\/blog.espol.edu.ec\/sgpena\/wp-json\/wp\/v2\/comments?post=100"}],"version-history":[{"count":4,"href":"https:\/\/blog.espol.edu.ec\/sgpena\/wp-json\/wp\/v2\/pages\/100\/revisions"}],"predecessor-version":[{"id":263,"href":"https:\/\/blog.espol.edu.ec\/sgpena\/wp-json\/wp\/v2\/pages\/100\/revisions\/263"}],"up":[{"embeddable":true,"href":"https:\/\/blog.espol.edu.ec\/sgpena\/wp-json\/wp\/v2\/pages\/52"}],"wp:attachment":[{"href":"https:\/\/blog.espol.edu.ec\/sgpena\/wp-json\/wp\/v2\/media?parent=100"}],"curies":[{"name":"wp","href":"https:\/\/api.w.org\/{rel}","templated":true}]}}