{"id":113,"date":"2014-11-08T22:28:28","date_gmt":"2014-11-08T22:28:28","guid":{"rendered":"http:\/\/blog.espol.edu.ec\/sgpena\/?page_id=113"},"modified":"2014-11-10T20:34:17","modified_gmt":"2014-11-10T20:34:17","slug":"pichincha","status":"publish","type":"page","link":"https:\/\/blog.espol.edu.ec\/sgpena\/region-sierra\/pichincha\/","title":{"rendered":"PICHINCHA"},"content":{"rendered":"<h1 style=\"text-align: center\"><strong><span style=\"color: #0000ff\">MITAD DEL MUNDO<\/span><\/strong><\/h1>\n<p>El Ecuador cuenta con una peque\u00f1a Ciudad Tur\u00edstica, Cient\u00edfica y Cultural, La Ciudad Mitad del Mundo, ubicado a 13.5 Km (15 minutos) de Quito, capital del Ecuador.<br \/>\nEs el principal centro de atracci\u00f3n tur\u00edstica para nacionales y extranjeros, se levanta sobre ocho hect\u00e1reas, en un precioso valle encantado enclavada en la l\u00ednea equinoccial que divide al planeta en dos hemisferios: Norte y Sur.<\/p>\n<p><a title=\"VER MAS\" href=\"http:\/\/es.wikipedia.org\/wiki\/Ciudad_Mitad_del_Mundo\">VER MAS<\/a><\/p>\n<h1 style=\"text-align: center\"><a href=\"http:\/\/blog.espol.edu.ec\/sgpena\/files\/2014\/11\/descarga.jpg\"><img loading=\"lazy\" decoding=\"async\" class=\"alignnone  wp-image-110\" src=\"http:\/\/blog.espol.edu.ec\/sgpena\/files\/2014\/11\/descarga.jpg\" alt=\"descarga\" width=\"303\" height=\"215\" \/><\/a><\/h1>\n<h1 style=\"text-align: center\"><\/h1>\n<h1 style=\"text-align: center\"><strong><span style=\"color: #008080\">Reserva Ecol\u00f3gica Los Ilinizas (RELI)<\/span><\/strong><\/h1>\n<p style=\"text-align: justify\">La Reserva posee atractivos de gran belleza e importancia, gracias a su potencial cultural y natural de esta \u00e1rea protegida que recibe una gran afluencia de turistas nacionales y extranjeros. Al interior se puede apreciar la majestuosidad de los Ilinizas, el Coraz\u00f3n y el Cerro Azul, las cumbres m\u00e1s importantes para los amantes de la naturaleza, el andinismo y las aventuras de alta monta\u00f1a. <a title=\"ver ubicacion\" href=\"http:\/\/www.paramo.org\/node\/2250\">VER UBICACION<\/a><\/p>\n<p>&nbsp;<\/p>\n<p><a href=\"http:\/\/blog.espol.edu.ec\/sgpena\/files\/2014\/11\/2821866348_d97dc974c9.jpg\"><img loading=\"lazy\" decoding=\"async\" class=\"size-full wp-image-111 aligncenter\" src=\"http:\/\/blog.espol.edu.ec\/sgpena\/files\/2014\/11\/2821866348_d97dc974c9.jpg\" alt=\"2821866348_d97dc974c9\" width=\"500\" height=\"333\" srcset=\"https:\/\/blog.espol.edu.ec\/sgpena\/files\/2014\/11\/2821866348_d97dc974c9.jpg 500w, https:\/\/blog.espol.edu.ec\/sgpena\/files\/2014\/11\/2821866348_d97dc974c9-300x199.jpg 300w\" sizes=\"auto, (max-width: 500px) 100vw, 500px\" \/><\/a><\/p>\n<p>&nbsp;<\/p>\n<p>&nbsp;<\/p>\n<h2 style=\"text-align: center\"><strong><span style=\"color: #333300\">Cascada del r\u00edo Nambillo<\/span><\/strong><\/h2>\n<p>Las cristalinas aguas del r\u00edo Nambillo invitan al turista a recibir un refrescante ba\u00f1o desliz\u00e1ndose por el tobog\u00e1n de m\u00e1s de 15 metros. Tambi\u00e9n puede realizar los saltos de 4 m y 12 m para quienes gustan de los deportes de alto riesgo. <a title=\"VER MAS\" href=\"http:\/\/www.ecostravel.com\/ecuador\/ciudades-destinos\/cascadas-mindo.php\">VER MAS<\/a><\/p>\n<p><a href=\"http:\/\/blog.espol.edu.ec\/sgpena\/files\/2014\/11\/jcascada.jpg\"><img loading=\"lazy\" decoding=\"async\" class=\"size-full wp-image-112 aligncenter\" src=\"http:\/\/blog.espol.edu.ec\/sgpena\/files\/2014\/11\/jcascada.jpg\" alt=\"jcascada\" width=\"465\" height=\"343\" srcset=\"https:\/\/blog.espol.edu.ec\/sgpena\/files\/2014\/11\/jcascada.jpg 465w, https:\/\/blog.espol.edu.ec\/sgpena\/files\/2014\/11\/jcascada-300x221.jpg 300w\" sizes=\"auto, (max-width: 465px) 100vw, 465px\" \/><\/a><\/p>\n<p>&nbsp;<\/p>\n<p>&nbsp;<\/p>\n<h1 style=\"text-align: center\"><strong><span style=\"color: #003300\">\u00a0 \u00a0Jard\u00edn Bot\u00e1nico<\/span><\/strong><\/h1>\n<p style=\"text-align: justify\">El Jard\u00edn Bot\u00e1nico muestra los m\u00e1s importantes h\u00e1bitats de la flora ecuatoriana como: el humedal de los Andes, el bosque nublado, el p\u00e1ramo y el matorral seco montano.<\/p>\n<p style=\"text-align: justify\">Los distintos jardines tem\u00e1ticos, las plantas de p\u00e1ramo adaptadas, los helechos arborescentes y la peque\u00f1a laguna andina son espacios llenos de magia y atracci\u00f3n multicolor. <a title=\"ver mas\" href=\"http:\/\/www.jardinbotanicoquito.com\/\">ver mas<\/a><\/p>\n<p style=\"text-align: center\"><a href=\"http:\/\/blog.espol.edu.ec\/sgpena\/files\/2014\/11\/15-orquidea.jpg\"><img loading=\"lazy\" decoding=\"async\" class=\"alignnone size-full wp-image-117\" src=\"http:\/\/blog.espol.edu.ec\/sgpena\/files\/2014\/11\/15-orquidea.jpg\" alt=\"15-orquidea\" width=\"550\" height=\"390\" srcset=\"https:\/\/blog.espol.edu.ec\/sgpena\/files\/2014\/11\/15-orquidea.jpg 550w, https:\/\/blog.espol.edu.ec\/sgpena\/files\/2014\/11\/15-orquidea-300x212.jpg 300w\" sizes=\"auto, (max-width: 550px) 100vw, 550px\" \/><\/a><\/p>\n<h2 style=\"text-align: center\"><\/h2>\n<h2 style=\"text-align: center\"><strong><span style=\"color: #ff6600\">Zool\u00f3gico de Guayllabamba<\/span><\/strong><\/h2>\n<p style=\"text-align: justify\">El zool\u00f3gico es ese espacio de acercamiento a la naturaleza. Es una oportunidad para conocer y observar animales de todas las regiones del pa\u00eds.<\/p>\n<p style=\"text-align: justify\">En este lugar se encuentra la colecci\u00f3n m\u00e1s grande del pa\u00eds de fauna nativa abierta al p\u00fablico. La mayor parte de esta fauna es proveniente del antiguo Zool\u00f3gico del Colegio Militar, a la que se ha sumado varios animales producto del tr\u00e1fico.<a title=\"ver mas\" href=\"http:\/\/www.quitozoo.org\/\"> ver mas<\/a><\/p>\n<p><a href=\"http:\/\/blog.espol.edu.ec\/sgpena\/files\/2014\/11\/belleza-el-plumaje-del-tucan-arasari-es-muy-llamativo-0-20120329052130-ebc9dc7dfd8df6e52e8951c74f544ac6.jpg\"><img loading=\"lazy\" decoding=\"async\" class=\"size-full wp-image-118 aligncenter\" src=\"http:\/\/blog.espol.edu.ec\/sgpena\/files\/2014\/11\/belleza-el-plumaje-del-tucan-arasari-es-muy-llamativo-0-20120329052130-ebc9dc7dfd8df6e52e8951c74f544ac6.jpg\" alt=\"belleza--el-plumaje-del-tucan-arasari-es-muy-llamativo--0-20120329052130-ebc9dc7dfd8df6e52e8951c74f544ac6\" width=\"400\" height=\"266\" srcset=\"https:\/\/blog.espol.edu.ec\/sgpena\/files\/2014\/11\/belleza-el-plumaje-del-tucan-arasari-es-muy-llamativo-0-20120329052130-ebc9dc7dfd8df6e52e8951c74f544ac6.jpg 400w, https:\/\/blog.espol.edu.ec\/sgpena\/files\/2014\/11\/belleza-el-plumaje-del-tucan-arasari-es-muy-llamativo-0-20120329052130-ebc9dc7dfd8df6e52e8951c74f544ac6-300x199.jpg 300w\" sizes=\"auto, (max-width: 400px) 100vw, 400px\" \/><\/a><\/p>\n<p>&nbsp;<\/p>\n<p>&nbsp;<\/p>\n<h1 style=\"text-align: center\"><strong><span style=\"color: #666699\">Museo Casa de Sucre<\/span><\/strong><\/h1>\n<p style=\"text-align: justify\">El museo guarda los objetos personales y recuerdos de guerra del <b>\"Mariscal de Ayacucho\"<\/b> y de su esposa. El lugar se divide en dos plantas y cada una guarda los vestidos, enseres, los muebles y recuerdos de guerra del <b>\"Abel de Am\u00e9rica\"<\/b>. La historia cuenta que el general venezolano Antonio Jos\u00e9 de Sucre fue un apasionado de Quito, tanto que se cas\u00f3 con Mariana Cancelen, Marquesa de Solanda, una de las quite\u00f1as m\u00e1s acaudaladas con quien form\u00f3 un hogar. <a title=\"ver mas\" href=\"http:\/\/www.in-quito.com\/uio-kito-qito-kyto-qyto\/spanish-uio\/museos-quito-ecuador\/quito-museo-casa-de-sucre.htm\">ver mas<\/a><\/p>\n<p style=\"text-align: center\"><a href=\"http:\/\/blog.espol.edu.ec\/sgpena\/files\/2014\/11\/Cierre-temporal-de-Museo-Casa-de-Sucre.jpg\"><img loading=\"lazy\" decoding=\"async\" class=\"alignnone size-full wp-image-119\" src=\"http:\/\/blog.espol.edu.ec\/sgpena\/files\/2014\/11\/Cierre-temporal-de-Museo-Casa-de-Sucre.jpg\" alt=\"Cierre-temporal-de-Museo-Casa-de-Sucre\" width=\"408\" height=\"264\" srcset=\"https:\/\/blog.espol.edu.ec\/sgpena\/files\/2014\/11\/Cierre-temporal-de-Museo-Casa-de-Sucre.jpg 408w, https:\/\/blog.espol.edu.ec\/sgpena\/files\/2014\/11\/Cierre-temporal-de-Museo-Casa-de-Sucre-300x194.jpg 300w\" sizes=\"auto, (max-width: 408px) 100vw, 408px\" \/><\/a><\/p>\n<h1 style=\"text-align: center\"><\/h1>\n<h1 style=\"text-align: center\"><strong><span style=\"color: #008080\">Reserva Ecol\u00f3gica Cayambe<\/span><\/strong><\/h1>\n<p style=\"text-align: justify\">La Reserva tiene la mayor diversidad de flora y fauna del Ecuador. De la parte alta de la Reserva nacen grandes sistemas hidrogr\u00e1ficos como el del r\u00edo Napo-Mara\u00f1\u00f3n-Amazonas, cuyas aguas desembocan en el Oc\u00e9ano Atl\u00e1ntico y aquellos del r\u00edo Mira y Esmeraldas cuyas aguas desembocan en el Oc\u00e9ano Pac\u00edfico. <a title=\"ver mas\" href=\"http:\/\/es.wikipedia.org\/wiki\/Reserva_Ecol%C3%B3gica_Cayambe-Coca\">ver mas<\/a><\/p>\n<p><a href=\"http:\/\/blog.espol.edu.ec\/sgpena\/files\/2014\/11\/0af31b_104.jpg\"><img loading=\"lazy\" decoding=\"async\" class=\"wp-image-121 aligncenter\" src=\"http:\/\/blog.espol.edu.ec\/sgpena\/files\/2014\/11\/0af31b_104.jpg\" alt=\"SONY DSC\" width=\"496\" height=\"330\" srcset=\"https:\/\/blog.espol.edu.ec\/sgpena\/files\/2014\/11\/0af31b_104.jpg 709w, https:\/\/blog.espol.edu.ec\/sgpena\/files\/2014\/11\/0af31b_104-300x199.jpg 300w\" sizes=\"auto, (max-width: 496px) 100vw, 496px\" \/><\/a><\/p>\n<table style=\"height: 26px\" border=\"0\" width=\"8\" cellspacing=\"0\" cellpadding=\"0\">\n<tbody>\n<tr valign=\"top\">\n<td width=\"190\"><\/td>\n<td width=\"20\"><\/td>\n<td class=\"texto\"><\/td>\n<\/tr>\n<\/tbody>\n<\/table>\n","protected":false},"excerpt":{"rendered":"<p>MITAD DEL MUNDO El Ecuador cuenta con una peque\u00f1a Ciudad Tur\u00edstica, Cient\u00edfica y Cultural, La Ciudad Mitad del Mundo, ubicado a 13.5 Km (15 minutos) de Quito, capital del Ecuador. Es el principal centro de atracci\u00f3n tur\u00edstica para nacionales y extranjeros, se levanta sobre ocho hect\u00e1reas, en un precioso valle encantado enclavada en la l\u00ednea &hellip; <\/p>\n<p><a class=\"more-link btn\" href=\"https:\/\/blog.espol.edu.ec\/sgpena\/region-sierra\/pichincha\/\">Seguir leyendo<\/a><\/p>\n","protected":false},"author":9428,"featured_media":0,"parent":107,"menu_order":0,"comment_status":"open","ping_status":"open","template":"","meta":{"footnotes":""},"class_list":["post-113","page","type-page","status-publish","hentry","nodate","item-wrap"],"_links":{"self":[{"href":"https:\/\/blog.espol.edu.ec\/sgpena\/wp-json\/wp\/v2\/pages\/113","targetHints":{"allow":["GET"]}}],"collection":[{"href":"https:\/\/blog.espol.edu.ec\/sgpena\/wp-json\/wp\/v2\/pages"}],"about":[{"href":"https:\/\/blog.espol.edu.ec\/sgpena\/wp-json\/wp\/v2\/types\/page"}],"author":[{"embeddable":true,"href":"https:\/\/blog.espol.edu.ec\/sgpena\/wp-json\/wp\/v2\/users\/9428"}],"replies":[{"embeddable":true,"href":"https:\/\/blog.espol.edu.ec\/sgpena\/wp-json\/wp\/v2\/comments?post=113"}],"version-history":[{"count":6,"href":"https:\/\/blog.espol.edu.ec\/sgpena\/wp-json\/wp\/v2\/pages\/113\/revisions"}],"predecessor-version":[{"id":266,"href":"https:\/\/blog.espol.edu.ec\/sgpena\/wp-json\/wp\/v2\/pages\/113\/revisions\/266"}],"up":[{"embeddable":true,"href":"https:\/\/blog.espol.edu.ec\/sgpena\/wp-json\/wp\/v2\/pages\/107"}],"wp:attachment":[{"href":"https:\/\/blog.espol.edu.ec\/sgpena\/wp-json\/wp\/v2\/media?parent=113"}],"curies":[{"name":"wp","href":"https:\/\/api.w.org\/{rel}","templated":true}]}}