{"id":128,"date":"2014-11-08T23:14:47","date_gmt":"2014-11-08T23:14:47","guid":{"rendered":"http:\/\/blog.espol.edu.ec\/sgpena\/?page_id=128"},"modified":"2014-11-10T20:29:45","modified_gmt":"2014-11-10T20:29:45","slug":"bolivar","status":"publish","type":"page","link":"https:\/\/blog.espol.edu.ec\/sgpena\/region-sierra\/bolivar\/","title":{"rendered":"BOLIVAR"},"content":{"rendered":"<h1 style=\"text-align: center\"><span style=\"color: #333300\"><strong>Bosque Protector Piedra Blanca<\/strong><\/span><\/h1>\n<p>El bosque protector Piedra Blanca es un reducto de selva embellecido por r\u00edos de agua cristalina y su ambiente paisaj\u00edstico que contrasta con rocas gigantescas de color blanco y negro, es considerado como un importante patrimonio de flora y fauna ecuatoriana. <a title=\"ver mas\" href=\"http:\/\/www.piedrablanca.org\/bosque.htm\">ver mas<\/a><\/p>\n<p style=\"text-align: center\"><a href=\"http:\/\/blog.espol.edu.ec\/sgpena\/files\/2014\/11\/bosq.jpg\"><img loading=\"lazy\" decoding=\"async\" class=\"alignnone size-full wp-image-129\" src=\"http:\/\/blog.espol.edu.ec\/sgpena\/files\/2014\/11\/bosq.jpg\" alt=\"bosq\" width=\"480\" height=\"358\" srcset=\"https:\/\/blog.espol.edu.ec\/sgpena\/files\/2014\/11\/bosq.jpg 480w, https:\/\/blog.espol.edu.ec\/sgpena\/files\/2014\/11\/bosq-300x223.jpg 300w\" sizes=\"auto, (max-width: 480px) 100vw, 480px\" \/><\/a><\/p>\n<h1 style=\"text-align: center\"><strong><span style=\"color: #ff6600\">Reserva de Producci\u00f3n de Fauna Chimborazo<\/span><\/strong><\/h1>\n<p>Se trata de un \u00e1rea protegida de altura, constituida mayoritariamente por p\u00e1ramos. La Reserva, a pesar de su importancia es evidente, los atractivos que llaman la atenci\u00f3n de los turistas, es sin duda el Volc\u00e1n Chimborazo, la monta\u00f1a m\u00e1s alta del Ecuador, totalmente adornada con inmensos glaciares, y su vecino, el Carihuairazo, ambos ubicados en el coraz\u00f3n mismo del \u00e1rea.<a title=\"ver mas\" href=\"http:\/\/www.ambiente.gob.ec\/reserva-de-produccion-de-fauna-chimborazo-26-anos-de-proteccion\/\"> ver mas<\/a><\/p>\n<p style=\"text-align: center\"><a href=\"http:\/\/blog.espol.edu.ec\/sgpena\/files\/2014\/11\/chimborazo-01.jpg\"><img loading=\"lazy\" decoding=\"async\" class=\"alignnone size-full wp-image-130\" src=\"http:\/\/blog.espol.edu.ec\/sgpena\/files\/2014\/11\/chimborazo-01.jpg\" alt=\"chimborazo-01\" width=\"470\" height=\"250\" srcset=\"https:\/\/blog.espol.edu.ec\/sgpena\/files\/2014\/11\/chimborazo-01.jpg 470w, https:\/\/blog.espol.edu.ec\/sgpena\/files\/2014\/11\/chimborazo-01-300x159.jpg 300w\" sizes=\"auto, (max-width: 470px) 100vw, 470px\" \/><\/a><\/p>\n<h2 style=\"text-align: center\"><strong><span style=\"color: #33cccc\">Complejo Ecol\u00f3gico Los Casaiches<\/span><\/strong><\/h2>\n<p>Los Casaichis se encuentran a 21 kil\u00f3metros de la ciudad de Guaranda, localizada en las estribaciones de la cordillera de los Andes desde este lugar usted, puede iniciar caminatas por senderos muy especiales y recorrer un tramo del camino del Inca.<\/p>\n<p><a href=\"http:\/\/blog.espol.edu.ec\/sgpena\/files\/2014\/11\/boli_guaranda_casaichis05.jpg\"><img loading=\"lazy\" decoding=\"async\" class=\" wp-image-131 aligncenter\" src=\"http:\/\/blog.espol.edu.ec\/sgpena\/files\/2014\/11\/boli_guaranda_casaichis05.jpg\" alt=\"boli_guaranda_casaichis05\" width=\"263\" height=\"175\" \/><\/a><\/p>\n<p>&nbsp;<\/p>\n<p>&nbsp;<\/p>\n<h1 style=\"text-align: center\"><strong><span style=\"color: #000080\">Cascada de Plomovado o Velo de Novia<\/span><\/strong><\/h1>\n<p>Tambi\u00e9n denominada <i><b>\u201cVelo de Novia\u201d<\/b><\/i> de aguas andinas. Para llegar a la cascada se sigue aguas arriba por las riberas del r\u00edo Charquiyacu que nace en Los Andes, se puede cruzar puentes colgantes, observar la naturaleza, visitas a fincas frutales donde se puede descansar a la sombra de \u00e1rboles y casas de campo, le permite practicar pesca deportiva, deslizamiento por el r\u00edo con neum\u00e1ticos (tipo rafting), observar y ba\u00f1arse en las cascadas.<\/p>\n<p><a title=\"ver mas de caluma\" href=\"http:\/\/www.viajandox.com\/bolivar\/cascada-plomovado-caluma.htm\">ver mas de caluma<\/a><\/p>\n<p style=\"text-align: center\"><a href=\"http:\/\/blog.espol.edu.ec\/sgpena\/files\/2014\/11\/CALUMA-CHORRERA.jpg\"><img loading=\"lazy\" decoding=\"async\" class=\"alignnone  wp-image-132\" src=\"http:\/\/blog.espol.edu.ec\/sgpena\/files\/2014\/11\/CALUMA-CHORRERA.jpg\" alt=\"CALUMA CHORRERA\" width=\"266\" height=\"355\" srcset=\"https:\/\/blog.espol.edu.ec\/sgpena\/files\/2014\/11\/CALUMA-CHORRERA.jpg 240w, https:\/\/blog.espol.edu.ec\/sgpena\/files\/2014\/11\/CALUMA-CHORRERA-225x300.jpg 225w\" sizes=\"auto, (max-width: 266px) 100vw, 266px\" \/><\/a><\/p>\n","protected":false},"excerpt":{"rendered":"<p>Bosque Protector Piedra Blanca El bosque protector Piedra Blanca es un reducto de selva embellecido por r\u00edos de agua cristalina y su ambiente paisaj\u00edstico que contrasta con rocas gigantescas de color blanco y negro, es considerado como un importante patrimonio de flora y fauna ecuatoriana. ver mas Reserva de Producci\u00f3n de Fauna Chimborazo Se trata &hellip; <\/p>\n<p><a class=\"more-link btn\" href=\"https:\/\/blog.espol.edu.ec\/sgpena\/region-sierra\/bolivar\/\">Seguir leyendo<\/a><\/p>\n","protected":false},"author":9428,"featured_media":0,"parent":107,"menu_order":0,"comment_status":"open","ping_status":"open","template":"","meta":{"footnotes":""},"class_list":["post-128","page","type-page","status-publish","hentry","nodate","item-wrap"],"_links":{"self":[{"href":"https:\/\/blog.espol.edu.ec\/sgpena\/wp-json\/wp\/v2\/pages\/128","targetHints":{"allow":["GET"]}}],"collection":[{"href":"https:\/\/blog.espol.edu.ec\/sgpena\/wp-json\/wp\/v2\/pages"}],"about":[{"href":"https:\/\/blog.espol.edu.ec\/sgpena\/wp-json\/wp\/v2\/types\/page"}],"author":[{"embeddable":true,"href":"https:\/\/blog.espol.edu.ec\/sgpena\/wp-json\/wp\/v2\/users\/9428"}],"replies":[{"embeddable":true,"href":"https:\/\/blog.espol.edu.ec\/sgpena\/wp-json\/wp\/v2\/comments?post=128"}],"version-history":[{"count":3,"href":"https:\/\/blog.espol.edu.ec\/sgpena\/wp-json\/wp\/v2\/pages\/128\/revisions"}],"predecessor-version":[{"id":265,"href":"https:\/\/blog.espol.edu.ec\/sgpena\/wp-json\/wp\/v2\/pages\/128\/revisions\/265"}],"up":[{"embeddable":true,"href":"https:\/\/blog.espol.edu.ec\/sgpena\/wp-json\/wp\/v2\/pages\/107"}],"wp:attachment":[{"href":"https:\/\/blog.espol.edu.ec\/sgpena\/wp-json\/wp\/v2\/media?parent=128"}],"curies":[{"name":"wp","href":"https:\/\/api.w.org\/{rel}","templated":true}]}}