{"id":134,"date":"2014-11-08T23:35:18","date_gmt":"2014-11-08T23:35:18","guid":{"rendered":"http:\/\/blog.espol.edu.ec\/sgpena\/?page_id=134"},"modified":"2014-11-10T20:37:53","modified_gmt":"2014-11-10T20:37:53","slug":"otros","status":"publish","type":"page","link":"https:\/\/blog.espol.edu.ec\/sgpena\/region-sierra\/otros\/","title":{"rendered":"VER M\u00c1S"},"content":{"rendered":"<h1 style=\"text-align: center\"><strong><span style=\"color: #333399\">Volc\u00e1n Cotopaxi<\/span><\/strong><\/h1>\n<p>A 5897 metros encima del nivel de mar, y elevando majestuosamente encima de las monta\u00f1as Andinas, es el volc\u00e1n m\u00e1s alto,\u00a0es uno de los volcanes mas activos en todo el Ecuador. Con un cono absolutamente sim\u00e9trico forman su signo identificable, el volc\u00e1n Cotopaxi es tambi\u00e9n una imagen de libro ilustrado de Ecuador. <a title=\"VER MAS\" href=\"http:\/\/es.wikipedia.org\/wiki\/Volc%C3%A1n_Cotopaxi\">VER MAS<\/a><\/p>\n<p><a href=\"http:\/\/blog.espol.edu.ec\/sgpena\/files\/2014\/11\/descarga1.jpg\"><img loading=\"lazy\" decoding=\"async\" class=\" wp-image-135 aligncenter\" src=\"http:\/\/blog.espol.edu.ec\/sgpena\/files\/2014\/11\/descarga1.jpg\" alt=\"descarga\" width=\"439\" height=\"225\" srcset=\"https:\/\/blog.espol.edu.ec\/sgpena\/files\/2014\/11\/descarga1.jpg 314w, https:\/\/blog.espol.edu.ec\/sgpena\/files\/2014\/11\/descarga1-300x153.jpg 300w\" sizes=\"auto, (max-width: 439px) 100vw, 439px\" \/><\/a><\/p>\n<p>&nbsp;<\/p>\n<p>&nbsp;<\/p>\n<h2 style=\"text-align: center\"><strong><span style=\"color: #808000\">Las Ruinas de IngaPirca<\/span><\/strong><\/h2>\n<p>Ingapirca es el m\u00e1s grande complejo arqueol\u00f3gico y mejor conservado del Ecuador, est\u00e1 ubicado a 80 km de la ciudad de Cuenca, en la provincia del Ca\u00f1ar. Su construcci\u00f3n combina el marr\u00f3n cobrizo del adobe utilizado por la cultura ca\u00f1ar\u00ed con el azulado de las piedras andesita verde tra\u00eddas posteriormente por los incas. Fue edificada con millones de piedras labradas, a mediados del siglo XVIII. <a title=\"VER MAS\" href=\"http:\/\/es.wikipedia.org\/wiki\/Ingapirca\">VER MAS<\/a><\/p>\n<p><a href=\"http:\/\/blog.espol.edu.ec\/sgpena\/files\/2014\/11\/images3.jpg\"><img loading=\"lazy\" decoding=\"async\" class=\" wp-image-136 aligncenter\" src=\"http:\/\/blog.espol.edu.ec\/sgpena\/files\/2014\/11\/images3.jpg\" alt=\"images\" width=\"302\" height=\"226\" \/><\/a><\/p>\n<p>&nbsp;<\/p>\n<p>&nbsp;<\/p>\n<h1 style=\"text-align: center\"><strong><span style=\"color: #008080\">El Parque Nacional Cajas<\/span><\/strong><\/h1>\n<p style=\"text-align: justify\"><span style=\"color: #000000\">El <b>Parque Nacional El Cajas<\/b> est\u00e1 situado en los <a style=\"color: #000000\" title=\"Cordillera de los Andes\" href=\"http:\/\/es.wikipedia.org\/wiki\/Cordillera_de_los_Andes\">Andes<\/a>, al sur del <a style=\"color: #000000\" title=\"Ecuador\" href=\"http:\/\/es.wikipedia.org\/wiki\/Ecuador\">Ecuador<\/a>, en la <a style=\"color: #000000\" title=\"Provincia de Azuay\" href=\"http:\/\/es.wikipedia.org\/wiki\/Provincia_de_Azuay\">provincia de Azuay<\/a>, a 33 <a class=\"mw-redirect\" style=\"color: #000000\" title=\"Km\" href=\"http:\/\/es.wikipedia.org\/wiki\/Km\">km<\/a> al noroccidente de la ciudad de <a style=\"color: #000000\" title=\"Cuenca (Ecuador)\" href=\"http:\/\/es.wikipedia.org\/wiki\/Cuenca_(Ecuador)\">Cuenca<\/a>. Los accesos m\u00e1s comunes al parque inician todos en Cuenca: Desde all\u00ed, la <a style=\"color: #000000\" title=\"V\u00eda Colectora Cuenca-Puerto Inca\" href=\"http:\/\/es.wikipedia.org\/wiki\/V%C3%ADa_Colectora_Cuenca-Puerto_Inca\">v\u00eda Colectora Cuenca-Puerto Inca<\/a> (E582), tambi\u00e9n llamada v\u00eda Cuenca-Molleturo, atraviesa en Control de <a class=\"new\" style=\"color: #000000\" title=\"Surocucho (a\u00fan no redactado)\" href=\"http:\/\/es.wikipedia.org\/w\/index.php?title=Surocucho&amp;action=edit&amp;redlink=1\">Surocucho<\/a> en poco m\u00e1s de 30 minutos de viaje; m\u00e1s adelante, esta misma carretera pasa a orillas de la laguna La Toreadora donde est\u00e1n el Centro Administrativo y de Informaci\u00f3n del Parque. Siguiendo de largo hacia <a class=\"new\" style=\"color: #000000\" title=\"Molleturo (a\u00fan no redactado)\" href=\"http:\/\/es.wikipedia.org\/w\/index.php?title=Molleturo&amp;action=edit&amp;redlink=1\">Molleturo<\/a> , por esta v\u00eda se conoce el sector norte del Cajas y se serpentea entre varias lagunas mayores y menores. Para acceder al Parque desde la costa, la <a style=\"color: #000000\" title=\"V\u00eda Colectora Cuenca-Puerto Inca\" href=\"http:\/\/es.wikipedia.org\/wiki\/V%C3%ADa_Colectora_Cuenca-Puerto_Inca\">v\u00eda Colectora Cuenca-Puerto Inca<\/a> (E582) \u00f3 v\u00eda Molleturo-Cuenca tambi\u00e9n es la mejor opci\u00f3n.<a title=\"VER MAS\" href=\"http:\/\/www.cajaspark.com\/\"> ver mas<\/a><\/span><\/p>\n<p><a href=\"http:\/\/blog.espol.edu.ec\/sgpena\/files\/2014\/11\/image_28.jpg\"><img loading=\"lazy\" decoding=\"async\" class=\"wp-image-137 aligncenter\" src=\"http:\/\/blog.espol.edu.ec\/sgpena\/files\/2014\/11\/image_28-300x225.jpg\" alt=\"image_28\" width=\"391\" height=\"293\" srcset=\"https:\/\/blog.espol.edu.ec\/sgpena\/files\/2014\/11\/image_28-300x225.jpg 300w, https:\/\/blog.espol.edu.ec\/sgpena\/files\/2014\/11\/image_28.jpg 800w\" sizes=\"auto, (max-width: 391px) 100vw, 391px\" \/><\/a><\/p>\n<p>&nbsp;<\/p>\n<p>&nbsp;<\/p>\n<h1 style=\"text-align: center\"><strong><span style=\"color: #800080\"><a style=\"color: #800080\" title=\"Jard\u00edn Bot\u00e1nico Reinaldo Espinosa\" href=\"http:\/\/www.vivaloja.com\/content\/view\/289\/34\/\">Reinaldo Espinosa<\/a><\/span><\/strong><\/h1>\n<p style=\"text-align: justify\"><span style=\"color: #000000\">El jard\u00edn bot\u00e1nico \"Reinaldo Espinosa\" es un centro de <a id=\"autolink\" class=\"autolink\" style=\"color: #000000\" href=\"http:\/\/www.monografias.com\/trabajos15\/metodos-ensenanza\/metodos-ensenanza.shtml\">ense\u00f1anza<\/a> y conservaci\u00f3n <em>ex situ<\/em> que pertenece a la <a id=\"autolink\" class=\"autolink\" style=\"color: #000000\" href=\"http:\/\/www.monografias.com\/trabajos13\/admuniv\/admuniv.shtml\">Universidad<\/a> Nacional de Loja, es el m\u00e1s antiguo del <a id=\"autolink\" class=\"autolink\" style=\"color: #000000\" href=\"http:\/\/www.monografias.com\/trabajos36\/el-ecuador\/el-ecuador.shtml\">Ecuador<\/a>, fundado en 1949 por el bot\u00e1nico Reinaldo Espinosa (1899\u20131952) estudioso y conocedor de la flora del sur del Ecuador. Ocupa una superficie de siete hect\u00e1reas (Tabla 1). Localizado a 5 km de la ciudad de Loja en la v\u00eda a Vilcabamba <a title=\"ver mas\" href=\"http:\/\/es.wikipedia.org\/wiki\/Jard%C3%ADn_bot%C3%A1nico_Reinaldo_Espinosa\">ver mas<\/a><\/span><\/p>\n<p style=\"text-align: center\"><a href=\"http:\/\/blog.espol.edu.ec\/sgpena\/files\/2014\/11\/images-1.jpg\"><img loading=\"lazy\" decoding=\"async\" class=\"alignnone  wp-image-138\" src=\"http:\/\/blog.espol.edu.ec\/sgpena\/files\/2014\/11\/images-1.jpg\" alt=\"images (1)\" width=\"324\" height=\"243\" \/><\/a><\/p>\n<h1 style=\"text-align: center\"><\/h1>\n<h1 style=\"text-align: center\"><strong><span style=\"color: #993300\">Cascadas de Peguche<\/span><\/strong><\/h1>\n<p>Ubicada en la comunidad de Peguche, a tan s\u00f3lo 5 minutos al noroeste de la ciudad de Otavalo. La Cascada de \u00a0Peguche \u00a0es un hermoso salto de agua de 18 m de altura, formada por las aguas del r\u00edo del mismo nombre, que nace en el lago San Pablo.\u00a0 La cascada es uno de los atractivos tur\u00edsticos m\u00e1s importantes de Otavalo. Debido a su cercan\u00eda y f\u00e1cil acceso, varios turistas y visitantes acuden al sector para conocerla y disfrutar de un paisaje \u00fanico<\/p>\n<p><a href=\"http:\/\/blog.espol.edu.ec\/sgpena\/files\/2014\/11\/descarga-1.jpg\"><img loading=\"lazy\" decoding=\"async\" class=\" wp-image-139 aligncenter\" src=\"http:\/\/blog.espol.edu.ec\/sgpena\/files\/2014\/11\/descarga-1.jpg\" alt=\"descarga (1)\" width=\"377\" height=\"283\" \/><\/a><\/p>\n<p>&nbsp;<\/p>\n<h1 style=\"text-align: center\"><strong><span style=\"color: #993366\">Ba\u00f1os<\/span><\/strong><\/h1>\n<p><span class=\"tema-content\">Ba\u00f1os es una de las ciudades m\u00e1s tur\u00edsticas de Ecuador. Esta ciudad vive del turismo, que es su principal actividad econ\u00f3mica. Hay mucha naturaleza que rodea la ciudad. Se puede visitar varios r\u00edos, casacadas, lugares selv\u00e1ticos y contemplar el volc\u00e1n Tungurahua que se encuentra en estado activo. Es un muy buen lugar para hacer ecoturismo. Ba\u00f1os ofrece actividades como rafting, paseos en canoa, rapel, ciclismo, trekking, entre otras. Adem\u00e1s uno puede disfrutar y rejarse en ba\u00f1os de aguas termales.<a title=\"ver mas\" href=\"http:\/\/www.banios.com\/\">ver mas<\/a><a href=\"http:\/\/blog.espol.edu.ec\/sgpena\/files\/2014\/11\/paquete-en-banos-todo-incluido-rafting-cascadas-salto_87bdf477_3.jpg\"><img loading=\"lazy\" decoding=\"async\" class=\"size-full wp-image-157 aligncenter\" src=\"http:\/\/blog.espol.edu.ec\/sgpena\/files\/2014\/11\/paquete-en-banos-todo-incluido-rafting-cascadas-salto_87bdf477_3.jpg\" alt=\"paquete-en-banos-todo-incluido-rafting-cascadas-salto_87bdf477_3\" width=\"500\" height=\"375\" srcset=\"https:\/\/blog.espol.edu.ec\/sgpena\/files\/2014\/11\/paquete-en-banos-todo-incluido-rafting-cascadas-salto_87bdf477_3.jpg 500w, https:\/\/blog.espol.edu.ec\/sgpena\/files\/2014\/11\/paquete-en-banos-todo-incluido-rafting-cascadas-salto_87bdf477_3-300x225.jpg 300w\" sizes=\"auto, (max-width: 500px) 100vw, 500px\" \/><\/a><a href=\"http:\/\/blog.espol.edu.ec\/sgpena\/files\/2014\/11\/tour-aventura-full-farra-y-diversionbanos-de-ambato_fdf86920_3.jpg\"><img loading=\"lazy\" decoding=\"async\" class=\"size-full wp-image-158 aligncenter\" src=\"http:\/\/blog.espol.edu.ec\/sgpena\/files\/2014\/11\/tour-aventura-full-farra-y-diversionbanos-de-ambato_fdf86920_3.jpg\" alt=\"tour-aventura-full-farra-y-diversionbanos-de-ambato_fdf86920_3\" width=\"400\" height=\"280\" srcset=\"https:\/\/blog.espol.edu.ec\/sgpena\/files\/2014\/11\/tour-aventura-full-farra-y-diversionbanos-de-ambato_fdf86920_3.jpg 400w, https:\/\/blog.espol.edu.ec\/sgpena\/files\/2014\/11\/tour-aventura-full-farra-y-diversionbanos-de-ambato_fdf86920_3-300x210.jpg 300w\" sizes=\"auto, (max-width: 400px) 100vw, 400px\" \/><\/a><a href=\"http:\/\/blog.espol.edu.ec\/sgpena\/files\/2014\/11\/cascada.jpg\"><img loading=\"lazy\" decoding=\"async\" class=\"wp-image-159 aligncenter\" src=\"http:\/\/blog.espol.edu.ec\/sgpena\/files\/2014\/11\/cascada.jpg\" alt=\"cascada\" width=\"574\" height=\"431\" srcset=\"https:\/\/blog.espol.edu.ec\/sgpena\/files\/2014\/11\/cascada.jpg 625w, https:\/\/blog.espol.edu.ec\/sgpena\/files\/2014\/11\/cascada-300x225.jpg 300w\" sizes=\"auto, (max-width: 574px) 100vw, 574px\" \/><\/a><br \/>\n<\/span><\/p>\n<p>&nbsp;<\/p>\n<h1 style=\"text-align: center\"><strong>LAS TRES LAGUNAS<\/strong><\/h1>\n<p>Las Tres Lagunas son admiradas y apreciadas por su encanto y sus aguas que poseen propiedades curativas. Se sabe que los antiguos ind\u00edgenas de la zonas aleda\u00f1as se ba\u00f1aban en estas aguas para curar enfermedades y aliviar sus dolencias.\u00a0 <a title=\"VER MAS\" href=\"http:\/\/http:\/\/www.parroquiaprincipalchordeleg.gob.ec\/lugares-para-visitar\/article\/6-las-tres-lagunas\/2-turismo\">VER MAS<\/a><\/p>\n<p style=\"text-align: center\"><a href=\"http:\/\/blog.espol.edu.ec\/sgpena\/files\/2014\/11\/lagunas-de-mojanda.jpg\"><img loading=\"lazy\" decoding=\"async\" class=\"alignnone size-full wp-image-162\" src=\"http:\/\/blog.espol.edu.ec\/sgpena\/files\/2014\/11\/lagunas-de-mojanda.jpg\" alt=\"lagunas-de-mojanda\" width=\"448\" height=\"294\" srcset=\"https:\/\/blog.espol.edu.ec\/sgpena\/files\/2014\/11\/lagunas-de-mojanda.jpg 448w, https:\/\/blog.espol.edu.ec\/sgpena\/files\/2014\/11\/lagunas-de-mojanda-300x196.jpg 300w\" sizes=\"auto, (max-width: 448px) 100vw, 448px\" \/><\/a><\/p>\n<p style=\"text-align: justify\">\n","protected":false},"excerpt":{"rendered":"<p>Volc\u00e1n Cotopaxi A 5897 metros encima del nivel de mar, y elevando majestuosamente encima de las monta\u00f1as Andinas, es el volc\u00e1n m\u00e1s alto,\u00a0es uno de los volcanes mas activos en todo el Ecuador. Con un cono absolutamente sim\u00e9trico forman su signo identificable, el volc\u00e1n Cotopaxi es tambi\u00e9n una imagen de libro ilustrado de Ecuador. VER &hellip; <\/p>\n<p><a class=\"more-link btn\" href=\"https:\/\/blog.espol.edu.ec\/sgpena\/region-sierra\/otros\/\">Seguir leyendo<\/a><\/p>\n","protected":false},"author":9428,"featured_media":0,"parent":107,"menu_order":3,"comment_status":"open","ping_status":"open","template":"","meta":{"footnotes":""},"class_list":["post-134","page","type-page","status-publish","hentry","nodate","item-wrap"],"_links":{"self":[{"href":"https:\/\/blog.espol.edu.ec\/sgpena\/wp-json\/wp\/v2\/pages\/134","targetHints":{"allow":["GET"]}}],"collection":[{"href":"https:\/\/blog.espol.edu.ec\/sgpena\/wp-json\/wp\/v2\/pages"}],"about":[{"href":"https:\/\/blog.espol.edu.ec\/sgpena\/wp-json\/wp\/v2\/types\/page"}],"author":[{"embeddable":true,"href":"https:\/\/blog.espol.edu.ec\/sgpena\/wp-json\/wp\/v2\/users\/9428"}],"replies":[{"embeddable":true,"href":"https:\/\/blog.espol.edu.ec\/sgpena\/wp-json\/wp\/v2\/comments?post=134"}],"version-history":[{"count":7,"href":"https:\/\/blog.espol.edu.ec\/sgpena\/wp-json\/wp\/v2\/pages\/134\/revisions"}],"predecessor-version":[{"id":267,"href":"https:\/\/blog.espol.edu.ec\/sgpena\/wp-json\/wp\/v2\/pages\/134\/revisions\/267"}],"up":[{"embeddable":true,"href":"https:\/\/blog.espol.edu.ec\/sgpena\/wp-json\/wp\/v2\/pages\/107"}],"wp:attachment":[{"href":"https:\/\/blog.espol.edu.ec\/sgpena\/wp-json\/wp\/v2\/media?parent=134"}],"curies":[{"name":"wp","href":"https:\/\/api.w.org\/{rel}","templated":true}]}}