{"id":161,"date":"2014-11-09T22:43:30","date_gmt":"2014-11-09T22:43:30","guid":{"rendered":"http:\/\/blog.espol.edu.ec\/sgpena\/?page_id=161"},"modified":"2014-11-10T20:41:44","modified_gmt":"2014-11-10T20:41:44","slug":"orellana","status":"publish","type":"page","link":"https:\/\/blog.espol.edu.ec\/sgpena\/region-amazonica\/orellana\/","title":{"rendered":"ORELLANA"},"content":{"rendered":"<p>&nbsp;<\/p>\n<h1 class=\"art-PostHeader\" style=\"text-align: center\"><strong><a class=\"PostHeader\" href=\"http:\/\/www.amazoniaturistica.com\/index.php?option=com_content&amp;view=article&amp;id=118:las-conchas-una-cascada-para-el-deleite&amp;catid=36:atractivos-turisticos&amp;Itemid=66\">Las conchas<\/a><\/strong><\/h1>\n<p>La Cascada de las Conchas se encuentra ubicada a 289 msnm, este recurso natural tiene una altura de 3,60 m y un ancho de 15,50 m. En la margen izquierda del estero existe una peque\u00f1a isla de unos 20 m de di\u00e1metro, que es usada para camping y preparaci\u00f3n de alimentos por parte de los visitantes. <a title=\"VER MAS\" href=\"http:\/\/ec.geoview.info\/cascadas_las_conchas,102181803p\">VER MAS<\/a><\/p>\n<p><a href=\"http:\/\/blog.espol.edu.ec\/sgpena\/files\/2014\/11\/371378-194149.jpg\"><img loading=\"lazy\" decoding=\"async\" class=\"wp-image-166 aligncenter\" src=\"http:\/\/blog.espol.edu.ec\/sgpena\/files\/2014\/11\/371378-194149-300x225.jpg\" alt=\"371378-194149\" width=\"515\" height=\"386\" srcset=\"https:\/\/blog.espol.edu.ec\/sgpena\/files\/2014\/11\/371378-194149-300x225.jpg 300w, https:\/\/blog.espol.edu.ec\/sgpena\/files\/2014\/11\/371378-194149.jpg 1024w\" sizes=\"auto, (max-width: 515px) 100vw, 515px\" \/><\/a><\/p>\n<p>&nbsp;<\/p>\n<h2 class=\"art-PostHeader\" style=\"text-align: center\"><strong><span style=\"color: #008000\"><a class=\"PostHeader\" style=\"color: #008000\" href=\"http:\/\/www.amazoniaturistica.com\/index.php?option=com_content&amp;view=article&amp;id=109:joya-de-los-sachas-el-chamacal-pasear-en-canoa-a-plena-selva-sin-peligros&amp;catid=36:atractivos-turisticos&amp;Itemid=66\">Joya de los Sachas<\/a><a class=\"PostHeader\" style=\"color: #008000\" href=\"http:\/\/www.amazoniaturistica.com\/index.php?option=com_content&amp;view=article&amp;id=109:joya-de-los-sachas-el-chamacal-pasear-en-canoa-a-plena-selva-sin-peligros&amp;catid=36:atractivos-turisticos&amp;Itemid=66\"> Lago El Chamacal<\/a><\/span><\/strong><\/h2>\n<p>La Laguna El Chamacal, es otro de los atractivos tur\u00edsticos amaz\u00f3nicos, aunque no est\u00e1 desarrollada como quisiera el turista. Quienes gustan de la pesca vienen hasta este lugar a disfrutar del hermoso paisaje amaz\u00f3nico, aunque para llegar deban recorrer 20 kil\u00f3metros por v\u00eda lastrada luego de otros 9 por v\u00eda asfaltada, por lo tanto, no es dif\u00edcil llegar hasta aqu\u00ed.<\/p>\n<h1 style=\"text-align: center\"><a href=\"http:\/\/blog.espol.edu.ec\/sgpena\/files\/2014\/11\/images4.jpg\"><img loading=\"lazy\" decoding=\"async\" class=\"wp-image-167 aligncenter\" src=\"http:\/\/blog.espol.edu.ec\/sgpena\/files\/2014\/11\/images4.jpg\" alt=\"images\" width=\"342\" height=\"252\" \/><\/a><\/h1>\n<h1 style=\"text-align: center\"><\/h1>\n<h1 style=\"text-align: center\"><strong><span style=\"color: #ff9900\">CASCADA\u00a0 LA BELLEZA<\/span><\/strong><\/h1>\n<p>cuenta con un paisaje natural, en el que se combina la cascada con el entorno de la vegetaci\u00f3n, se forma en aguas del r\u00edo Tiputini que en este punto presenta aguas relativamente transparentes y con pocos sedimentos. Su paisaje es singular y poco frecuente en la regi\u00f3n consider\u00e1ndose al momento, el \u00fanico<a title=\"VER MAS\" href=\"http:\/\/www.ecostravel.com\/ecuador\/ciudades-destinos\/francisco-de-orellana\/cascada-la-belleza.php\"> VER MAS<\/a><\/p>\n<p style=\"text-align: center\"><a href=\"http:\/\/blog.espol.edu.ec\/sgpena\/files\/2014\/11\/70597633.jpg\"><img loading=\"lazy\" decoding=\"async\" class=\"alignnone size-full wp-image-168\" src=\"http:\/\/blog.espol.edu.ec\/sgpena\/files\/2014\/11\/70597633.jpg\" alt=\"70597633\" width=\"500\" height=\"373\" srcset=\"https:\/\/blog.espol.edu.ec\/sgpena\/files\/2014\/11\/70597633.jpg 500w, https:\/\/blog.espol.edu.ec\/sgpena\/files\/2014\/11\/70597633-300x223.jpg 300w\" sizes=\"auto, (max-width: 500px) 100vw, 500px\" \/><\/a><\/p>\n<h1 style=\"text-align: center\"><\/h1>\n<h1 style=\"text-align: center\"><span style=\"color: #808000\"><b>La iglesia catedral<\/b><\/span><\/h1>\n<p style=\"text-align: justify\"><span style=\"color: #000000\"> Fue construida por los sacerdotes <a style=\"color: #000000\" title=\"Orden de los Hermanos Menores Capuchinos\" href=\"http:\/\/es.wikipedia.org\/wiki\/Orden_de_los_Hermanos_Menores_Capuchinos\">capuchinos<\/a>, hace aproximadamente 35 a\u00f1os, por tanto su arquitectura es contempor\u00e1nea. Entre los objetos m\u00e1s valiosos de la iglesia se encuentran los objetos personales de la Hermana In\u00e9s Arango, misionera que intent\u00f3 la evangelizaci\u00f3n de los <a style=\"color: #000000\" title=\"Huaorani\" href=\"http:\/\/es.wikipedia.org\/wiki\/Huaorani\">huaoranis<\/a>. \u00c9stos objetos se guardan en la que fuera su habitaci\u00f3n, tal y como ella la dej\u00f3 antes de partir. La patrona de la catedral es la \"Virgen del Carmen\" y se realiza cada <a style=\"color: #000000\" title=\"16 de julio\" href=\"http:\/\/es.wikipedia.org\/wiki\/16_de_julio\">16 de julio<\/a> la fiesta en su honor.<\/span><\/p>\n<p style=\"text-align: center\"><a href=\"http:\/\/blog.espol.edu.ec\/sgpena\/files\/2014\/11\/15192.jpg\"><img loading=\"lazy\" decoding=\"async\" class=\"alignnone size-full wp-image-225\" src=\"http:\/\/blog.espol.edu.ec\/sgpena\/files\/2014\/11\/15192.jpg\" alt=\"15192\" width=\"566\" height=\"425\" srcset=\"https:\/\/blog.espol.edu.ec\/sgpena\/files\/2014\/11\/15192.jpg 566w, https:\/\/blog.espol.edu.ec\/sgpena\/files\/2014\/11\/15192-300x225.jpg 300w\" sizes=\"auto, (max-width: 566px) 100vw, 566px\" \/><\/a><\/p>\n<h1 style=\"text-align: center\"><\/h1>\n<h1 style=\"text-align: center\"><span style=\"color: #ff6600\"><b>El Museo Arqueol\u00f3gico y Centro Cultural de Orellana<\/b><\/span><\/h1>\n<p style=\"text-align: justify\">Fue recientemente inaugurado, y actualmente muestra la exposici\u00f3n arqueol\u00f3gica: \"Rostros de Luna\". La exposici\u00f3n muestra las cer\u00e1micas encontradas en las riberas del r\u00edo Napo. El MACCO est\u00e1 ubicado en las calles Chimborazo y Quito<a title=\"ver mas\" href=\"http:\/\/www.orellana.gob.ec\/turismo\/museos.html\">.ver mas<\/a><\/p>\n<p><a href=\"http:\/\/blog.espol.edu.ec\/sgpena\/files\/2014\/11\/museo.jpg\"><img loading=\"lazy\" decoding=\"async\" class=\"wp-image-226 aligncenter\" src=\"http:\/\/blog.espol.edu.ec\/sgpena\/files\/2014\/11\/museo.jpg\" alt=\"museo\" width=\"569\" height=\"450\" srcset=\"https:\/\/blog.espol.edu.ec\/sgpena\/files\/2014\/11\/museo.jpg 633w, https:\/\/blog.espol.edu.ec\/sgpena\/files\/2014\/11\/museo-300x237.jpg 300w\" sizes=\"auto, (max-width: 569px) 100vw, 569px\" \/><\/a><\/p>\n<p>&nbsp;<\/p>\n<p><a href=\"http:\/\/blog.espol.edu.ec\/sgpena\/files\/2014\/11\/museo-cicame.jpg\"><img loading=\"lazy\" decoding=\"async\" class=\" wp-image-227 aligncenter\" src=\"http:\/\/blog.espol.edu.ec\/sgpena\/files\/2014\/11\/museo-cicame.jpg\" alt=\"museo-cicame\" width=\"494\" height=\"298\" srcset=\"https:\/\/blog.espol.edu.ec\/sgpena\/files\/2014\/11\/museo-cicame.jpg 446w, https:\/\/blog.espol.edu.ec\/sgpena\/files\/2014\/11\/museo-cicame-300x180.jpg 300w\" sizes=\"auto, (max-width: 494px) 100vw, 494px\" \/><\/a><\/p>\n<p>&nbsp;<\/p>\n<p>&nbsp;<\/p>\n<p>&nbsp;<\/p>\n<table style=\"height: 5px\" border=\"0\" width=\"105\" cellspacing=\"0\" cellpadding=\"0\">\n<tbody>\n<tr valign=\"top\">\n<td width=\"20\"><\/td>\n<td class=\"texto\"><\/td>\n<\/tr>\n<\/tbody>\n<\/table>\n<p>&nbsp;<\/p>\n<table border=\"0\" width=\"100%\" cellspacing=\"0\" cellpadding=\"0\">\n<tbody>\n<tr valign=\"top\">\n<td width=\"20\"><\/td>\n<td class=\"texto\"><\/td>\n<\/tr>\n<\/tbody>\n<\/table>\n","protected":false},"excerpt":{"rendered":"<p>&nbsp; Las conchas La Cascada de las Conchas se encuentra ubicada a 289 msnm, este recurso natural tiene una altura de 3,60 m y un ancho de 15,50 m. En la margen izquierda del estero existe una peque\u00f1a isla de unos 20 m de di\u00e1metro, que es usada para camping y preparaci\u00f3n de alimentos por &hellip; <\/p>\n<p><a class=\"more-link btn\" href=\"https:\/\/blog.espol.edu.ec\/sgpena\/region-amazonica\/orellana\/\">Seguir leyendo<\/a><\/p>\n","protected":false},"author":9428,"featured_media":0,"parent":154,"menu_order":0,"comment_status":"open","ping_status":"open","template":"","meta":{"footnotes":""},"class_list":["post-161","page","type-page","status-publish","hentry","nodate","item-wrap"],"_links":{"self":[{"href":"https:\/\/blog.espol.edu.ec\/sgpena\/wp-json\/wp\/v2\/pages\/161","targetHints":{"allow":["GET"]}}],"collection":[{"href":"https:\/\/blog.espol.edu.ec\/sgpena\/wp-json\/wp\/v2\/pages"}],"about":[{"href":"https:\/\/blog.espol.edu.ec\/sgpena\/wp-json\/wp\/v2\/types\/page"}],"author":[{"embeddable":true,"href":"https:\/\/blog.espol.edu.ec\/sgpena\/wp-json\/wp\/v2\/users\/9428"}],"replies":[{"embeddable":true,"href":"https:\/\/blog.espol.edu.ec\/sgpena\/wp-json\/wp\/v2\/comments?post=161"}],"version-history":[{"count":8,"href":"https:\/\/blog.espol.edu.ec\/sgpena\/wp-json\/wp\/v2\/pages\/161\/revisions"}],"predecessor-version":[{"id":268,"href":"https:\/\/blog.espol.edu.ec\/sgpena\/wp-json\/wp\/v2\/pages\/161\/revisions\/268"}],"up":[{"embeddable":true,"href":"https:\/\/blog.espol.edu.ec\/sgpena\/wp-json\/wp\/v2\/pages\/154"}],"wp:attachment":[{"href":"https:\/\/blog.espol.edu.ec\/sgpena\/wp-json\/wp\/v2\/media?parent=161"}],"curies":[{"name":"wp","href":"https:\/\/api.w.org\/{rel}","templated":true}]}}