{"id":170,"date":"2014-11-09T23:32:52","date_gmt":"2014-11-09T23:32:52","guid":{"rendered":"http:\/\/blog.espol.edu.ec\/sgpena\/?page_id=170"},"modified":"2014-11-10T20:46:26","modified_gmt":"2014-11-10T20:46:26","slug":"ver-mas","status":"publish","type":"page","link":"https:\/\/blog.espol.edu.ec\/sgpena\/region-amazonica\/ver-mas\/","title":{"rendered":"VER MAS"},"content":{"rendered":"<h1 style=\"text-align: center\"><strong><span class=\"titulo5\" style=\"color: #ff6600\">Parque Real de Aves Ex\u00f3ticas<\/span><\/strong><\/h1>\n<p>Es un atractivo tur\u00edstico destinado a la observaci\u00f3n y reproducci\u00f3n de varias especies de aves de hermosos colores formas y tama\u00f1os, la mayor\u00eda de estas son originarias de otros continentes y se encuentran en cautiverio (jaulas) ya que son aves de granja o corral, son alimentados con suplementos <a title=\"VER MAS\" href=\"http:\/\/www.pastaza.com\/atractivos\/parque-real\/\">VER MAS<\/a><\/p>\n<p><a href=\"http:\/\/blog.espol.edu.ec\/sgpena\/files\/2014\/11\/pajaro-exotico-11.jpg\"><img loading=\"lazy\" decoding=\"async\" class=\"alignnone wp-image-171 \" src=\"http:\/\/blog.espol.edu.ec\/sgpena\/files\/2014\/11\/pajaro-exotico-11-1024x768.jpg\" alt=\"pajaro-exotico-11\" width=\"599\" height=\"449\" srcset=\"https:\/\/blog.espol.edu.ec\/sgpena\/files\/2014\/11\/pajaro-exotico-11-1024x768.jpg 1024w, https:\/\/blog.espol.edu.ec\/sgpena\/files\/2014\/11\/pajaro-exotico-11-300x225.jpg 300w, https:\/\/blog.espol.edu.ec\/sgpena\/files\/2014\/11\/pajaro-exotico-11.jpg 1600w\" sizes=\"auto, (max-width: 599px) 100vw, 599px\" \/><\/a><\/p>\n<p><a href=\"http:\/\/blog.espol.edu.ec\/sgpena\/files\/2014\/11\/images5.jpg\"><img loading=\"lazy\" decoding=\"async\" class=\"wp-image-172 aligncenter\" src=\"http:\/\/blog.espol.edu.ec\/sgpena\/files\/2014\/11\/images5.jpg\" alt=\"images\" width=\"399\" height=\"265\" \/><\/a><\/p>\n<h2 class=\"art-PostHeader\" style=\"text-align: center\"><strong><span style=\"color: #339966\"><a class=\"PostHeader\" style=\"color: #339966\" href=\"http:\/\/www.amazoniaturistica.com\/index.php?option=com_content&amp;view=article&amp;id=124:cavernas-del-rio-puyo-&amp;catid=44:atractivos-turisticos&amp;Itemid=71\">Cavernas del R\u00edo Puyo <\/a><\/span><\/strong><\/h2>\n<p>Las cavernas del r\u00edo Puyo son un atractivo natural como para conjugar armoniosamente con lo muy infrecuente de la belleza al interior de las rocas. Este atractivo se encuentra al margen derecho del R\u00edo Puyo, este es un lugar pr\u00edstino y salvaje, hermoso como \u00e9l solo, con fauna y flora propias del lugar, el bosque h\u00famedo tropical y lluvioso de la alta Amazon\u00eda.<\/p>\n<p style=\"text-align: center\"><a href=\"http:\/\/blog.espol.edu.ec\/sgpena\/files\/2014\/11\/verBannerApFoto.php_.jpg\"><img loading=\"lazy\" decoding=\"async\" class=\"alignnone size-full wp-image-173\" src=\"http:\/\/blog.espol.edu.ec\/sgpena\/files\/2014\/11\/verBannerApFoto.php_.jpg\" alt=\"verBannerApFoto.php\" width=\"460\" height=\"340\" srcset=\"https:\/\/blog.espol.edu.ec\/sgpena\/files\/2014\/11\/verBannerApFoto.php_.jpg 460w, https:\/\/blog.espol.edu.ec\/sgpena\/files\/2014\/11\/verBannerApFoto.php_-300x221.jpg 300w\" sizes=\"auto, (max-width: 460px) 100vw, 460px\" \/><\/a><\/p>\n<h1 style=\"text-align: center\"><strong><span style=\"color: #3366ff\">R\u00cdO PASTAZA<\/span><\/strong><\/h1>\n<p>Este R\u00edo recorre todo el Cant\u00f3n Ba\u00f1os y ha sido empleado para realizar varias actividades como el rafting, el kayaking y sirve de atractivo central en el viaje a la Ruta de las Cascadas, a la vez que en sus cuencas se encuentra el Corredor Ecol\u00f3gico Llanganates \u2013 Sangay.<\/p>\n<p>El R\u00edo Pastaza es uno de los tributarios del R\u00edo Amazonas, y es el resultado de la uni\u00f3n de los r\u00edos Chambo y Patate. <a title=\"VER MAS\" href=\"http:\/\/es.wikipedia.org\/wiki\/R%C3%ADo_Pastaza\">VER MAS<\/a><\/p>\n<p style=\"text-align: center\"><a href=\"http:\/\/blog.espol.edu.ec\/sgpena\/files\/2014\/11\/paquete-en-banos-todo-incluido-rafting-cascadas-salto_87bdf477_31.jpg\"><img loading=\"lazy\" decoding=\"async\" class=\"alignnone size-full wp-image-174\" src=\"http:\/\/blog.espol.edu.ec\/sgpena\/files\/2014\/11\/paquete-en-banos-todo-incluido-rafting-cascadas-salto_87bdf477_31.jpg\" alt=\"paquete-en-banos-todo-incluido-rafting-cascadas-salto_87bdf477_3\" width=\"500\" height=\"375\" srcset=\"https:\/\/blog.espol.edu.ec\/sgpena\/files\/2014\/11\/paquete-en-banos-todo-incluido-rafting-cascadas-salto_87bdf477_31.jpg 500w, https:\/\/blog.espol.edu.ec\/sgpena\/files\/2014\/11\/paquete-en-banos-todo-incluido-rafting-cascadas-salto_87bdf477_31-300x225.jpg 300w\" sizes=\"auto, (max-width: 500px) 100vw, 500px\" \/><\/a><\/p>\n<h1 style=\"text-align: center\"><strong><span class=\"tema-content\" style=\"color: #008080\">Parque Nacional Cuyabeno<\/span><\/strong><\/h1>\n<p style=\"text-align: justify\"><span class=\"tema-content\">El Parque Nacional Cuyabenos es una Reserva de Producci\u00f3n de Fauna ubicado en la zona noreste de la Regi\u00f3n Amaz\u00f3nica de Ecuador. En este santuario natural hay unas 12 mil especies de plantas y \u00e1rboles registradas, unas 100 especies de mam\u00edferos y alrededor de 600 tipos de aves. Este parque es considerado como un ejemplo del manejo responsable del turismo aventura y ecoturismo en Sudam\u00e9rica.<a title=\"ver ubicacion\" href=\"http:\/\/www.citetour.com\/magento\/index.php\/tours-nacionales-1\/oriente\/cuyabeno-parque-nacional\/cuyabeno-parque-nacional.html\">ver ubicacion<\/a><br \/>\n<\/span><\/p>\n<p><a href=\"http:\/\/blog.espol.edu.ec\/sgpena\/files\/2014\/11\/\u00edndice1.jpg\"><img loading=\"lazy\" decoding=\"async\" class=\"wp-image-175 aligncenter\" src=\"http:\/\/blog.espol.edu.ec\/sgpena\/files\/2014\/11\/\u00edndice1.jpg\" alt=\"\u00edndice\" width=\"421\" height=\"273\" \/><\/a><\/p>\n<h1 class=\"art-PostHeader\" style=\"text-align: center\"><strong><span style=\"color: #800000\"><a class=\"PostHeader\" style=\"color: #800000\" href=\"http:\/\/www.amazoniaturistica.com\/index.php?option=com_content&amp;view=article&amp;id=32:podocarpus&amp;catid=49:atractivos-turisticos&amp;Itemid=76\">Parque Nacional Podocarpus<\/a><\/span><\/strong><\/h1>\n<p>Unas 4000 especies de vegetales, donde resalta la infinidad de orqu\u00eddeas ornamentales, son parte de la exuberancia del Parque Nacional Podocarpus. Por los senderos naturales cuando el visitante recorre estos campos llenos de gracia, puede ver, admirar y hasta ba\u00f1arse en aguas cristalinas, admirar grandes enca\u00f1onadas, lagunas de lechos rocosos y muchas otras bellezas que solo existen en los linderos de ala Amazon\u00eda ecuatoriana.<br \/>\nComo en otro art\u00edculo refer\u00edamos al Yasun\u00ed y su belleza \u00fanica, en el Parque Nacional Podocarpus podemos admirar por ejemplo \u201clas lagunas del Compadre\u201d, un sistema compuesto por 100 lagunas. <a title=\"ver mas\" href=\"http:\/\/www.ambiente.gob.ec\/parque-nacional-podocarpus\/\">ver mas<\/a><\/p>\n<h1><a href=\"http:\/\/blog.espol.edu.ec\/sgpena\/files\/2014\/11\/\u00edndice2.jpg\"><img loading=\"lazy\" decoding=\"async\" class=\"wp-image-176 aligncenter\" src=\"http:\/\/blog.espol.edu.ec\/sgpena\/files\/2014\/11\/\u00edndice2.jpg\" alt=\"\u00edndice\" width=\"316\" height=\"210\" \/><\/a><\/h1>\n<h1><strong><span style=\"color: #99cc00\">\u00a0\u00a0\u00a0\u00a0\u00a0\u00a0\u00a0\u00a0\u00a0\u00a0\u00a0\u00a0\u00a0\u00a0\u00a0\u00a0\u00a0\u00a0\u00a0\u00a0\u00a0\u00a0\u00a0\u00a0\u00a0\u00a0\u00a0\u00a0\u00a0\u00a0\u00a0\u00a0 <\/span><\/strong><\/h1>\n<h1 style=\"text-align: center\"><strong><span style=\"color: #99cc00\">TZANKA REFUGIO ECOL\u00d3GICO<\/span><\/strong><\/h1>\n<table style=\"height: 117px\" border=\"0\" width=\"612\" cellspacing=\"0\" cellpadding=\"0\">\n<tbody>\n<tr>\n<td valign=\"top\" width=\"75%\" height=\"14\">\n<h5 class=\"texto\" style=\"text-align: justify\">En el centro de la ciudad de Zamora se encuentra Tzanka refugio ecol\u00f3gico, un lugar paradis\u00edaco, para los amantes de la naturaleza en donde podemos admirar varias especies de animales. Cuenta con un museo con piezas arqueol\u00f3gicas y una tienda artesanal, adem\u00e1s podemos observar reliquias y antig\u00fcedades, hermosas artesan\u00edas como trajes t\u00edpicos, coronas y plumas de etnias ind\u00edgenas y museo arqueol\u00f3gico. <a title=\"VER MAS\" href=\"http:\/\/www.guadalupe-ec.org\/clinic\/life_in_guadalupe\/refugio_ecologico_tzanka.html\">VER MAS<\/a><\/h5>\n<\/td>\n<\/tr>\n<\/tbody>\n<\/table>\n<div class=\"texto\"><\/div>\n<div align=\"center\">\u00a0<a href=\"http:\/\/blog.espol.edu.ec\/sgpena\/files\/2014\/11\/orquideas.jpg\"><img loading=\"lazy\" decoding=\"async\" class=\"alignnone  wp-image-177\" src=\"http:\/\/blog.espol.edu.ec\/sgpena\/files\/2014\/11\/orquideas.jpg\" alt=\"orquideas\" width=\"429\" height=\"221\" srcset=\"https:\/\/blog.espol.edu.ec\/sgpena\/files\/2014\/11\/orquideas.jpg 454w, https:\/\/blog.espol.edu.ec\/sgpena\/files\/2014\/11\/orquideas-300x154.jpg 300w\" sizes=\"auto, (max-width: 429px) 100vw, 429px\" \/><\/a><\/div>\n<div align=\"center\"><\/div>\n<h1 align=\"center\"><strong><span class=\"titulo5\" style=\"color: #ff9900\">Parque Nacional Yasun\u00ed<\/span><\/strong><\/h1>\n<div align=\"center\"><\/div>\n<div align=\"center\"><\/div>\n<table style=\"height: 125px\" border=\"0\" width=\"586\" cellspacing=\"0\" cellpadding=\"0\">\n<tbody>\n<tr valign=\"top\">\n<td width=\"20\"><\/td>\n<td class=\"texto\" style=\"text-align: justify\">\n<h5>El Parque es una sucesi\u00f3n infinita de peque\u00f1as colinas, formadas por el paso milenario de los r\u00edos. Alberga a uno de los ecosistemas de mayor biodiversidad en el mundo, donde habitan los m\u00e1s variados representantes de la fauna y flora tropicales, la UNESCO lo declar\u00f3 Reserva Mundial de la Biosfera. Es un laboratorio natural que ofrece la oportunidad de aprender sobre los sistemas tropicales. <a title=\"VER MAS\" href=\"http:\/\/www.amazoniaporlavida.org\/es\/parque-nacional-yasuni\/el-parque-nacional-yasuni.html\">VER MAS<\/a><\/h5>\n<h5><a href=\"http:\/\/blog.espol.edu.ec\/sgpena\/files\/2014\/11\/parque-yasuni-itt.jpg\"><img loading=\"lazy\" decoding=\"async\" class=\"alignnone size-full wp-image-178\" src=\"http:\/\/blog.espol.edu.ec\/sgpena\/files\/2014\/11\/parque-yasuni-itt.jpg\" alt=\"parque-yasuni-itt\" width=\"451\" height=\"335\" srcset=\"https:\/\/blog.espol.edu.ec\/sgpena\/files\/2014\/11\/parque-yasuni-itt.jpg 451w, https:\/\/blog.espol.edu.ec\/sgpena\/files\/2014\/11\/parque-yasuni-itt-300x222.jpg 300w\" sizes=\"auto, (max-width: 451px) 100vw, 451px\" \/><\/a><\/h5>\n<\/td>\n<\/tr>\n<\/tbody>\n<\/table>\n","protected":false},"excerpt":{"rendered":"<p>Parque Real de Aves Ex\u00f3ticas Es un atractivo tur\u00edstico destinado a la observaci\u00f3n y reproducci\u00f3n de varias especies de aves de hermosos colores formas y tama\u00f1os, la mayor\u00eda de estas son originarias de otros continentes y se encuentran en cautiverio (jaulas) ya que son aves de granja o corral, son alimentados con suplementos VER MAS &hellip; <\/p>\n<p><a class=\"more-link btn\" href=\"https:\/\/blog.espol.edu.ec\/sgpena\/region-amazonica\/ver-mas\/\">Seguir leyendo<\/a><\/p>\n","protected":false},"author":9428,"featured_media":0,"parent":154,"menu_order":0,"comment_status":"open","ping_status":"open","template":"","meta":{"footnotes":""},"class_list":["post-170","page","type-page","status-publish","hentry","nodate","item-wrap"],"_links":{"self":[{"href":"https:\/\/blog.espol.edu.ec\/sgpena\/wp-json\/wp\/v2\/pages\/170","targetHints":{"allow":["GET"]}}],"collection":[{"href":"https:\/\/blog.espol.edu.ec\/sgpena\/wp-json\/wp\/v2\/pages"}],"about":[{"href":"https:\/\/blog.espol.edu.ec\/sgpena\/wp-json\/wp\/v2\/types\/page"}],"author":[{"embeddable":true,"href":"https:\/\/blog.espol.edu.ec\/sgpena\/wp-json\/wp\/v2\/users\/9428"}],"replies":[{"embeddable":true,"href":"https:\/\/blog.espol.edu.ec\/sgpena\/wp-json\/wp\/v2\/comments?post=170"}],"version-history":[{"count":3,"href":"https:\/\/blog.espol.edu.ec\/sgpena\/wp-json\/wp\/v2\/pages\/170\/revisions"}],"predecessor-version":[{"id":270,"href":"https:\/\/blog.espol.edu.ec\/sgpena\/wp-json\/wp\/v2\/pages\/170\/revisions\/270"}],"up":[{"embeddable":true,"href":"https:\/\/blog.espol.edu.ec\/sgpena\/wp-json\/wp\/v2\/pages\/154"}],"wp:attachment":[{"href":"https:\/\/blog.espol.edu.ec\/sgpena\/wp-json\/wp\/v2\/media?parent=170"}],"curies":[{"name":"wp","href":"https:\/\/api.w.org\/{rel}","templated":true}]}}