{"id":188,"date":"2014-11-10T00:12:59","date_gmt":"2014-11-10T00:12:59","guid":{"rendered":"http:\/\/blog.espol.edu.ec\/sgpena\/?page_id=188"},"modified":"2014-11-10T20:52:51","modified_gmt":"2014-11-10T20:52:51","slug":"galapagos-y-sus-maravillas","status":"publish","type":"page","link":"https:\/\/blog.espol.edu.ec\/sgpena\/region-insular\/galapagos-y-sus-maravillas\/","title":{"rendered":"GALAPAGOS Y SUS MARAVILLAS"},"content":{"rendered":"<h1 style=\"text-align: center\"><strong><span style=\"color: #003300\">Parque Nacional Gal\u00e1pagos<\/span><\/strong><\/h1>\n<p style=\"text-align: justify\"><span style=\"color: #000000\">El <b>Parque Nacional Gal\u00e1pagos<\/b> es un <a style=\"color: #000000\" title=\"Parque nacional\" href=\"http:\/\/es.wikipedia.org\/wiki\/Parque_nacional\">parque nacional<\/a> de <a style=\"color: #000000\" title=\"Ecuador\" href=\"http:\/\/es.wikipedia.org\/wiki\/Ecuador\">Ecuador<\/a>. Fue fundado en <a style=\"color: #000000\" title=\"1959\" href=\"http:\/\/es.wikipedia.org\/wiki\/1959\">1959<\/a> y se convirti\u00f3 en el primer parque nacional del pa\u00eds. Abarca unos 7.995,4 km\u00b2, un 97% de las <a style=\"color: #000000\" title=\"Islas Gal\u00e1pagos\" href=\"http:\/\/es.wikipedia.org\/wiki\/Islas_Gal%C3%A1pagos\">islas Gal\u00e1pagos<\/a>. Este parque se divide en varios ecosistemas y tiene plantas end\u00e9micas. Entre su fauna destacan las grandes tortugas de las Gal\u00e1pagos, en peligro de extinci\u00f3n por los atroces ataques de manat\u00eds, la \u00faltima v\u00edctima ha sido el solitario Georg<\/span>e. <a title=\"VER MAS\" href=\"http:\/\/www.ambiente.gob.ec\/parque-nacional-galapagos\/\">VER MAS<\/a><\/p>\n<p style=\"text-align: center\"><a href=\"http:\/\/blog.espol.edu.ec\/sgpena\/files\/2014\/11\/parque-nacional-galapagos.jpg\"><img loading=\"lazy\" decoding=\"async\" class=\"alignnone  wp-image-189\" src=\"http:\/\/blog.espol.edu.ec\/sgpena\/files\/2014\/11\/parque-nacional-galapagos.jpg\" alt=\"parque nacional galapagos\" width=\"418\" height=\"297\" srcset=\"https:\/\/blog.espol.edu.ec\/sgpena\/files\/2014\/11\/parque-nacional-galapagos.jpg 400w, https:\/\/blog.espol.edu.ec\/sgpena\/files\/2014\/11\/parque-nacional-galapagos-300x213.jpg 300w\" sizes=\"auto, (max-width: 418px) 100vw, 418px\" \/><\/a><\/p>\n<h1 class=\"firstHeading\" style=\"text-align: center\"><\/h1>\n<h1 id=\"firstHeading\" class=\"firstHeading\" style=\"text-align: center\"><strong><span dir=\"auto\" style=\"color: #993366\">Estaci\u00f3n Cient\u00edfica Charles Darwin<\/span><\/strong><\/h1>\n<p style=\"text-align: justify\">Famosa por la cr\u00eda en cautiverio de las tortugas gigantes, llamadas Gal\u00e1pagos que viven un promedio de 150 a\u00f1os. Fue creada en 1964, cuenta con un centro de interpretaci\u00f3n de historia natural y ejecuta tareas educativas apoyando al servicio del Parque Nacional Gal\u00e1pagos. Esta estaci\u00f3n es igualmente centro de operaciones de cient\u00edficos extranjeros que llegan a las islas para ocuparse de programas de investigaci\u00f3n especiales. <a title=\"VER MAS\" href=\"http:\/\/www.darwinfoundation.org\/es\/\">CONOCER MAS<\/a><\/p>\n<p style=\"text-align: center\"><a href=\"http:\/\/blog.espol.edu.ec\/sgpena\/files\/2014\/11\/images6.jpg\"><img loading=\"lazy\" decoding=\"async\" class=\"alignnone  wp-image-190\" src=\"http:\/\/blog.espol.edu.ec\/sgpena\/files\/2014\/11\/images6.jpg\" alt=\"images\" width=\"392\" height=\"205\" srcset=\"https:\/\/blog.espol.edu.ec\/sgpena\/files\/2014\/11\/images6.jpg 310w, https:\/\/blog.espol.edu.ec\/sgpena\/files\/2014\/11\/images6-300x156.jpg 300w\" sizes=\"auto, (max-width: 392px) 100vw, 392px\" \/><\/a><\/p>\n<h1 style=\"text-align: center\"><\/h1>\n<h1 style=\"text-align: center\"><strong><span style=\"color: #000080\">PUNTA SU\u00c1REZ<\/span><\/strong><\/h1>\n<p style=\"text-align: justify\">Es la punta m\u00e1s oriental de la Isla Espa\u00f1ola, la isla m\u00e1s antigua del archipi\u00e9lago, con aproximadamente cinco millones de a\u00f1os de antig\u00fcedad. Este lugar es uno de los atractivos tur\u00edsticos m\u00e1s importantes de todo el archipi\u00e9lago, ya que en una sola caminata se pueden observar much\u00edsimos animales muy interesantes. <a title=\"CONOCER\" href=\"http:\/\/www.galapagospark.org\/sitio.php?page=punta_suarez\">CONOCER<\/a><\/p>\n<p><a href=\"http:\/\/blog.espol.edu.ec\/sgpena\/files\/2014\/11\/\u00edndice3.jpg\"><img loading=\"lazy\" decoding=\"async\" class=\"wp-image-191 aligncenter\" src=\"http:\/\/blog.espol.edu.ec\/sgpena\/files\/2014\/11\/\u00edndice3.jpg\" alt=\"\u00edndice\" width=\"357\" height=\"237\" \/><\/a><a href=\"http:\/\/blog.espol.edu.ec\/sgpena\/files\/2014\/11\/mom_and_baby_sea_lion_zalophus_californianus_punta_suarez_espianola_island_galapagos_islands_national_park_ecuador.jpg\"><img loading=\"lazy\" decoding=\"async\" class=\" wp-image-192 aligncenter\" src=\"http:\/\/blog.espol.edu.ec\/sgpena\/files\/2014\/11\/mom_and_baby_sea_lion_zalophus_californianus_punta_suarez_espianola_island_galapagos_islands_national_park_ecuador.jpg\" alt=\"mom_and_baby_sea_lion_zalophus_californianus,_punta_suarez,_espianola_island,_galapagos_islands_national_park,_ecuador\" width=\"557\" height=\"370\" srcset=\"https:\/\/blog.espol.edu.ec\/sgpena\/files\/2014\/11\/mom_and_baby_sea_lion_zalophus_californianus_punta_suarez_espianola_island_galapagos_islands_national_park_ecuador.jpg 700w, https:\/\/blog.espol.edu.ec\/sgpena\/files\/2014\/11\/mom_and_baby_sea_lion_zalophus_californianus_punta_suarez_espianola_island_galapagos_islands_national_park_ecuador-300x199.jpg 300w\" sizes=\"auto, (max-width: 557px) 100vw, 557px\" \/><\/a><\/p>\n<h1 style=\"text-align: center\"><\/h1>\n<h1 style=\"text-align: center\"><span class=\"tema-content\" style=\"color: #003300\"><b>Laguna El Junco<\/b><\/span><\/h1>\n<p style=\"text-align: justify\"><span class=\"tema-content\">Las aguas de la Laguna El Junco son las \u00fanicas de agua dulce del archipi\u00e9lago de las Gal\u00e1pagos. Esta laguna se encuentra a 650 metros de altitud y a 19 km del Puerto dentro de un peque\u00f1o cr\u00e1ter que a su vez se ubica dentro de la caldera de un volc\u00e1n grande.<br \/>\nEl nombre de El Junco obedece a una planta que crece en los alrededores y es hogar de uno de los animales end\u00e9micos m\u00e1s peque\u00f1os de Gal\u00e1pagos, un peque\u00f1\u00edsimo crust\u00e1ceo que cumple una funci\u00f3n filtradora del agua.<\/span><\/p>\n<p><a href=\"http:\/\/blog.espol.edu.ec\/sgpena\/files\/2014\/11\/\u00edndice4.jpg\"><img loading=\"lazy\" decoding=\"async\" class=\"wp-image-193 aligncenter\" src=\"http:\/\/blog.espol.edu.ec\/sgpena\/files\/2014\/11\/\u00edndice4.jpg\" alt=\"\u00edndice\" width=\"417\" height=\"312\" \/><\/a><\/p>\n<p>&nbsp;<\/p>\n<p>&nbsp;<\/p>\n<h1 style=\"text-align: center\"><strong><span style=\"color: #ff00ff\">ISLA DE LOBOS MARINOS<\/span><\/strong><\/h1>\n<p style=\"text-align: justify\">Isla Lobos es un peque\u00f1o islote plano, el nombre Isla Lobos se le da ya que es hogar de varios lobos marinos, que juguetean en la playa y su pelaje marr\u00f3n resalta sobre la arena blanca. Adem\u00e1s es el lugar ideal para observar fragatas anidando y piqueros patas azules. Cuenta con un cauce protegido donde se puede hacer buceo superficial junto a los lobos marinos<a title=\"VER MAS\" href=\"http:\/\/www.ecostravel.com\/ecuador\/ciudades-destinos\/isla-lobos-sancristobal.php\"> VER MAS<\/a><\/p>\n<h2 style=\"text-align: center\"><a href=\"http:\/\/blog.espol.edu.ec\/sgpena\/files\/2014\/11\/RGFGHFH.jpg\"><img loading=\"lazy\" decoding=\"async\" class=\"wp-image-196 aligncenter\" src=\"http:\/\/blog.espol.edu.ec\/sgpena\/files\/2014\/11\/RGFGHFH.jpg\" alt=\"RGFGHFH\" width=\"418\" height=\"309\" \/><\/a><\/h2>\n<h2 style=\"text-align: center\"><\/h2>\n<h2 style=\"text-align: center\"><strong><span style=\"color: #333399\">ISLA SANTA ISABEL<\/span><\/strong><\/h2>\n<p style=\"text-align: justify\">A diferencia de las otras islas en el Archipi\u00e9lago de Gal\u00e1pagos, Santa Fe no es volc\u00e1nicamente activa. La isla no tiene agua dulce y nunca ha sido habitada.<\/p>\n<p style=\"text-align: justify\">Es una peque\u00f1a isla que carece de agua dulce; sin embargo, en ella viven una gran cantidad de chivos a los que se les puede ver en largas hileras caminando por el borde del acantilado. Dicen los colonos que sobreviven porque se han adaptado a beber agua de mar. <a title=\"CONOCER MAS\" href=\"http:\/\/www.ecostravel.com\/ecuador\/ciudades-destinos\/isabela.php\">CONOCER MAS<\/a><\/p>\n<p><a href=\"http:\/\/blog.espol.edu.ec\/sgpena\/files\/2014\/11\/Galapagos-Island-Cruise.jpg\"><img loading=\"lazy\" decoding=\"async\" class=\"alignnone  wp-image-197\" src=\"http:\/\/blog.espol.edu.ec\/sgpena\/files\/2014\/11\/Galapagos-Island-Cruise.jpg\" alt=\"Galapagos-Island-Cruise\" width=\"567\" height=\"278\" srcset=\"https:\/\/blog.espol.edu.ec\/sgpena\/files\/2014\/11\/Galapagos-Island-Cruise.jpg 612w, https:\/\/blog.espol.edu.ec\/sgpena\/files\/2014\/11\/Galapagos-Island-Cruise-300x147.jpg 300w\" sizes=\"auto, (max-width: 567px) 100vw, 567px\" \/><\/a> <a href=\"http:\/\/blog.espol.edu.ec\/sgpena\/files\/2014\/11\/SANTA.jpg\"><img loading=\"lazy\" decoding=\"async\" class=\"wp-image-198 aligncenter\" src=\"http:\/\/blog.espol.edu.ec\/sgpena\/files\/2014\/11\/SANTA.jpg\" alt=\"SANTA\" width=\"386\" height=\"289\" \/><\/a><\/p>\n<p>&nbsp;<\/p>\n<table border=\"0\" width=\"100%\" cellspacing=\"0\" cellpadding=\"0\">\n<tbody>\n<tr valign=\"top\">\n<td width=\"20\"><\/td>\n<td class=\"texto\"><\/td>\n<\/tr>\n<\/tbody>\n<\/table>\n<table style=\"height: 59px\" border=\"0\" width=\"500\" cellspacing=\"0\" cellpadding=\"0\">\n<tbody>\n<tr valign=\"top\">\n<td width=\"20\"><\/td>\n<td class=\"texto\">\n<h1><strong><span class=\"titulo5\" style=\"color: #000080\"><br \/>\n<\/span><\/strong><\/h1>\n<\/td>\n<\/tr>\n<\/tbody>\n<\/table>\n","protected":false},"excerpt":{"rendered":"<p>Parque Nacional Gal\u00e1pagos El Parque Nacional Gal\u00e1pagos es un parque nacional de Ecuador. Fue fundado en 1959 y se convirti\u00f3 en el primer parque nacional del pa\u00eds. Abarca unos 7.995,4 km\u00b2, un 97% de las islas Gal\u00e1pagos. Este parque se divide en varios ecosistemas y tiene plantas end\u00e9micas. Entre su fauna destacan las grandes tortugas &hellip; <\/p>\n<p><a class=\"more-link btn\" href=\"https:\/\/blog.espol.edu.ec\/sgpena\/region-insular\/galapagos-y-sus-maravillas\/\">Seguir leyendo<\/a><\/p>\n","protected":false},"author":9428,"featured_media":0,"parent":180,"menu_order":0,"comment_status":"open","ping_status":"open","template":"","meta":{"footnotes":""},"class_list":["post-188","page","type-page","status-publish","hentry","nodate","item-wrap"],"_links":{"self":[{"href":"https:\/\/blog.espol.edu.ec\/sgpena\/wp-json\/wp\/v2\/pages\/188","targetHints":{"allow":["GET"]}}],"collection":[{"href":"https:\/\/blog.espol.edu.ec\/sgpena\/wp-json\/wp\/v2\/pages"}],"about":[{"href":"https:\/\/blog.espol.edu.ec\/sgpena\/wp-json\/wp\/v2\/types\/page"}],"author":[{"embeddable":true,"href":"https:\/\/blog.espol.edu.ec\/sgpena\/wp-json\/wp\/v2\/users\/9428"}],"replies":[{"embeddable":true,"href":"https:\/\/blog.espol.edu.ec\/sgpena\/wp-json\/wp\/v2\/comments?post=188"}],"version-history":[{"count":6,"href":"https:\/\/blog.espol.edu.ec\/sgpena\/wp-json\/wp\/v2\/pages\/188\/revisions"}],"predecessor-version":[{"id":271,"href":"https:\/\/blog.espol.edu.ec\/sgpena\/wp-json\/wp\/v2\/pages\/188\/revisions\/271"}],"up":[{"embeddable":true,"href":"https:\/\/blog.espol.edu.ec\/sgpena\/wp-json\/wp\/v2\/pages\/180"}],"wp:attachment":[{"href":"https:\/\/blog.espol.edu.ec\/sgpena\/wp-json\/wp\/v2\/media?parent=188"}],"curies":[{"name":"wp","href":"https:\/\/api.w.org\/{rel}","templated":true}]}}