{"id":201,"date":"2014-11-10T00:51:02","date_gmt":"2014-11-10T00:51:02","guid":{"rendered":"http:\/\/blog.espol.edu.ec\/sgpena\/?page_id=201"},"modified":"2014-11-10T20:57:37","modified_gmt":"2014-11-10T20:57:37","slug":"mas","status":"publish","type":"page","link":"https:\/\/blog.espol.edu.ec\/sgpena\/region-insular\/mas\/","title":{"rendered":"M\u00c1S"},"content":{"rendered":"<h1 style=\"text-align: center\"><strong><span style=\"color: #808080\">LAGUNA LOS DIABLOS<\/span><\/strong><\/h1>\n<p style=\"text-align: justify\">La laguna de Los Diablos y sus pozas adyacentes son de origen volc\u00e1nico, formadas por colapsos de lava en zonas costeras que han permitido el ingreso de agua del mar y la acumulaci\u00f3n de bancos de arena de origen org\u00e1nico (playas) que sirven de barrera entre el oc\u00e9ano y la laguna y que en gran parte se ha cubierto de bosques de manglar y especies herb\u00e1ceas que estabilizan el sustrato. <a title=\"VER\" href=\"http:\/\/www.montanita.com\/noticia-galapagos\/laguna-de-los-diablos\/11197\">VER<\/a><\/p>\n<h1 style=\"text-align: center\"><a href=\"http:\/\/blog.espol.edu.ec\/sgpena\/files\/2014\/11\/LA.jpg\"><img loading=\"lazy\" decoding=\"async\" class=\"wp-image-202 aligncenter\" src=\"http:\/\/blog.espol.edu.ec\/sgpena\/files\/2014\/11\/LA.jpg\" alt=\"LA\" width=\"379\" height=\"284\" \/><\/a><\/h1>\n<h1 style=\"text-align: center\"><\/h1>\n<h1 style=\"text-align: center\"><strong><span style=\"color: #ff6600\">ISLA SOMBRERO CHINO<\/span><\/strong><\/h1>\n<p style=\"text-align: justify\">Islote peque\u00f1o ubicado cerca de la costa sur-este de Santiago. Tiene la forma de un sombrero chino cuando se lo ve de lejos. Es un islote compuesto de un cono tipo \"salpicadura\" (lava expulsada en forma de gotas y que cae cerca de donde sali\u00f3, lo cual forma un cono inclinado) que conforma la cumbre y muchos tubos de lava que bajan hacia la costa. <a title=\"CONOCER MAS\" href=\"http:\/\/www.galapagospark.org\/sitiosdevisita\/sombrero_chino.html\">CONOCER MAS<\/a><\/p>\n<p><a href=\"http:\/\/blog.espol.edu.ec\/sgpena\/files\/2014\/11\/File_201111913546.jpg\"><img loading=\"lazy\" decoding=\"async\" class=\"wp-image-203 aligncenter\" src=\"http:\/\/blog.espol.edu.ec\/sgpena\/files\/2014\/11\/File_201111913546.jpg\" alt=\"File_201111913546\" width=\"548\" height=\"365\" srcset=\"https:\/\/blog.espol.edu.ec\/sgpena\/files\/2014\/11\/File_201111913546.jpg 600w, https:\/\/blog.espol.edu.ec\/sgpena\/files\/2014\/11\/File_201111913546-300x200.jpg 300w\" sizes=\"auto, (max-width: 548px) 100vw, 548px\" \/><\/a> <a href=\"http:\/\/blog.espol.edu.ec\/sgpena\/files\/2014\/11\/FGFHQQ.jpg\"><img loading=\"lazy\" decoding=\"async\" class=\"wp-image-204 aligncenter\" src=\"http:\/\/blog.espol.edu.ec\/sgpena\/files\/2014\/11\/FGFHQQ.jpg\" alt=\"FGFHQQ\" width=\"425\" height=\"318\" \/><\/a><\/p>\n<p>&nbsp;<\/p>\n<h1 style=\"text-align: center\"><\/h1>\n<h1 style=\"text-align: center\"><strong><span style=\"color: #00ff00\">PUERTO AYORA<\/span><\/strong><\/h1>\n<p>Puerto Ayora es una ciudad en el centro de las islas Gal\u00e1pagos. Est\u00e1 situada en la isla Santa Cruz y en el cant\u00f3n de Santa Cruz. Est\u00e1 nombrada en honor a Isidro Ayora, ex presidente de Ecuador. <a title=\"VER\" href=\"http:\/\/www.ecuadorexplorer.com\/es\/html\/puerto-ayora.html\">VER<\/a><\/p>\n<p><a href=\"http:\/\/blog.espol.edu.ec\/sgpena\/files\/2014\/11\/imagesVBFH.jpg\"><img loading=\"lazy\" decoding=\"async\" class=\"wp-image-205 aligncenter\" src=\"http:\/\/blog.espol.edu.ec\/sgpena\/files\/2014\/11\/imagesVBFH.jpg\" alt=\"imagesVBFH\" width=\"338\" height=\"222\" \/><\/a><\/p>\n<p>&nbsp;<\/p>\n<h1 style=\"text-align: center\"><\/h1>\n<h1 style=\"text-align: center\"><strong><span style=\"color: #33cccc\">CERRO TIJERAS<\/span><\/strong><\/h1>\n<p style=\"text-align: justify\"><span style=\"color: #000000\">Llamado as\u00ed por las fragatas del lugar, cuya cola termina en forma de tijeras, fue uno de los primeros lugares donde desembarc\u00f3 el Bi\u00f3logo Ingl\u00e9s Charles Robert Darwin. Es el lugar ideal para disfrutar de una espectacular vista de las playas de arena blanca en un lado y los techos de puerto Baquerizo, por el otro. <a title=\"OBSERVAR\" href=\"http:\/\/www.ecostravel.com\/ecuador\/ciudades-destinos\/cerro-tijeretas-sancristobal.php\">OBSERVAR<\/a><br \/>\n<\/span><\/p>\n<p style=\"text-align: justify\"><a href=\"http:\/\/blog.espol.edu.ec\/sgpena\/files\/2014\/11\/cerro-tijeras-areana-blanca.jpg\"><img loading=\"lazy\" decoding=\"async\" class=\"alignnone  wp-image-206\" src=\"http:\/\/blog.espol.edu.ec\/sgpena\/files\/2014\/11\/cerro-tijeras-areana-blanca.jpg\" alt=\"cerro-tijeras-areana-blanca\" width=\"598\" height=\"449\" srcset=\"https:\/\/blog.espol.edu.ec\/sgpena\/files\/2014\/11\/cerro-tijeras-areana-blanca.jpg 800w, https:\/\/blog.espol.edu.ec\/sgpena\/files\/2014\/11\/cerro-tijeras-areana-blanca-300x225.jpg 300w\" sizes=\"auto, (max-width: 598px) 100vw, 598px\" \/><\/a><\/p>\n<h1 style=\"text-align: center\"><\/h1>\n<h1 style=\"text-align: center\"><strong><span style=\"color: #808000\">LOS T\u00daNELES<\/span><\/strong><\/h1>\n<p style=\"text-align: justify\">Los T\u00faneles es uno de los mejores lugares para el buceo de superficie debido a que sus aguas son tranquilas, claras y poco profundas. Este es un sito \u00fanico gracias a sus maravillosas formaciones geol\u00f3gicas, ya que los flujos de lava han formado una gran cantidad de arcos o t\u00faneles, dentro y fuera del agua, donde se refugian varias especies de la fauna marina de las Islas Encantadas.<a title=\"VER\" href=\"http:\/\/www.tripadvisor.co\/Attraction_Review-g1732554-d1936935-Reviews-Los_Tuneles-Puerto_Villamil_Isabela_Galapagos_Islands.html\"> VER<\/a><\/p>\n<p style=\"text-align: justify\"><a href=\"http:\/\/blog.espol.edu.ec\/sgpena\/files\/2014\/11\/659buceo1.jpg\"><img loading=\"lazy\" decoding=\"async\" class=\"alignnone  wp-image-208\" src=\"http:\/\/blog.espol.edu.ec\/sgpena\/files\/2014\/11\/659buceo1.jpg\" alt=\"659buceo1\" width=\"566\" height=\"424\" srcset=\"https:\/\/blog.espol.edu.ec\/sgpena\/files\/2014\/11\/659buceo1.jpg 1024w, https:\/\/blog.espol.edu.ec\/sgpena\/files\/2014\/11\/659buceo1-300x225.jpg 300w\" sizes=\"auto, (max-width: 566px) 100vw, 566px\" \/><\/a><\/p>\n<table style=\"height: 23px\" border=\"0\" width=\"559\" cellspacing=\"0\" cellpadding=\"0\">\n<tbody>\n<tr valign=\"top\">\n<td width=\"20\"><\/td>\n<td class=\"texto\"><\/td>\n<\/tr>\n<\/tbody>\n<\/table>\n","protected":false},"excerpt":{"rendered":"<p>LAGUNA LOS DIABLOS La laguna de Los Diablos y sus pozas adyacentes son de origen volc\u00e1nico, formadas por colapsos de lava en zonas costeras que han permitido el ingreso de agua del mar y la acumulaci\u00f3n de bancos de arena de origen org\u00e1nico (playas) que sirven de barrera entre el oc\u00e9ano y la laguna y &hellip; <\/p>\n<p><a class=\"more-link btn\" href=\"https:\/\/blog.espol.edu.ec\/sgpena\/region-insular\/mas\/\">Seguir leyendo<\/a><\/p>\n","protected":false},"author":9428,"featured_media":0,"parent":180,"menu_order":0,"comment_status":"open","ping_status":"open","template":"","meta":{"footnotes":""},"class_list":["post-201","page","type-page","status-publish","hentry","nodate","item-wrap"],"_links":{"self":[{"href":"https:\/\/blog.espol.edu.ec\/sgpena\/wp-json\/wp\/v2\/pages\/201","targetHints":{"allow":["GET"]}}],"collection":[{"href":"https:\/\/blog.espol.edu.ec\/sgpena\/wp-json\/wp\/v2\/pages"}],"about":[{"href":"https:\/\/blog.espol.edu.ec\/sgpena\/wp-json\/wp\/v2\/types\/page"}],"author":[{"embeddable":true,"href":"https:\/\/blog.espol.edu.ec\/sgpena\/wp-json\/wp\/v2\/users\/9428"}],"replies":[{"embeddable":true,"href":"https:\/\/blog.espol.edu.ec\/sgpena\/wp-json\/wp\/v2\/comments?post=201"}],"version-history":[{"count":5,"href":"https:\/\/blog.espol.edu.ec\/sgpena\/wp-json\/wp\/v2\/pages\/201\/revisions"}],"predecessor-version":[{"id":273,"href":"https:\/\/blog.espol.edu.ec\/sgpena\/wp-json\/wp\/v2\/pages\/201\/revisions\/273"}],"up":[{"embeddable":true,"href":"https:\/\/blog.espol.edu.ec\/sgpena\/wp-json\/wp\/v2\/pages\/180"}],"wp:attachment":[{"href":"https:\/\/blog.espol.edu.ec\/sgpena\/wp-json\/wp\/v2\/media?parent=201"}],"curies":[{"name":"wp","href":"https:\/\/api.w.org\/{rel}","templated":true}]}}