{"id":61,"date":"2014-11-07T21:10:14","date_gmt":"2014-11-07T21:10:14","guid":{"rendered":"http:\/\/blog.espol.edu.ec\/sgpena\/?page_id=61"},"modified":"2014-11-10T20:07:26","modified_gmt":"2014-11-10T20:07:26","slug":"guayas","status":"publish","type":"page","link":"https:\/\/blog.espol.edu.ec\/sgpena\/region-costa\/guayas\/","title":{"rendered":"GUAYAS"},"content":{"rendered":"<h1 style=\"text-align: center\"><span style=\"color: #3366ff\">GUAYAQUIL<\/span><\/h1>\n<p>&nbsp;<\/p>\n<p>&nbsp;<\/p>\n<p style=\"text-align: justify\">Aqu\u00ed podr\u00e1s conocer alguno de los lugares m\u00e1s sobresalientes de la ciudad, tales como el Malec\u00f3n 2000 o el Cerro Santa Ana, que constituye una de las obras m\u00e1s importantes con que cuenta Guayaquil, en el que disfrutan propios y extra\u00f1os,\u00a0 an\u00edmate a conocerlos y disfruta de sus encantos.<\/p>\n<p style=\"text-align: center\"><a href=\"http:\/\/blog.espol.edu.ec\/sgpena\/files\/2014\/11\/malecon2000.jpg\"><img loading=\"lazy\" decoding=\"async\" class=\"wp-image-62 size-full\" src=\"http:\/\/blog.espol.edu.ec\/sgpena\/files\/2014\/11\/malecon2000.jpg\" alt=\"malecon2000\" width=\"300\" height=\"211\" \/><\/a><\/p>\n<p style=\"text-align: center\">Malec\u00f3n 2000 \u00a0 \u00a0<a title=\"ver historia\" href=\"\/\/es.wikipedia.org\/wiki\/Malec%C3%B3n_2000\">ver historia<\/a><\/p>\n<p style=\"text-align: center\"><a href=\"http:\/\/blog.espol.edu.ec\/sgpena\/files\/2014\/11\/malecon-del-salado-guayaquil.jpg\"><img loading=\"lazy\" decoding=\"async\" class=\"alignnone size-full wp-image-63\" src=\"http:\/\/blog.espol.edu.ec\/sgpena\/files\/2014\/11\/malecon-del-salado-guayaquil.jpg\" alt=\"malecon-del-salado-guayaquil\" width=\"500\" height=\"226\" srcset=\"https:\/\/blog.espol.edu.ec\/sgpena\/files\/2014\/11\/malecon-del-salado-guayaquil.jpg 500w, https:\/\/blog.espol.edu.ec\/sgpena\/files\/2014\/11\/malecon-del-salado-guayaquil-300x135.jpg 300w\" sizes=\"auto, (max-width: 500px) 100vw, 500px\" \/><\/a><\/p>\n<p style=\"text-align: center\">Malec\u00f3n del salado <a title=\"ver mas\" href=\"http:\/\/www.viajeros.com\/diarios\/guayaquil\/malecon-del-salado\">ver m\u00e1s<\/a><\/p>\n<p style=\"text-align: center\"><a href=\"http:\/\/blog.espol.edu.ec\/sgpena\/files\/2014\/11\/cerro-santa-ana-las-pe\u00f1as.jpg\"><img loading=\"lazy\" decoding=\"async\" class=\"alignnone  wp-image-67\" src=\"http:\/\/blog.espol.edu.ec\/sgpena\/files\/2014\/11\/cerro-santa-ana-las-pe\u00f1as.jpg\" alt=\"cerro-santa-ana-las-pe\u00f1as\" width=\"582\" height=\"328\" srcset=\"https:\/\/blog.espol.edu.ec\/sgpena\/files\/2014\/11\/cerro-santa-ana-las-pe\u00f1as.jpg 1200w, https:\/\/blog.espol.edu.ec\/sgpena\/files\/2014\/11\/cerro-santa-ana-las-pe\u00f1as-300x169.jpg 300w, https:\/\/blog.espol.edu.ec\/sgpena\/files\/2014\/11\/cerro-santa-ana-las-pe\u00f1as-1024x576.jpg 1024w\" sizes=\"auto, (max-width: 582px) 100vw, 582px\" \/><\/a><\/p>\n<p style=\"text-align: center\">\u00a0CERRO SANTA ANA\u00a0 <a title=\"ver ubicacion\" href=\"http:\/\/es.wikipedia.org\/wiki\/Cerro_Santa_Ana_(Guayaquil)\">ver ubicacion<\/a><\/p>\n<p style=\"text-align: center\"><a href=\"http:\/\/blog.espol.edu.ec\/sgpena\/files\/2014\/11\/images.jpg\"><img loading=\"lazy\" decoding=\"async\" class=\"alignnone size-full wp-image-68\" src=\"http:\/\/blog.espol.edu.ec\/sgpena\/files\/2014\/11\/images.jpg\" alt=\"images\" width=\"259\" height=\"194\" \/><\/a><\/p>\n<p style=\"text-align: center\">ZOOL\u00d3GICO DEL PANTANAL <a title=\"ver mas\" href=\"http:\/\/www.zoologicoelpantanal.com\/\">ver mas<\/a><\/p>\n<h2 style=\"text-align: center\"><\/h2>\n<h2 style=\"text-align: center\"><span style=\"color: #333399\">GRL. VILLAMIL PLAYAS <\/span><\/h2>\n<h2 style=\"text-align: center\">\"El segundo mejor clima del mundo\"<\/h2>\n<p style=\"text-align: justify\">El Cant\u00f3n cuenta con los mejores atractivos sus hermosas y extensas playas cuenta con una excelente infraestructura hotelera y de servicios que hacen de lo m\u00e1s agradable la visita y estad\u00eda de miles de turistas nacionales y extranjeros. <a title=\"ver ubicaci\u00f3n\" href=\"http:\/\/es.wikipedia.org\/wiki\/General_Villamil\">ver ubicaci\u00f3n<\/a><\/p>\n<p><a href=\"http:\/\/blog.espol.edu.ec\/sgpena\/files\/2014\/11\/EBBA2A2BBB46-2.jpg\"><img loading=\"lazy\" decoding=\"async\" class=\"size-full wp-image-70 aligncenter\" src=\"http:\/\/blog.espol.edu.ec\/sgpena\/files\/2014\/11\/EBBA2A2BBB46-2.jpg\" alt=\"EBBA2A2BBB46-2\" width=\"360\" height=\"240\" srcset=\"https:\/\/blog.espol.edu.ec\/sgpena\/files\/2014\/11\/EBBA2A2BBB46-2.jpg 360w, https:\/\/blog.espol.edu.ec\/sgpena\/files\/2014\/11\/EBBA2A2BBB46-2-300x200.jpg 300w\" sizes=\"auto, (max-width: 360px) 100vw, 360px\" \/><\/a><\/p>\n<p style=\"text-align: center\">PUNTA EL PELADO <a title=\"ver mas\" href=\"http:\/\/www.ecostravel.com\/ecuador\/hoteles\/guayas\/playa-el-pelado.php\">ver mas<\/a><\/p>\n<p style=\"text-align: center\"><a href=\"http:\/\/blog.espol.edu.ec\/sgpena\/files\/2014\/11\/IMG_2450-300x224.jpg\"><img loading=\"lazy\" decoding=\"async\" class=\"alignnone  wp-image-71\" src=\"http:\/\/blog.espol.edu.ec\/sgpena\/files\/2014\/11\/IMG_2450-300x224.jpg\" alt=\"IMG_2450-300x224\" width=\"396\" height=\"296\" \/><\/a><\/p>\n<p style=\"text-align: center\">PLAYA ROSADO\u00a0 <a title=\"ver mas\" href=\"http:\/\/www.infomontanita.com\/ruta-spondylus\/playa-rosada\/\">ver mas<\/a><\/p>\n<p style=\"text-align: center\"><a href=\"http:\/\/blog.espol.edu.ec\/sgpena\/files\/2014\/11\/gral-villamil-playas.jpg\"><img loading=\"lazy\" decoding=\"async\" class=\"alignnone size-full wp-image-72\" src=\"http:\/\/blog.espol.edu.ec\/sgpena\/files\/2014\/11\/gral-villamil-playas.jpg\" alt=\"gral-villamil-playas\" width=\"550\" height=\"414\" srcset=\"https:\/\/blog.espol.edu.ec\/sgpena\/files\/2014\/11\/gral-villamil-playas.jpg 550w, https:\/\/blog.espol.edu.ec\/sgpena\/files\/2014\/11\/gral-villamil-playas-300x225.jpg 300w\" sizes=\"auto, (max-width: 550px) 100vw, 550px\" \/><\/a><\/p>\n<p style=\"text-align: center\">DATA VILLAMIL\u00a0 <a title=\"ver mas\" href=\"http:\/\/es.wikipedia.org\/wiki\/General_Villamil\">ver mas<\/a><\/p>\n","protected":false},"excerpt":{"rendered":"<p>GUAYAQUIL &nbsp; &nbsp; Aqu\u00ed podr\u00e1s conocer alguno de los lugares m\u00e1s sobresalientes de la ciudad, tales como el Malec\u00f3n 2000 o el Cerro Santa Ana, que constituye una de las obras m\u00e1s importantes con que cuenta Guayaquil, en el que disfrutan propios y extra\u00f1os,\u00a0 an\u00edmate a conocerlos y disfruta de sus encantos. Malec\u00f3n 2000 \u00a0 &hellip; <\/p>\n<p><a class=\"more-link btn\" href=\"https:\/\/blog.espol.edu.ec\/sgpena\/region-costa\/guayas\/\">Seguir leyendo<\/a><\/p>\n","protected":false},"author":9428,"featured_media":0,"parent":52,"menu_order":0,"comment_status":"open","ping_status":"open","template":"","meta":{"footnotes":""},"class_list":["post-61","page","type-page","status-publish","hentry","nodate","item-wrap"],"_links":{"self":[{"href":"https:\/\/blog.espol.edu.ec\/sgpena\/wp-json\/wp\/v2\/pages\/61","targetHints":{"allow":["GET"]}}],"collection":[{"href":"https:\/\/blog.espol.edu.ec\/sgpena\/wp-json\/wp\/v2\/pages"}],"about":[{"href":"https:\/\/blog.espol.edu.ec\/sgpena\/wp-json\/wp\/v2\/types\/page"}],"author":[{"embeddable":true,"href":"https:\/\/blog.espol.edu.ec\/sgpena\/wp-json\/wp\/v2\/users\/9428"}],"replies":[{"embeddable":true,"href":"https:\/\/blog.espol.edu.ec\/sgpena\/wp-json\/wp\/v2\/comments?post=61"}],"version-history":[{"count":8,"href":"https:\/\/blog.espol.edu.ec\/sgpena\/wp-json\/wp\/v2\/pages\/61\/revisions"}],"predecessor-version":[{"id":252,"href":"https:\/\/blog.espol.edu.ec\/sgpena\/wp-json\/wp\/v2\/pages\/61\/revisions\/252"}],"up":[{"embeddable":true,"href":"https:\/\/blog.espol.edu.ec\/sgpena\/wp-json\/wp\/v2\/pages\/52"}],"wp:attachment":[{"href":"https:\/\/blog.espol.edu.ec\/sgpena\/wp-json\/wp\/v2\/media?parent=61"}],"curies":[{"name":"wp","href":"https:\/\/api.w.org\/{rel}","templated":true}]}}