{"id":80,"date":"2014-11-08T16:25:01","date_gmt":"2014-11-08T16:25:01","guid":{"rendered":"http:\/\/blog.espol.edu.ec\/sgpena\/?page_id=80"},"modified":"2014-11-10T20:20:21","modified_gmt":"2014-11-10T20:20:21","slug":"manabi","status":"publish","type":"page","link":"https:\/\/blog.espol.edu.ec\/sgpena\/region-costa\/manabi\/","title":{"rendered":"MANAB\u00cd"},"content":{"rendered":"<h1 style=\"text-align: center\"><span style=\"color: #ff0000\">san vicente<\/span><\/h1>\n<p style=\"text-align: justify\">La Playa San Vicente est\u00e1 ubicada en la provincia de Manab\u00ed, una hermosa playa con distintos lugares tur\u00edsticos en donde disfrutar\u00e1 de hermosas vistas panor\u00e1micas desde diferentes miradores. Tiene un clima que va entre los 24 y 30\u00a0\u00b0C, se puede practicar deportes de aventura, extremos y de recreaci\u00f3n como paseos a caballos. Su gastronom\u00eda est\u00e1 basada en una gran variedad de mariscos. <a title=\"ver mas\" href=\"http:\/\/es.wikipedia.org\/wiki\/Cant%C3%B3n_San_Vicente\">ver mas<\/a><\/p>\n<p><a href=\"http:\/\/blog.espol.edu.ec\/sgpena\/files\/2014\/11\/imagessan.jpg\"><img loading=\"lazy\" decoding=\"async\" class=\" wp-image-81 aligncenter\" src=\"http:\/\/blog.espol.edu.ec\/sgpena\/files\/2014\/11\/imagessan.jpg\" alt=\"imagessan\" width=\"264\" height=\"218\" \/><\/a><\/p>\n<p>&nbsp;<\/p>\n<p>&nbsp;<\/p>\n<h2 style=\"text-align: center\"><span style=\"color: #33cccc\"><b>Bah\u00eda de Car\u00e1quez<\/b><\/span><\/h2>\n<div style=\"text-align: justify\">Su nombre se debe a la bah\u00eda formada por la desembocadura del r\u00edo Chone y a los primeros pobladores que fueron los Caras. Es de las ciudades de la costa ecuatoriana que tiene ese encanto natural que la hace especial. Su naturaleza, la uni\u00f3n m\u00e1gica del r\u00edo y el mar del Pac\u00edfico, la cultura ancestral.<\/div>\n<div style=\"text-align: justify\">Cuenta con espaciosas playas como Punta Bellaca y El Pajonal. Se puede cruzar en lancha o gabarra el estuario del r\u00edo Chone, hasta la playa de San Vicente. Esta zona es gran productora de camarones. Los manglares del estuario son \u00e1reas de reserva, declaradas como zona de producci\u00f3n faun\u00edstica. <a title=\"ver mas\" href=\"http:\/\/www.ecostravel.com\/ecuador\/hoteles\/manabi\/playa-bahia-de-caraquez.php\">ver mas<\/a><\/div>\n<div><a href=\"http:\/\/blog.espol.edu.ec\/sgpena\/files\/2014\/11\/Bahia-de-Caraquez-playa.jpg\"><img loading=\"lazy\" decoding=\"async\" class=\"wp-image-82 size-medium aligncenter\" src=\"http:\/\/blog.espol.edu.ec\/sgpena\/files\/2014\/11\/Bahia-de-Caraquez-playa-300x225.jpg\" alt=\"Bahia-de-Caraquez-playa\" width=\"300\" height=\"225\" srcset=\"https:\/\/blog.espol.edu.ec\/sgpena\/files\/2014\/11\/Bahia-de-Caraquez-playa-300x225.jpg 300w, https:\/\/blog.espol.edu.ec\/sgpena\/files\/2014\/11\/Bahia-de-Caraquez-playa-1024x768.jpg 1024w, https:\/\/blog.espol.edu.ec\/sgpena\/files\/2014\/11\/Bahia-de-Caraquez-playa.jpg 1600w\" sizes=\"auto, (max-width: 300px) 100vw, 300px\" \/><\/a><\/div>\n<h3 style=\"text-align: center\"><\/h3>\n<h3 style=\"text-align: center\"><span style=\"color: #339966\"><b>Manta<\/b><\/span><\/h3>\n<div style=\"text-align: justify\">Es el primer puerto tur\u00edstico, mar\u00edtimo y pesquero del Ecuador de gran importancia para el comercio exterior ecuatoriano. Manta es tur\u00edsticamente encantadora, por sus magn\u00edficas playas, situadas en el coraz\u00f3n de la ciudad. Manta \"La Puerta del Pac\u00edfico\"<\/div>\n<div style=\"text-align: justify\">Aqu\u00ed la brisa irradia la ma\u00f1ana, los caracoles entonan su mejor canci\u00f3n al ritmo de los movimientos del mar de Balboa. Manta es tur\u00edsticamente encantadora, por sus magn\u00edficas playas, situadas en el coraz\u00f3n de la ciudad.<\/div>\n<div style=\"text-align: justify\"><a title=\"ver mas\" href=\"http:\/\/turismomanta.com\/\">ver mas<\/a><\/div>\n<div><a href=\"http:\/\/blog.espol.edu.ec\/sgpena\/files\/2014\/11\/imagesm.jpg\"><img loading=\"lazy\" decoding=\"async\" class=\"size-full wp-image-83 aligncenter\" src=\"http:\/\/blog.espol.edu.ec\/sgpena\/files\/2014\/11\/imagesm.jpg\" alt=\"imagesm\" width=\"259\" height=\"194\" \/><\/a><\/div>\n<h3 style=\"text-align: center\"><\/h3>\n<h3 style=\"text-align: center\"><span style=\"color: #ff6600\"><b>Parque Nacional Machalilla<\/b><\/span><\/h3>\n<div style=\"text-align: justify\">Machalilla\u201d toma su nombre de una de las culturas precolombinas que habitaron esta zona. Es un \u00e1rea de reserva ecol\u00f3gica y arqueol\u00f3gica de gran importancia. Su encanto est\u00e1 en la combinaci\u00f3n de desierto, las \u00e1reas bajas del parque son secas y semides\u00e9rticas, presentan hermosos paisajes, playas, bah\u00edas y acantilados. Cuenta con una infinita gama de especies marinas y terrestres.<\/div>\n<div style=\"text-align: justify\">\n<div>Fue creado el 26 de Julio de 1979.<\/div>\n<div><\/div>\n<div>Est\u00e1 ubicado al suroeste de la provincia de Manab\u00ec, en los cantones de Jipijapa, Puerto L\u00f3pez y Montecristi,es una de las a\u00e9reas protegidas m\u00e1s extensas de la costa ecuatoriana y comprende dos zonas: una terrestre(56.184 has) y una marina (14430 mn).<\/div>\n<div>Su clima es seco, sin embargo, masas de aire marino producen humedad. La temperatura media anual fluct\u00faa entre 23.5 \u2013 24.5<\/div>\n<\/div>\n<div style=\"text-align: justify\">Sus playas seguras y tranquilas, que se destacan entre precipicios rocosos de sus orillas. En la franja cercana al mar son llamativas las aves de costa junto a monos y venados ocasionales. Las partes m\u00e1s altas del Parque sirven de refugio para una avifauna muy rica. <a title=\"ver mas\" href=\"http:\/\/machalillatours.org\/machalilla-parque.php\">ver mas<\/a><\/div>\n<div style=\"text-align: center\"><a href=\"http:\/\/blog.espol.edu.ec\/sgpena\/files\/2014\/11\/parque-nacional-machalilla-isla-plata.jpg\"><img loading=\"lazy\" decoding=\"async\" class=\"alignnone size-full wp-image-84\" src=\"http:\/\/blog.espol.edu.ec\/sgpena\/files\/2014\/11\/parque-nacional-machalilla-isla-plata.jpg\" alt=\"parque-nacional-machalilla-isla-plata\" width=\"448\" height=\"336\" srcset=\"https:\/\/blog.espol.edu.ec\/sgpena\/files\/2014\/11\/parque-nacional-machalilla-isla-plata.jpg 448w, https:\/\/blog.espol.edu.ec\/sgpena\/files\/2014\/11\/parque-nacional-machalilla-isla-plata-300x224.jpg 300w\" sizes=\"auto, (max-width: 448px) 100vw, 448px\" \/><\/a><\/div>\n<div style=\"text-align: center\"><\/div>\n<h2 style=\"text-align: center\"><span style=\"color: #800080\"><b>Montecristi<\/b><\/span><\/h2>\n<div style=\"text-align: center\"><b>E<\/b>s un cant\u00f3n de la provincia de Manab\u00ed en Ecuador,\u00a0Montecristi se extiende a las faldas del cerro de su propio nombre y se encuentra a cien metros, sobre el nivel del mar. En un tiempo Montecristi fue tambi\u00e9n capital de la provincia de Manab\u00ed, es una poblaci\u00f3n de gran riqueza hist\u00f3rica por ser cuna del famoso revolucionario liberal Eloy Alfaro, se destaca por la fabricaci\u00f3n de sombreros de paja toquilla, tagua, mimbre y otros. Tambi\u00e9n cuenta con otros atractivos tur\u00edsticos, como la casa de Eloy Alfaro, el museo de las Hermanas Largacha y el Santuario de Monserrate, El Cerro de Montecristi, cuenta con playas hermosas como la Playa de San Jos\u00e9, con su precioso manglar<\/p>\n<div style=\"text-align: justify\">La ciudad tiene aspecto de una peque\u00f1a aldea. Su enorme y brumoso cerro semeja un viejo guardi\u00e1n de las tradiciones manabitas.<a href=\"http:\/\/blog.espol.edu.ec\/sgpena\/files\/2014\/11\/Museo-de-Ciudad-Alfaro.Montecristi.jpg\"><img loading=\"lazy\" decoding=\"async\" class=\"size-full wp-image-90\" src=\"http:\/\/blog.espol.edu.ec\/sgpena\/files\/2014\/11\/Museo-de-Ciudad-Alfaro.Montecristi.jpg\" alt=\"Museo-de-Ciudad-Alfaro.Montecristi\" width=\"500\" height=\"333\" srcset=\"https:\/\/blog.espol.edu.ec\/sgpena\/files\/2014\/11\/Museo-de-Ciudad-Alfaro.Montecristi.jpg 500w, https:\/\/blog.espol.edu.ec\/sgpena\/files\/2014\/11\/Museo-de-Ciudad-Alfaro.Montecristi-300x199.jpg 300w\" sizes=\"auto, (max-width: 500px) 100vw, 500px\" \/><\/a><\/div>\n<\/div>\n","protected":false},"excerpt":{"rendered":"<p>san vicente La Playa San Vicente est\u00e1 ubicada en la provincia de Manab\u00ed, una hermosa playa con distintos lugares tur\u00edsticos en donde disfrutar\u00e1 de hermosas vistas panor\u00e1micas desde diferentes miradores. Tiene un clima que va entre los 24 y 30\u00a0\u00b0C, se puede practicar deportes de aventura, extremos y de recreaci\u00f3n como paseos a caballos. Su &hellip; <\/p>\n<p><a class=\"more-link btn\" href=\"https:\/\/blog.espol.edu.ec\/sgpena\/region-costa\/manabi\/\">Seguir leyendo<\/a><\/p>\n","protected":false},"author":9428,"featured_media":0,"parent":52,"menu_order":0,"comment_status":"open","ping_status":"open","template":"","meta":{"footnotes":""},"class_list":["post-80","page","type-page","status-publish","hentry","nodate","item-wrap"],"_links":{"self":[{"href":"https:\/\/blog.espol.edu.ec\/sgpena\/wp-json\/wp\/v2\/pages\/80","targetHints":{"allow":["GET"]}}],"collection":[{"href":"https:\/\/blog.espol.edu.ec\/sgpena\/wp-json\/wp\/v2\/pages"}],"about":[{"href":"https:\/\/blog.espol.edu.ec\/sgpena\/wp-json\/wp\/v2\/types\/page"}],"author":[{"embeddable":true,"href":"https:\/\/blog.espol.edu.ec\/sgpena\/wp-json\/wp\/v2\/users\/9428"}],"replies":[{"embeddable":true,"href":"https:\/\/blog.espol.edu.ec\/sgpena\/wp-json\/wp\/v2\/comments?post=80"}],"version-history":[{"count":5,"href":"https:\/\/blog.espol.edu.ec\/sgpena\/wp-json\/wp\/v2\/pages\/80\/revisions"}],"predecessor-version":[{"id":260,"href":"https:\/\/blog.espol.edu.ec\/sgpena\/wp-json\/wp\/v2\/pages\/80\/revisions\/260"}],"up":[{"embeddable":true,"href":"https:\/\/blog.espol.edu.ec\/sgpena\/wp-json\/wp\/v2\/pages\/52"}],"wp:attachment":[{"href":"https:\/\/blog.espol.edu.ec\/sgpena\/wp-json\/wp\/v2\/media?parent=80"}],"curies":[{"name":"wp","href":"https:\/\/api.w.org\/{rel}","templated":true}]}}