{"id":93,"date":"2014-11-08T16:54:29","date_gmt":"2014-11-08T16:54:29","guid":{"rendered":"http:\/\/blog.espol.edu.ec\/sgpena\/?page_id=93"},"modified":"2014-11-10T20:24:16","modified_gmt":"2014-11-10T20:24:16","slug":"esmeraldas","status":"publish","type":"page","link":"https:\/\/blog.espol.edu.ec\/sgpena\/region-costa\/esmeraldas\/","title":{"rendered":"ESMERALDAS"},"content":{"rendered":"<h1 style=\"text-align: center\"><span style=\"color: #008000\">\u00a0PLAYA DE ATACAMES<\/span><\/h1>\n<p style=\"text-align: justify\">Cuenta con una excelente infraestructura hotelera. El Atractivo tur\u00edstico adem\u00e1s de sus playas se debe a la naturaleza exuberante, y a la riqueza del folclor negro en sus variadas manifestaciones se a\u00f1ade la gastronom\u00eda, en donde se puede disfrutar los m\u00e1s exquisitos platos del mar en sus ex\u00f3ticos restaurantes que conjugan la arquitectura moderna con las rudimentarias y fascinantes aplicaciones del manglar en la decoraci\u00f3n, los m\u00e1s conocidos y atractivos <i><b>\u201cparasoles\u201d <\/b><\/i>en donde se pueden tomar c\u00f3cteles exquisitos como son las <i><b>\u201ccaipiri\u00f1as\u201d<\/b><\/i>.\u00a0 <a title=\"VER MAS\" href=\"http:\/\/www.ecostravel.com\/ecuador\/hoteles\/esmeraldas\/playa-atacames.php\">VER MAS<\/a><\/p>\n<p><a href=\"http:\/\/blog.espol.edu.ec\/sgpena\/files\/2014\/11\/imagesA.jpg\"><img loading=\"lazy\" decoding=\"async\" class=\"wp-image-94 aligncenter\" src=\"http:\/\/blog.espol.edu.ec\/sgpena\/files\/2014\/11\/imagesA.jpg\" alt=\"imagesA\" width=\"468\" height=\"170\" srcset=\"https:\/\/blog.espol.edu.ec\/sgpena\/files\/2014\/11\/imagesA.jpg 372w, https:\/\/blog.espol.edu.ec\/sgpena\/files\/2014\/11\/imagesA-300x108.jpg 300w\" sizes=\"auto, (max-width: 468px) 100vw, 468px\" \/><\/a><\/p>\n<h2 style=\"text-align: center\"><\/h2>\n<h2 style=\"text-align: center\"><strong><span class=\"titulo5\" style=\"color: #339966\">Playa de Muisne<\/span><\/strong><\/h2>\n<p style=\"text-align: justify\">Se confunden con la belleza de sus playas y sus palmeras que encierran un paisaje de ensue\u00f1o tropical. Imborrables a\u00f1os de leyenda est\u00e1n escondidos en el muelle, en sus calles, en sus veredas. Al llegar, el turista percibe la hospitalidad de la gente, del lugar, que junto con el calorcito t\u00edpico coste\u00f1o, le produce una sensaci\u00f3n de ansiedad por conocerlo todo.<\/p>\n<p><a href=\"http:\/\/blog.espol.edu.ec\/sgpena\/files\/2014\/11\/muisne-playa.jpg\"><img loading=\"lazy\" decoding=\"async\" class=\"wp-image-95  aligncenter\" src=\"http:\/\/blog.espol.edu.ec\/sgpena\/files\/2014\/11\/muisne-playa-300x201.jpg\" alt=\"muisne-playa\" width=\"325\" height=\"218\" srcset=\"https:\/\/blog.espol.edu.ec\/sgpena\/files\/2014\/11\/muisne-playa-300x201.jpg 300w, https:\/\/blog.espol.edu.ec\/sgpena\/files\/2014\/11\/muisne-playa.jpg 800w\" sizes=\"auto, (max-width: 325px) 100vw, 325px\" \/><\/a><\/p>\n<h1 style=\"text-align: center\"><\/h1>\n<h1 style=\"text-align: center\"><span style=\"color: #993300\">Reserva Ecol\u00f3gica Cayapas-MataJe<\/span><\/h1>\n<p style=\"text-align: justify\">La Reserva Ecol\u00f3gica Manglares Cayapas-Mataje, se caracteriza principalmente por su extenso bosque de mangle, donde se levantan los manglares m\u00e1s altos del mundo, cuyas ra\u00edces se entretejen sobre pantanos, lagunillas, bosques de tierra firme y varias playas para conformar un ecosistema singular, con diversidad de especies estrechamente asociadas entre s\u00ed que se distinguen por su gran tolerancia al agua salada. <a title=\"ver mas\" href=\"http:\/\/es.wikipedia.org\/wiki\/Reserva_ecol%C3%B3gica_Cayapas_Mataje\">ver mas<\/a><\/p>\n<p style=\"text-align: center\"><a href=\"http:\/\/blog.espol.edu.ec\/sgpena\/files\/2014\/11\/foto-reserva_p.jpg\"><img loading=\"lazy\" decoding=\"async\" class=\"alignnone size-full wp-image-96\" src=\"http:\/\/blog.espol.edu.ec\/sgpena\/files\/2014\/11\/foto-reserva_p.jpg\" alt=\"foto-reserva_p\" width=\"399\" height=\"300\" srcset=\"https:\/\/blog.espol.edu.ec\/sgpena\/files\/2014\/11\/foto-reserva_p.jpg 399w, https:\/\/blog.espol.edu.ec\/sgpena\/files\/2014\/11\/foto-reserva_p-300x225.jpg 300w\" sizes=\"auto, (max-width: 399px) 100vw, 399px\" \/><\/a><\/p>\n<h1 style=\"text-align: center\"><strong><span style=\"color: #808000\"> S\u00faa<\/span><\/strong><\/h1>\n<p>Es el primero de los balnearios de la provincia conocido por turistas en el pa\u00eds. La tranquilidad de sus aguas, el acogedor paisaje, su exuberante flora y fauna muy propia de las Gal\u00e1pagos, son algunas de sus caracter\u00edsticas m\u00e1s sobresalientes. <a title=\"ubicacion\" href=\"http:\/\/www.ecostravel.com\/ecuador\/hoteles\/esmeraldas\/sua.php\">ubicacion<\/a><\/p>\n<p style=\"text-align: center\"><a href=\"http:\/\/blog.espol.edu.ec\/sgpena\/files\/2014\/11\/S\u00daA-FOTO-1.jpg\"><img loading=\"lazy\" decoding=\"async\" class=\"alignnone size-full wp-image-97\" src=\"http:\/\/blog.espol.edu.ec\/sgpena\/files\/2014\/11\/S\u00daA-FOTO-1.jpg\" alt=\"S\u00daA-FOTO-1\" width=\"400\" height=\"300\" srcset=\"https:\/\/blog.espol.edu.ec\/sgpena\/files\/2014\/11\/S\u00daA-FOTO-1.jpg 400w, https:\/\/blog.espol.edu.ec\/sgpena\/files\/2014\/11\/S\u00daA-FOTO-1-300x225.jpg 300w\" sizes=\"auto, (max-width: 400px) 100vw, 400px\" \/><\/a><\/p>\n<h1 style=\"text-align: center\"><strong><span class=\"titulo5\" style=\"color: #800000\">Museo de la Arqueolog\u00eda Regional<\/span><\/strong><\/h1>\n<p>Se encuentra en el Centro Cultural Esmeradas del Banco Central contiene una muestra representativa relacionada con aspectos de la vida de algunos pueblos del siglo pasado, su din\u00e1mica y desarrollo social cultural a trav\u00e9s del tiempo y espacio.<a title=\"ver mas\" href=\"http:\/\/www.museos.gob.ec\/redmuseos\/index.php\/museos\/itemlocales\/museoesmeraldas\"> ver mas<\/a><\/p>\n<p>&nbsp;<\/p>\n<p><a href=\"http:\/\/blog.espol.edu.ec\/sgpena\/files\/2014\/11\/01.-sala-principal.jpg\"><img loading=\"lazy\" decoding=\"async\" class=\"wp-image-98 aligncenter\" src=\"http:\/\/blog.espol.edu.ec\/sgpena\/files\/2014\/11\/01.-sala-principal.jpg\" alt=\"01. sala principal\" width=\"573\" height=\"376\" srcset=\"https:\/\/blog.espol.edu.ec\/sgpena\/files\/2014\/11\/01.-sala-principal.jpg 640w, https:\/\/blog.espol.edu.ec\/sgpena\/files\/2014\/11\/01.-sala-principal-300x196.jpg 300w\" sizes=\"auto, (max-width: 573px) 100vw, 573px\" \/><\/a><\/p>\n","protected":false},"excerpt":{"rendered":"<p>\u00a0PLAYA DE ATACAMES Cuenta con una excelente infraestructura hotelera. El Atractivo tur\u00edstico adem\u00e1s de sus playas se debe a la naturaleza exuberante, y a la riqueza del folclor negro en sus variadas manifestaciones se a\u00f1ade la gastronom\u00eda, en donde se puede disfrutar los m\u00e1s exquisitos platos del mar en sus ex\u00f3ticos restaurantes que conjugan la &hellip; <\/p>\n<p><a class=\"more-link btn\" href=\"https:\/\/blog.espol.edu.ec\/sgpena\/region-costa\/esmeraldas\/\">Seguir leyendo<\/a><\/p>\n","protected":false},"author":9428,"featured_media":0,"parent":52,"menu_order":1,"comment_status":"open","ping_status":"open","template":"","meta":{"footnotes":""},"class_list":["post-93","page","type-page","status-publish","hentry","nodate","item-wrap"],"_links":{"self":[{"href":"https:\/\/blog.espol.edu.ec\/sgpena\/wp-json\/wp\/v2\/pages\/93","targetHints":{"allow":["GET"]}}],"collection":[{"href":"https:\/\/blog.espol.edu.ec\/sgpena\/wp-json\/wp\/v2\/pages"}],"about":[{"href":"https:\/\/blog.espol.edu.ec\/sgpena\/wp-json\/wp\/v2\/types\/page"}],"author":[{"embeddable":true,"href":"https:\/\/blog.espol.edu.ec\/sgpena\/wp-json\/wp\/v2\/users\/9428"}],"replies":[{"embeddable":true,"href":"https:\/\/blog.espol.edu.ec\/sgpena\/wp-json\/wp\/v2\/comments?post=93"}],"version-history":[{"count":4,"href":"https:\/\/blog.espol.edu.ec\/sgpena\/wp-json\/wp\/v2\/pages\/93\/revisions"}],"predecessor-version":[{"id":262,"href":"https:\/\/blog.espol.edu.ec\/sgpena\/wp-json\/wp\/v2\/pages\/93\/revisions\/262"}],"up":[{"embeddable":true,"href":"https:\/\/blog.espol.edu.ec\/sgpena\/wp-json\/wp\/v2\/pages\/52"}],"wp:attachment":[{"href":"https:\/\/blog.espol.edu.ec\/sgpena\/wp-json\/wp\/v2\/media?parent=93"}],"curies":[{"name":"wp","href":"https:\/\/api.w.org\/{rel}","templated":true}]}}