{"id":36,"date":"2016-10-25T12:53:58","date_gmt":"2016-10-25T12:53:58","guid":{"rendered":"http:\/\/blog.espol.edu.ec\/simssale\/?page_id=36"},"modified":"2016-10-27T13:16:52","modified_gmt":"2016-10-27T13:16:52","slug":"que-es-el-surf","status":"publish","type":"page","link":"https:\/\/blog.espol.edu.ec\/simssale\/que-es-el-surf\/","title":{"rendered":"Que es el surf"},"content":{"rendered":"<p>El surf es un deporte que requiere de mucha dedicaci\u00f3n y paciencia pero mas que un deporte es un estilo de vida, el truco es viajar constantemente a la playa para practicar el deporte con la compa\u00f1ia de amigos que puedas compartir el momento. La conexi\u00f3n que tiene este deporte con la naturaleza es \u00fanico, no solo podemos surfear como un deporte si no tambi\u00e9n apreciar lo perfecto que es el mar.<\/p>\n<p>El mar tiene un mundo totalmente diferente al nuestro y hay que respetarlo mucho ya que el humano es el invasor. Practicar patineta ayuda mucho al balance y a las maniobras dentro de una ola. <a href=\"http:\/\/www.kellyslater.com\/\">Kelly Slater<\/a> conocido como uno de los deportistas mas completos de todos los tiempos es una imagen a seguir para muchos ya que ha ganado 12 t\u00edtulos mundiales con sus 43 a\u00f1os y sigue compitiendo.<\/p>\n<p><img loading=\"lazy\" decoding=\"async\" class=\"\" src=\"http:\/\/www.surfermag.com\/wp-content\/uploads\/2014\/10\/glasert_20141017_ksboard-19.jpg\" alt=\"Resultado de imagen para kelly slater\" width=\"627\" height=\"418\" \/><\/p>\n","protected":false},"excerpt":{"rendered":"<p>El surf es un deporte que requiere de mucha dedicaci\u00f3n y paciencia pero mas que un deporte es un estilo de vida, el truco es viajar constantemente a la playa para practicar el deporte con la compa\u00f1ia de amigos que puedas compartir el momento. La conexi\u00f3n que tiene este deporte con la naturaleza es \u00fanico, [&hellip;]<\/p>\n","protected":false},"author":10552,"featured_media":0,"parent":0,"menu_order":0,"comment_status":"closed","ping_status":"closed","template":"","meta":{"footnotes":""},"class_list":["post-36","page","type-page","status-publish","hentry"],"_links":{"self":[{"href":"https:\/\/blog.espol.edu.ec\/simssale\/wp-json\/wp\/v2\/pages\/36","targetHints":{"allow":["GET"]}}],"collection":[{"href":"https:\/\/blog.espol.edu.ec\/simssale\/wp-json\/wp\/v2\/pages"}],"about":[{"href":"https:\/\/blog.espol.edu.ec\/simssale\/wp-json\/wp\/v2\/types\/page"}],"author":[{"embeddable":true,"href":"https:\/\/blog.espol.edu.ec\/simssale\/wp-json\/wp\/v2\/users\/10552"}],"replies":[{"embeddable":true,"href":"https:\/\/blog.espol.edu.ec\/simssale\/wp-json\/wp\/v2\/comments?post=36"}],"version-history":[{"count":4,"href":"https:\/\/blog.espol.edu.ec\/simssale\/wp-json\/wp\/v2\/pages\/36\/revisions"}],"predecessor-version":[{"id":51,"href":"https:\/\/blog.espol.edu.ec\/simssale\/wp-json\/wp\/v2\/pages\/36\/revisions\/51"}],"wp:attachment":[{"href":"https:\/\/blog.espol.edu.ec\/simssale\/wp-json\/wp\/v2\/media?parent=36"}],"curies":[{"name":"wp","href":"https:\/\/api.w.org\/{rel}","templated":true}]}}