{"id":1106,"date":"2025-09-29T19:11:30","date_gmt":"2025-09-29T19:11:30","guid":{"rendered":"http:\/\/blog.espol.edu.ec\/sistemasdecontrol\/?page_id=1106"},"modified":"2025-09-29T19:37:49","modified_gmt":"2025-09-29T19:37:49","slug":"politicas","status":"publish","type":"page","link":"https:\/\/blog.espol.edu.ec\/sistemasdecontrol\/politicas\/","title":{"rendered":"Pol\u00edticas"},"content":{"rendered":"<p>Estimados estudiantes, en esta p\u00e1gina encontrar\u00e1n adjunto el documento con las pol\u00edticas del laboratorio de Sistemas de Control para el presente t\u00e9rmino y normas de seguridad del laboratorio.<\/p>\n<p><a href=\"https:\/\/drive.google.com\/open?id=1rstATJXunJ1VWymzr15_oZLclNDkk04k&amp;usp=drive_fs\" target=\"_blank\" rel=\"noopener noreferrer\">Pol\u00edticas PAO II_SC<\/a><\/p>\n<p><a href=\"https:\/\/drive.google.com\/open?id=1hEIy5cFxOVaO4ZSVQKKf5U10neZTVPZX&amp;usp=drive_fs\" target=\"_blank\" rel=\"noopener noreferrer\">Normas de Seguridad del Laboratorio<\/a><\/p>\n<p>&nbsp;<\/p>\n","protected":false},"excerpt":{"rendered":"<p>Estimados estudiantes, en esta p\u00e1gina encontrar\u00e1n adjunto el documento con las pol\u00edticas del laboratorio de Sistemas de Control para el presente t\u00e9rmino y normas de seguridad del laboratorio. Pol\u00edticas PAO II_SC Normas de Seguridad del Laboratorio &nbsp;<\/p>\n","protected":false},"author":1644,"featured_media":0,"parent":0,"menu_order":0,"comment_status":"closed","ping_status":"closed","template":"","meta":{"footnotes":""},"class_list":["post-1106","page","type-page","status-publish","hentry"],"_links":{"self":[{"href":"https:\/\/blog.espol.edu.ec\/sistemasdecontrol\/wp-json\/wp\/v2\/pages\/1106","targetHints":{"allow":["GET"]}}],"collection":[{"href":"https:\/\/blog.espol.edu.ec\/sistemasdecontrol\/wp-json\/wp\/v2\/pages"}],"about":[{"href":"https:\/\/blog.espol.edu.ec\/sistemasdecontrol\/wp-json\/wp\/v2\/types\/page"}],"author":[{"embeddable":true,"href":"https:\/\/blog.espol.edu.ec\/sistemasdecontrol\/wp-json\/wp\/v2\/users\/1644"}],"replies":[{"embeddable":true,"href":"https:\/\/blog.espol.edu.ec\/sistemasdecontrol\/wp-json\/wp\/v2\/comments?post=1106"}],"version-history":[{"count":1,"href":"https:\/\/blog.espol.edu.ec\/sistemasdecontrol\/wp-json\/wp\/v2\/pages\/1106\/revisions"}],"predecessor-version":[{"id":1107,"href":"https:\/\/blog.espol.edu.ec\/sistemasdecontrol\/wp-json\/wp\/v2\/pages\/1106\/revisions\/1107"}],"wp:attachment":[{"href":"https:\/\/blog.espol.edu.ec\/sistemasdecontrol\/wp-json\/wp\/v2\/media?parent=1106"}],"curies":[{"name":"wp","href":"https:\/\/api.w.org\/{rel}","templated":true}]}}