{"id":470,"date":"2019-09-27T12:13:57","date_gmt":"2019-09-27T12:13:57","guid":{"rendered":"http:\/\/blog.espol.edu.ec\/sistemasdecontrol\/?page_id=470"},"modified":"2025-12-22T15:28:02","modified_gmt":"2025-12-22T15:28:02","slug":"actividades-2","status":"publish","type":"page","link":"https:\/\/blog.espol.edu.ec\/sistemasdecontrol\/actividades-2\/","title":{"rendered":"Pre-pr\u00e1cticas y pr\u00e1cticas"},"content":{"rendered":"<div id=\"pl-470\"  class=\"panel-layout\" ><div id=\"pg-470-0\"  class=\"panel-grid panel-no-style\" ><div id=\"pgc-470-0-0\"  class=\"panel-grid-cell\" ><div id=\"panel-470-0-0-0\" class=\"so-panel widget widget_sow-accordion panel-first-child\" data-index=\"0\" ><div\n\t\t\t\n\t\t\tclass=\"so-widget-sow-accordion so-widget-sow-accordion-default-99be652ed941-470\"\n\t\t\t\n\t\t><h3 class=\"widget-title\">Pre-pr\u00e1cticas<\/h3><div>\n\t<div class=\"sow-accordion\">\n\t\t\t<div class=\"sow-accordion-panel\n\t\t\t\t\"\n\t\t\tdata-anchor-id=\"primer-parcial\">\n\t\t\t\t<div class=\"sow-accordion-panel-header-container\" role=\"heading\" aria-level=\"2\">\n\t\t\t\t\t<div class=\"sow-accordion-panel-header\" tabindex=\"0\" role=\"button\" id=\"accordion-label-primer-parcial\" aria-controls=\"accordion-content-primer-parcial\" aria-expanded=\"false\">\n\t\t\t\t\t\t<div class=\"sow-accordion-title sow-accordion-title-icon-left\">\n\t\t\t\t\t\t\t\t\t\t\t\t\t\tPrimer parcial\t\t\t\t\t\t\t\t\t\t\t\t\t<\/div>\n\t\t\t\t\t\t<div class=\"sow-accordion-open-close-button\">\n\t\t\t\t\t\t\t<div class=\"sow-accordion-open-button\">\n\t\t\t\t\t\t\t\t<span class=\"sow-icon-ionicons\" data-sow-icon=\"&#xf218;\"\n\t\t \n\t\taria-hidden=\"true\"><\/span>\t\t\t\t\t\t\t<\/div>\n\t\t\t\t\t\t\t<div class=\"sow-accordion-close-button\">\n\t\t\t\t\t\t\t\t<span class=\"sow-icon-ionicons\" data-sow-icon=\"&#xf209;\"\n\t\t \n\t\taria-hidden=\"true\"><\/span>\t\t\t\t\t\t\t<\/div>\n\t\t\t\t\t\t<\/div>\n\t\t\t\t\t<\/div>\n\t\t\t\t<\/div>\n\n\t\t\t<div\n\t\t\t\tclass=\"sow-accordion-panel-content\"\n\t\t\t\trole=\"region\"\n\t\t\t\taria-labelledby=\"accordion-label-primer-parcial\"\n\t\t\t\tid=\"accordion-content-primer-parcial\"\n\t\t\t\tstyle=\"display: none;\"\t\t\t>\n\t\t\t\t<div class=\"sow-accordion-panel-border\">\n\t\t\t\t\t<p><strong>Pre-pr\u00e1ctica 1<\/strong><\/p>\n<p>Crear una cuenta en la p\u00e1gina de Mathworks (gratuito) y desarrollar el curso MATLAB Onramp hasta el m\u00f3dulo\u00a0<strong>Revisi\u00f3n de problemas\u00a0<\/strong>(inclusive).<\/p>\n<p>Suba al Aula Virtual el reporte de progreso en PDF generado por MATLAB una vez terminada la actividad.<\/p>\n<p><strong>Pre-pr\u00e1ctica 2<\/strong><\/p>\n<p>A continuaci\u00f3n encontrar\u00e1n el enlace al archivo de la pre-pr\u00e1ctican 2, mismo que deben desarrollar\u00a0 para luego completar el formato PP2. Deben presentar lo desarrollado v\u00eda Aula Virtual hasta la fecha indicada en el sistema.<\/p>\n<p><a href=\"https:\/\/drive.google.com\/open?id=1qWPGyMSSmsXEzkn1hVG_jZkmn1-0Hl8z&amp;usp=drive_fs\" target=\"_blank\" rel=\"noopener\">Pre-pr\u00e1ctica 2<\/a><\/p>\n<p><strong>Prepr\u00e1ctica 3<\/strong><\/p>\n<p>A continuaci\u00f3n encontrar\u00e1n el enlace al archivo de la pre-pr\u00e1ctica 3, mismo que deben desarrollar\u00a0 para luego completar el formato PP3. Deben presentar lo desarrollado v\u00eda AulaVirtual hasta la fecha indicada en el sistema.<\/p>\n<p><a href=\"https:\/\/drive.google.com\/open?id=1XFGnTelsqijw8THTbgHoFE53HmlehTGM&amp;usp=drive_fs\" target=\"_blank\" rel=\"noopener\">Pre-pr\u00e1ctica 3<\/a><\/p>\n\t\t\t\t<\/div>\n\t\t\t<\/div>\n\t\t<\/div>\n\t\t\t<div class=\"sow-accordion-panel\n\t\t\t\t\"\n\t\t\tdata-anchor-id=\"segundo-parcial\">\n\t\t\t\t<div class=\"sow-accordion-panel-header-container\" role=\"heading\" aria-level=\"2\">\n\t\t\t\t\t<div class=\"sow-accordion-panel-header\" tabindex=\"0\" role=\"button\" id=\"accordion-label-segundo-parcial\" aria-controls=\"accordion-content-segundo-parcial\" aria-expanded=\"false\">\n\t\t\t\t\t\t<div class=\"sow-accordion-title sow-accordion-title-icon-left\">\n\t\t\t\t\t\t\t\t\t\t\t\t\t\tSegundo parcial\t\t\t\t\t\t\t\t\t\t\t\t\t<\/div>\n\t\t\t\t\t\t<div class=\"sow-accordion-open-close-button\">\n\t\t\t\t\t\t\t<div class=\"sow-accordion-open-button\">\n\t\t\t\t\t\t\t\t<span class=\"sow-icon-ionicons\" data-sow-icon=\"&#xf218;\"\n\t\t \n\t\taria-hidden=\"true\"><\/span>\t\t\t\t\t\t\t<\/div>\n\t\t\t\t\t\t\t<div class=\"sow-accordion-close-button\">\n\t\t\t\t\t\t\t\t<span class=\"sow-icon-ionicons\" data-sow-icon=\"&#xf209;\"\n\t\t \n\t\taria-hidden=\"true\"><\/span>\t\t\t\t\t\t\t<\/div>\n\t\t\t\t\t\t<\/div>\n\t\t\t\t\t<\/div>\n\t\t\t\t<\/div>\n\n\t\t\t<div\n\t\t\t\tclass=\"sow-accordion-panel-content\"\n\t\t\t\trole=\"region\"\n\t\t\t\taria-labelledby=\"accordion-label-segundo-parcial\"\n\t\t\t\tid=\"accordion-content-segundo-parcial\"\n\t\t\t\tstyle=\"display: none;\"\t\t\t>\n\t\t\t\t<div class=\"sow-accordion-panel-border\">\n\t\t\t\t\t<p><strong>Pre-pr\u00e1ctica 5<\/strong><\/p>\n<p>A continuaci\u00f3n encontrar\u00e1n el enlace al archivo de la pre-pr\u00e1ctica 5, mismo que deben desarrollar\u00a0 para luego completar el formato PP5. Deben presentar lo desarrollado v\u00eda AulaVirtual hasta la fecha indicada en el sistema.<\/p>\n<p><a href=\"https:\/\/drive.google.com\/open?id=1ErR1SV1LTH5BRsOucokNpejhkV9HX_5m&amp;usp=drive_fs\" target=\"_blank\" rel=\"noopener\">Pre-pr\u00e1ctica 5<\/a><\/p>\n<p>&nbsp;<\/p>\n\t\t\t\t<\/div>\n\t\t\t<\/div>\n\t\t<\/div>\n\t\t<\/div>\n<\/div>\n<\/div><\/div><div id=\"panel-470-0-0-1\" class=\"so-panel widget widget_sow-accordion panel-last-child\" data-index=\"1\" ><div\n\t\t\t\n\t\t\tclass=\"so-widget-sow-accordion so-widget-sow-accordion-default-5674beebb4fa-470\"\n\t\t\t\n\t\t><h3 class=\"widget-title\">Pr\u00e1cticas<\/h3><div>\n\t<div class=\"sow-accordion\">\n\t\t\t<div class=\"sow-accordion-panel\n\t\t\t\t\"\n\t\t\tdata-anchor-id=\"primer-parcial\">\n\t\t\t\t<div class=\"sow-accordion-panel-header-container\" role=\"heading\" aria-level=\"2\">\n\t\t\t\t\t<div class=\"sow-accordion-panel-header\" tabindex=\"0\" role=\"button\" id=\"accordion-label-primer-parcial\" aria-controls=\"accordion-content-primer-parcial\" aria-expanded=\"false\">\n\t\t\t\t\t\t<div class=\"sow-accordion-title sow-accordion-title-icon-left\">\n\t\t\t\t\t\t\t\t\t\t\t\t\t\tPrimer parcial\t\t\t\t\t\t\t\t\t\t\t\t\t<\/div>\n\t\t\t\t\t\t<div class=\"sow-accordion-open-close-button\">\n\t\t\t\t\t\t\t<div class=\"sow-accordion-open-button\">\n\t\t\t\t\t\t\t\t<span class=\"sow-icon-ionicons\" data-sow-icon=\"&#xf218;\"\n\t\t \n\t\taria-hidden=\"true\"><\/span>\t\t\t\t\t\t\t<\/div>\n\t\t\t\t\t\t\t<div class=\"sow-accordion-close-button\">\n\t\t\t\t\t\t\t\t<span class=\"sow-icon-ionicons\" data-sow-icon=\"&#xf209;\"\n\t\t \n\t\taria-hidden=\"true\"><\/span>\t\t\t\t\t\t\t<\/div>\n\t\t\t\t\t\t<\/div>\n\t\t\t\t\t<\/div>\n\t\t\t\t<\/div>\n\n\t\t\t<div\n\t\t\t\tclass=\"sow-accordion-panel-content\"\n\t\t\t\trole=\"region\"\n\t\t\t\taria-labelledby=\"accordion-label-primer-parcial\"\n\t\t\t\tid=\"accordion-content-primer-parcial\"\n\t\t\t\tstyle=\"display: none;\"\t\t\t>\n\t\t\t\t<div class=\"sow-accordion-panel-border\">\n\t\t\t\t\t<p><strong>Pr\u00e1ctica 1<\/strong><\/p>\n<p>A continuaci\u00f3n encontrar\u00e1n el enlace al archivo de la pr\u00e1ctica 1, misma que deben desarrollar en sus respectivos horarios de laboratorio\u00a0 para luego completar el formato P1. Deben presentar lo desarrollado v\u00eda Aula Virtual hasta la fecha indicada en el sistema.<\/p>\n<p>La gu\u00eda de pr\u00e1cticas la encuentra en la secci\u00f3n\u00a0<a href=\"http:\/\/blog.espol.edu.ec\/sistemasdecontrol\/guia-de-practicas\/\">Actividades\u00a0<\/a>en el blog.<\/p>\n<p><a href=\"http:\/\/blog.espol.edu.ec\/sistemasdecontrol\/files\/2020\/06\/P1.pdf\" target=\"_blank\" rel=\"noopener\">Documento Pr\u00e1ctica 1<\/a><\/p>\n<p><strong>Pr\u00e1ctica 2<\/strong><\/p>\n<p>A continuaci\u00f3n encontrar\u00e1n el enlace al archivo de la pr\u00e1ctica 2, misma que deben desarrollar en sus respectivos horarios de laboratorio\u00a0 para luego completar el formato P2. Deben presentar lo desarrollado v\u00eda Aula Virtual hasta la fecha indicada en el sistema.<\/p>\n<p><a href=\"http:\/\/blog.espol.edu.ec\/sistemasdecontrol\/files\/2023\/05\/P2.pdf\">Documento de la Pr\u00e1ctica 2<\/a><\/p>\n<p><strong>Pr\u00e1ctica 3<\/strong><\/p>\n<p>A continuaci\u00f3n encontrar\u00e1n el enlace al archivo de la pr\u00e1ctica 3, misma que deben desarrollar en sus respectivos horarios de laboratorio\u00a0 para luego completar el formato P3. Deben presentar lo desarrollado v\u00eda Aula Virtual hasta la fecha indicada en el sistema.<\/p>\n<p><a href=\"http:\/\/blog.espol.edu.ec\/sistemasdecontrol\/files\/2020\/06\/P3.pdf\">Documento Pr\u00e1ctica 3<\/a><\/p>\n<p><a href=\"https:\/\/drive.google.com\/open?id=1Z4CO0m7tC4vCgpesr5YRTp0b35w1VKIA&amp;usp=drive_fs\" target=\"_blank\" rel=\"noopener\">Archivos P3<\/a><\/p>\n\t\t\t\t<\/div>\n\t\t\t<\/div>\n\t\t<\/div>\n\t\t\t<div class=\"sow-accordion-panel\n\t\t\t\t\"\n\t\t\tdata-anchor-id=\"segundo-parcial\">\n\t\t\t\t<div class=\"sow-accordion-panel-header-container\" role=\"heading\" aria-level=\"2\">\n\t\t\t\t\t<div class=\"sow-accordion-panel-header\" tabindex=\"0\" role=\"button\" id=\"accordion-label-segundo-parcial\" aria-controls=\"accordion-content-segundo-parcial\" aria-expanded=\"false\">\n\t\t\t\t\t\t<div class=\"sow-accordion-title sow-accordion-title-icon-left\">\n\t\t\t\t\t\t\t\t\t\t\t\t\t\tSegundo parcial\t\t\t\t\t\t\t\t\t\t\t\t\t<\/div>\n\t\t\t\t\t\t<div class=\"sow-accordion-open-close-button\">\n\t\t\t\t\t\t\t<div class=\"sow-accordion-open-button\">\n\t\t\t\t\t\t\t\t<span class=\"sow-icon-ionicons\" data-sow-icon=\"&#xf218;\"\n\t\t \n\t\taria-hidden=\"true\"><\/span>\t\t\t\t\t\t\t<\/div>\n\t\t\t\t\t\t\t<div class=\"sow-accordion-close-button\">\n\t\t\t\t\t\t\t\t<span class=\"sow-icon-ionicons\" data-sow-icon=\"&#xf209;\"\n\t\t \n\t\taria-hidden=\"true\"><\/span>\t\t\t\t\t\t\t<\/div>\n\t\t\t\t\t\t<\/div>\n\t\t\t\t\t<\/div>\n\t\t\t\t<\/div>\n\n\t\t\t<div\n\t\t\t\tclass=\"sow-accordion-panel-content\"\n\t\t\t\trole=\"region\"\n\t\t\t\taria-labelledby=\"accordion-label-segundo-parcial\"\n\t\t\t\tid=\"accordion-content-segundo-parcial\"\n\t\t\t\tstyle=\"display: none;\"\t\t\t>\n\t\t\t\t<div class=\"sow-accordion-panel-border\">\n\t\t\t\t\t<p><strong>Pr\u00e1ctica 4<\/strong><\/p>\n<p>A continuaci\u00f3n encontrar\u00e1n el enlace al archivo de la pr\u00e1ctica 4, misma que deben desarrollar en pareja ( seg\u00fan le sea asignada) en sus respectivos horarios de laboratorio\u00a0 para luego completar el formato P4. Deben presentar lo desarrollado v\u00eda Aula Virtual hasta la fecha indicada en el sistema.<\/p>\n<p><a href=\"https:\/\/drive.google.com\/file\/d\/1WGurSAZz8o-0VyvPw9pbTk9EYK_CPsL2\/view?usp=sharing\" target=\"_blank\" rel=\"noopener\">Pr\u00e1ctica 4<\/a><\/p>\n<p><a href=\"https:\/\/drive.google.com\/open?id=1d3XduL7LThjQ0MXuwJu-r7wlwsmEUNqU&amp;usp=drive_fs\" target=\"_blank\" rel=\"noopener\">Archivos P4<\/a><\/p>\n<p><strong>Pr\u00e1ctica 5<\/strong><\/p>\n<p>A continuaci\u00f3n encontrar\u00e1n el enlace al archivo de la pr\u00e1ctica 5, misma que deben desarrollar en sus respectivos horarios de laboratorio\u00a0 para luego completar el formato P5. Deben presentar lo desarrollado v\u00eda Aula Virtual hasta la fecha indicada en el sistema.<\/p>\n<p><a href=\"http:\/\/blog.espol.edu.ec\/sistemasdecontrol\/files\/2020\/07\/P5.pdf\">Pr\u00e1ctica 5<\/a><\/p>\n<p><a href=\"https:\/\/drive.google.com\/open?id=1dzYNkuei2ujsiq-1S9BizBDjDBzn7FqB&amp;usp=drive_fs\" target=\"_blank\" rel=\"noopener\">Archivos P5<\/a><\/p>\n<p><strong>Pr\u00e1ctica 6<\/strong><\/p>\n<p>A continuaci\u00f3n encontrar\u00e1n el enlace al archivo de la pr\u00e1ctica 6, misma que deben desarrollar en pareja ( seg\u00fan le sea asignada) en sus respectivos horarios de laboratorio\u00a0 para luego completar el formato P6. Deben presentar lo desarrollado v\u00eda Aula Virtual hasta la fecha indicada en el sistema.<\/p>\n<p><a href=\"https:\/\/drive.google.com\/open?id=1B-0cL0srDX6Y2eAaTu1NV1s-QvILjkGe&amp;usp=drive_fs\" target=\"_blank\" rel=\"noopener\">Pr\u00e1ctica 6<\/a><\/p>\n<p>&nbsp;<\/p>\n\t\t\t\t<\/div>\n\t\t\t<\/div>\n\t\t<\/div>\n\t\t<\/div>\n<\/div>\n<\/div><\/div><\/div><\/div><\/div>","protected":false},"excerpt":{"rendered":"<p>Pre-pr\u00e1cticas Primer parcial Pre-pr\u00e1ctica 1 Crear una cuenta en la p\u00e1gina de Mathworks (gratuito) y desarrollar el curso MATLAB Onramp hasta el m\u00f3dulo\u00a0Revisi\u00f3n de problemas\u00a0(inclusive). Suba al Aula Virtual el reporte de progreso en PDF generado por MATLAB una vez terminada la actividad. Pre-pr\u00e1ctica 2 A continuaci\u00f3n encontrar\u00e1n el enlace al archivo de la pre-pr\u00e1ctican [&hellip;]<\/p>\n","protected":false},"author":1644,"featured_media":0,"parent":0,"menu_order":0,"comment_status":"closed","ping_status":"closed","template":"","meta":{"footnotes":""},"class_list":["post-470","page","type-page","status-publish","hentry"],"_links":{"self":[{"href":"https:\/\/blog.espol.edu.ec\/sistemasdecontrol\/wp-json\/wp\/v2\/pages\/470","targetHints":{"allow":["GET"]}}],"collection":[{"href":"https:\/\/blog.espol.edu.ec\/sistemasdecontrol\/wp-json\/wp\/v2\/pages"}],"about":[{"href":"https:\/\/blog.espol.edu.ec\/sistemasdecontrol\/wp-json\/wp\/v2\/types\/page"}],"author":[{"embeddable":true,"href":"https:\/\/blog.espol.edu.ec\/sistemasdecontrol\/wp-json\/wp\/v2\/users\/1644"}],"replies":[{"embeddable":true,"href":"https:\/\/blog.espol.edu.ec\/sistemasdecontrol\/wp-json\/wp\/v2\/comments?post=470"}],"version-history":[{"count":57,"href":"https:\/\/blog.espol.edu.ec\/sistemasdecontrol\/wp-json\/wp\/v2\/pages\/470\/revisions"}],"predecessor-version":[{"id":1110,"href":"https:\/\/blog.espol.edu.ec\/sistemasdecontrol\/wp-json\/wp\/v2\/pages\/470\/revisions\/1110"}],"wp:attachment":[{"href":"https:\/\/blog.espol.edu.ec\/sistemasdecontrol\/wp-json\/wp\/v2\/media?parent=470"}],"curies":[{"name":"wp","href":"https:\/\/api.w.org\/{rel}","templated":true}]}}