{"id":66,"date":"2017-09-21T17:29:09","date_gmt":"2017-09-21T17:29:09","guid":{"rendered":"http:\/\/blog.espol.edu.ec\/sistemasdecontrol\/?page_id=66"},"modified":"2024-04-01T18:26:20","modified_gmt":"2024-04-01T18:26:20","slug":"presentaciones","status":"publish","type":"page","link":"https:\/\/blog.espol.edu.ec\/sistemasdecontrol\/presentaciones\/","title":{"rendered":"Enlaces de inter\u00e9s"},"content":{"rendered":"<div id=\"pl-66\"  class=\"panel-layout\" ><div id=\"pg-66-0\"  class=\"panel-grid panel-no-style\" ><div id=\"pgc-66-0-0\"  class=\"panel-grid-cell\" ><div id=\"panel-66-0-0-0\" class=\"so-panel widget widget_sow-editor panel-first-child\" data-index=\"0\" ><div\n\t\t\t\n\t\t\tclass=\"so-widget-sow-editor so-widget-sow-editor-base\"\n\t\t\t\n\t\t><h3 class=\"widget-title\">Presentaciones<\/h3>\n<div class=\"siteorigin-widget-tinymce textwidget\">\n\t<p>En los siguientes enlaces se presentan diferentes diapositivas a utilizar para el desarrollo del componente pr\u00e1ctico del curso:<\/p>\n<\/div>\n<\/div><\/div><div id=\"panel-66-0-0-1\" class=\"so-panel widget widget_sow-accordion\" data-index=\"1\" ><div\n\t\t\t\n\t\t\tclass=\"so-widget-sow-accordion so-widget-sow-accordion-default-99be652ed941-66\"\n\t\t\t\n\t\t><div>\n\t<div class=\"sow-accordion\">\n\t\t\t<div class=\"sow-accordion-panel\n\t\t\t\t\"\n\t\t\tdata-anchor-id=\"primer-parcial\">\n\t\t\t\t<div class=\"sow-accordion-panel-header-container\" role=\"heading\" aria-level=\"2\">\n\t\t\t\t\t<div class=\"sow-accordion-panel-header\" tabindex=\"0\" role=\"button\" id=\"accordion-label-primer-parcial\" aria-controls=\"accordion-content-primer-parcial\" aria-expanded=\"false\">\n\t\t\t\t\t\t<div class=\"sow-accordion-title sow-accordion-title-icon-left\">\n\t\t\t\t\t\t\t\t\t\t\t\t\t\tPrimer parcial \t\t\t\t\t\t\t\t\t\t\t\t\t<\/div>\n\t\t\t\t\t\t<div class=\"sow-accordion-open-close-button\">\n\t\t\t\t\t\t\t<div class=\"sow-accordion-open-button\">\n\t\t\t\t\t\t\t\t<span class=\"sow-icon-ionicons\" data-sow-icon=\"&#xf218;\"\n\t\t \n\t\taria-hidden=\"true\"><\/span>\t\t\t\t\t\t\t<\/div>\n\t\t\t\t\t\t\t<div class=\"sow-accordion-close-button\">\n\t\t\t\t\t\t\t\t<span class=\"sow-icon-ionicons\" data-sow-icon=\"&#xf209;\"\n\t\t \n\t\taria-hidden=\"true\"><\/span>\t\t\t\t\t\t\t<\/div>\n\t\t\t\t\t\t<\/div>\n\t\t\t\t\t<\/div>\n\t\t\t\t<\/div>\n\n\t\t\t<div\n\t\t\t\tclass=\"sow-accordion-panel-content\"\n\t\t\t\trole=\"region\"\n\t\t\t\taria-labelledby=\"accordion-label-primer-parcial\"\n\t\t\t\tid=\"accordion-content-primer-parcial\"\n\t\t\t\tstyle=\"display: none;\"\t\t\t>\n\t\t\t\t<div class=\"sow-accordion-panel-border\">\n\t\t\t\t\t<p><a href=\"http:\/\/blog.espol.edu.ec\/sistemasdecontrol\/files\/2020\/05\/Introducci\u00f3n-a-MATLAB.pdf\">Introducci\u00f3n a MATLAB<\/a><\/p>\n<p><a href=\"http:\/\/blog.espol.edu.ec\/sistemasdecontrol\/files\/2020\/05\/Introducci\u00f3n-a-MATLAB-Parte-2.pdf\">Introducci\u00f3n a MATLAB Parte 2<\/a><\/p>\n<p><a href=\"http:\/\/blog.espol.edu.ec\/sistemasdecontrol\/files\/2020\/06\/Modelos-lineales.pdf\">Modelos lineales<\/a><\/p>\n<p><a href=\"http:\/\/blog.espol.edu.ec\/sistemasdecontrol\/files\/2020\/06\/Modelos-Lineales-y-No-Lineales.pdf\">Modelos Lineales y No Lineales<\/a><\/p>\n<p><a href=\"http:\/\/blog.espol.edu.ec\/sistemasdecontrol\/files\/2021\/06\/\u00cdndices-de-desempe\u00f1o-SC.pdf\">\u00cdndices de desempe\u00f1o<\/a><\/p>\n<p><a href=\"http:\/\/blog.espol.edu.ec\/sistemasdecontrol\/files\/2020\/06\/Identificaci\u00f3n-de-sistemas_all.pdf\">Identificaci\u00f3n de sistemas_all<\/a><\/p>\n\t\t\t\t<\/div>\n\t\t\t<\/div>\n\t\t<\/div>\n\t\t\t<div class=\"sow-accordion-panel\n\t\t\t\t\"\n\t\t\tdata-anchor-id=\"segundo-parcial\">\n\t\t\t\t<div class=\"sow-accordion-panel-header-container\" role=\"heading\" aria-level=\"2\">\n\t\t\t\t\t<div class=\"sow-accordion-panel-header\" tabindex=\"0\" role=\"button\" id=\"accordion-label-segundo-parcial\" aria-controls=\"accordion-content-segundo-parcial\" aria-expanded=\"false\">\n\t\t\t\t\t\t<div class=\"sow-accordion-title sow-accordion-title-icon-left\">\n\t\t\t\t\t\t\t\t\t\t\t\t\t\tSegundo parcial\t\t\t\t\t\t\t\t\t\t\t\t\t<\/div>\n\t\t\t\t\t\t<div class=\"sow-accordion-open-close-button\">\n\t\t\t\t\t\t\t<div class=\"sow-accordion-open-button\">\n\t\t\t\t\t\t\t\t<span class=\"sow-icon-ionicons\" data-sow-icon=\"&#xf218;\"\n\t\t \n\t\taria-hidden=\"true\"><\/span>\t\t\t\t\t\t\t<\/div>\n\t\t\t\t\t\t\t<div class=\"sow-accordion-close-button\">\n\t\t\t\t\t\t\t\t<span class=\"sow-icon-ionicons\" data-sow-icon=\"&#xf209;\"\n\t\t \n\t\taria-hidden=\"true\"><\/span>\t\t\t\t\t\t\t<\/div>\n\t\t\t\t\t\t<\/div>\n\t\t\t\t\t<\/div>\n\t\t\t\t<\/div>\n\n\t\t\t<div\n\t\t\t\tclass=\"sow-accordion-panel-content\"\n\t\t\t\trole=\"region\"\n\t\t\t\taria-labelledby=\"accordion-label-segundo-parcial\"\n\t\t\t\tid=\"accordion-content-segundo-parcial\"\n\t\t\t\tstyle=\"display: none;\"\t\t\t>\n\t\t\t\t<div class=\"sow-accordion-panel-border\">\n\t\t\t\t\t<p><a href=\"http:\/\/blog.espol.edu.ec\/sistemasdecontrol\/files\/2020\/06\/Identificaci\u00f3n-de-sistemas_all.pdf\">Identificaci\u00f3n de sistemas_all<\/a><\/p>\n<p><a href=\"https:\/\/docs.google.com\/presentation\/d\/1_FrQjnmBYK9uNgo_AvURwlDfgTxrfIIn8s6gnw1B4_M\/edit?usp=sharing\" target=\"_blank\" rel=\"noopener\">Dise\u00f1o de controladores<\/a><\/p>\n<p>&nbsp;<\/p>\n\t\t\t\t<\/div>\n\t\t\t<\/div>\n\t\t<\/div>\n\t\t<\/div>\n<\/div>\n<\/div><\/div><div id=\"panel-66-0-0-2\" class=\"so-panel widget widget_sow-editor\" data-index=\"2\" ><div\n\t\t\t\n\t\t\tclass=\"so-widget-sow-editor so-widget-sow-editor-base\"\n\t\t\t\n\t\t><h3 class=\"widget-title\">Pr\u00e1cticas seguras<\/h3>\n<div class=\"siteorigin-widget-tinymce textwidget\">\n\t<p>A continuaci\u00f3n se presentan las gu\u00edas de pr\u00e1cticas seguras separadas por parcial:<\/p>\n<\/div>\n<\/div><\/div><div id=\"panel-66-0-0-3\" class=\"so-panel widget widget_sow-accordion panel-last-child\" data-index=\"3\" ><div\n\t\t\t\n\t\t\tclass=\"so-widget-sow-accordion so-widget-sow-accordion-default-99be652ed941-66\"\n\t\t\t\n\t\t><div>\n\t<div class=\"sow-accordion\">\n\t\t\t<div class=\"sow-accordion-panel\n\t\t\t\t\"\n\t\t\tdata-anchor-id=\"primer-parcial\">\n\t\t\t\t<div class=\"sow-accordion-panel-header-container\" role=\"heading\" aria-level=\"2\">\n\t\t\t\t\t<div class=\"sow-accordion-panel-header\" tabindex=\"0\" role=\"button\" id=\"accordion-label-primer-parcial\" aria-controls=\"accordion-content-primer-parcial\" aria-expanded=\"false\">\n\t\t\t\t\t\t<div class=\"sow-accordion-title sow-accordion-title-icon-left\">\n\t\t\t\t\t\t\t\t\t\t\t\t\t\tPrimer parcial\t\t\t\t\t\t\t\t\t\t\t\t\t<\/div>\n\t\t\t\t\t\t<div class=\"sow-accordion-open-close-button\">\n\t\t\t\t\t\t\t<div class=\"sow-accordion-open-button\">\n\t\t\t\t\t\t\t\t<span class=\"sow-icon-ionicons\" data-sow-icon=\"&#xf218;\"\n\t\t \n\t\taria-hidden=\"true\"><\/span>\t\t\t\t\t\t\t<\/div>\n\t\t\t\t\t\t\t<div class=\"sow-accordion-close-button\">\n\t\t\t\t\t\t\t\t<span class=\"sow-icon-ionicons\" data-sow-icon=\"&#xf209;\"\n\t\t \n\t\taria-hidden=\"true\"><\/span>\t\t\t\t\t\t\t<\/div>\n\t\t\t\t\t\t<\/div>\n\t\t\t\t\t<\/div>\n\t\t\t\t<\/div>\n\n\t\t\t<div\n\t\t\t\tclass=\"sow-accordion-panel-content\"\n\t\t\t\trole=\"region\"\n\t\t\t\taria-labelledby=\"accordion-label-primer-parcial\"\n\t\t\t\tid=\"accordion-content-primer-parcial\"\n\t\t\t\tstyle=\"display: none;\"\t\t\t>\n\t\t\t\t<div class=\"sow-accordion-panel-border\">\n\t\t\t\t\t<p><a href=\"https:\/\/docs.google.com\/spreadsheets\/d\/1-5L3pz1QwmNolV1ErDWyd3GWZQeLvR9n\/edit?usp=sharing&amp;ouid=116510412487264118557&amp;rtpof=true&amp;sd=true\" target=\"_blank\" rel=\"noopener\">Pr\u00e1ctica 1<\/a><\/p>\n<p><a href=\"https:\/\/docs.google.com\/spreadsheets\/d\/1-V4N9d7EcuP25IXPPrroosXaxVkWnw4U\/edit?usp=sharing&amp;ouid=116510412487264118557&amp;rtpof=true&amp;sd=true\" target=\"_blank\" rel=\"noopener\">Pr\u00e1ctica 2<\/a><\/p>\n<p><a href=\"https:\/\/docs.google.com\/spreadsheets\/d\/1-T1fX9I6BiPv1rxf4c3dZMY-K-OhiAzo\/edit?usp=sharing&amp;ouid=116510412487264118557&amp;rtpof=true&amp;sd=true\" target=\"_blank\" rel=\"noopener\">Pr\u00e1ctica 3<\/a><\/p>\n<p>&nbsp;<\/p>\n\t\t\t\t<\/div>\n\t\t\t<\/div>\n\t\t<\/div>\n\t\t\t<div class=\"sow-accordion-panel\n\t\t\t\t\"\n\t\t\tdata-anchor-id=\"segundo-parcial\">\n\t\t\t\t<div class=\"sow-accordion-panel-header-container\" role=\"heading\" aria-level=\"2\">\n\t\t\t\t\t<div class=\"sow-accordion-panel-header\" tabindex=\"0\" role=\"button\" id=\"accordion-label-segundo-parcial\" aria-controls=\"accordion-content-segundo-parcial\" aria-expanded=\"false\">\n\t\t\t\t\t\t<div class=\"sow-accordion-title sow-accordion-title-icon-left\">\n\t\t\t\t\t\t\t\t\t\t\t\t\t\tSegundo parcial\t\t\t\t\t\t\t\t\t\t\t\t\t<\/div>\n\t\t\t\t\t\t<div class=\"sow-accordion-open-close-button\">\n\t\t\t\t\t\t\t<div class=\"sow-accordion-open-button\">\n\t\t\t\t\t\t\t\t<span class=\"sow-icon-ionicons\" data-sow-icon=\"&#xf218;\"\n\t\t \n\t\taria-hidden=\"true\"><\/span>\t\t\t\t\t\t\t<\/div>\n\t\t\t\t\t\t\t<div class=\"sow-accordion-close-button\">\n\t\t\t\t\t\t\t\t<span class=\"sow-icon-ionicons\" data-sow-icon=\"&#xf209;\"\n\t\t \n\t\taria-hidden=\"true\"><\/span>\t\t\t\t\t\t\t<\/div>\n\t\t\t\t\t\t<\/div>\n\t\t\t\t\t<\/div>\n\t\t\t\t<\/div>\n\n\t\t\t<div\n\t\t\t\tclass=\"sow-accordion-panel-content\"\n\t\t\t\trole=\"region\"\n\t\t\t\taria-labelledby=\"accordion-label-segundo-parcial\"\n\t\t\t\tid=\"accordion-content-segundo-parcial\"\n\t\t\t\tstyle=\"display: none;\"\t\t\t>\n\t\t\t\t<div class=\"sow-accordion-panel-border\">\n\t\t\t\t\t<p><a href=\"https:\/\/docs.google.com\/spreadsheets\/d\/1-LZz9NzFFP0_F5vOtlA5o02a4bL3jCF1\/edit?usp=sharing&amp;ouid=116510412487264118557&amp;rtpof=true&amp;sd=true\" target=\"_blank\" rel=\"noopener\">Pr\u00e1ctica 4<\/a><\/p>\n<p><a href=\"https:\/\/docs.google.com\/spreadsheets\/d\/1-CI88LNX5tgiqx7h2H1jTaThVyhs6Mm4\/edit?usp=sharing&amp;ouid=116510412487264118557&amp;rtpof=true&amp;sd=true\" target=\"_blank\" rel=\"noopener\">Pr\u00e1ctica 5<\/a><\/p>\n<p><a href=\"https:\/\/docs.google.com\/spreadsheets\/d\/1-9Ok_Faj6RmpY7rMmUWL8tatke4g5hMu\/edit?usp=sharing&amp;ouid=116510412487264118557&amp;rtpof=true&amp;sd=true\" target=\"_blank\" rel=\"noopener\">Pr\u00e1ctica 6<\/a><\/p>\n<p>&nbsp;<\/p>\n\t\t\t\t<\/div>\n\t\t\t<\/div>\n\t\t<\/div>\n\t\t<\/div>\n<\/div>\n<\/div><\/div><\/div><\/div><\/div>","protected":false},"excerpt":{"rendered":"<p>En los siguientes enlaces se presentan diferentes diapositivas a utilizar para el desarrollo del componente pr\u00e1ctico del curso: A continuaci\u00f3n se presentan las gu\u00edas de pr\u00e1cticas seguras separadas por parcial:<\/p>\n","protected":false},"author":1644,"featured_media":0,"parent":0,"menu_order":0,"comment_status":"closed","ping_status":"closed","template":"","meta":{"footnotes":""},"class_list":["post-66","page","type-page","status-publish","hentry"],"_links":{"self":[{"href":"https:\/\/blog.espol.edu.ec\/sistemasdecontrol\/wp-json\/wp\/v2\/pages\/66","targetHints":{"allow":["GET"]}}],"collection":[{"href":"https:\/\/blog.espol.edu.ec\/sistemasdecontrol\/wp-json\/wp\/v2\/pages"}],"about":[{"href":"https:\/\/blog.espol.edu.ec\/sistemasdecontrol\/wp-json\/wp\/v2\/types\/page"}],"author":[{"embeddable":true,"href":"https:\/\/blog.espol.edu.ec\/sistemasdecontrol\/wp-json\/wp\/v2\/users\/1644"}],"replies":[{"embeddable":true,"href":"https:\/\/blog.espol.edu.ec\/sistemasdecontrol\/wp-json\/wp\/v2\/comments?post=66"}],"version-history":[{"count":15,"href":"https:\/\/blog.espol.edu.ec\/sistemasdecontrol\/wp-json\/wp\/v2\/pages\/66\/revisions"}],"predecessor-version":[{"id":670,"href":"https:\/\/blog.espol.edu.ec\/sistemasdecontrol\/wp-json\/wp\/v2\/pages\/66\/revisions\/670"}],"wp:attachment":[{"href":"https:\/\/blog.espol.edu.ec\/sistemasdecontrol\/wp-json\/wp\/v2\/media?parent=66"}],"curies":[{"name":"wp","href":"https:\/\/api.w.org\/{rel}","templated":true}]}}