{"id":664,"date":"2020-04-06T16:21:21","date_gmt":"2020-04-06T16:21:21","guid":{"rendered":"http:\/\/blog.espol.edu.ec\/sistemasdecontrol\/?page_id=664"},"modified":"2024-04-01T17:43:20","modified_gmt":"2024-04-01T17:43:20","slug":"guia-de-practicas","status":"publish","type":"page","link":"https:\/\/blog.espol.edu.ec\/sistemasdecontrol\/guia-de-practicas\/","title":{"rendered":"Gu\u00eda de pr\u00e1cticas"},"content":{"rendered":"<div id=\"pl-664\"  class=\"panel-layout\" ><div id=\"pg-664-0\"  class=\"panel-grid panel-no-style\" ><div id=\"pgc-664-0-0\"  class=\"panel-grid-cell\" ><div id=\"panel-664-0-0-0\" class=\"so-panel widget widget_sow-editor panel-first-child\" data-index=\"0\" ><div\n\t\t\t\n\t\t\tclass=\"so-widget-sow-editor so-widget-sow-editor-base\"\n\t\t\t\n\t\t>\n<div class=\"siteorigin-widget-tinymce textwidget\">\n\t<p>En esta secci\u00f3n encontrar\u00e1 la gu\u00eda de pr\u00e1cticas del Laboratorio de Sistema de Control. Dicha gu\u00eda contiene informaci\u00f3n acerca de los comandos, librer\u00edas y herramientas \u00fatiles a utilizar a lo largo del curso. Adem\u00e1s presenta otros conceptos necesarios para el desarrollo del curso.<\/p>\n<\/div>\n<\/div><\/div><div id=\"panel-664-0-0-1\" class=\"so-panel widget widget_sow-accordion panel-last-child\" data-index=\"1\" ><div\n\t\t\t\n\t\t\tclass=\"so-widget-sow-accordion so-widget-sow-accordion-default-99be652ed941-664\"\n\t\t\t\n\t\t><div>\n\t<div class=\"sow-accordion\">\n\t\t\t<div class=\"sow-accordion-panel\n\t\t\t\t\"\n\t\t\tdata-anchor-id=\"primer-parcial\">\n\t\t\t\t<div class=\"sow-accordion-panel-header-container\" role=\"heading\" aria-level=\"2\">\n\t\t\t\t\t<div class=\"sow-accordion-panel-header\" tabindex=\"0\" role=\"button\" id=\"accordion-label-primer-parcial\" aria-controls=\"accordion-content-primer-parcial\" aria-expanded=\"false\">\n\t\t\t\t\t\t<div class=\"sow-accordion-title sow-accordion-title-icon-left\">\n\t\t\t\t\t\t\t\t\t\t\t\t\t\tPrimer parcial\t\t\t\t\t\t\t\t\t\t\t\t\t<\/div>\n\t\t\t\t\t\t<div class=\"sow-accordion-open-close-button\">\n\t\t\t\t\t\t\t<div class=\"sow-accordion-open-button\">\n\t\t\t\t\t\t\t\t<span class=\"sow-icon-ionicons\" data-sow-icon=\"&#xf218;\"\n\t\t \n\t\taria-hidden=\"true\"><\/span>\t\t\t\t\t\t\t<\/div>\n\t\t\t\t\t\t\t<div class=\"sow-accordion-close-button\">\n\t\t\t\t\t\t\t\t<span class=\"sow-icon-ionicons\" data-sow-icon=\"&#xf209;\"\n\t\t \n\t\taria-hidden=\"true\"><\/span>\t\t\t\t\t\t\t<\/div>\n\t\t\t\t\t\t<\/div>\n\t\t\t\t\t<\/div>\n\t\t\t\t<\/div>\n\n\t\t\t<div\n\t\t\t\tclass=\"sow-accordion-panel-content\"\n\t\t\t\trole=\"region\"\n\t\t\t\taria-labelledby=\"accordion-label-primer-parcial\"\n\t\t\t\tid=\"accordion-content-primer-parcial\"\n\t\t\t\tstyle=\"display: none;\"\t\t\t>\n\t\t\t\t<div class=\"sow-accordion-panel-border\">\n\t\t\t\t\t<p><a href=\"http:\/\/blog.espol.edu.ec\/sistemasdecontrol\/files\/2020\/06\/GUIA2020-parte1.pdf\">GUIA2020-parte1<\/a><\/p>\n<p><a href=\"http:\/\/blog.espol.edu.ec\/sistemasdecontrol\/files\/2020\/07\/ANEXO-A.pdf\">ANEXO A<\/a><\/p>\n\t\t\t\t<\/div>\n\t\t\t<\/div>\n\t\t<\/div>\n\t\t\t<div class=\"sow-accordion-panel\n\t\t\t\t\"\n\t\t\tdata-anchor-id=\"segundo-parcial\">\n\t\t\t\t<div class=\"sow-accordion-panel-header-container\" role=\"heading\" aria-level=\"2\">\n\t\t\t\t\t<div class=\"sow-accordion-panel-header\" tabindex=\"0\" role=\"button\" id=\"accordion-label-segundo-parcial\" aria-controls=\"accordion-content-segundo-parcial\" aria-expanded=\"false\">\n\t\t\t\t\t\t<div class=\"sow-accordion-title sow-accordion-title-icon-left\">\n\t\t\t\t\t\t\t\t\t\t\t\t\t\tSegundo parcial\t\t\t\t\t\t\t\t\t\t\t\t\t<\/div>\n\t\t\t\t\t\t<div class=\"sow-accordion-open-close-button\">\n\t\t\t\t\t\t\t<div class=\"sow-accordion-open-button\">\n\t\t\t\t\t\t\t\t<span class=\"sow-icon-ionicons\" data-sow-icon=\"&#xf218;\"\n\t\t \n\t\taria-hidden=\"true\"><\/span>\t\t\t\t\t\t\t<\/div>\n\t\t\t\t\t\t\t<div class=\"sow-accordion-close-button\">\n\t\t\t\t\t\t\t\t<span class=\"sow-icon-ionicons\" data-sow-icon=\"&#xf209;\"\n\t\t \n\t\taria-hidden=\"true\"><\/span>\t\t\t\t\t\t\t<\/div>\n\t\t\t\t\t\t<\/div>\n\t\t\t\t\t<\/div>\n\t\t\t\t<\/div>\n\n\t\t\t<div\n\t\t\t\tclass=\"sow-accordion-panel-content\"\n\t\t\t\trole=\"region\"\n\t\t\t\taria-labelledby=\"accordion-label-segundo-parcial\"\n\t\t\t\tid=\"accordion-content-segundo-parcial\"\n\t\t\t\tstyle=\"display: none;\"\t\t\t>\n\t\t\t\t<div class=\"sow-accordion-panel-border\">\n\t\t\t\t\t<p><a href=\"http:\/\/blog.espol.edu.ec\/sistemasdecontrol\/files\/2020\/07\/GUIA2020-parte2.pdf\">GUIA2020-parte2<\/a><\/p>\n\t\t\t\t<\/div>\n\t\t\t<\/div>\n\t\t<\/div>\n\t\t<\/div>\n<\/div>\n<\/div><\/div><\/div><\/div><\/div>","protected":false},"excerpt":{"rendered":"<p>En esta secci\u00f3n encontrar\u00e1 la gu\u00eda de pr\u00e1cticas del Laboratorio de Sistema de Control. Dicha gu\u00eda contiene informaci\u00f3n acerca de los comandos, librer\u00edas y herramientas \u00fatiles a utilizar a lo largo del curso. Adem\u00e1s presenta otros conceptos necesarios para el desarrollo del curso.<\/p>\n","protected":false},"author":1644,"featured_media":0,"parent":0,"menu_order":0,"comment_status":"closed","ping_status":"closed","template":"","meta":{"footnotes":""},"class_list":["post-664","page","type-page","status-publish","hentry"],"_links":{"self":[{"href":"https:\/\/blog.espol.edu.ec\/sistemasdecontrol\/wp-json\/wp\/v2\/pages\/664","targetHints":{"allow":["GET"]}}],"collection":[{"href":"https:\/\/blog.espol.edu.ec\/sistemasdecontrol\/wp-json\/wp\/v2\/pages"}],"about":[{"href":"https:\/\/blog.espol.edu.ec\/sistemasdecontrol\/wp-json\/wp\/v2\/types\/page"}],"author":[{"embeddable":true,"href":"https:\/\/blog.espol.edu.ec\/sistemasdecontrol\/wp-json\/wp\/v2\/users\/1644"}],"replies":[{"embeddable":true,"href":"https:\/\/blog.espol.edu.ec\/sistemasdecontrol\/wp-json\/wp\/v2\/comments?post=664"}],"version-history":[{"count":6,"href":"https:\/\/blog.espol.edu.ec\/sistemasdecontrol\/wp-json\/wp\/v2\/pages\/664\/revisions"}],"predecessor-version":[{"id":996,"href":"https:\/\/blog.espol.edu.ec\/sistemasdecontrol\/wp-json\/wp\/v2\/pages\/664\/revisions\/996"}],"wp:attachment":[{"href":"https:\/\/blog.espol.edu.ec\/sistemasdecontrol\/wp-json\/wp\/v2\/media?parent=664"}],"curies":[{"name":"wp","href":"https:\/\/api.w.org\/{rel}","templated":true}]}}