{"id":26,"date":"2021-05-17T19:15:43","date_gmt":"2021-05-17T17:15:43","guid":{"rendered":"http:\/\/blog.espol.edu.ec\/sistemasdecontrolaplicados\/?page_id=26"},"modified":"2023-12-11T20:24:51","modified_gmt":"2023-12-11T19:24:51","slug":"politicas-laboratorio","status":"publish","type":"page","link":"https:\/\/blog.espol.edu.ec\/sistemasdecontrolaplicados\/politicas-laboratorio\/","title":{"rendered":"Pol\u00edticas laboratorio"},"content":{"rendered":"<p>En los siguientes enlaces encontrar\u00e1n las pol\u00edticas del laboratorio para PAO II 2023 y la planificaci\u00f3n del curso:<\/p>\n<p><a href=\"http:\/\/blog.espol.edu.ec\/sistemasdecontrolaplicados\/files\/2023\/10\/Introducci\u00f3n-a-Lab-de-Sistemas-de-Control.pdf\">Pol\u00edticas II 2023<\/a><\/p>\n<p><a href=\"http:\/\/blog.espol.edu.ec\/sistemasdecontrolaplicados\/files\/2023\/12\/PLANIFICACI\u00d3N-TEOR\u00cdA-PR\u00c1CTICA-2023-PAO-2.pdf\">PLANIFICACI\u00d3N TEOR\u00cdA PR\u00c1CTICA 2023 PAO 2<\/a><\/p>\n<p>&nbsp;<\/p>\n","protected":false},"excerpt":{"rendered":"<p>En los siguientes enlaces encontrar\u00e1n las pol\u00edticas del laboratorio para PAO II 2023 y la planificaci\u00f3n del curso: Pol\u00edticas II 2023 PLANIFICACI\u00d3N TEOR\u00cdA PR\u00c1CTICA 2023 PAO 2 &nbsp;<\/p>\n","protected":false},"author":1644,"featured_media":0,"parent":0,"menu_order":0,"comment_status":"closed","ping_status":"closed","template":"","meta":{"footnotes":""},"class_list":["post-26","page","type-page","status-publish","hentry"],"_links":{"self":[{"href":"https:\/\/blog.espol.edu.ec\/sistemasdecontrolaplicados\/wp-json\/wp\/v2\/pages\/26","targetHints":{"allow":["GET"]}}],"collection":[{"href":"https:\/\/blog.espol.edu.ec\/sistemasdecontrolaplicados\/wp-json\/wp\/v2\/pages"}],"about":[{"href":"https:\/\/blog.espol.edu.ec\/sistemasdecontrolaplicados\/wp-json\/wp\/v2\/types\/page"}],"author":[{"embeddable":true,"href":"https:\/\/blog.espol.edu.ec\/sistemasdecontrolaplicados\/wp-json\/wp\/v2\/users\/1644"}],"replies":[{"embeddable":true,"href":"https:\/\/blog.espol.edu.ec\/sistemasdecontrolaplicados\/wp-json\/wp\/v2\/comments?post=26"}],"version-history":[{"count":7,"href":"https:\/\/blog.espol.edu.ec\/sistemasdecontrolaplicados\/wp-json\/wp\/v2\/pages\/26\/revisions"}],"predecessor-version":[{"id":128,"href":"https:\/\/blog.espol.edu.ec\/sistemasdecontrolaplicados\/wp-json\/wp\/v2\/pages\/26\/revisions\/128"}],"wp:attachment":[{"href":"https:\/\/blog.espol.edu.ec\/sistemasdecontrolaplicados\/wp-json\/wp\/v2\/media?parent=26"}],"curies":[{"name":"wp","href":"https:\/\/api.w.org\/{rel}","templated":true}]}}