{"id":104,"date":"2020-06-09T21:12:18","date_gmt":"2020-06-10T02:12:18","guid":{"rendered":"http:\/\/blog.espol.edu.ec\/sistemasdigitalesfiec\/?page_id=104"},"modified":"2025-12-03T11:21:37","modified_gmt":"2025-12-03T16:21:37","slug":"proyecto-sd1","status":"publish","type":"page","link":"https:\/\/blog.espol.edu.ec\/sistemasdigitalesfiec\/proyecto-sd1\/","title":{"rendered":"Proyecto SD1"},"content":{"rendered":"<div id=\"pl-104\"  class=\"panel-layout\" ><div id=\"pg-104-0\"  class=\"panel-grid panel-no-style\" ><div id=\"pgc-104-0-0\"  class=\"panel-grid-cell\" ><div id=\"panel-104-0-0-0\" class=\"so-panel widget widget_sow-image panel-first-child panel-last-child\" data-index=\"0\" ><div\n\t\t\t\n\t\t\tclass=\"so-widget-sow-image so-widget-sow-image-default-c67d20f9f743-104\"\n\t\t\t\n\t\t>\n<div class=\"sow-image-container\">\n\t\t<img \n\tsrc=\"https:\/\/blog.espol.edu.ec\/sistemasdigitalesfiec\/files\/2021\/03\/chatbot.png\" width=\"150\" height=\"150\" srcset=\"https:\/\/blog.espol.edu.ec\/sistemasdigitalesfiec\/files\/2021\/03\/chatbot.png 512w, https:\/\/blog.espol.edu.ec\/sistemasdigitalesfiec\/files\/2021\/03\/chatbot-150x150.png 150w, https:\/\/blog.espol.edu.ec\/sistemasdigitalesfiec\/files\/2021\/03\/chatbot-300x300.png 300w, https:\/\/blog.espol.edu.ec\/sistemasdigitalesfiec\/files\/2021\/03\/chatbot-100x100.png 100w\" sizes=\"(max-width: 150px) 100vw, 150px\" alt=\"\" \t\tclass=\"so-widget-image\"\/>\n\t<\/div>\n\n<\/div><\/div><\/div><div id=\"pgc-104-0-1\"  class=\"panel-grid-cell\" ><div id=\"panel-104-0-1-0\" class=\"so-panel widget widget_sow-editor panel-first-child panel-last-child\" data-index=\"1\" ><div\n\t\t\t\n\t\t\tclass=\"so-widget-sow-editor so-widget-sow-editor-base\"\n\t\t\t\n\t\t>\n<div class=\"siteorigin-widget-tinymce textwidget\">\n\t<p>A continuaci\u00f3n te mostramos algunos los enlaces y archivos necesarios que necesitar\u00e1s para culminar con \u00e9xito tu proyecto de Sistemas Digitales I<\/p>\n<\/div>\n<\/div><\/div><\/div><\/div><div id=\"pg-104-1\"  class=\"panel-grid panel-no-style\" ><div id=\"pgc-104-1-0\"  class=\"panel-grid-cell\" ><div id=\"panel-104-1-0-0\" class=\"so-panel widget widget_sow-accordion panel-first-child panel-last-child\" data-index=\"2\" ><div\n\t\t\t\n\t\t\tclass=\"so-widget-sow-accordion so-widget-sow-accordion-default-e993c9817802-104\"\n\t\t\t\n\t\t><div>\n\t<div class=\"sow-accordion\">\n\t\t\t<div class=\"sow-accordion-panel\n\t\t\t\t\"\n\t\t\tdata-anchor-id=\"proyectos-pao-1-2025\">\n\t\t\t\t<div class=\"sow-accordion-panel-header-container\" role=\"heading\" aria-level=\"2\">\n\t\t\t\t\t<div class=\"sow-accordion-panel-header\" tabindex=\"0\" role=\"button\" id=\"accordion-label-proyectos-pao-1-2025\" aria-controls=\"accordion-content-proyectos-pao-1-2025\" aria-expanded=\"false\">\n\t\t\t\t\t\t<div class=\"sow-accordion-title sow-accordion-title-icon-left\">\n\t\t\t\t\t\t\t\t\t\t\t\t\t\tProyectos PAO 1 2025\t\t\t\t\t\t\t\t\t\t\t\t\t<\/div>\n\t\t\t\t\t\t<div class=\"sow-accordion-open-close-button\">\n\t\t\t\t\t\t\t<div class=\"sow-accordion-open-button\">\n\t\t\t\t\t\t\t\t<span class=\"sow-icon-ionicons\" data-sow-icon=\"&#xf218;\"\n\t\t \n\t\taria-hidden=\"true\"><\/span>\t\t\t\t\t\t\t<\/div>\n\t\t\t\t\t\t\t<div class=\"sow-accordion-close-button\">\n\t\t\t\t\t\t\t\t<span class=\"sow-icon-ionicons\" data-sow-icon=\"&#xf209;\"\n\t\t \n\t\taria-hidden=\"true\"><\/span>\t\t\t\t\t\t\t<\/div>\n\t\t\t\t\t\t<\/div>\n\t\t\t\t\t<\/div>\n\t\t\t\t<\/div>\n\n\t\t\t<div\n\t\t\t\tclass=\"sow-accordion-panel-content\"\n\t\t\t\trole=\"region\"\n\t\t\t\taria-labelledby=\"accordion-label-proyectos-pao-1-2025\"\n\t\t\t\tid=\"accordion-content-proyectos-pao-1-2025\"\n\t\t\t\tstyle=\"display: none;\"\t\t\t>\n\t\t\t\t<div class=\"sow-accordion-panel-border\">\n\t\t\t\t\t<ol>\n \t<li><strong>Agricultura y acuicultura<\/strong>\n<ul>\n \t<li><em><a href=\"https:\/\/drive.google.com\/file\/d\/1FZR1n_laecK6v6EgsGBC-Iv58p2YUMEv\/view?usp=sharing\" target=\"_blank\" rel=\"noopener\">Sensor de Temperatura<\/a><\/em><\/li>\n \t<li><a href=\"https:\/\/drive.google.com\/file\/d\/1I-6yuRVTPG1eHxzHivl1Rz5q7twcKn2F\/view?usp=sharing\" target=\"_blank\" rel=\"noopener\"><em>Reservorio de Agua\u00a0<\/em><\/a><\/li>\n<\/ul>\n<\/li>\n \t<li><strong>Control Digital<\/strong>\n<ul>\n \t<li><a href=\"https:\/\/drive.google.com\/file\/d\/1SSy1w1hdcC1NqP2CFfmeaZTthJdNT7Ag\/view?usp=sharing\" target=\"_blank\" rel=\"noopener\"><em>Sistema de Control de Aforo<\/em><\/a><\/li>\n \t<li><em><a href=\"https:\/\/drive.google.com\/file\/d\/1E_rqfXTOjGwqpzyo7olLqIpV5uKk8Zmw\/view?usp=sharing\" target=\"_blank\" rel=\"noopener\">M\u00e1quina vendedora de pasajes<\/a><\/em><\/li>\n<\/ul>\n<\/li>\n \t<li><strong>Automatizacion Industrial<\/strong>\n<ul>\n \t<li><a href=\"https:\/\/drive.google.com\/file\/d\/1QES0WuWR2weUuQq8Xm9T4fPJ3v1_BEBQ\/view?usp=sharing\" target=\"_blank\" rel=\"noopener\"><em>Contador de votos automatizado<\/em><\/a><\/li>\n \t<li><a href=\"https:\/\/drive.google.com\/file\/d\/16QRTW00uXKeWgW-X7qDTQ3Cl5y2Rk0LZ\/view?usp=sharing\" target=\"_blank\" rel=\"noopener\"><em>Industria de alimentos Conteo de Panes <\/em><\/a><\/li>\n<\/ul>\n<\/li>\n \t<li><strong>Domotica e Inmotica<\/strong>\n<ul>\n \t<li><a href=\"https:\/\/drive.google.com\/file\/d\/1IhHYgVmqHuUmZv60xyCfNQ1-7INZbO7w\/view?usp=sharing\" target=\"_blank\" rel=\"noopener\"><em>control de iluminaci\u00f3n y sistema de seguridad<\/em><\/a><\/li>\n \t<li><a href=\"https:\/\/drive.google.com\/file\/d\/1bUAmv_Y2bRm0I_iZaP6FLgd9KkWxCRBU\/view?usp=sharing\" target=\"_blank\" rel=\"noopener\"><em>Iluminaci\u00f3n Inteligente<\/em><\/a><\/li>\n<\/ul>\n<\/li>\n \t<li><strong>Codigo de encriptacion Matematica<\/strong>\n<ul>\n \t<li><a href=\"https:\/\/drive.google.com\/file\/d\/1EVfL7MBaz9DGDbGBISJV6D9KFZvV2ygj\/view?usp=sharing\" target=\"_blank\" rel=\"noopener\"><em>Sistema numerico<\/em><\/a><\/li>\n<\/ul>\n<\/li>\n<\/ol>\t\t\t\t<\/div>\n\t\t\t<\/div>\n\t\t<\/div>\n\t\t\t<div class=\"sow-accordion-panel\n\t\t\t\t\"\n\t\t\tdata-anchor-id=\"propuesta-de-proyecto\">\n\t\t\t\t<div class=\"sow-accordion-panel-header-container\" role=\"heading\" aria-level=\"2\">\n\t\t\t\t\t<div class=\"sow-accordion-panel-header\" tabindex=\"0\" role=\"button\" id=\"accordion-label-propuesta-de-proyecto\" aria-controls=\"accordion-content-propuesta-de-proyecto\" aria-expanded=\"false\">\n\t\t\t\t\t\t<div class=\"sow-accordion-title sow-accordion-title-icon-left\">\n\t\t\t\t\t\t\t\t\t\t\t\t\t\tPropuesta de Proyecto\t\t\t\t\t\t\t\t\t\t\t\t\t<\/div>\n\t\t\t\t\t\t<div class=\"sow-accordion-open-close-button\">\n\t\t\t\t\t\t\t<div class=\"sow-accordion-open-button\">\n\t\t\t\t\t\t\t\t<span class=\"sow-icon-ionicons\" data-sow-icon=\"&#xf218;\"\n\t\t \n\t\taria-hidden=\"true\"><\/span>\t\t\t\t\t\t\t<\/div>\n\t\t\t\t\t\t\t<div class=\"sow-accordion-close-button\">\n\t\t\t\t\t\t\t\t<span class=\"sow-icon-ionicons\" data-sow-icon=\"&#xf209;\"\n\t\t \n\t\taria-hidden=\"true\"><\/span>\t\t\t\t\t\t\t<\/div>\n\t\t\t\t\t\t<\/div>\n\t\t\t\t\t<\/div>\n\t\t\t\t<\/div>\n\n\t\t\t<div\n\t\t\t\tclass=\"sow-accordion-panel-content\"\n\t\t\t\trole=\"region\"\n\t\t\t\taria-labelledby=\"accordion-label-propuesta-de-proyecto\"\n\t\t\t\tid=\"accordion-content-propuesta-de-proyecto\"\n\t\t\t\tstyle=\"display: none;\"\t\t\t>\n\t\t\t\t<div class=\"sow-accordion-panel-border\">\n\t\t\t\t\t<p>Si desean proponer su propio proyecto, a continuaci\u00f3n, pueden encontrar una gu\u00eda, ejemplo y el formato para realizarlo.<\/p>\n<ul>\n<li><a href=\"https:\/\/espolec.sharepoint.com\/:b:\/s\/SistemasDigitales1\/EflEKRfzY9pFuE9rqiyUcggB7WYT1HMsTfUc4HIrbsfT1A?e=a8aog4\">Ejemplo de Propuesta de Proyecto<\/a><\/li>\n<li><a href=\"http:\/\/blog.espol.edu.ec\/sistemasdigitalesfiec\/files\/2022\/03\/GU\u00cdA-PARA-DESARROLLO-DE-LA-PROPUESTA.docx\">Gu\u00eda para el desarrollo de la propuesta<\/a><\/li>\n<li><a href=\"http:\/\/blog.espol.edu.ec\/sistemasdigitalesfiec\/files\/2022\/03\/MODELO-PROPUESTA-DE-PROYECTO-PAE-2022.docx\">Formato de Propuesta del Proyecto PAO II 2022<\/a><\/li>\n<\/ul>\n\t\t\t\t<\/div>\n\t\t\t<\/div>\n\t\t<\/div>\n\t\t\t<div class=\"sow-accordion-panel\n\t\t\t\t\"\n\t\t\tdata-anchor-id=\"primer-avance\">\n\t\t\t\t<div class=\"sow-accordion-panel-header-container\" role=\"heading\" aria-level=\"2\">\n\t\t\t\t\t<div class=\"sow-accordion-panel-header\" tabindex=\"0\" role=\"button\" id=\"accordion-label-primer-avance\" aria-controls=\"accordion-content-primer-avance\" aria-expanded=\"false\">\n\t\t\t\t\t\t<div class=\"sow-accordion-title sow-accordion-title-icon-left\">\n\t\t\t\t\t\t\t\t\t\t\t\t\t\tPrimer Avance\t\t\t\t\t\t\t\t\t\t\t\t\t<\/div>\n\t\t\t\t\t\t<div class=\"sow-accordion-open-close-button\">\n\t\t\t\t\t\t\t<div class=\"sow-accordion-open-button\">\n\t\t\t\t\t\t\t\t<span class=\"sow-icon-ionicons\" data-sow-icon=\"&#xf218;\"\n\t\t \n\t\taria-hidden=\"true\"><\/span>\t\t\t\t\t\t\t<\/div>\n\t\t\t\t\t\t\t<div class=\"sow-accordion-close-button\">\n\t\t\t\t\t\t\t\t<span class=\"sow-icon-ionicons\" data-sow-icon=\"&#xf209;\"\n\t\t \n\t\taria-hidden=\"true\"><\/span>\t\t\t\t\t\t\t<\/div>\n\t\t\t\t\t\t<\/div>\n\t\t\t\t\t<\/div>\n\t\t\t\t<\/div>\n\n\t\t\t<div\n\t\t\t\tclass=\"sow-accordion-panel-content\"\n\t\t\t\trole=\"region\"\n\t\t\t\taria-labelledby=\"accordion-label-primer-avance\"\n\t\t\t\tid=\"accordion-content-primer-avance\"\n\t\t\t\tstyle=\"display: none;\"\t\t\t>\n\t\t\t\t<div class=\"sow-accordion-panel-border\">\n\t\t\t\t\t<p>A continuaci\u00f3n se muestra un modelo ejemplo que contiene los requisitos m\u00ednimos solicitados para el primer avance de proyecto. Puede a\u00f1adir campos en caso de considerarlo necesario para una buena comprensi\u00f3n del avance.<\/p>\n<p><a href=\"https:\/\/drive.google.com\/file\/d\/19boyw_o9NEGhivwOMKdPvOrWpw4Nvz5P\/view?usp=sharing\" target=\"_blank\" rel=\"noopener\">Modelo para primer avance del proyecto<\/a><\/p>\n\t\t\t\t<\/div>\n\t\t\t<\/div>\n\t\t<\/div>\n\t\t\t<div class=\"sow-accordion-panel\n\t\t\t\t\"\n\t\t\tdata-anchor-id=\"segundo-avance\">\n\t\t\t\t<div class=\"sow-accordion-panel-header-container\" role=\"heading\" aria-level=\"2\">\n\t\t\t\t\t<div class=\"sow-accordion-panel-header\" tabindex=\"0\" role=\"button\" id=\"accordion-label-segundo-avance\" aria-controls=\"accordion-content-segundo-avance\" aria-expanded=\"false\">\n\t\t\t\t\t\t<div class=\"sow-accordion-title sow-accordion-title-icon-left\">\n\t\t\t\t\t\t\t\t\t\t\t\t\t\tSegundo Avance\t\t\t\t\t\t\t\t\t\t\t\t\t<\/div>\n\t\t\t\t\t\t<div class=\"sow-accordion-open-close-button\">\n\t\t\t\t\t\t\t<div class=\"sow-accordion-open-button\">\n\t\t\t\t\t\t\t\t<span class=\"sow-icon-ionicons\" data-sow-icon=\"&#xf218;\"\n\t\t \n\t\taria-hidden=\"true\"><\/span>\t\t\t\t\t\t\t<\/div>\n\t\t\t\t\t\t\t<div class=\"sow-accordion-close-button\">\n\t\t\t\t\t\t\t\t<span class=\"sow-icon-ionicons\" data-sow-icon=\"&#xf209;\"\n\t\t \n\t\taria-hidden=\"true\"><\/span>\t\t\t\t\t\t\t<\/div>\n\t\t\t\t\t\t<\/div>\n\t\t\t\t\t<\/div>\n\t\t\t\t<\/div>\n\n\t\t\t<div\n\t\t\t\tclass=\"sow-accordion-panel-content\"\n\t\t\t\trole=\"region\"\n\t\t\t\taria-labelledby=\"accordion-label-segundo-avance\"\n\t\t\t\tid=\"accordion-content-segundo-avance\"\n\t\t\t\tstyle=\"display: none;\"\t\t\t>\n\t\t\t\t<div class=\"sow-accordion-panel-border\">\n\t\t\t\t\t<p><a href=\"https:\/\/espolec.sharepoint.com\/:b:\/s\/SistemasDigitales1\/EQDSsTjaWlVAgyB2cDWy09kBmC42qrGQhiDK6tr-C1RXTw?e=bBmvfw\" target=\"_blank\" rel=\"noopener\">Modelo para el segundo avance del proyecto<\/a><\/p>\n\t\t\t\t<\/div>\n\t\t\t<\/div>\n\t\t<\/div>\n\t\t\t<div class=\"sow-accordion-panel\n\t\t\t\t\"\n\t\t\tdata-anchor-id=\"presentacion-final\">\n\t\t\t\t<div class=\"sow-accordion-panel-header-container\" role=\"heading\" aria-level=\"2\">\n\t\t\t\t\t<div class=\"sow-accordion-panel-header\" tabindex=\"0\" role=\"button\" id=\"accordion-label-presentaci%c3%b3n-final\" aria-controls=\"accordion-content-presentaci%c3%b3n-final\" aria-expanded=\"false\">\n\t\t\t\t\t\t<div class=\"sow-accordion-title sow-accordion-title-icon-left\">\n\t\t\t\t\t\t\t\t\t\t\t\t\t\tPresentaci\u00f3n Final\t\t\t\t\t\t\t\t\t\t\t\t\t<\/div>\n\t\t\t\t\t\t<div class=\"sow-accordion-open-close-button\">\n\t\t\t\t\t\t\t<div class=\"sow-accordion-open-button\">\n\t\t\t\t\t\t\t\t<span class=\"sow-icon-ionicons\" data-sow-icon=\"&#xf218;\"\n\t\t \n\t\taria-hidden=\"true\"><\/span>\t\t\t\t\t\t\t<\/div>\n\t\t\t\t\t\t\t<div class=\"sow-accordion-close-button\">\n\t\t\t\t\t\t\t\t<span class=\"sow-icon-ionicons\" data-sow-icon=\"&#xf209;\"\n\t\t \n\t\taria-hidden=\"true\"><\/span>\t\t\t\t\t\t\t<\/div>\n\t\t\t\t\t\t<\/div>\n\t\t\t\t\t<\/div>\n\t\t\t\t<\/div>\n\n\t\t\t<div\n\t\t\t\tclass=\"sow-accordion-panel-content\"\n\t\t\t\trole=\"region\"\n\t\t\t\taria-labelledby=\"accordion-label-presentaci%c3%b3n-final\"\n\t\t\t\tid=\"accordion-content-presentaci%c3%b3n-final\"\n\t\t\t\tstyle=\"display: none;\"\t\t\t>\n\t\t\t\t<div class=\"sow-accordion-panel-border\">\n\t\t\t\t\t<p>La entrega final del proyecto considera los puntos requeridos en el avance y los siguientes rubros:<\/p>\n<ul>\n<li><a href=\"https:\/\/espolec.sharepoint.com\/:b:\/s\/SistemasDigitales1\/EZ_6QqszeYhFj0v09PO_ACEBvfwgrbCpJQH0ZTMcyY1feQ?e=e1faMA\" target=\"_blank\" rel=\"noopener\">Documentaci\u00f3n Final<\/a><\/li>\n<li><a href=\"https:\/\/docs.google.com\/presentation\/d\/1DYAty7pVY-6G-HmAhzt2-R4oSOcHYVFo\/edit?usp=drivesdk&amp;ouid=113262415840001575216&amp;rtpof=true&amp;sd=true\" target=\"_blank\" rel=\"noopener\">Poster del Proyecto<\/a><\/li>\n<\/ul>\n<p>&nbsp;<\/p>\n\t\t\t\t<\/div>\n\t\t\t<\/div>\n\t\t<\/div>\n\t\t\t<div class=\"sow-accordion-panel\n\t\t\t\t\"\n\t\t\tdata-anchor-id=\"tutoriales-del-proyecto\">\n\t\t\t\t<div class=\"sow-accordion-panel-header-container\" role=\"heading\" aria-level=\"2\">\n\t\t\t\t\t<div class=\"sow-accordion-panel-header\" tabindex=\"0\" role=\"button\" id=\"accordion-label-tutoriales-del-proyecto\" aria-controls=\"accordion-content-tutoriales-del-proyecto\" aria-expanded=\"false\">\n\t\t\t\t\t\t<div class=\"sow-accordion-title sow-accordion-title-icon-left\">\n\t\t\t\t\t\t\t\t\t\t\t\t\t\tTutoriales del Proyecto\t\t\t\t\t\t\t\t\t\t\t\t\t<\/div>\n\t\t\t\t\t\t<div class=\"sow-accordion-open-close-button\">\n\t\t\t\t\t\t\t<div class=\"sow-accordion-open-button\">\n\t\t\t\t\t\t\t\t<span class=\"sow-icon-ionicons\" data-sow-icon=\"&#xf218;\"\n\t\t \n\t\taria-hidden=\"true\"><\/span>\t\t\t\t\t\t\t<\/div>\n\t\t\t\t\t\t\t<div class=\"sow-accordion-close-button\">\n\t\t\t\t\t\t\t\t<span class=\"sow-icon-ionicons\" data-sow-icon=\"&#xf209;\"\n\t\t \n\t\taria-hidden=\"true\"><\/span>\t\t\t\t\t\t\t<\/div>\n\t\t\t\t\t\t<\/div>\n\t\t\t\t\t<\/div>\n\t\t\t\t<\/div>\n\n\t\t\t<div\n\t\t\t\tclass=\"sow-accordion-panel-content\"\n\t\t\t\trole=\"region\"\n\t\t\t\taria-labelledby=\"accordion-label-tutoriales-del-proyecto\"\n\t\t\t\tid=\"accordion-content-tutoriales-del-proyecto\"\n\t\t\t\tstyle=\"display: none;\"\t\t\t>\n\t\t\t\t<div class=\"sow-accordion-panel-border\">\n\t\t\t\t\t<p><a href=\"http:\/\/blog.espol.edu.ec\/sistemasdigitalesfiec\/proyecto-sd1\/tutoriales-para-proyecto-sd1\/\">Tutoriales para Proyecto<\/a><\/p>\n\t\t\t\t<\/div>\n\t\t\t<\/div>\n\t\t<\/div>\n\t\t<\/div>\n<\/div>\n<\/div><\/div><\/div><\/div><\/div>","protected":false},"excerpt":{"rendered":"<p>A continuaci\u00f3n te mostramos algunos los enlaces y archivos necesarios que necesitar\u00e1s para culminar con \u00e9xito tu proyecto de Sistemas Digitales I<\/p>\n","protected":false},"author":4963,"featured_media":0,"parent":0,"menu_order":0,"comment_status":"closed","ping_status":"closed","template":"","meta":{"footnotes":""},"class_list":["post-104","page","type-page","status-publish","hentry"],"_links":{"self":[{"href":"https:\/\/blog.espol.edu.ec\/sistemasdigitalesfiec\/wp-json\/wp\/v2\/pages\/104","targetHints":{"allow":["GET"]}}],"collection":[{"href":"https:\/\/blog.espol.edu.ec\/sistemasdigitalesfiec\/wp-json\/wp\/v2\/pages"}],"about":[{"href":"https:\/\/blog.espol.edu.ec\/sistemasdigitalesfiec\/wp-json\/wp\/v2\/types\/page"}],"author":[{"embeddable":true,"href":"https:\/\/blog.espol.edu.ec\/sistemasdigitalesfiec\/wp-json\/wp\/v2\/users\/4963"}],"replies":[{"embeddable":true,"href":"https:\/\/blog.espol.edu.ec\/sistemasdigitalesfiec\/wp-json\/wp\/v2\/comments?post=104"}],"version-history":[{"count":38,"href":"https:\/\/blog.espol.edu.ec\/sistemasdigitalesfiec\/wp-json\/wp\/v2\/pages\/104\/revisions"}],"predecessor-version":[{"id":2018,"href":"https:\/\/blog.espol.edu.ec\/sistemasdigitalesfiec\/wp-json\/wp\/v2\/pages\/104\/revisions\/2018"}],"wp:attachment":[{"href":"https:\/\/blog.espol.edu.ec\/sistemasdigitalesfiec\/wp-json\/wp\/v2\/media?parent=104"}],"curies":[{"name":"wp","href":"https:\/\/api.w.org\/{rel}","templated":true}]}}