{"id":40,"date":"2020-05-31T21:24:11","date_gmt":"2020-06-01T02:24:11","guid":{"rendered":"http:\/\/blog.espol.edu.ec\/sistemasdigitalesfiec\/?page_id=40"},"modified":"2025-05-17T21:52:00","modified_gmt":"2025-05-18T02:52:00","slug":"politicas-fesd","status":"publish","type":"page","link":"https:\/\/blog.espol.edu.ec\/sistemasdigitalesfiec\/politicas-fesd\/","title":{"rendered":"Pol\u00edticas y Planificaci\u00f3n FESD"},"content":{"rendered":"<div id=\"pl-40\"  class=\"panel-layout\" ><div id=\"pg-40-0\"  class=\"panel-grid panel-no-style\" ><div id=\"pgc-40-0-0\"  class=\"panel-grid-cell\" ><div id=\"panel-40-0-0-0\" class=\"so-panel widget widget_sow-accordion panel-first-child panel-last-child\" data-index=\"0\" ><div\n\t\t\t\n\t\t\tclass=\"so-widget-sow-accordion so-widget-sow-accordion-default-77f81d644115-40\"\n\t\t\t\n\t\t><div>\n\t<div class=\"sow-accordion\">\n\t\t\t<div class=\"sow-accordion-panel\n\t\t\t\t\"\n\t\t\tdata-anchor-id=\"politicas-del-laboratorio\">\n\t\t\t\t<div class=\"sow-accordion-panel-header-container\" role=\"heading\" aria-level=\"2\">\n\t\t\t\t\t<div class=\"sow-accordion-panel-header\" tabindex=\"0\" role=\"button\" id=\"accordion-label-pol%c3%adticas-del-laboratorio\" aria-controls=\"accordion-content-pol%c3%adticas-del-laboratorio\" aria-expanded=\"false\">\n\t\t\t\t\t\t<div class=\"sow-accordion-title sow-accordion-title-icon-left\">\n\t\t\t\t\t\t\t\t\t\t\t\t\t\tPol\u00edticas del Laboratorio\t\t\t\t\t\t\t\t\t\t\t\t\t<\/div>\n\t\t\t\t\t\t<div class=\"sow-accordion-open-close-button\">\n\t\t\t\t\t\t\t<div class=\"sow-accordion-open-button\">\n\t\t\t\t\t\t\t\t<span class=\"sow-icon-ionicons\" data-sow-icon=\"&#xf218;\"\n\t\t \n\t\taria-hidden=\"true\"><\/span>\t\t\t\t\t\t\t<\/div>\n\t\t\t\t\t\t\t<div class=\"sow-accordion-close-button\">\n\t\t\t\t\t\t\t\t<span class=\"sow-icon-ionicons\" data-sow-icon=\"&#xf209;\"\n\t\t \n\t\taria-hidden=\"true\"><\/span>\t\t\t\t\t\t\t<\/div>\n\t\t\t\t\t\t<\/div>\n\t\t\t\t\t<\/div>\n\t\t\t\t<\/div>\n\n\t\t\t<div\n\t\t\t\tclass=\"sow-accordion-panel-content\"\n\t\t\t\trole=\"region\"\n\t\t\t\taria-labelledby=\"accordion-label-pol%c3%adticas-del-laboratorio\"\n\t\t\t\tid=\"accordion-content-pol%c3%adticas-del-laboratorio\"\n\t\t\t\tstyle=\"display: none;\"\t\t\t>\n\t\t\t\t<div class=\"sow-accordion-panel-border\">\n\t\t\t\t\t<ul>\n<li><a href=\"https:\/\/drive.google.com\/file\/d\/10c-61r1J-l2Z0QtmH83QcU4cAsYkDXr2\/view?usp=sharing\" target=\"_blank\" rel=\"noopener\">Pol\u00edticas de Laboratorio <\/a><\/li>\n<li><a href=\"https:\/\/drive.google.com\/file\/d\/1j9oy7J18nW9p6YBkjvu_v6P5s4XCI0gA\/view?usp=sharing\" target=\"_blank\" rel=\"noopener\">Normas de Seguridad del Laboratorio<\/a><\/li>\n<\/ul>\n\t\t\t\t<\/div>\n\t\t\t<\/div>\n\t\t<\/div>\n\t\t\t<div class=\"sow-accordion-panel\n\t\t\t\t\"\n\t\t\tdata-anchor-id=\"planificacion-del-laboratorio\">\n\t\t\t\t<div class=\"sow-accordion-panel-header-container\" role=\"heading\" aria-level=\"2\">\n\t\t\t\t\t<div class=\"sow-accordion-panel-header\" tabindex=\"0\" role=\"button\" id=\"accordion-label-planificaci%c3%b3n-del-laboratorio\" aria-controls=\"accordion-content-planificaci%c3%b3n-del-laboratorio\" aria-expanded=\"false\">\n\t\t\t\t\t\t<div class=\"sow-accordion-title sow-accordion-title-icon-left\">\n\t\t\t\t\t\t\t\t\t\t\t\t\t\tPlanificaci\u00f3n del Laboratorio\t\t\t\t\t\t\t\t\t\t\t\t\t<\/div>\n\t\t\t\t\t\t<div class=\"sow-accordion-open-close-button\">\n\t\t\t\t\t\t\t<div class=\"sow-accordion-open-button\">\n\t\t\t\t\t\t\t\t<span class=\"sow-icon-ionicons\" data-sow-icon=\"&#xf218;\"\n\t\t \n\t\taria-hidden=\"true\"><\/span>\t\t\t\t\t\t\t<\/div>\n\t\t\t\t\t\t\t<div class=\"sow-accordion-close-button\">\n\t\t\t\t\t\t\t\t<span class=\"sow-icon-ionicons\" data-sow-icon=\"&#xf209;\"\n\t\t \n\t\taria-hidden=\"true\"><\/span>\t\t\t\t\t\t\t<\/div>\n\t\t\t\t\t\t<\/div>\n\t\t\t\t\t<\/div>\n\t\t\t\t<\/div>\n\n\t\t\t<div\n\t\t\t\tclass=\"sow-accordion-panel-content\"\n\t\t\t\trole=\"region\"\n\t\t\t\taria-labelledby=\"accordion-label-planificaci%c3%b3n-del-laboratorio\"\n\t\t\t\tid=\"accordion-content-planificaci%c3%b3n-del-laboratorio\"\n\t\t\t\tstyle=\"display: none;\"\t\t\t>\n\t\t\t\t<div class=\"sow-accordion-panel-border\">\n\t\t\t\t\t<img loading=\"lazy\" decoding=\"async\" class=\"alignnone size-full wp-image-1910\" src=\"http:\/\/blog.espol.edu.ec\/sistemasdigitalesfiec\/files\/2025\/05\/Planificacion-de-FESD-PAO-1-2025.xlsx-1.png\" alt=\"\" width=\"617\" height=\"742\" srcset=\"https:\/\/blog.espol.edu.ec\/sistemasdigitalesfiec\/files\/2025\/05\/Planificacion-de-FESD-PAO-1-2025.xlsx-1.png 617w, https:\/\/blog.espol.edu.ec\/sistemasdigitalesfiec\/files\/2025\/05\/Planificacion-de-FESD-PAO-1-2025.xlsx-1-249x300.png 249w\" sizes=\"auto, (max-width: 617px) 100vw, 617px\" \/>\t\t\t\t<\/div>\n\t\t\t<\/div>\n\t\t<\/div>\n\t\t\t<div class=\"sow-accordion-panel\n\t\t\t\t\"\n\t\t\tdata-anchor-id=\"profesores-y-paralelos-practicos\">\n\t\t\t\t<div class=\"sow-accordion-panel-header-container\" role=\"heading\" aria-level=\"2\">\n\t\t\t\t\t<div class=\"sow-accordion-panel-header\" tabindex=\"0\" role=\"button\" id=\"accordion-label-profesores-y-paralelos-pr%c3%a1cticos\" aria-controls=\"accordion-content-profesores-y-paralelos-pr%c3%a1cticos\" aria-expanded=\"false\">\n\t\t\t\t\t\t<div class=\"sow-accordion-title sow-accordion-title-icon-left\">\n\t\t\t\t\t\t\t\t\t\t\t\t\t\tProfesores y Paralelos Pr\u00e1cticos\t\t\t\t\t\t\t\t\t\t\t\t\t<\/div>\n\t\t\t\t\t\t<div class=\"sow-accordion-open-close-button\">\n\t\t\t\t\t\t\t<div class=\"sow-accordion-open-button\">\n\t\t\t\t\t\t\t\t<span class=\"sow-icon-ionicons\" data-sow-icon=\"&#xf218;\"\n\t\t \n\t\taria-hidden=\"true\"><\/span>\t\t\t\t\t\t\t<\/div>\n\t\t\t\t\t\t\t<div class=\"sow-accordion-close-button\">\n\t\t\t\t\t\t\t\t<span class=\"sow-icon-ionicons\" data-sow-icon=\"&#xf209;\"\n\t\t \n\t\taria-hidden=\"true\"><\/span>\t\t\t\t\t\t\t<\/div>\n\t\t\t\t\t\t<\/div>\n\t\t\t\t\t<\/div>\n\t\t\t\t<\/div>\n\n\t\t\t<div\n\t\t\t\tclass=\"sow-accordion-panel-content\"\n\t\t\t\trole=\"region\"\n\t\t\t\taria-labelledby=\"accordion-label-profesores-y-paralelos-pr%c3%a1cticos\"\n\t\t\t\tid=\"accordion-content-profesores-y-paralelos-pr%c3%a1cticos\"\n\t\t\t\tstyle=\"display: none;\"\t\t\t>\n\t\t\t\t<div class=\"sow-accordion-panel-border\">\n\t\t\t\t\t<img loading=\"lazy\" decoding=\"async\" class=\"alignnone size-full wp-image-1902\" src=\"http:\/\/blog.espol.edu.ec\/sistemasdigitalesfiec\/files\/2025\/05\/Horario-y-Paralelos-FESD-PAO-1-2025.xlsx.png\" alt=\"\" width=\"464\" height=\"395\" srcset=\"https:\/\/blog.espol.edu.ec\/sistemasdigitalesfiec\/files\/2025\/05\/Horario-y-Paralelos-FESD-PAO-1-2025.xlsx.png 464w, https:\/\/blog.espol.edu.ec\/sistemasdigitalesfiec\/files\/2025\/05\/Horario-y-Paralelos-FESD-PAO-1-2025.xlsx-300x255.png 300w\" sizes=\"auto, (max-width: 464px) 100vw, 464px\" \/>\t\t\t\t<\/div>\n\t\t\t<\/div>\n\t\t<\/div>\n\t\t\t<div class=\"sow-accordion-panel\n\t\t\t\t\"\n\t\t\tdata-anchor-id=\"horarios-de-recuperacion\">\n\t\t\t\t<div class=\"sow-accordion-panel-header-container\" role=\"heading\" aria-level=\"2\">\n\t\t\t\t\t<div class=\"sow-accordion-panel-header\" tabindex=\"0\" role=\"button\" id=\"accordion-label-horarios-de-recuperaci%c3%b3n\" aria-controls=\"accordion-content-horarios-de-recuperaci%c3%b3n\" aria-expanded=\"false\">\n\t\t\t\t\t\t<div class=\"sow-accordion-title sow-accordion-title-icon-left\">\n\t\t\t\t\t\t\t\t\t\t\t\t\t\tHorarios de Recuperaci\u00f3n \t\t\t\t\t\t\t\t\t\t\t\t\t<\/div>\n\t\t\t\t\t\t<div class=\"sow-accordion-open-close-button\">\n\t\t\t\t\t\t\t<div class=\"sow-accordion-open-button\">\n\t\t\t\t\t\t\t\t<span class=\"sow-icon-ionicons\" data-sow-icon=\"&#xf218;\"\n\t\t \n\t\taria-hidden=\"true\"><\/span>\t\t\t\t\t\t\t<\/div>\n\t\t\t\t\t\t\t<div class=\"sow-accordion-close-button\">\n\t\t\t\t\t\t\t\t<span class=\"sow-icon-ionicons\" data-sow-icon=\"&#xf209;\"\n\t\t \n\t\taria-hidden=\"true\"><\/span>\t\t\t\t\t\t\t<\/div>\n\t\t\t\t\t\t<\/div>\n\t\t\t\t\t<\/div>\n\t\t\t\t<\/div>\n\n\t\t\t<div\n\t\t\t\tclass=\"sow-accordion-panel-content\"\n\t\t\t\trole=\"region\"\n\t\t\t\taria-labelledby=\"accordion-label-horarios-de-recuperaci%c3%b3n\"\n\t\t\t\tid=\"accordion-content-horarios-de-recuperaci%c3%b3n\"\n\t\t\t\tstyle=\"display: none;\"\t\t\t>\n\t\t\t\t<div class=\"sow-accordion-panel-border\">\n\t\t\t\t\t<ol>En el siguiente enlace, deber\u00e1n registrarse, en la columna respectiva del paralelo en el que van a recuperar y de que paralelo son.<\/ol>\n<p><a href=\"https:\/\/docs.google.com\/spreadsheets\/d\/1-HqHy4JAqru9wjdBWtlJdFNUPt7f-PJ_\/edit?usp=sharing&amp;ouid=115322662243329188280&amp;rtpof=true&amp;sd=true\" target=\"_blank\" rel=\"noopener\">Link de Recuperaci\u00f3n<\/a><\/p>\n\t\t\t\t<\/div>\n\t\t\t<\/div>\n\t\t<\/div>\n\t\t\t<div class=\"sow-accordion-panel\n\t\t\t\t\"\n\t\t\tdata-anchor-id=\"horarios-de-consultorias\">\n\t\t\t\t<div class=\"sow-accordion-panel-header-container\" role=\"heading\" aria-level=\"2\">\n\t\t\t\t\t<div class=\"sow-accordion-panel-header\" tabindex=\"0\" role=\"button\" id=\"accordion-label-horarios-de-consultorias\" aria-controls=\"accordion-content-horarios-de-consultorias\" aria-expanded=\"false\">\n\t\t\t\t\t\t<div class=\"sow-accordion-title sow-accordion-title-icon-left\">\n\t\t\t\t\t\t\t\t\t\t\t\t\t\tHorarios de Consultorias\t\t\t\t\t\t\t\t\t\t\t\t\t<\/div>\n\t\t\t\t\t\t<div class=\"sow-accordion-open-close-button\">\n\t\t\t\t\t\t\t<div class=\"sow-accordion-open-button\">\n\t\t\t\t\t\t\t\t<span class=\"sow-icon-ionicons\" data-sow-icon=\"&#xf218;\"\n\t\t \n\t\taria-hidden=\"true\"><\/span>\t\t\t\t\t\t\t<\/div>\n\t\t\t\t\t\t\t<div class=\"sow-accordion-close-button\">\n\t\t\t\t\t\t\t\t<span class=\"sow-icon-ionicons\" data-sow-icon=\"&#xf209;\"\n\t\t \n\t\taria-hidden=\"true\"><\/span>\t\t\t\t\t\t\t<\/div>\n\t\t\t\t\t\t<\/div>\n\t\t\t\t\t<\/div>\n\t\t\t\t<\/div>\n\n\t\t\t<div\n\t\t\t\tclass=\"sow-accordion-panel-content\"\n\t\t\t\trole=\"region\"\n\t\t\t\taria-labelledby=\"accordion-label-horarios-de-consultorias\"\n\t\t\t\tid=\"accordion-content-horarios-de-consultorias\"\n\t\t\t\tstyle=\"display: none;\"\t\t\t>\n\t\t\t\t<div class=\"sow-accordion-panel-border\">\n\t\t\t\t\t\t\t\t\t<\/div>\n\t\t\t<\/div>\n\t\t<\/div>\n\t\t<\/div>\n<\/div>\n<\/div><\/div><\/div><\/div><\/div>","protected":false},"excerpt":{"rendered":"<p>Pol\u00edticas del Laboratorio Pol\u00edticas de Laboratorio Normas de Seguridad del Laboratorio Planificaci\u00f3n del Laboratorio Profesores y Paralelos Pr\u00e1cticos Horarios de Recuperaci\u00f3n En el siguiente enlace, deber\u00e1n registrarse, en la columna respectiva del paralelo en el que van a recuperar y de que paralelo son. Link de Recuperaci\u00f3n Horarios de Consultorias<\/p>\n","protected":false},"author":4963,"featured_media":0,"parent":0,"menu_order":0,"comment_status":"closed","ping_status":"closed","template":"","meta":{"footnotes":""},"class_list":["post-40","page","type-page","status-publish","hentry"],"_links":{"self":[{"href":"https:\/\/blog.espol.edu.ec\/sistemasdigitalesfiec\/wp-json\/wp\/v2\/pages\/40","targetHints":{"allow":["GET"]}}],"collection":[{"href":"https:\/\/blog.espol.edu.ec\/sistemasdigitalesfiec\/wp-json\/wp\/v2\/pages"}],"about":[{"href":"https:\/\/blog.espol.edu.ec\/sistemasdigitalesfiec\/wp-json\/wp\/v2\/types\/page"}],"author":[{"embeddable":true,"href":"https:\/\/blog.espol.edu.ec\/sistemasdigitalesfiec\/wp-json\/wp\/v2\/users\/4963"}],"replies":[{"embeddable":true,"href":"https:\/\/blog.espol.edu.ec\/sistemasdigitalesfiec\/wp-json\/wp\/v2\/comments?post=40"}],"version-history":[{"count":48,"href":"https:\/\/blog.espol.edu.ec\/sistemasdigitalesfiec\/wp-json\/wp\/v2\/pages\/40\/revisions"}],"predecessor-version":[{"id":1912,"href":"https:\/\/blog.espol.edu.ec\/sistemasdigitalesfiec\/wp-json\/wp\/v2\/pages\/40\/revisions\/1912"}],"wp:attachment":[{"href":"https:\/\/blog.espol.edu.ec\/sistemasdigitalesfiec\/wp-json\/wp\/v2\/media?parent=40"}],"curies":[{"name":"wp","href":"https:\/\/api.w.org\/{rel}","templated":true}]}}