{"id":812,"date":"2021-08-02T19:52:54","date_gmt":"2021-08-03T00:52:54","guid":{"rendered":"http:\/\/blog.espol.edu.ec\/sistemasdigitalesfiec\/?page_id=812"},"modified":"2021-10-20T11:18:51","modified_gmt":"2021-10-20T16:18:51","slug":"tutorias","status":"publish","type":"page","link":"https:\/\/blog.espol.edu.ec\/sistemasdigitalesfiec\/tutorias\/","title":{"rendered":"Tutor\u00edas"},"content":{"rendered":"<p>Las tutor\u00edas son sesiones de preguntas y respuestas, dise\u00f1adas para resolver dudas puntuales, sea de laboratorio, ejercicios, deberes o proyectos de Sistemas Digitales I y II. Con el fin de atender a la mayor cantidad de estudiantes, se ha establecido un tiempo m\u00e1ximo de 15 minutos por estudiante o grupo.<\/p>\n<p style=\"text-align: center\"><em><strong>Lea detenidamente las instrucciones antes de realizar el registro<\/strong><\/em><\/p>\n<p><img loading=\"lazy\" decoding=\"async\" class=\"aligncenter wp-image-732\" src=\"http:\/\/blog.espol.edu.ec\/sistemasdigitalesfiec\/files\/2021\/07\/informacion.png\" alt=\"\" width=\"100\" height=\"100\" srcset=\"https:\/\/blog.espol.edu.ec\/sistemasdigitalesfiec\/files\/2021\/07\/informacion.png 512w, https:\/\/blog.espol.edu.ec\/sistemasdigitalesfiec\/files\/2021\/07\/informacion-150x150.png 150w, https:\/\/blog.espol.edu.ec\/sistemasdigitalesfiec\/files\/2021\/07\/informacion-300x300.png 300w, https:\/\/blog.espol.edu.ec\/sistemasdigitalesfiec\/files\/2021\/07\/informacion-100x100.png 100w\" sizes=\"auto, (max-width: 100px) 100vw, 100px\" \/><\/p>\n<p>Podr\u00e1 registrarse accediendo en los enlaces mostrados al final de este comunicado.\u00a0 Tomar en cuenta las siguientes consideraciones:<\/p>\n<ol>\n<li>Una vez que ingrese, <b>debe dar clic en el horario en el\u00a0<\/b><b>que desea asistir a la tutor\u00eda, lo redireccionar\u00e1 a la hoja de c\u00e1lculo para su respectivo registro.\u00a0 <\/b>Deber\u00e1 registrar su nombre completo y en el caso de que la consulta sea sobre su proyecto, podr\u00e1 registrarse en el mismo horario con su compa\u00f1ero de grupo.<\/li>\n<li><strong>Debe registrarse en los horarios disponibles para su asignatura.\u00a0<\/strong><\/li>\n<li>En caso de tener alguna observaci\u00f3n, puede escribirla en el casillero dedicado para ello, caso contrario puede dejarlo vac\u00edo, ya que no es un requisito obligatorio para el registro.<\/li>\n<li><strong>No se realizar\u00e1n tutor\u00edas que no hayan sido registradas en el sistema.<\/strong><\/li>\n<li>Para cualquier problema presentado, por favor enviar un correo a <strong>alascons@espol.edu.ec<\/strong> con asunto <strong>ACERCA DEL REGISTRO DE TUTOR\u00cdAS<\/strong>.<\/li>\n<\/ol>\n<p>&nbsp;<\/p>\n<p>Para registrarse haga clic en el siguiente enlace: <a href=\"https:\/\/espolec.sharepoint.com\/:x:\/s\/SistemasDigitales1\/ET65dcVY6vxAgbPoM-silMsBx9Qrj7G2wzah4wHUsuBw9A?e=k4yd01\">ENLACE PARA\u00a0 REGISTRO DE TUTOR\u00cdAS<\/a><\/p>\n","protected":false},"excerpt":{"rendered":"<p>Las tutor\u00edas son sesiones de preguntas y respuestas, dise\u00f1adas para resolver dudas puntuales, sea de laboratorio, ejercicios, deberes o proyectos de Sistemas Digitales I y II. Con el fin de atender a la mayor cantidad de estudiantes, se ha establecido un tiempo m\u00e1ximo de 15 minutos por estudiante o grupo. Lea detenidamente las instrucciones antes &hellip; <\/p>\n<p class=\"link-more\"><a href=\"https:\/\/blog.espol.edu.ec\/sistemasdigitalesfiec\/tutorias\/\" class=\"more-link\">Continuar leyendo<span class=\"screen-reader-text\"> \"Tutor\u00edas\"<\/span><\/a><\/p>\n","protected":false},"author":11148,"featured_media":0,"parent":0,"menu_order":0,"comment_status":"closed","ping_status":"closed","template":"","meta":{"footnotes":""},"class_list":["post-812","page","type-page","status-publish","hentry"],"_links":{"self":[{"href":"https:\/\/blog.espol.edu.ec\/sistemasdigitalesfiec\/wp-json\/wp\/v2\/pages\/812","targetHints":{"allow":["GET"]}}],"collection":[{"href":"https:\/\/blog.espol.edu.ec\/sistemasdigitalesfiec\/wp-json\/wp\/v2\/pages"}],"about":[{"href":"https:\/\/blog.espol.edu.ec\/sistemasdigitalesfiec\/wp-json\/wp\/v2\/types\/page"}],"author":[{"embeddable":true,"href":"https:\/\/blog.espol.edu.ec\/sistemasdigitalesfiec\/wp-json\/wp\/v2\/users\/11148"}],"replies":[{"embeddable":true,"href":"https:\/\/blog.espol.edu.ec\/sistemasdigitalesfiec\/wp-json\/wp\/v2\/comments?post=812"}],"version-history":[{"count":4,"href":"https:\/\/blog.espol.edu.ec\/sistemasdigitalesfiec\/wp-json\/wp\/v2\/pages\/812\/revisions"}],"predecessor-version":[{"id":1099,"href":"https:\/\/blog.espol.edu.ec\/sistemasdigitalesfiec\/wp-json\/wp\/v2\/pages\/812\/revisions\/1099"}],"wp:attachment":[{"href":"https:\/\/blog.espol.edu.ec\/sistemasdigitalesfiec\/wp-json\/wp\/v2\/media?parent=812"}],"curies":[{"name":"wp","href":"https:\/\/api.w.org\/{rel}","templated":true}]}}