{"id":91,"date":"2020-06-08T11:30:16","date_gmt":"2020-06-08T16:30:16","guid":{"rendered":"http:\/\/blog.espol.edu.ec\/sistemasdigitalesfiec\/?page_id=91"},"modified":"2025-08-03T18:11:51","modified_gmt":"2025-08-03T23:11:51","slug":"practicas-fesd","status":"publish","type":"page","link":"https:\/\/blog.espol.edu.ec\/sistemasdigitalesfiec\/practicas-fesd\/","title":{"rendered":"Pr\u00e1cticas FESD"},"content":{"rendered":"<div id=\"pl-91\"  class=\"panel-layout\" ><div id=\"pg-91-0\"  class=\"panel-grid panel-no-style\" ><div id=\"pgc-91-0-0\"  class=\"panel-grid-cell\" ><div id=\"panel-91-0-0-0\" class=\"so-panel widget widget_sow-accordion panel-first-child panel-last-child\" data-index=\"0\" ><div\n\t\t\t\n\t\t\tclass=\"so-widget-sow-accordion so-widget-sow-accordion-default-4d7bdb511352-91\"\n\t\t\t\n\t\t><div>\n\t<div class=\"sow-accordion\">\n\t\t\t<div class=\"sow-accordion-panel\n\t\t\t\t\"\n\t\t\tdata-anchor-id=\"introduccion-a-los-simuladores\">\n\t\t\t\t<div class=\"sow-accordion-panel-header-container\" role=\"heading\" aria-level=\"2\">\n\t\t\t\t\t<div class=\"sow-accordion-panel-header\" tabindex=\"0\" role=\"button\" id=\"accordion-label-introducci%c3%b3n-a-los-simuladores\" aria-controls=\"accordion-content-introducci%c3%b3n-a-los-simuladores\" aria-expanded=\"false\">\n\t\t\t\t\t\t<div class=\"sow-accordion-title sow-accordion-title-icon-left\">\n\t\t\t\t\t\t\t\t\t\t\t\t\t\tIntroducci\u00f3n a los Simuladores\t\t\t\t\t\t\t\t\t\t\t\t\t<\/div>\n\t\t\t\t\t\t<div class=\"sow-accordion-open-close-button\">\n\t\t\t\t\t\t\t<div class=\"sow-accordion-open-button\">\n\t\t\t\t\t\t\t\t<span class=\"sow-icon-ionicons\" data-sow-icon=\"&#xf218;\"\n\t\t \n\t\taria-hidden=\"true\"><\/span>\t\t\t\t\t\t\t<\/div>\n\t\t\t\t\t\t\t<div class=\"sow-accordion-close-button\">\n\t\t\t\t\t\t\t\t<span class=\"sow-icon-ionicons\" data-sow-icon=\"&#xf209;\"\n\t\t \n\t\taria-hidden=\"true\"><\/span>\t\t\t\t\t\t\t<\/div>\n\t\t\t\t\t\t<\/div>\n\t\t\t\t\t<\/div>\n\t\t\t\t<\/div>\n\n\t\t\t<div\n\t\t\t\tclass=\"sow-accordion-panel-content\"\n\t\t\t\trole=\"region\"\n\t\t\t\taria-labelledby=\"accordion-label-introducci%c3%b3n-a-los-simuladores\"\n\t\t\t\tid=\"accordion-content-introducci%c3%b3n-a-los-simuladores\"\n\t\t\t\tstyle=\"display: none;\"\t\t\t>\n\t\t\t\t<div class=\"sow-accordion-panel-border\">\n\t\t\t\t\t<ul>\n \t<li><a href=\"https:\/\/www.youtube.com\/watch?v=96OMHQx463Q\" target=\"_blank\" rel=\"noopener\">Instalaci\u00f3n de Proteus 8.15<\/a><\/li>\n \t<li><a href=\"https:\/\/drive.google.com\/file\/d\/1maltYZZ5HiLz3qXs8u6PQJN4o5JDJQpw\/view?usp=sharing\" target=\"_blank\" rel=\"noopener\">Descarga Proteus 8.15\u00a0<\/a><\/li>\n \t<li><a href=\"https:\/\/drive.google.com\/file\/d\/11hb3aFwp2EnWkQGP930yrcFVUcWENoKJ\/view?usp=sharing\" target=\"_blank\" rel=\"noopener\">Practica sobre Introducci\u00f3n a Simuladores<\/a><\/li>\n<\/ul>\t\t\t\t<\/div>\n\t\t\t<\/div>\n\t\t<\/div>\n\t\t\t<div class=\"sow-accordion-panel\n\t\t\t\t\"\n\t\t\tdata-anchor-id=\"materiales-para-las-practicas\">\n\t\t\t\t<div class=\"sow-accordion-panel-header-container\" role=\"heading\" aria-level=\"2\">\n\t\t\t\t\t<div class=\"sow-accordion-panel-header\" tabindex=\"0\" role=\"button\" id=\"accordion-label-materiales-para-las-pr%c3%a1cticas\" aria-controls=\"accordion-content-materiales-para-las-pr%c3%a1cticas\" aria-expanded=\"false\">\n\t\t\t\t\t\t<div class=\"sow-accordion-title sow-accordion-title-icon-left\">\n\t\t\t\t\t\t\t\t\t\t\t\t\t\tMateriales para las Pr\u00e1cticas \t\t\t\t\t\t\t\t\t\t\t\t\t<\/div>\n\t\t\t\t\t\t<div class=\"sow-accordion-open-close-button\">\n\t\t\t\t\t\t\t<div class=\"sow-accordion-open-button\">\n\t\t\t\t\t\t\t\t<span class=\"sow-icon-ionicons\" data-sow-icon=\"&#xf218;\"\n\t\t \n\t\taria-hidden=\"true\"><\/span>\t\t\t\t\t\t\t<\/div>\n\t\t\t\t\t\t\t<div class=\"sow-accordion-close-button\">\n\t\t\t\t\t\t\t\t<span class=\"sow-icon-ionicons\" data-sow-icon=\"&#xf209;\"\n\t\t \n\t\taria-hidden=\"true\"><\/span>\t\t\t\t\t\t\t<\/div>\n\t\t\t\t\t\t<\/div>\n\t\t\t\t\t<\/div>\n\t\t\t\t<\/div>\n\n\t\t\t<div\n\t\t\t\tclass=\"sow-accordion-panel-content\"\n\t\t\t\trole=\"region\"\n\t\t\t\taria-labelledby=\"accordion-label-materiales-para-las-pr%c3%a1cticas\"\n\t\t\t\tid=\"accordion-content-materiales-para-las-pr%c3%a1cticas\"\n\t\t\t\tstyle=\"display: none;\"\t\t\t>\n\t\t\t\t<div class=\"sow-accordion-panel-border\">\n\t\t\t\t\t<ul>\n \t<li><strong>kit de cables lagarto-lagarto<\/strong><\/li>\n<\/ul>\n<img loading=\"lazy\" decoding=\"async\" class=\"size-full wp-image-1942 aligncenter\" src=\"http:\/\/blog.espol.edu.ec\/sistemasdigitalesfiec\/files\/2025\/05\/cables-lagarto-lagarto.png\" alt=\"\" width=\"521\" height=\"321\" srcset=\"https:\/\/blog.espol.edu.ec\/sistemasdigitalesfiec\/files\/2025\/05\/cables-lagarto-lagarto.png 521w, https:\/\/blog.espol.edu.ec\/sistemasdigitalesfiec\/files\/2025\/05\/cables-lagarto-lagarto-300x185.png 300w\" sizes=\"auto, (max-width: 521px) 100vw, 521px\" \/>\n\n&nbsp;\n<ul>\n \t<li><strong>kit de cables para protoboard<\/strong><\/li>\n<\/ul>\n<img loading=\"lazy\" decoding=\"async\" class=\"size-full wp-image-1943 aligncenter\" src=\"http:\/\/blog.espol.edu.ec\/sistemasdigitalesfiec\/files\/2025\/05\/kit-cables-para-protoboard.png\" alt=\"\" width=\"592\" height=\"484\" srcset=\"https:\/\/blog.espol.edu.ec\/sistemasdigitalesfiec\/files\/2025\/05\/kit-cables-para-protoboard.png 592w, https:\/\/blog.espol.edu.ec\/sistemasdigitalesfiec\/files\/2025\/05\/kit-cables-para-protoboard-300x245.png 300w\" sizes=\"auto, (max-width: 592px) 100vw, 592px\" \/>\n\n&nbsp;\n<ul>\n \t<li><strong>Protoboard<\/strong><\/li>\n<\/ul>\n<img loading=\"lazy\" decoding=\"async\" class=\"alignnone size-full wp-image-1944\" src=\"http:\/\/blog.espol.edu.ec\/sistemasdigitalesfiec\/files\/2025\/05\/protoboard.png\" alt=\"\" width=\"499\" height=\"428\" srcset=\"https:\/\/blog.espol.edu.ec\/sistemasdigitalesfiec\/files\/2025\/05\/protoboard.png 499w, https:\/\/blog.espol.edu.ec\/sistemasdigitalesfiec\/files\/2025\/05\/protoboard-300x257.png 300w\" sizes=\"auto, (max-width: 499px) 100vw, 499px\" \/>\t\t\t\t<\/div>\n\t\t\t<\/div>\n\t\t<\/div>\n\t\t\t<div class=\"sow-accordion-panel\n\t\t\t\t\"\n\t\t\tdata-anchor-id=\"practica-1\">\n\t\t\t\t<div class=\"sow-accordion-panel-header-container\" role=\"heading\" aria-level=\"2\">\n\t\t\t\t\t<div class=\"sow-accordion-panel-header\" tabindex=\"0\" role=\"button\" id=\"accordion-label-pr%c3%a1ctica-1\" aria-controls=\"accordion-content-pr%c3%a1ctica-1\" aria-expanded=\"false\">\n\t\t\t\t\t\t<div class=\"sow-accordion-title sow-accordion-title-icon-left\">\n\t\t\t\t\t\t\t\t\t\t\t\t\t\tPr\u00e1ctica 1\t\t\t\t\t\t\t\t\t\t\t\t\t<\/div>\n\t\t\t\t\t\t<div class=\"sow-accordion-open-close-button\">\n\t\t\t\t\t\t\t<div class=\"sow-accordion-open-button\">\n\t\t\t\t\t\t\t\t<span class=\"sow-icon-ionicons\" data-sow-icon=\"&#xf218;\"\n\t\t \n\t\taria-hidden=\"true\"><\/span>\t\t\t\t\t\t\t<\/div>\n\t\t\t\t\t\t\t<div class=\"sow-accordion-close-button\">\n\t\t\t\t\t\t\t\t<span class=\"sow-icon-ionicons\" data-sow-icon=\"&#xf209;\"\n\t\t \n\t\taria-hidden=\"true\"><\/span>\t\t\t\t\t\t\t<\/div>\n\t\t\t\t\t\t<\/div>\n\t\t\t\t\t<\/div>\n\t\t\t\t<\/div>\n\n\t\t\t<div\n\t\t\t\tclass=\"sow-accordion-panel-content\"\n\t\t\t\trole=\"region\"\n\t\t\t\taria-labelledby=\"accordion-label-pr%c3%a1ctica-1\"\n\t\t\t\tid=\"accordion-content-pr%c3%a1ctica-1\"\n\t\t\t\tstyle=\"display: none;\"\t\t\t>\n\t\t\t\t<div class=\"sow-accordion-panel-border\">\n\t\t\t\t\t<p><a href=\"https:\/\/drive.google.com\/file\/d\/1EV-l--QBnAm3RvMawHWOPCI9UOQCRDhs\/view?usp=sharing\" target=\"_blank\" rel=\"noopener\">Pr\u00e1ctica 1 - Manejo de Equipos e InTroducci\u00f3n a Fundamentos de Electricidad y Sistemas Digitales<\/a><\/p>\n\t\t\t\t<\/div>\n\t\t\t<\/div>\n\t\t<\/div>\n\t\t\t<div class=\"sow-accordion-panel\n\t\t\t\t\"\n\t\t\tdata-anchor-id=\"practica-2\">\n\t\t\t\t<div class=\"sow-accordion-panel-header-container\" role=\"heading\" aria-level=\"2\">\n\t\t\t\t\t<div class=\"sow-accordion-panel-header\" tabindex=\"0\" role=\"button\" id=\"accordion-label-pr%c3%a1ctica-2\" aria-controls=\"accordion-content-pr%c3%a1ctica-2\" aria-expanded=\"false\">\n\t\t\t\t\t\t<div class=\"sow-accordion-title sow-accordion-title-icon-left\">\n\t\t\t\t\t\t\t\t\t\t\t\t\t\tPr\u00e1ctica 2\t\t\t\t\t\t\t\t\t\t\t\t\t<\/div>\n\t\t\t\t\t\t<div class=\"sow-accordion-open-close-button\">\n\t\t\t\t\t\t\t<div class=\"sow-accordion-open-button\">\n\t\t\t\t\t\t\t\t<span class=\"sow-icon-ionicons\" data-sow-icon=\"&#xf218;\"\n\t\t \n\t\taria-hidden=\"true\"><\/span>\t\t\t\t\t\t\t<\/div>\n\t\t\t\t\t\t\t<div class=\"sow-accordion-close-button\">\n\t\t\t\t\t\t\t\t<span class=\"sow-icon-ionicons\" data-sow-icon=\"&#xf209;\"\n\t\t \n\t\taria-hidden=\"true\"><\/span>\t\t\t\t\t\t\t<\/div>\n\t\t\t\t\t\t<\/div>\n\t\t\t\t\t<\/div>\n\t\t\t\t<\/div>\n\n\t\t\t<div\n\t\t\t\tclass=\"sow-accordion-panel-content\"\n\t\t\t\trole=\"region\"\n\t\t\t\taria-labelledby=\"accordion-label-pr%c3%a1ctica-2\"\n\t\t\t\tid=\"accordion-content-pr%c3%a1ctica-2\"\n\t\t\t\tstyle=\"display: none;\"\t\t\t>\n\t\t\t\t<div class=\"sow-accordion-panel-border\">\n\t\t\t\t\t<p><a href=\"https:\/\/drive.google.com\/file\/d\/16Ga5Ikl1mzZJpOkFMi_YoUcvGCfi5aDQ\/view?usp=sharing\" target=\"_blank\" rel=\"noopener\">Practica 2 - Ley de Ohm y Leyes de Kirchof<\/a><\/p>\n\t\t\t\t<\/div>\n\t\t\t<\/div>\n\t\t<\/div>\n\t\t\t<div class=\"sow-accordion-panel\n\t\t\t\t\"\n\t\t\tdata-anchor-id=\"practica-3\">\n\t\t\t\t<div class=\"sow-accordion-panel-header-container\" role=\"heading\" aria-level=\"2\">\n\t\t\t\t\t<div class=\"sow-accordion-panel-header\" tabindex=\"0\" role=\"button\" id=\"accordion-label-pr%c3%a1ctica-3\" aria-controls=\"accordion-content-pr%c3%a1ctica-3\" aria-expanded=\"false\">\n\t\t\t\t\t\t<div class=\"sow-accordion-title sow-accordion-title-icon-left\">\n\t\t\t\t\t\t\t\t\t\t\t\t\t\tPr\u00e1ctica 3\t\t\t\t\t\t\t\t\t\t\t\t\t<\/div>\n\t\t\t\t\t\t<div class=\"sow-accordion-open-close-button\">\n\t\t\t\t\t\t\t<div class=\"sow-accordion-open-button\">\n\t\t\t\t\t\t\t\t<span class=\"sow-icon-ionicons\" data-sow-icon=\"&#xf218;\"\n\t\t \n\t\taria-hidden=\"true\"><\/span>\t\t\t\t\t\t\t<\/div>\n\t\t\t\t\t\t\t<div class=\"sow-accordion-close-button\">\n\t\t\t\t\t\t\t\t<span class=\"sow-icon-ionicons\" data-sow-icon=\"&#xf209;\"\n\t\t \n\t\taria-hidden=\"true\"><\/span>\t\t\t\t\t\t\t<\/div>\n\t\t\t\t\t\t<\/div>\n\t\t\t\t\t<\/div>\n\t\t\t\t<\/div>\n\n\t\t\t<div\n\t\t\t\tclass=\"sow-accordion-panel-content\"\n\t\t\t\trole=\"region\"\n\t\t\t\taria-labelledby=\"accordion-label-pr%c3%a1ctica-3\"\n\t\t\t\tid=\"accordion-content-pr%c3%a1ctica-3\"\n\t\t\t\tstyle=\"display: none;\"\t\t\t>\n\t\t\t\t<div class=\"sow-accordion-panel-border\">\n\t\t\t\t\t<p><a href=\"https:\/\/espolec.sharepoint.com\/:b:\/s\/FESD-DOCENTES\/EfDW0n9ySNVBvESftEgYIVUBOW6LSdi_IyXk1fBZdjn32g?e=YYHDbn\" target=\"_blank\" rel=\"noopener\">Pr\u00e1ctica 3 - Funcionamiento de Diodos y Transistores<\/a><\/p>\n\t\t\t\t<\/div>\n\t\t\t<\/div>\n\t\t<\/div>\n\t\t\t<div class=\"sow-accordion-panel\n\t\t\t\t\"\n\t\t\tdata-anchor-id=\"practica-4\">\n\t\t\t\t<div class=\"sow-accordion-panel-header-container\" role=\"heading\" aria-level=\"2\">\n\t\t\t\t\t<div class=\"sow-accordion-panel-header\" tabindex=\"0\" role=\"button\" id=\"accordion-label-pr%c3%a1ctica-4\" aria-controls=\"accordion-content-pr%c3%a1ctica-4\" aria-expanded=\"false\">\n\t\t\t\t\t\t<div class=\"sow-accordion-title sow-accordion-title-icon-left\">\n\t\t\t\t\t\t\t\t\t\t\t\t\t\tPr\u00e1ctica 4\t\t\t\t\t\t\t\t\t\t\t\t\t<\/div>\n\t\t\t\t\t\t<div class=\"sow-accordion-open-close-button\">\n\t\t\t\t\t\t\t<div class=\"sow-accordion-open-button\">\n\t\t\t\t\t\t\t\t<span class=\"sow-icon-ionicons\" data-sow-icon=\"&#xf218;\"\n\t\t \n\t\taria-hidden=\"true\"><\/span>\t\t\t\t\t\t\t<\/div>\n\t\t\t\t\t\t\t<div class=\"sow-accordion-close-button\">\n\t\t\t\t\t\t\t\t<span class=\"sow-icon-ionicons\" data-sow-icon=\"&#xf209;\"\n\t\t \n\t\taria-hidden=\"true\"><\/span>\t\t\t\t\t\t\t<\/div>\n\t\t\t\t\t\t<\/div>\n\t\t\t\t\t<\/div>\n\t\t\t\t<\/div>\n\n\t\t\t<div\n\t\t\t\tclass=\"sow-accordion-panel-content\"\n\t\t\t\trole=\"region\"\n\t\t\t\taria-labelledby=\"accordion-label-pr%c3%a1ctica-4\"\n\t\t\t\tid=\"accordion-content-pr%c3%a1ctica-4\"\n\t\t\t\tstyle=\"display: none;\"\t\t\t>\n\t\t\t\t<div class=\"sow-accordion-panel-border\">\n\t\t\t\t\t<p><a href=\"https:\/\/espolec.sharepoint.com\/:b:\/s\/FESD-DOCENTES\/EXidjCyrr6lLky3MUlafqXMB_2X0uJZCRUU7RgkJg-BbMw?e=DGhX6l\" target=\"_blank\" rel=\"noopener\">Pr\u00e1ctica 4 - Funcionamiento de Fuentes Lineales<\/a><\/p>\n\t\t\t\t<\/div>\n\t\t\t<\/div>\n\t\t<\/div>\n\t\t\t<div class=\"sow-accordion-panel\n\t\t\t\t\"\n\t\t\tdata-anchor-id=\"practica-5\">\n\t\t\t\t<div class=\"sow-accordion-panel-header-container\" role=\"heading\" aria-level=\"2\">\n\t\t\t\t\t<div class=\"sow-accordion-panel-header\" tabindex=\"0\" role=\"button\" id=\"accordion-label-pr%c3%a1ctica-5\" aria-controls=\"accordion-content-pr%c3%a1ctica-5\" aria-expanded=\"false\">\n\t\t\t\t\t\t<div class=\"sow-accordion-title sow-accordion-title-icon-left\">\n\t\t\t\t\t\t\t\t\t\t\t\t\t\tPr\u00e1ctica 5\t\t\t\t\t\t\t\t\t\t\t\t\t<\/div>\n\t\t\t\t\t\t<div class=\"sow-accordion-open-close-button\">\n\t\t\t\t\t\t\t<div class=\"sow-accordion-open-button\">\n\t\t\t\t\t\t\t\t<span class=\"sow-icon-ionicons\" data-sow-icon=\"&#xf218;\"\n\t\t \n\t\taria-hidden=\"true\"><\/span>\t\t\t\t\t\t\t<\/div>\n\t\t\t\t\t\t\t<div class=\"sow-accordion-close-button\">\n\t\t\t\t\t\t\t\t<span class=\"sow-icon-ionicons\" data-sow-icon=\"&#xf209;\"\n\t\t \n\t\taria-hidden=\"true\"><\/span>\t\t\t\t\t\t\t<\/div>\n\t\t\t\t\t\t<\/div>\n\t\t\t\t\t<\/div>\n\t\t\t\t<\/div>\n\n\t\t\t<div\n\t\t\t\tclass=\"sow-accordion-panel-content\"\n\t\t\t\trole=\"region\"\n\t\t\t\taria-labelledby=\"accordion-label-pr%c3%a1ctica-5\"\n\t\t\t\tid=\"accordion-content-pr%c3%a1ctica-5\"\n\t\t\t\tstyle=\"display: none;\"\t\t\t>\n\t\t\t\t<div class=\"sow-accordion-panel-border\">\n\t\t\t\t\t<p><a href=\"https:\/\/espolec.sharepoint.com\/:b:\/s\/FESD-DOCENTES\/EaiCeZwItmlJiX6fCcfYjz4BGJCHVKdZiPmpjRogd-ettg?e=ekr2GY\" target=\"_blank\" rel=\"noopener\">Pr\u00e1ctica 5 - Funcionamiento de Filtros Activos<\/a><\/p>\n\t\t\t\t<\/div>\n\t\t\t<\/div>\n\t\t<\/div>\n\t\t\t<div class=\"sow-accordion-panel\n\t\t\t\t\"\n\t\t\tdata-anchor-id=\"practica-6\">\n\t\t\t\t<div class=\"sow-accordion-panel-header-container\" role=\"heading\" aria-level=\"2\">\n\t\t\t\t\t<div class=\"sow-accordion-panel-header\" tabindex=\"0\" role=\"button\" id=\"accordion-label-pr%c3%a1ctica-6\" aria-controls=\"accordion-content-pr%c3%a1ctica-6\" aria-expanded=\"false\">\n\t\t\t\t\t\t<div class=\"sow-accordion-title sow-accordion-title-icon-left\">\n\t\t\t\t\t\t\t\t\t\t\t\t\t\tPr\u00e1ctica 6\t\t\t\t\t\t\t\t\t\t\t\t\t<\/div>\n\t\t\t\t\t\t<div class=\"sow-accordion-open-close-button\">\n\t\t\t\t\t\t\t<div class=\"sow-accordion-open-button\">\n\t\t\t\t\t\t\t\t<span class=\"sow-icon-ionicons\" data-sow-icon=\"&#xf218;\"\n\t\t \n\t\taria-hidden=\"true\"><\/span>\t\t\t\t\t\t\t<\/div>\n\t\t\t\t\t\t\t<div class=\"sow-accordion-close-button\">\n\t\t\t\t\t\t\t\t<span class=\"sow-icon-ionicons\" data-sow-icon=\"&#xf209;\"\n\t\t \n\t\taria-hidden=\"true\"><\/span>\t\t\t\t\t\t\t<\/div>\n\t\t\t\t\t\t<\/div>\n\t\t\t\t\t<\/div>\n\t\t\t\t<\/div>\n\n\t\t\t<div\n\t\t\t\tclass=\"sow-accordion-panel-content\"\n\t\t\t\trole=\"region\"\n\t\t\t\taria-labelledby=\"accordion-label-pr%c3%a1ctica-6\"\n\t\t\t\tid=\"accordion-content-pr%c3%a1ctica-6\"\n\t\t\t\tstyle=\"display: none;\"\t\t\t>\n\t\t\t\t<div class=\"sow-accordion-panel-border\">\n\t\t\t\t\t<ul>\n \t<li><a href=\"https:\/\/drive.google.com\/file\/d\/1WQ3Yf8w5Fkk9OtAcpzLpTLKMRosyvf7m\/view?usp=sharing\" target=\"_blank\" rel=\"noopener\">Practica 6 Control por L\u00f3gica Combinatorial y Arduino.<\/a><\/li>\n \t<li><a href=\"https:\/\/drive.google.com\/file\/d\/1Lo9AHFkyOiEiaMmvN-_efF2K6JXWXklg\/view?usp=sharing\" target=\"_blank\" rel=\"noopener\">C\u00f3digo de Arduino\u00a0<\/a><\/li>\n<\/ul>\t\t\t\t<\/div>\n\t\t\t<\/div>\n\t\t<\/div>\n\t\t\t<div class=\"sow-accordion-panel\n\t\t\t\t\"\n\t\t\tdata-anchor-id=\"circuito-desafio\">\n\t\t\t\t<div class=\"sow-accordion-panel-header-container\" role=\"heading\" aria-level=\"2\">\n\t\t\t\t\t<div class=\"sow-accordion-panel-header\" tabindex=\"0\" role=\"button\" id=\"accordion-label-circuito-desaf%c3%ado\" aria-controls=\"accordion-content-circuito-desaf%c3%ado\" aria-expanded=\"false\">\n\t\t\t\t\t\t<div class=\"sow-accordion-title sow-accordion-title-icon-left\">\n\t\t\t\t\t\t\t\t\t\t\t\t\t\tCircuito Desaf\u00edo\t\t\t\t\t\t\t\t\t\t\t\t\t<\/div>\n\t\t\t\t\t\t<div class=\"sow-accordion-open-close-button\">\n\t\t\t\t\t\t\t<div class=\"sow-accordion-open-button\">\n\t\t\t\t\t\t\t\t<span class=\"sow-icon-ionicons\" data-sow-icon=\"&#xf218;\"\n\t\t \n\t\taria-hidden=\"true\"><\/span>\t\t\t\t\t\t\t<\/div>\n\t\t\t\t\t\t\t<div class=\"sow-accordion-close-button\">\n\t\t\t\t\t\t\t\t<span class=\"sow-icon-ionicons\" data-sow-icon=\"&#xf209;\"\n\t\t \n\t\taria-hidden=\"true\"><\/span>\t\t\t\t\t\t\t<\/div>\n\t\t\t\t\t\t<\/div>\n\t\t\t\t\t<\/div>\n\t\t\t\t<\/div>\n\n\t\t\t<div\n\t\t\t\tclass=\"sow-accordion-panel-content\"\n\t\t\t\trole=\"region\"\n\t\t\t\taria-labelledby=\"accordion-label-circuito-desaf%c3%ado\"\n\t\t\t\tid=\"accordion-content-circuito-desaf%c3%ado\"\n\t\t\t\tstyle=\"display: none;\"\t\t\t>\n\t\t\t\t<div class=\"sow-accordion-panel-border\">\n\t\t\t\t\t<p><a href=\"https:\/\/drive.google.com\/file\/d\/190vmrN4_T-UZy-D-GDlWYXQdwTK8z_F7\/view?usp=sharing\" target=\"_blank\" rel=\"noopener\">Circuito Desaf\u00edo\u00a0<\/a><\/p>\n<p>&nbsp;<\/p>\n\t\t\t\t<\/div>\n\t\t\t<\/div>\n\t\t<\/div>\n\t\t<\/div>\n<\/div>\n<\/div><\/div><\/div><\/div><\/div>","protected":false},"excerpt":{"rendered":"<p>Introducci\u00f3n a los Simuladores Instalaci\u00f3n de Proteus 8.15 Descarga Proteus 8.15\u00a0 Practica sobre Introducci\u00f3n a Simuladores Materiales para las Pr\u00e1cticas kit de cables lagarto-lagarto &nbsp; kit de cables para protoboard &nbsp; Protoboard Pr\u00e1ctica 1 Pr\u00e1ctica 1 - Manejo de Equipos e InTroducci\u00f3n a Fundamentos de Electricidad y Sistemas Digitales Pr\u00e1ctica 2 Practica 2 - Ley &hellip; <\/p>\n<p class=\"link-more\"><a href=\"https:\/\/blog.espol.edu.ec\/sistemasdigitalesfiec\/practicas-fesd\/\" class=\"more-link\">Continuar leyendo<span class=\"screen-reader-text\"> \"Pr\u00e1cticas FESD\"<\/span><\/a><\/p>\n","protected":false},"author":4963,"featured_media":0,"parent":0,"menu_order":0,"comment_status":"closed","ping_status":"closed","template":"","meta":{"footnotes":""},"class_list":["post-91","page","type-page","status-publish","hentry"],"_links":{"self":[{"href":"https:\/\/blog.espol.edu.ec\/sistemasdigitalesfiec\/wp-json\/wp\/v2\/pages\/91","targetHints":{"allow":["GET"]}}],"collection":[{"href":"https:\/\/blog.espol.edu.ec\/sistemasdigitalesfiec\/wp-json\/wp\/v2\/pages"}],"about":[{"href":"https:\/\/blog.espol.edu.ec\/sistemasdigitalesfiec\/wp-json\/wp\/v2\/types\/page"}],"author":[{"embeddable":true,"href":"https:\/\/blog.espol.edu.ec\/sistemasdigitalesfiec\/wp-json\/wp\/v2\/users\/4963"}],"replies":[{"embeddable":true,"href":"https:\/\/blog.espol.edu.ec\/sistemasdigitalesfiec\/wp-json\/wp\/v2\/comments?post=91"}],"version-history":[{"count":161,"href":"https:\/\/blog.espol.edu.ec\/sistemasdigitalesfiec\/wp-json\/wp\/v2\/pages\/91\/revisions"}],"predecessor-version":[{"id":1993,"href":"https:\/\/blog.espol.edu.ec\/sistemasdigitalesfiec\/wp-json\/wp\/v2\/pages\/91\/revisions\/1993"}],"wp:attachment":[{"href":"https:\/\/blog.espol.edu.ec\/sistemasdigitalesfiec\/wp-json\/wp\/v2\/media?parent=91"}],"curies":[{"name":"wp","href":"https:\/\/api.w.org\/{rel}","templated":true}]}}