{"id":917,"date":"2021-09-26T17:14:29","date_gmt":"2021-09-26T22:14:29","guid":{"rendered":"http:\/\/blog.espol.edu.ec\/sistemasdigitalesfiec\/?page_id=917"},"modified":"2023-05-15T16:28:13","modified_gmt":"2023-05-15T21:28:13","slug":"tutorias-3","status":"publish","type":"page","link":"https:\/\/blog.espol.edu.ec\/sistemasdigitalesfiec\/tutorias-3\/","title":{"rendered":"Tutor\u00edas"},"content":{"rendered":"<div id=\"pl-917\"  class=\"panel-layout\" ><div id=\"pg-917-0\"  class=\"panel-grid panel-no-style\" ><div id=\"pgc-917-0-0\"  class=\"panel-grid-cell\" ><div id=\"panel-917-0-0-0\" class=\"so-panel widget widget_sow-accordion panel-first-child panel-last-child\" data-index=\"0\" ><div\n\t\t\t\n\t\t\tclass=\"so-widget-sow-accordion so-widget-sow-accordion-default-1f9f38884dfd-917\"\n\t\t\t\n\t\t><h3 class=\"widget-title\">Tutor\u00edas<\/h3><div>\n\t<div class=\"sow-accordion\">\n\t\t\t<div class=\"sow-accordion-panel\n\t\t sow-accordion-panel-open\t\t\"\n\t\t\tdata-anchor-id=\"enlace-de-tutorias\">\n\t\t\t\t<div class=\"sow-accordion-panel-header-container\" role=\"heading\" aria-level=\"2\">\n\t\t\t\t\t<div class=\"sow-accordion-panel-header\" tabindex=\"0\" role=\"button\" id=\"accordion-label-enlace-de-tutor%c3%adas\" aria-controls=\"accordion-content-enlace-de-tutor%c3%adas\" aria-expanded=\"true\">\n\t\t\t\t\t\t<div class=\"sow-accordion-title sow-accordion-title-icon-left\">\n\t\t\t\t\t\t\t\t\t\t\t\t\t\tEnlace de tutor\u00edas\t\t\t\t\t\t\t\t\t\t\t\t\t<\/div>\n\t\t\t\t\t\t<div class=\"sow-accordion-open-close-button\">\n\t\t\t\t\t\t\t<div class=\"sow-accordion-open-button\">\n\t\t\t\t\t\t\t\t<span class=\"sow-icon-ionicons\" data-sow-icon=\"&#xf218;\"\n\t\t \n\t\taria-hidden=\"true\"><\/span>\t\t\t\t\t\t\t<\/div>\n\t\t\t\t\t\t\t<div class=\"sow-accordion-close-button\">\n\t\t\t\t\t\t\t\t<span class=\"sow-icon-ionicons\" data-sow-icon=\"&#xf209;\"\n\t\t \n\t\taria-hidden=\"true\"><\/span>\t\t\t\t\t\t\t<\/div>\n\t\t\t\t\t\t<\/div>\n\t\t\t\t\t<\/div>\n\t\t\t\t<\/div>\n\n\t\t\t<div\n\t\t\t\tclass=\"sow-accordion-panel-content\"\n\t\t\t\trole=\"region\"\n\t\t\t\taria-labelledby=\"accordion-label-enlace-de-tutor%c3%adas\"\n\t\t\t\tid=\"accordion-content-enlace-de-tutor%c3%adas\"\n\t\t\t\t\t\t\t>\n\t\t\t\t<div class=\"sow-accordion-panel-border\">\n\t\t\t\t\t<table width=\"870\">\n<tbody>\n<tr>\n<td width=\"80\"><\/td>\n<td style=\"text-align: center\" width=\"149\"><strong>LUNES<\/strong><\/td>\n<td style=\"text-align: center\" width=\"160\"><strong>MARTES<\/strong><\/td>\n<td style=\"text-align: center\" width=\"160\"><strong>MI\u00c9RCOLES<\/strong><\/td>\n<td style=\"text-align: center\" width=\"160\"><strong>JUEVES<\/strong><\/td>\n<td style=\"text-align: center\" width=\"161\"><strong>VIERNES<\/strong><\/td>\n<\/tr>\n<tr>\n<td style=\"text-align: center\" width=\"80\"><strong>09--10<\/strong><\/td>\n<td style=\"text-align: center\" width=\"149\">TONNY<\/td>\n<td width=\"160\"><\/td>\n<td width=\"160\"><\/td>\n<td width=\"160\"><\/td>\n<td width=\"161\"><\/td>\n<\/tr>\n<tr>\n<td width=\"80\"><strong>10--11<\/strong><\/td>\n<td style=\"text-align: center\" width=\"149\">TONNY - RONALD en su oficina<\/td>\n<td width=\"160\"><\/td>\n<td width=\"160\"><\/td>\n<td width=\"160\"><\/td>\n<td width=\"161\"><\/td>\n<\/tr>\n<tr>\n<td width=\"80\"><strong>11--12<\/strong><\/td>\n<td width=\"149\"><\/td>\n<td width=\"160\"><\/td>\n<td width=\"160\"><\/td>\n<td width=\"160\"><\/td>\n<td style=\"text-align: center\" width=\"161\">TONNY<\/td>\n<\/tr>\n<tr>\n<td width=\"80\"><strong>14--15<\/strong><\/td>\n<td style=\"text-align: center\" width=\"149\">TONNY<\/td>\n<td width=\"160\"><\/td>\n<td style=\"text-align: center\" width=\"160\">TONNY<\/td>\n<td width=\"160\"><\/td>\n<td width=\"161\"><\/td>\n<\/tr>\n<\/tbody>\n<\/table>\t\t\t\t<\/div>\n\t\t\t<\/div>\n\t\t<\/div>\n\t\t\t<div class=\"sow-accordion-panel\n\t\t\t\t\"\n\t\t\tdata-anchor-id=\"sow-accordion-194551631361638cb3cf1f4440725939-1\">\n\t\t\t\t<div class=\"sow-accordion-panel-header-container\" role=\"heading\" aria-level=\"2\">\n\t\t\t\t\t<div class=\"sow-accordion-panel-header\" tabindex=\"0\" role=\"button\" id=\"accordion-label-sow-accordion-194551631361638cb3cf1f4440725939-1\" aria-controls=\"accordion-content-sow-accordion-194551631361638cb3cf1f4440725939-1\" aria-expanded=\"false\">\n\t\t\t\t\t\t<div class=\"sow-accordion-title sow-accordion-title-icon-left\">\n\t\t\t\t\t\t\t\t\t\t\t\t\t\t\t\t\t\t\t\t\t\t\t\t\t\t\t<\/div>\n\t\t\t\t\t\t<div class=\"sow-accordion-open-close-button\">\n\t\t\t\t\t\t\t<div class=\"sow-accordion-open-button\">\n\t\t\t\t\t\t\t\t<span class=\"sow-icon-ionicons\" data-sow-icon=\"&#xf218;\"\n\t\t \n\t\taria-hidden=\"true\"><\/span>\t\t\t\t\t\t\t<\/div>\n\t\t\t\t\t\t\t<div class=\"sow-accordion-close-button\">\n\t\t\t\t\t\t\t\t<span class=\"sow-icon-ionicons\" data-sow-icon=\"&#xf209;\"\n\t\t \n\t\taria-hidden=\"true\"><\/span>\t\t\t\t\t\t\t<\/div>\n\t\t\t\t\t\t<\/div>\n\t\t\t\t\t<\/div>\n\t\t\t\t<\/div>\n\n\t\t\t<div\n\t\t\t\tclass=\"sow-accordion-panel-content\"\n\t\t\t\trole=\"region\"\n\t\t\t\taria-labelledby=\"accordion-label-sow-accordion-194551631361638cb3cf1f4440725939-1\"\n\t\t\t\tid=\"accordion-content-sow-accordion-194551631361638cb3cf1f4440725939-1\"\n\t\t\t\tstyle=\"display: none;\"\t\t\t>\n\t\t\t\t<div class=\"sow-accordion-panel-border\">\n\t\t\t\t\t\t\t\t\t<\/div>\n\t\t\t<\/div>\n\t\t<\/div>\n\t\t<\/div>\n<\/div>\n<\/div><\/div><\/div><\/div><\/div>","protected":false},"excerpt":{"rendered":"<p>Tutor\u00edas Enlace de tutor\u00edas LUNES MARTES MI\u00c9RCOLES JUEVES VIERNES 09--10 TONNY 10--11 TONNY - RONALD en su oficina 11--12 TONNY 14--15 TONNY TONNY<\/p>\n","protected":false},"author":11201,"featured_media":0,"parent":0,"menu_order":0,"comment_status":"closed","ping_status":"closed","template":"","meta":{"footnotes":""},"class_list":["post-917","page","type-page","status-publish","hentry"],"_links":{"self":[{"href":"https:\/\/blog.espol.edu.ec\/sistemasdigitalesfiec\/wp-json\/wp\/v2\/pages\/917","targetHints":{"allow":["GET"]}}],"collection":[{"href":"https:\/\/blog.espol.edu.ec\/sistemasdigitalesfiec\/wp-json\/wp\/v2\/pages"}],"about":[{"href":"https:\/\/blog.espol.edu.ec\/sistemasdigitalesfiec\/wp-json\/wp\/v2\/types\/page"}],"author":[{"embeddable":true,"href":"https:\/\/blog.espol.edu.ec\/sistemasdigitalesfiec\/wp-json\/wp\/v2\/users\/11201"}],"replies":[{"embeddable":true,"href":"https:\/\/blog.espol.edu.ec\/sistemasdigitalesfiec\/wp-json\/wp\/v2\/comments?post=917"}],"version-history":[{"count":6,"href":"https:\/\/blog.espol.edu.ec\/sistemasdigitalesfiec\/wp-json\/wp\/v2\/pages\/917\/revisions"}],"predecessor-version":[{"id":1532,"href":"https:\/\/blog.espol.edu.ec\/sistemasdigitalesfiec\/wp-json\/wp\/v2\/pages\/917\/revisions\/1532"}],"wp:attachment":[{"href":"https:\/\/blog.espol.edu.ec\/sistemasdigitalesfiec\/wp-json\/wp\/v2\/media?parent=917"}],"curies":[{"name":"wp","href":"https:\/\/api.w.org\/{rel}","templated":true}]}}