{"id":28,"date":"2023-05-22T08:33:38","date_gmt":"2023-05-22T13:33:38","guid":{"rendered":"http:\/\/blog.espol.edu.ec\/sistinfo\/?page_id=28"},"modified":"2026-04-01T03:22:59","modified_gmt":"2026-04-01T08:22:59","slug":"sistemas-de-informacion","status":"publish","type":"page","link":"https:\/\/blog.espol.edu.ec\/sistinfo\/","title":{"rendered":"Sistemas de Informaci\u00f3n"},"content":{"rendered":"\n<h2 class=\"wp-block-heading\">Aplicados a Log\u00edstica - CCPG1058<\/h2>\n\n\n\n<figure class=\"wp-block-image size-large\"><img loading=\"lazy\" decoding=\"async\" width=\"1024\" height=\"614\" src=\"http:\/\/blog.espol.edu.ec\/sistinfo\/files\/2023\/05\/cropped-SistInfoPortada01-1024x614.png\" alt=\"log\u00edstica y sistemas\" class=\"wp-image-115\" srcset=\"https:\/\/blog.espol.edu.ec\/sistinfo\/files\/2023\/05\/cropped-SistInfoPortada01-1024x614.png 1024w, https:\/\/blog.espol.edu.ec\/sistinfo\/files\/2023\/05\/cropped-SistInfoPortada01-300x180.png 300w, https:\/\/blog.espol.edu.ec\/sistinfo\/files\/2023\/05\/cropped-SistInfoPortada01-768x461.png 768w, https:\/\/blog.espol.edu.ec\/sistinfo\/files\/2023\/05\/cropped-SistInfoPortada01.png 2000w\" sizes=\"auto, (max-width: 1024px) 100vw, 1024px\" \/><\/figure>\n\n\n\n<p>Tiene como objetivos identificar las aplicaciones inform\u00e1ticas y desarrollos tecnol\u00f3gicos que puedan ser propuestos para luego implementados como apoyo a los procesos y la toma de decisiones que generen un impacto positivo en el desempe\u00f1o de las organizaciones y empresas.<\/p>\n\n\n\n<p>Es una asignatura de formaci\u00f3n profesional dirigida a los estudiantes de la carrera Log\u00edstica y Transporte. Se aborda los conceptos de sistemas de informaci\u00f3n a nivel organizacional, con un enfoque hacia la integraci\u00f3n en los procesos administrativos y de operaciones, revisando las tecnolog\u00edas de informaci\u00f3n para el manejo de datos en bases estructuradas y relacionales como herramientas de apoyo a las actividades administrativas, operativas y log\u00edsticas, mejorando la administraci\u00f3n de los insumos y recursos en los procesos productivos.<\/p>\n\n\n\n<p>Agradecemos sus comentarios y sugerencias.<\/p>\n\n\n\n<hr class=\"wp-block-separator has-alpha-channel-opacity\" \/>\n\n\n\n<blockquote class=\"wp-block-quote is-layout-flow wp-block-quote-is-layout-flow\">\n<p>\u00abSi no puedes explicar algo de forma sencilla, entonces es que t\u00fa no lo entiendes bien\u00bb. Albert Einstein<\/p>\n<\/blockquote>\n\n\n\n<hr class=\"wp-block-separator has-alpha-channel-opacity\" \/>\n","protected":false},"excerpt":{"rendered":"<p>Aplicados a Log\u00edstica - CCPG1058 Tiene como objetivos identificar las aplicaciones inform\u00e1ticas y desarrollos tecnol\u00f3gicos que puedan ser propuestos para luego implementados como apoyo a los procesos y la toma de decisiones que generen un impacto positivo en el desempe\u00f1o de las organizaciones y empresas. Es una asignatura de formaci\u00f3n profesional dirigida a los estudiantes [&hellip;]<\/p>\n","protected":false},"author":8043,"featured_media":0,"parent":0,"menu_order":0,"comment_status":"closed","ping_status":"closed","template":"","meta":{"footnotes":""},"class_list":["post-28","page","type-page","status-publish","hentry"],"_links":{"self":[{"href":"https:\/\/blog.espol.edu.ec\/sistinfo\/wp-json\/wp\/v2\/pages\/28","targetHints":{"allow":["GET"]}}],"collection":[{"href":"https:\/\/blog.espol.edu.ec\/sistinfo\/wp-json\/wp\/v2\/pages"}],"about":[{"href":"https:\/\/blog.espol.edu.ec\/sistinfo\/wp-json\/wp\/v2\/types\/page"}],"author":[{"embeddable":true,"href":"https:\/\/blog.espol.edu.ec\/sistinfo\/wp-json\/wp\/v2\/users\/8043"}],"replies":[{"embeddable":true,"href":"https:\/\/blog.espol.edu.ec\/sistinfo\/wp-json\/wp\/v2\/comments?post=28"}],"version-history":[{"count":7,"href":"https:\/\/blog.espol.edu.ec\/sistinfo\/wp-json\/wp\/v2\/pages\/28\/revisions"}],"predecessor-version":[{"id":687,"href":"https:\/\/blog.espol.edu.ec\/sistinfo\/wp-json\/wp\/v2\/pages\/28\/revisions\/687"}],"wp:attachment":[{"href":"https:\/\/blog.espol.edu.ec\/sistinfo\/wp-json\/wp\/v2\/media?parent=28"}],"curies":[{"name":"wp","href":"https:\/\/api.w.org\/{rel}","templated":true}]}}