{"id":41,"date":"2010-06-15T01:14:14","date_gmt":"2010-06-15T01:14:14","guid":{"rendered":"http:\/\/blog.espol.edu.ec\/slparral\/?page_id=41"},"modified":"2010-06-15T01:38:15","modified_gmt":"2010-06-15T01:38:15","slug":"blogalaxia","status":"publish","type":"page","link":"https:\/\/blog.espol.edu.ec\/slparral\/blogalaxia\/","title":{"rendered":"LETRAS Y VIDEOS!!!"},"content":{"rendered":"<p>Meet Me Halfway \"<span style=\"text-decoration: underline\"> NEGRO Eyed Peas - '<\/span> <\/strong><\/p>\n<p><strong> <\/strong><\/p>\n<p><strong> <\/strong><\/p>\n<p><iframe loading=\"lazy\" title=\"The Black Eyed Peas - Meet Me Halfway (Official Music Video)\" width=\"500\" height=\"281\" src=\"https:\/\/www.youtube.com\/embed\/I7HahVwYpwo?feature=oembed\" frameborder=\"0\" allow=\"accelerometer; autoplay; clipboard-write; encrypted-media; gyroscope; picture-in-picture; web-share\" referrerpolicy=\"strict-origin-when-cross-origin\" allowfullscreen><\/iframe><\/p>\n<p>No puedo ir m\u00e1s lejos, esta<\/p>\n<p>Quiero que tan mal, es mi mayor deseo<\/p>\n<p>Pas\u00e9 mi tiempo s\u00f3lo pensando pensando pensando que combate<\/p>\n<p>cada d\u00eda s\u00ed, estoy realmente missin 'missin' que<\/p>\n<p>y todas esas cosas que utilizamos para uso a utilizar para hacer<\/p>\n<p>hey chica, wuz arriba, lo utilizan para ser s\u00f3lo yo y usted<\/p>\n<p>Pas\u00e9 mi tiempo s\u00f3lo pensando pensando pensando que combate<\/p>\n<p>todos los d\u00edas, s\u00ed que estoy realmente missin missin usted<\/p>\n<p>y todas esas cosas que utilizamos para uso a utilizar para hacer<\/p>\n<p>hey chica wuz arriba, wuz arriba, wuz arriba, hasta wuz<\/p>\n<p>Meet Me Halfway, a la derecha en el boarderline<\/p>\n<p>ah\u00ed es donde voy a esperar, para usted<\/p>\n<p>Voy a estar buscando a cabo, la noche n'day<\/p>\n<p>llev\u00f3 mi coraz\u00f3n hasta el l\u00edmite, y aqu\u00ed es donde me quedo<\/p>\n<p>No puedo ir m\u00e1s lejos, esta<\/p>\n<p>Quiero que tan malo es mi \u00fanico deseo<\/p>\n<p>chica, viajo alrededor del mundo e incluso navegar los siete mares<\/p>\n<p>en todo el universo de ir a otros galexies<\/p>\n<p>solo dime donde quieres, me lo dices en la que desea para satisfacer<\/p>\n<p>Me navegar yo para que me llevara en el que se<\/p>\n<p>Quiero causar ni\u00f1a, yo, yo, quiero que usted en este momento<\/p>\n<p>viajo parte alta de viajes (ciudad) i el centro<\/p>\n<p>quiero tenerte cerca (vuelta), como todos los d\u00edas<\/p>\n<p>te amo .. siempre forma<\/p>\n<p>puede reunirse a mitad de camino (te voy a cumplir a medias)<\/p>\n<p>a la derecha en el boarderline<\/p>\n<p>ah\u00ed es donde voy a esperar, para usted<\/p>\n<p>Voy a estar buscando a cabo, la noche n'day<\/p>\n<p>llev\u00f3 mi coraz\u00f3n hasta el l\u00edmite, y aqu\u00ed es donde me quedo<\/p>\n<p>i no puede ir m\u00e1s lejos, esta<\/p>\n<p>quiero que usted tan malo es mi \u00fanico deseo<\/p>\n<p>i no puede ir m\u00e1s lejos, esta<\/p>\n<p>quiero que usted tan malo es mi \u00fanico deseo<\/p>\n<p>caminemos el puente, al otro lado<\/p>\n<p>s\u00f3lo t\u00fa y yo (solo tu y yo)<\/p>\n<p>voy a volar, voy a volar los cielos, para que t\u00fa y yo (para que usted y yo)<\/p>\n<p>voy a intentar, hasta que me muera, para que usted y yo, para que usted y yo, para que usted y yo,<\/p>\n<p>para que usted y yo, para que usted y yo, que usted y yo<\/p>\n<p>puede reunirse a mitad de camino (yup yup)<\/p>\n<p>puede reunirse a mitad de camino (yup yup)<\/p>\n<p>puede reunirse a mitad de camino (yup yup)<\/p>\n<p>puede reunirse a mitad de camino (yup yup)<\/p>\n<p>Encu\u00e9ntrame a medio camino, justo en el boarderline<\/p>\n<p>ah\u00ed es donde voy a esperar, para usted<\/p>\n<p>Voy a estar buscando a cabo, la noche n'day<\/p>\n<p>llev\u00f3 mi coraz\u00f3n hasta el l\u00edmite, y aqu\u00ed es donde me quedo<\/p>\n<p>i no puede ir m\u00e1s lejos, esta<\/p>\n<p>quiero que usted tan malo es mi \u00fanico deseo<\/p>\n<p>i no puede ir m\u00e1s lejos, esta<\/p>\n<p>Quiero que tan malo es mi \u00fanico deseo<\/p>\n<p>Alejate DE MI \"<span style=\"text-decoration: underline\"> CAMILA - '<\/span><\/p>\n<p>http:\/\/www.youtube.com\/watch?v=_f2yDP0aXz0<\/p>\n<p>Alejate de mi y hazlo pronto \"antes\" De Que te mienta.<\/p>\n<p>Tu cielo gris Se hace, ya yo camino Bajo la tormenta.<\/p>\n<p>Alejate de mi, Que has Escapa ya no verte Debo.<\/p>\n<p>Entiende Que aunque PIDA Que te vayas, no s\u00f3lo de pan vive quiero.<\/p>\n<p>La luz ya no Alcanza .....<\/p>\n<p>No Quieras caminar Sobre el dolor Descalza .......<\/p>\n<p>Un \u00e1ngel te CUIDA .......<\/p>\n<p>Y Puso en mi boca La Verdad p\u00e1rr mostrarme La Salida ....<\/p>\n<p>Y Alejate de mi amor ....<\/p>\n<p>Yo se que aun \"ESTAS A Tiempo ....<\/p>\n<p>Quien Soy No es Verdad parezco ....<\/p>\n<p>perdon y no decretos Qui\u00e9n soy YO NO DEL CIELO CAI<\/p>\n<p>Si Aun no me lo decretos amor ............<\/p>\n<p>Quieres tu y correr El Riesgo<\/p>\n<p>Veras Que soy realmente bueno<\/p>\n<p>SUFRIR es enga\u00f1ar y HACER<\/p>\n<p>Quien una mas quiero .. (X2)<\/p>\n<p>Alejate de mi pu\u00e9s sabes tu bien Que No Merezco te<\/p>\n<p>quiciera arrepentirme, El Mismo servicio y no decirte ESTO<\/p>\n<p>Alejate de mi, Escapa, vete ya no verte Debo<\/p>\n<p>Entiende Que aunque te vayas Que pida, no quiero perderte.<\/p>\n<p>La luz ya no Alcanza .....<\/p>\n<p>No Quieras caminar Sobre el dolor Descalza .......<\/p>\n<p>Un \u00e1ngel te CUIDA .......<\/p>\n<p>Y Puso en mi boca La Verdad p\u00e1rr mostrarme La Salida ....<\/p>\n<p>Y Alejate de mi amor ....<\/p>\n<p>Yo se que aun \"ESTAS A Tiempo ....<\/p>\n<p>Quien Soy No es Verdad parezco ....<\/p>\n<p>perdon y no decretos Qui\u00e9n soy YO NO DEL CIELO CAI<\/p>\n<p>Si Aun no me lo decretos amor ............<\/p>\n<p>Quieres tu y correr El Riesgo<\/p>\n<p>Veras Que soy realmente bueno<\/p>\n<p>SUFRIR es enga\u00f1ar y HACER<\/p>\n<p>llorar y HACER<\/p>\n<p>Quien una mas quiero ..<\/p>\n<p><span style=\"text-decoration: underline\"> BEYONCE &amp; LADY GAGA - \"TELEFONO\" <\/span> <\/strong><\/p>\n<p>http:\/\/www.youtube.com\/watch?v=95gDpPaiHig<\/p>\n<p>Hola hola beb\u00e9 que usted llama<\/p>\n<p>No se oye nada<\/p>\n<p>Tengo ning\u00fan servicio<\/p>\n<p>En el club, dice usted? decir?<\/p>\n<p>Wha-wha-lo que has dicho \u00bfno?<\/p>\n<p>Est\u00e1s rompiendo para arriba en m\u00ed<\/p>\n<p>Lo siento, no te oigo<\/p>\n<p>Estoy un poco ocupado<\/p>\n<p>K-un poco ocupada<\/p>\n<p>K-un poco ocupada<\/p>\n<p>Lo siento, no puedo escucharte estoy un poco ocupada<\/p>\n<p>S\u00f3lo un segundo<\/p>\n<p>Es mi canci\u00f3n favorita que van a jugar<\/p>\n<p>Y no puedo texto con una copa en la mano, \u00bfeh?<\/p>\n<p>Debiste hecho algunos planes conmigo<\/p>\n<p>Usted sab\u00eda que yo estaba libre<\/p>\n<p>Y ahora no deja de llamarme<\/p>\n<p>Estoy un poco ocupado<\/p>\n<p>(Estribillo)<\/p>\n<p>Stop llamando<\/p>\n<p>Stop llamando<\/p>\n<p>No quiero pensar m\u00e1s<\/p>\n<p>Tengo mi cabeza y mi coraz\u00f3n en la pista de baile<\/p>\n<p>Stop llamando<\/p>\n<p>Stop llamando<\/p>\n<p>No quiero hablar m\u00e1s<\/p>\n<p>Tengo mi cabeza y mi coraz\u00f3n en la pista de baile<\/p>\n<p>E-e-e-e-e-e-e-e-e-e-e<\/p>\n<p>Stop telephonin '<\/p>\n<p>Me-e-e-e-e-e-e-e-e-e-e<\/p>\n<p>Estoy ocupado correo-e-e-e-e-e-e-e-e-e<\/p>\n<p>Stop telephonin '<\/p>\n<p>Me-e-e-e-e-e-e-e-e-e-e<\/p>\n<p>Se puede llamar a todo lo que quieras pero no hay una casa<\/p>\n<p>Y no vas a llegar a mi tel\u00e9fono<\/p>\n<p>Porque yo estoy en el club<\/p>\n<p>Y estoy bebiendo que bubb<\/p>\n<p>Y no vas a llegar a mi tel\u00e9fono<\/p>\n<p>Se puede llamar a todo lo que quieras pero no hay una casa<\/p>\n<p>Y no vas a llegar a mi tel\u00e9fono<\/p>\n<p>Porque yo estoy en el club<\/p>\n<p>Y estoy bebiendo que bubb<\/p>\n<p>Y no vas a llegar a mi tel\u00e9fono<\/p>\n<p>(Beyonce)<\/p>\n<p>Ni\u00f1o quemado por qu\u00e9 mi tel\u00e9fono<\/p>\n<p>\u00bfNo que me vaya no m\u00e1s r\u00e1pido<\/p>\n<p>Ponga el abrigo m\u00e1s r\u00e1pido<\/p>\n<p>Deja que mis hijas no m\u00e1s r\u00e1pido<\/p>\n<p>Tendr\u00eda que haber dejado mi tel\u00e9fono en casa<\/p>\n<p>\"Porque este es un desastre<\/p>\n<p>Llamadas como un colector<\/p>\n<p>Lo sentimos, no puedo responder<\/p>\n<p>(Lady GaGa)<\/p>\n<p>No es que no te gusta<\/p>\n<p>Estoy en una fiesta<\/p>\n<p>Y yo estoy enfermo y cansado de mi tel\u00e9fono sonando-r<\/p>\n<p>(Beyonce)<\/p>\n<p>A veces siento que vivo en la estaci\u00f3n de Grand Central<\/p>\n<p>Esta noche no estoy tomando ninguna llamada<\/p>\n<p>\"Porque voy a estar bailando<\/p>\n<p>(Estribillo)<\/p>\n<p>Stop llamando<\/p>\n<p>Stop llamando<\/p>\n<p>No quiero pensar m\u00e1s<\/p>\n<p>Tengo mi cabeza y mi coraz\u00f3n en la pista de baile<\/p>\n<p>Stop llamando<\/p>\n<p>Stop llamando<\/p>\n<p>Stop llamando<\/p>\n<p>Stop llamando<\/p>\n<p>No quiero pensar m\u00e1s<\/p>\n<p>Tengo mi cabeza y mi coraz\u00f3n en la pista de baile<\/p>\n<p>Stop llamando<\/p>\n<p>Stop llamando<\/p>\n<p>No quiero hablar m\u00e1s<\/p>\n<p>Tengo mi cabeza y mi coraz\u00f3n en la pista de baile<\/p>\n<p>E-e-e-e-e-e-e-e-e-e-e<\/p>\n<p>Stop telephonin '<\/p>\n<p>Me-e-e-e-e-e-e-e-e-e-e<\/p>\n<p>Estoy ocupado correo-e-e-e-e-e-e-e-e-e<\/p>\n<p>Stop telephonin '<\/p>\n<p>Me-e-e-e-e-e-e-e-e-e-e<\/p>\n<p>Se puede llamar a todo lo que quieras pero no hay una casa<\/p>\n<p>Y no vas a llegar a mi tel\u00e9fono<\/p>\n<p>Porque yo estoy en el club<\/p>\n<p>Y estoy bebiendo que bubb<\/p>\n<p>Y no vas a llegar a mi tel\u00e9fono<\/p>\n<p>Se puede llamar a todo lo que quieras pero no hay una casa<\/p>\n<p>Y no vas a llegar a mi tel\u00e9fono<\/p>\n<p>Porque yo estoy en el club<\/p>\n<p>Y estoy bebiendo que bubb<\/p>\n<p>Y no vas a llegar a mi tel\u00e9fono<\/p>\n<p>Mi tel\u00e9fono<\/p>\n<p>Ma ma ma tel\u00e9fono<\/p>\n<p>Porque yo estoy en el club<\/p>\n<p>Y estoy bebiendo que bubb<\/p>\n<p>Y no vas a llegar a mi tel\u00e9fono<\/p>\n<p>Mi tel\u00e9fono<\/p>\n<p>Ma ma ma tel\u00e9fono<\/p>\n<p>Porque yo estoy en el club<\/p>\n<p>Y estoy bebiendo que bubb<\/p>\n<p>Y no vas a llegar a mi tel\u00e9fono \u2666<\/p>\n","protected":false},"excerpt":{"rendered":"<p>Meet Me Halfway \" NEGRO Eyed Peas - ' No puedo ir m\u00e1s lejos, esta Quiero que tan mal, es mi mayor deseo Pas\u00e9 mi tiempo s\u00f3lo pensando pensando pensando que combate cada d\u00eda s\u00ed, estoy realmente missin 'missin' que y todas esas cosas que utilizamos para uso a utilizar para hacer hey chica, wuz [&hellip;]<\/p>\n","protected":false},"author":3752,"featured_media":0,"parent":0,"menu_order":0,"comment_status":"open","ping_status":"open","template":"","meta":{"_monsterinsights_skip_tracking":false,"_monsterinsights_sitenote_active":false,"_monsterinsights_sitenote_note":"","_monsterinsights_sitenote_category":0,"footnotes":""},"class_list":["post-41","page","type-page","status-publish","hentry"],"_links":{"self":[{"href":"https:\/\/blog.espol.edu.ec\/slparral\/wp-json\/wp\/v2\/pages\/41","targetHints":{"allow":["GET"]}}],"collection":[{"href":"https:\/\/blog.espol.edu.ec\/slparral\/wp-json\/wp\/v2\/pages"}],"about":[{"href":"https:\/\/blog.espol.edu.ec\/slparral\/wp-json\/wp\/v2\/types\/page"}],"author":[{"embeddable":true,"href":"https:\/\/blog.espol.edu.ec\/slparral\/wp-json\/wp\/v2\/users\/3752"}],"replies":[{"embeddable":true,"href":"https:\/\/blog.espol.edu.ec\/slparral\/wp-json\/wp\/v2\/comments?post=41"}],"version-history":[{"count":9,"href":"https:\/\/blog.espol.edu.ec\/slparral\/wp-json\/wp\/v2\/pages\/41\/revisions"}],"predecessor-version":[{"id":50,"href":"https:\/\/blog.espol.edu.ec\/slparral\/wp-json\/wp\/v2\/pages\/41\/revisions\/50"}],"wp:attachment":[{"href":"https:\/\/blog.espol.edu.ec\/slparral\/wp-json\/wp\/v2\/media?parent=41"}],"curies":[{"name":"wp","href":"https:\/\/api.w.org\/{rel}","templated":true}]}}