{"id":1,"date":"2009-05-22T18:03:26","date_gmt":"2009-05-22T22:03:26","guid":{"rendered":""},"modified":"2009-07-01T22:36:38","modified_gmt":"2009-07-02T02:36:38","slug":"about","status":"publish","type":"page","link":"https:\/\/blog.espol.edu.ec\/solpasol\/about\/","title":{"rendered":"About me..."},"content":{"rendered":"<p>Me llamo Solange pero me dicen Patty...<br \/>\nTengo 18 a\u00f1os y estudio Negocios Internacionales en la FEN de la ESPOL..<br \/>\nEstoy en el primer semestre...<br \/>\nY les admito que me cost\u00f2 mucho crear este blog....<br \/>\nPero todo lo que le he agregado es dedicado para todos mis visitantes..<br \/>\nSin m\u00e0s que decir..<br \/>\n                      Muchas gracias por tu visita!!!!<\/p>\n<p><img decoding=\"async\" src=\"http:\/\/farm4.static.flickr.com\/3406\/3568850464_eecfab7f71.jpg?v=0\" alt=\"Iop\" \/><\/p>\n","protected":false},"excerpt":{"rendered":"<p>Me llamo Solange pero me dicen Patty... Tengo 18 a\u00f1os y estudio Negocios Internacionales en la FEN de la ESPOL.. Estoy en el primer semestre... Y les admito que me cost\u00f2 mucho crear este blog.... Pero todo lo que le he agregado es dedicado para todos mis visitantes.. Sin m\u00e0s que decir.. Muchas gracias por [&hellip;]<\/p>\n","protected":false},"author":1668,"featured_media":0,"parent":0,"menu_order":0,"comment_status":"open","ping_status":"open","template":"","meta":{"footnotes":""},"class_list":["post-1","page","type-page","status-publish","hentry"],"_links":{"self":[{"href":"https:\/\/blog.espol.edu.ec\/solpasol\/wp-json\/wp\/v2\/pages\/1","targetHints":{"allow":["GET"]}}],"collection":[{"href":"https:\/\/blog.espol.edu.ec\/solpasol\/wp-json\/wp\/v2\/pages"}],"about":[{"href":"https:\/\/blog.espol.edu.ec\/solpasol\/wp-json\/wp\/v2\/types\/page"}],"author":[{"embeddable":true,"href":"https:\/\/blog.espol.edu.ec\/solpasol\/wp-json\/wp\/v2\/users\/1668"}],"replies":[{"embeddable":true,"href":"https:\/\/blog.espol.edu.ec\/solpasol\/wp-json\/wp\/v2\/comments?post=1"}],"version-history":[{"count":3,"href":"https:\/\/blog.espol.edu.ec\/solpasol\/wp-json\/wp\/v2\/pages\/1\/revisions"}],"predecessor-version":[{"id":54,"href":"https:\/\/blog.espol.edu.ec\/solpasol\/wp-json\/wp\/v2\/pages\/1\/revisions\/54"}],"wp:attachment":[{"href":"https:\/\/blog.espol.edu.ec\/solpasol\/wp-json\/wp\/v2\/media?parent=1"}],"curies":[{"name":"wp","href":"https:\/\/api.w.org\/{rel}","templated":true}]}}