{"id":75,"date":"2016-06-02T03:04:24","date_gmt":"2016-06-02T03:04:24","guid":{"rendered":"http:\/\/blog.espol.edu.ec\/sophie\/?page_id=75"},"modified":"2016-06-02T03:04:24","modified_gmt":"2016-06-02T03:04:24","slug":"los-10-mejores-lugares-turisticos-de-corea","status":"publish","type":"page","link":"https:\/\/blog.espol.edu.ec\/sophie\/los-10-mejores-lugares-turisticos-de-corea\/","title":{"rendered":"Los 10 mejores lugares tur\u00edsticos de Corea."},"content":{"rendered":"\n\t\t<style type=\"text\/css\">\n\t\t\t#gallery-1 {\n\t\t\t\tmargin: auto;\n\t\t\t}\n\t\t\t#gallery-1 .gallery-item {\n\t\t\t\tfloat: left;\n\t\t\t\tmargin-top: 10px;\n\t\t\t\ttext-align: center;\n\t\t\t\twidth: 33%;\n\t\t\t}\n\t\t\t#gallery-1 img {\n\t\t\t\tborder: 2px solid #cfcfcf;\n\t\t\t}\n\t\t\t#gallery-1 .gallery-caption {\n\t\t\t\tmargin-left: 0;\n\t\t\t}\n\t\t\t\/* see gallery_shortcode() in wp-includes\/media.php *\/\n\t\t<\/style>\n\t\t<div id='gallery-1' class='gallery galleryid-75 gallery-columns-3 gallery-size-medium'><dl class='gallery-item'>\n\t\t\t<dt class='gallery-icon landscape'>\n\t\t\t\t<a href='https:\/\/blog.espol.edu.ec\/sophie\/los-10-mejores-lugares-turisticos-de-corea\/jo\/'><img loading=\"lazy\" decoding=\"async\" width=\"300\" height=\"201\" src=\"https:\/\/blog.espol.edu.ec\/sophie\/files\/2016\/06\/jo-300x201.jpg\" class=\"attachment-medium size-medium\" alt=\"\" aria-describedby=\"gallery-1-76\" srcset=\"https:\/\/blog.espol.edu.ec\/sophie\/files\/2016\/06\/jo-300x201.jpg 300w, https:\/\/blog.espol.edu.ec\/sophie\/files\/2016\/06\/jo.jpg 544w\" sizes=\"auto, (max-width: 300px) 100vw, 300px\" \/><\/a>\n\t\t\t<\/dt>\n\t\t\t\t<dd class='wp-caption-text gallery-caption' id='gallery-1-76'>\n\t\t\t\tRecorrido por los grandes mercados tradicionales (Namdaemun, Dongdaemun, Myeong-dong, Insa-dong)\n\t\t\t\t<\/dd><\/dl><dl class='gallery-item'>\n\t\t\t<dt class='gallery-icon landscape'>\n\t\t\t\t<a href='https:\/\/blog.espol.edu.ec\/sophie\/los-10-mejores-lugares-turisticos-de-corea\/temple\/'><img loading=\"lazy\" decoding=\"async\" width=\"300\" height=\"124\" src=\"https:\/\/blog.espol.edu.ec\/sophie\/files\/2016\/06\/temple-300x124.jpg\" class=\"attachment-medium size-medium\" alt=\"\" aria-describedby=\"gallery-1-78\" srcset=\"https:\/\/blog.espol.edu.ec\/sophie\/files\/2016\/06\/temple-300x124.jpg 300w, https:\/\/blog.espol.edu.ec\/sophie\/files\/2016\/06\/temple.jpg 544w\" sizes=\"auto, (max-width: 300px) 100vw, 300px\" \/><\/a>\n\t\t\t<\/dt>\n\t\t\t\t<dd class='wp-caption-text gallery-caption' id='gallery-1-78'>\n\t\t\t\tTurismo a la Gruta Seokguram y al Templo Bulguksa de Gyeongju\n\t\t\t\t<\/dd><\/dl><dl class='gallery-item'>\n\t\t\t<dt class='gallery-icon landscape'>\n\t\t\t\t<a href='https:\/\/blog.espol.edu.ec\/sophie\/los-10-mejores-lugares-turisticos-de-corea\/gu\/'><img loading=\"lazy\" decoding=\"async\" width=\"222\" height=\"160\" src=\"https:\/\/blog.espol.edu.ec\/sophie\/files\/2016\/06\/gu.jpg\" class=\"attachment-medium size-medium\" alt=\"\" aria-describedby=\"gallery-1-79\" \/><\/a>\n\t\t\t<\/dt>\n\t\t\t\t<dd class='wp-caption-text gallery-caption' id='gallery-1-79'>\n\t\t\t\tVisitas Tur\u00edsticas a la DMZ\n\t\t\t\t<\/dd><\/dl><br style=\"clear: both\" \/><dl class='gallery-item'>\n\t\t\t<dt class='gallery-icon landscape'>\n\t\t\t\t<a href='https:\/\/blog.espol.edu.ec\/sophie\/los-10-mejores-lugares-turisticos-de-corea\/re\/'><img loading=\"lazy\" decoding=\"async\" width=\"300\" height=\"103\" src=\"https:\/\/blog.espol.edu.ec\/sophie\/files\/2016\/06\/re-300x103.jpg\" class=\"attachment-medium size-medium\" alt=\"\" srcset=\"https:\/\/blog.espol.edu.ec\/sophie\/files\/2016\/06\/re-300x103.jpg 300w, https:\/\/blog.espol.edu.ec\/sophie\/files\/2016\/06\/re.jpg 544w\" sizes=\"auto, (max-width: 300px) 100vw, 300px\" \/><\/a>\n\t\t\t<\/dt><\/dl><dl class='gallery-item'>\n\t\t\t<dt class='gallery-icon landscape'>\n\t\t\t\t<a href='https:\/\/blog.espol.edu.ec\/sophie\/los-10-mejores-lugares-turisticos-de-corea\/lo\/'><img loading=\"lazy\" decoding=\"async\" width=\"300\" height=\"104\" src=\"https:\/\/blog.espol.edu.ec\/sophie\/files\/2016\/06\/lo-300x104.jpg\" class=\"attachment-medium size-medium\" alt=\"\" aria-describedby=\"gallery-1-81\" srcset=\"https:\/\/blog.espol.edu.ec\/sophie\/files\/2016\/06\/lo-300x104.jpg 300w, https:\/\/blog.espol.edu.ec\/sophie\/files\/2016\/06\/lo.jpg 544w\" sizes=\"auto, (max-width: 300px) 100vw, 300px\" \/><\/a>\n\t\t\t<\/dt>\n\t\t\t\t<dd class='wp-caption-text gallery-caption' id='gallery-1-81'>\n\t\t\t\tRecorrido por el Patrimonio Natural de la UNESCO, la Isla de Jeju-do\n\t\t\t\t<\/dd><\/dl><dl class='gallery-item'>\n\t\t\t<dt class='gallery-icon landscape'>\n\t\t\t\t<a href='https:\/\/blog.espol.edu.ec\/sophie\/los-10-mejores-lugares-turisticos-de-corea\/ko\/'><img loading=\"lazy\" decoding=\"async\" width=\"300\" height=\"104\" src=\"https:\/\/blog.espol.edu.ec\/sophie\/files\/2016\/06\/ko-300x104.jpg\" class=\"attachment-medium size-medium\" alt=\"\" aria-describedby=\"gallery-1-82\" srcset=\"https:\/\/blog.espol.edu.ec\/sophie\/files\/2016\/06\/ko-300x104.jpg 300w, https:\/\/blog.espol.edu.ec\/sophie\/files\/2016\/06\/ko.jpg 544w\" sizes=\"auto, (max-width: 300px) 100vw, 300px\" \/><\/a>\n\t\t\t<\/dt>\n\t\t\t\t<dd class='wp-caption-text gallery-caption' id='gallery-1-82'>\n\t\t\t\t\t Experimentando las Actividades Tradicionales (la Aldea Hahoemaeul de Andong y la Aldea Tradicional de Corea)\n\t\t\t\t<\/dd><\/dl><br style=\"clear: both\" \/><dl class='gallery-item'>\n\t\t\t<dt class='gallery-icon landscape'>\n\t\t\t\t<a href='https:\/\/blog.espol.edu.ec\/sophie\/los-10-mejores-lugares-turisticos-de-corea\/si\/'><img loading=\"lazy\" decoding=\"async\" width=\"300\" height=\"133\" src=\"https:\/\/blog.espol.edu.ec\/sophie\/files\/2016\/06\/si-300x133.jpg\" class=\"attachment-medium size-medium\" alt=\"\" srcset=\"https:\/\/blog.espol.edu.ec\/sophie\/files\/2016\/06\/si-300x133.jpg 300w, https:\/\/blog.espol.edu.ec\/sophie\/files\/2016\/06\/si.jpg 544w\" sizes=\"auto, (max-width: 300px) 100vw, 300px\" \/><\/a>\n\t\t\t<\/dt><\/dl><dl class='gallery-item'>\n\t\t\t<dt class='gallery-icon landscape'>\n\t\t\t\t<a href='https:\/\/blog.espol.edu.ec\/sophie\/los-10-mejores-lugares-turisticos-de-corea\/flor\/'><img loading=\"lazy\" decoding=\"async\" width=\"300\" height=\"133\" src=\"https:\/\/blog.espol.edu.ec\/sophie\/files\/2016\/06\/flor-300x133.jpg\" class=\"attachment-medium size-medium\" alt=\"\" aria-describedby=\"gallery-1-84\" srcset=\"https:\/\/blog.espol.edu.ec\/sophie\/files\/2016\/06\/flor-300x133.jpg 300w, https:\/\/blog.espol.edu.ec\/sophie\/files\/2016\/06\/flor.jpg 544w\" sizes=\"auto, (max-width: 300px) 100vw, 300px\" \/><\/a>\n\t\t\t<\/dt>\n\t\t\t\t<dd class='wp-caption-text gallery-caption' id='gallery-1-84'>\n\t\t\t\tRecorrido por las Mejores Monta\u00f1as (las Monta\u00f1as Seoraksan, Jirisan y Geumgangsan)\n\t\t\t\t<\/dd><\/dl><dl class='gallery-item'>\n\t\t\t<dt class='gallery-icon landscape'>\n\t\t\t\t<a href='https:\/\/blog.espol.edu.ec\/sophie\/los-10-mejores-lugares-turisticos-de-corea\/tu\/'><img loading=\"lazy\" decoding=\"async\" width=\"300\" height=\"79\" src=\"https:\/\/blog.espol.edu.ec\/sophie\/files\/2016\/06\/tu-300x79.jpg\" class=\"attachment-medium size-medium\" alt=\"\" aria-describedby=\"gallery-1-85\" srcset=\"https:\/\/blog.espol.edu.ec\/sophie\/files\/2016\/06\/tu-300x79.jpg 300w, https:\/\/blog.espol.edu.ec\/sophie\/files\/2016\/06\/tu.jpg 544w\" sizes=\"auto, (max-width: 300px) 100vw, 300px\" \/><\/a>\n\t\t\t<\/dt>\n\t\t\t\t<dd class='wp-caption-text gallery-caption' id='gallery-1-85'>\n\t\t\t\tLa Visita a los Palacios Antiguos (Palacio Gyeongbokgung, Changdeokgung y Deoksugung)\n\t\t\t\t<\/dd><\/dl><br style=\"clear: both\" \/><dl class='gallery-item'>\n\t\t\t<dt class='gallery-icon landscape'>\n\t\t\t\t<a href='https:\/\/blog.espol.edu.ec\/sophie\/los-10-mejores-lugares-turisticos-de-corea\/mio\/'><img loading=\"lazy\" decoding=\"async\" width=\"300\" height=\"133\" src=\"https:\/\/blog.espol.edu.ec\/sophie\/files\/2016\/06\/mio-300x133.jpg\" class=\"attachment-medium size-medium\" alt=\"\" aria-describedby=\"gallery-1-86\" srcset=\"https:\/\/blog.espol.edu.ec\/sophie\/files\/2016\/06\/mio-300x133.jpg 300w, https:\/\/blog.espol.edu.ec\/sophie\/files\/2016\/06\/mio.jpg 544w\" sizes=\"auto, (max-width: 300px) 100vw, 300px\" \/><\/a>\n\t\t\t<\/dt>\n\t\t\t\t<dd class='wp-caption-text gallery-caption' id='gallery-1-86'>\n\t\t\t\tLos Lugares Tradicionales de Se\u00fal (Torre N de Se\u00fal, Coex y el R\u00edo Han)\n\t\t\t\t<\/dd><\/dl>\n\t\t\t<br style='clear: both' \/>\n\t\t<\/div>\n\n","protected":false},"excerpt":{"rendered":"","protected":false},"author":10374,"featured_media":0,"parent":0,"menu_order":0,"comment_status":"closed","ping_status":"closed","template":"","meta":{"footnotes":""},"class_list":["post-75","page","type-page","status-publish","hentry"],"_links":{"self":[{"href":"https:\/\/blog.espol.edu.ec\/sophie\/wp-json\/wp\/v2\/pages\/75","targetHints":{"allow":["GET"]}}],"collection":[{"href":"https:\/\/blog.espol.edu.ec\/sophie\/wp-json\/wp\/v2\/pages"}],"about":[{"href":"https:\/\/blog.espol.edu.ec\/sophie\/wp-json\/wp\/v2\/types\/page"}],"author":[{"embeddable":true,"href":"https:\/\/blog.espol.edu.ec\/sophie\/wp-json\/wp\/v2\/users\/10374"}],"replies":[{"embeddable":true,"href":"https:\/\/blog.espol.edu.ec\/sophie\/wp-json\/wp\/v2\/comments?post=75"}],"version-history":[{"count":1,"href":"https:\/\/blog.espol.edu.ec\/sophie\/wp-json\/wp\/v2\/pages\/75\/revisions"}],"predecessor-version":[{"id":87,"href":"https:\/\/blog.espol.edu.ec\/sophie\/wp-json\/wp\/v2\/pages\/75\/revisions\/87"}],"wp:attachment":[{"href":"https:\/\/blog.espol.edu.ec\/sophie\/wp-json\/wp\/v2\/media?parent=75"}],"curies":[{"name":"wp","href":"https:\/\/api.w.org\/{rel}","templated":true}]}}