{"id":90,"date":"2016-06-02T04:12:07","date_gmt":"2016-06-02T04:12:07","guid":{"rendered":"http:\/\/blog.espol.edu.ec\/sophie\/?page_id=90"},"modified":"2016-06-02T04:12:54","modified_gmt":"2016-06-02T04:12:54","slug":"datos-curiosos-de-corea-del-sur","status":"publish","type":"page","link":"https:\/\/blog.espol.edu.ec\/sophie\/datos-curiosos-de-corea-del-sur\/","title":{"rendered":"Datos Curiosos de Corea del Sur !!!"},"content":{"rendered":"<p>Annyeonghaseyo\u00a0(&gt;\u203f\u25e0)\u270c<\/p>\n<p style=\"text-align: left\"><strong>1.<\/strong> La mayor\u00eda de los apartamentos nuevos no utilizan llaves para entrar, si no que\u00a0tienen un teclado electr\u00f3nico.<\/p>\n<p style=\"text-align: left\"><strong>2.<\/strong> Un gran n\u00famero de restaurantes de comida r\u00e1pida est\u00e1n abiertos las 24 horas. Y adem\u00e1s, hacen repartos gratuitamente.<\/p>\n<p style=\"text-align: left\"><strong>3.<\/strong> Las salas de karaoke son tan comunes como starbucks en Londres. Hay un\u00a0local\u00a0en cada esquina y es casi un deporte nacional.<\/p>\n<p style=\"text-align: left\"><strong>4.<\/strong>\u00a0Los tel\u00e9fonos m\u00f3viles funcionan en todas partes (t\u00faneles, el pico m\u00e1s alto en el pa\u00eds, metros, etc)<\/p>\n<p style=\"text-align: left\"><strong>5.<\/strong> Si te equivocas al pulsar el n\u00famero en el ascensor, puedes anularlo pulsando otra vez, \u00a1y listo!<\/p>\n<p style=\"text-align: left\"><strong>6.<\/strong> Corea del sur es uno de los pa\u00edses m\u00e1s seguros del mundo, as\u00ed que puedes ir tranquilamente caminando de noche por la calle, que no pasar\u00e1 nada.<\/p>\n<p style=\"text-align: left\"><strong>7.<\/strong> No se producen robos. Todos son especialmente respetuosos con las propiedades del otro. Si le preguntas a cualquier polic\u00eda, te dir\u00e1n que los \u00fanicos robos que se producen, suceden en Itaewon (curiosamente, donde se asienta la comunidad extranjera).<\/p>\n<p style=\"text-align: left\"><strong>8.<\/strong>\u00a0\u00a0Beber en p\u00fablico es legal en cualquier lugar. En cualquier lugar. Si eres amante del alcohol, Corea es tu lugar ideal.<\/p>\n<p style=\"text-align: left\"><strong>9.<\/strong>\u00a0Sin embargo, los coreanos ven raro que el Soju (bebida tradicional) se beba en la calle y no en un restaurante.<\/p>\n<p style=\"text-align: left\"><strong>10<\/strong>. Los taxis son incre\u00edblemente baratos. Puede costar como un tercio de lo que costar\u00eda en ciudades como Madrid o Nueva York.<\/p>\n<p style=\"text-align: left\"><strong>11.<\/strong> Los coreanos sudan, pero no huelen. Y esto va en su constituci\u00f3n, cient\u00edficamente demostrado. Es por eso que pocos son los supermercados que van a vender desodorante.<\/p>\n<p style=\"text-align: left\"><strong>12.<\/strong>\u00a0Es f\u00e1cil vivir sin megas en el m\u00f3vil, ya que la mayor\u00eda de los establecimientos cuentan con WiFi gratuito.<\/p>\n<p style=\"text-align: left\"><strong>13.<\/strong> Escupir en la calle no est\u00e1 mal visto.\u00a0Ni bostezar. Ni quitarse los zapatos en restaurantes, cafeter\u00eda o universidad. Y tampoco maquillarse en clase o lavarse los dientes en p\u00fablico.<\/p>\n<p style=\"text-align: left\"><strong>14<\/strong>. Las personas m\u00e1s mayores que t\u00fa merecen un gran respeto. Por lo tanto, habla en tono formal, cede el asiento y haz una inclinaci\u00f3n.<\/p>\n<p style=\"text-align: left\"><strong>15.<\/strong>\u00a0Los m\u00f3viles coreanos vienen con sonido en la c\u00e1mara de f\u00e1brica. De ninguna manera podr\u00e1s sacar una foto a algo o alguien sin que los dem\u00e1s se enteren. As\u00ed se asegura la privacidad.<\/p>\n<p style=\"text-align: left\"><strong>16.<\/strong>\u00a0Las parejas se dan la mano, se abrazan y se dan besos. Pero son muy reacios a besarse por m\u00e1s de cinco segundos, ya que piensan que es de mala educaci\u00f3n hacerlo en sitios p\u00fablicos.<\/p>\n<p style=\"text-align: left\"><strong>17<\/strong>. \u00a0Est\u00e1 de moda vestir igual que tu pareja, por lo que se ven a muchos novios vistiendo la misma chaqueta o llevando los mismos zapatos.<\/p>\n<p style=\"text-align: left\"><strong>18.<\/strong>\u00a0\u00a0El 76% de las mujeres ha pasado por quir\u00f3fano para alg\u00fan retoque est\u00e9tico. El 75% lo negar\u00e1n hasta la muerte.<\/p>\n<p style=\"text-align: left\"><strong>19<\/strong>.\u00a0Los Coreanos llaman a su pa\u00eds Hangkuk, no Corea. Corea es el nombre que le pusieron los ingleses al llegar a la pen\u00ednsula, pensando que \u2018Corea\u2019 era el nombre del pa\u00eds, y no la provincia donde estaban.<\/p>\n<p style=\"text-align: left\"><strong>20.<\/strong>\u00a0\u00a0Si\u00a0te quedas sin minutos o no tienen como llamar,\u00a0existen tel\u00e9fonos en todas las estaciones del metro, puedes\u00a0hacer llamadas completamente gratis.<\/p>\n<p style=\"text-align: left\"><strong>21.<\/strong> Desayunan arroz, comen arroz y cenan arroz.<\/p>\n<p style=\"text-align: left\"><strong>22<\/strong>. El agua y el kimchi son completamente gratuitos en todos los restaurantes.<\/p>\n<p style=\"text-align: left\"><strong>23.<\/strong> Hay m\u00e1quinas de agua en todos los establecimientos, tanto caliente como fr\u00eda. As\u00ed que no solo podr\u00e1s rellenar la botella de agua, si no que te puedes preparar unos fideos instant\u00e1neos en cualquier lugar.<\/p>\n<p style=\"text-align: left\"><strong>24.<\/strong> Hay tiendas de cosm\u00e9ticas que abren las 24 horas incluso en d\u00edas festivos.<\/p>\n<p style=\"text-align: left\"><strong>25<\/strong>. Los coreanos a\u00f1aden un a\u00f1o m\u00e1s a su edad normal, ya que piensan que el 0 es nada, por lo que cuando naces s\u00ed que tienes ya a\u00f1os.<\/p>\n<p style=\"text-align: left\"><strong>26<\/strong>. Hay iglesias protestantes en cada esquina y son f\u00e1cilmente reconocibles por las luces de ne\u00f3n en su torre m\u00e1s alta.<\/p>\n<p style=\"text-align: left\"><strong>27.<\/strong> A la hora de servir en la mesa, servir\u00e1 el invitado y el m\u00e1s peque\u00f1o de todos. Lo har\u00e1 empezando por sus mayores y el \u00faltimo ser\u00e1 con el que tenga m\u00e1s confianza.<\/p>\n<p style=\"text-align: left\"><strong>28<\/strong>. Al pagar con tarjeta, no necesitas meter un c\u00f3digo pin, simplemente firmar. (Esto es debido a que los coreanos suponen que nadie va a robar la tarjeta de nadie)<\/p>\n<p style=\"text-align: left\"><strong>30.<\/strong> Puedes ir a una tienda de cosm\u00e9tica y maquillarte, perfumarte y pintarte las u\u00f1as con sus productos sin necesidad de pagar.<\/p>\n<p style=\"text-align: left\"><strong>31<\/strong>. Uno de los deportes favoritos de los coreanos es quedar para comer y beber soju hasta explotar. Lo hacen con los amigos pero tambi\u00e9n con compa\u00f1eros de trabajo tras finalizar la jornada.<\/p>\n<p style=\"text-align: left\"><strong>32.\u00a0<\/strong>Si encuentras alg\u00fan coreano con una mascarilla puesta en la boca, no te preocupes, solamente est\u00e1n resfriados. La usan para no contagiar al resto.<\/p>\n<p style=\"text-align: left\"><strong>33<\/strong>. En Corea, existe la moda de estudiar en cafeter\u00edas, por lo que en \u00e9poca de ex\u00e1menes, es bastante complicado encontrar un asiento a partir de cierta hora.<\/p>\n<p style=\"text-align: left\"><strong>34.<\/strong> El caf\u00e9 en Corea vale el doble que en Espa\u00f1a.<\/p>\n<p style=\"text-align: left\"><strong>35.<\/strong> Si eres extranjera, no te extra\u00f1es que te paren por la calle para decirte lo guapa que eres.<\/p>\n<p style=\"text-align: left\"><strong>36<\/strong>. Los coreanos aman la comida picante y un 99% de sus comidas, lleva pique aunque digan que no.<\/p>\n<p style=\"text-align: left\"><strong>37<\/strong>. En Corea se cree firmemente que el tipo de sangre determina tu personalidad, por eso es com\u00fan que te pregunten.<\/p>\n<p style=\"text-align: left\"><strong>38<\/strong>. Existen <em>DVDrooms<\/em>, que son habitaciones con un gran sof\u00e1 y una pantalla casi de cine donde puedes ir con tu pareja. Eliges la pel\u00edcula que quieres y pagas por los minutos que dure. Tambi\u00e9n hay disponible helado, snacks y bebidas. A pesar de que hay uno en cada esquina, a veces hay lista de espera\u00a0de 50 minutos para poder conseguir una habitaci\u00f3n.<\/p>\n<p style=\"text-align: left\"><strong>39<\/strong>. Los coreanos aman el sabor de la papa y la a\u00f1aden a casi todo.<\/p>\n<p style=\"text-align: left\"><strong>40.\u00a0<\/strong>En algunas cafeter\u00edas, te cobran la mitad de precio si pides la bebida para llevar y no te quedas en el establecimiento.<\/p>\n<p style=\"text-align: left\"><strong>41.\u00a0<\/strong>Es de mala educaci\u00f3n no recoger la mesa despu\u00e9s de comer. En las cafeter\u00edas, debes llevar la bandeja de nuevo a caja.<\/p>\n<p style=\"text-align: left\"><strong>42<\/strong>. Los coreanos saben promocionar bien a los artistas de su pa\u00eds. Ellos son los modelos de todas las tiendas y siempre suenan sus canciones. As\u00ed que, si vienes a Corea, aprender\u00e1s sobre el kpop sin quererlo.<\/p>\n<p style=\"text-align: left\"><strong>43<\/strong>. Si en Espa\u00f1a se toma el t\u00e9 verde para adelgazar, En Corea se le a\u00f1ade tant\u00edsima az\u00facar, que procuran no tomarlo mucho para no engordar.<\/p>\n<p style=\"text-align: left\"><strong>44<\/strong>. A los coreanos de media edad, les encanta hacer senderismo, por lo que es com\u00fan verlos en el metro preparados para una caminata por el monte.<\/p>\n<p style=\"text-align: left\"><strong>45<\/strong>. A pesar de la cantidad de gimnasios que hay, la tasa mensual supera en muchos casos los 50 euros.<\/p>\n<p style=\"text-align: left\"><strong>46<\/strong>. No te extra\u00f1es si ves a ni\u00f1os muy peque\u00f1os paseando solos por la calle. El pa\u00eds es tan seguro que suelen tener esa independencia.<\/p>\n<p style=\"text-align: left\"><strong>47.<\/strong>\u00a0A pesar de que los dramas coreanos nos quieran vender lo contrario, a los varones veintea\u00f1eros, no les gustan nada que le llamen <em>oppa<\/em>, ya que les hace sentir mayor.<\/p>\n<p style=\"text-align: left\"><strong>48<\/strong>.\u00a0Una pizza margarita mediana\u00a0en Corea vale unos 8 euros. Y es lo m\u00e1s barato que he encontrado.<\/p>\n<p style=\"text-align: left\"><strong>49<\/strong>. Las chicas coreanas suelen ponerse un rulo en el flequillo para darle forma y pueden estar en clase con el rulo puesto sin ning\u00fan problema.<\/p>\n<p style=\"text-align: left\"><strong>50.\u00a0<\/strong>Los coreanos aman el queso.<\/p>\n<p style=\"text-align: left\"><strong>51.\u00a0<\/strong>Para los trenes nacionales, existen tickets con asientos y tickets sin asientos. Estos \u00faltimos te permiten viajar en el tren de pie o sentado en el suelo, y son bastante m\u00e1s baratos.<\/p>\n<p style=\"text-align: left\"><strong>52<\/strong>. Cuando le preguntas a una pareja coreana cuanto tiempo llevan saliendo, te contestar\u00e1n con el n\u00famero de d\u00edas.<\/p>\n<p style=\"text-align: left\"><strong>53.<\/strong> Cuando un beb\u00e9 cumple 100 d\u00edas, se le realiza una sesi\u00f3n de fotos.<\/p>\n<p style=\"text-align: left\">\n","protected":false},"excerpt":{"rendered":"<p>Annyeonghaseyo\u00a0(&gt;\u203f\u25e0)\u270c 1. La mayor\u00eda de los apartamentos nuevos no utilizan llaves para entrar, si no que\u00a0tienen un teclado electr\u00f3nico. 2. Un gran n\u00famero de restaurantes de comida r\u00e1pida est\u00e1n abiertos las 24 horas. Y adem\u00e1s, hacen repartos gratuitamente. 3. Las salas de karaoke son tan comunes como starbucks en Londres. Hay un\u00a0local\u00a0en cada esquina y [&hellip;]<\/p>\n","protected":false},"author":10374,"featured_media":92,"parent":0,"menu_order":0,"comment_status":"closed","ping_status":"closed","template":"","meta":{"footnotes":""},"class_list":["post-90","page","type-page","status-publish","has-post-thumbnail","hentry"],"_links":{"self":[{"href":"https:\/\/blog.espol.edu.ec\/sophie\/wp-json\/wp\/v2\/pages\/90","targetHints":{"allow":["GET"]}}],"collection":[{"href":"https:\/\/blog.espol.edu.ec\/sophie\/wp-json\/wp\/v2\/pages"}],"about":[{"href":"https:\/\/blog.espol.edu.ec\/sophie\/wp-json\/wp\/v2\/types\/page"}],"author":[{"embeddable":true,"href":"https:\/\/blog.espol.edu.ec\/sophie\/wp-json\/wp\/v2\/users\/10374"}],"replies":[{"embeddable":true,"href":"https:\/\/blog.espol.edu.ec\/sophie\/wp-json\/wp\/v2\/comments?post=90"}],"version-history":[{"count":2,"href":"https:\/\/blog.espol.edu.ec\/sophie\/wp-json\/wp\/v2\/pages\/90\/revisions"}],"predecessor-version":[{"id":94,"href":"https:\/\/blog.espol.edu.ec\/sophie\/wp-json\/wp\/v2\/pages\/90\/revisions\/94"}],"wp:featuredmedia":[{"embeddable":true,"href":"https:\/\/blog.espol.edu.ec\/sophie\/wp-json\/wp\/v2\/media\/92"}],"wp:attachment":[{"href":"https:\/\/blog.espol.edu.ec\/sophie\/wp-json\/wp\/v2\/media?parent=90"}],"curies":[{"name":"wp","href":"https:\/\/api.w.org\/{rel}","templated":true}]}}