{"id":100,"date":"2010-12-01T03:43:30","date_gmt":"2010-11-30T15:43:30","guid":{"rendered":"http:\/\/blog.espol.edu.ec\/sorilis\/?page_id=100"},"modified":"2010-12-01T03:52:02","modified_gmt":"2010-11-30T15:52:02","slug":"la-musica-actual","status":"publish","type":"page","link":"https:\/\/blog.espol.edu.ec\/sorilis\/16\/la-musica-actual\/","title":{"rendered":"La m\u00fasica actual"},"content":{"rendered":"<p style=\"text-align: center\"><iframe class='youtube-player youtuber' type='text\/html' width='425' height='355' src='http:\/\/www.youtube.com\/embed\/DY6h0JzXcPE?rel=0&amp;fs=1&amp;ap=%252526fmt%253D18' webkitAllowFullScreen mozallowfullscreen allowFullScreen frameborder='0'><\/iframe><\/p>\n<p>Creen ustedes que los cantantes actuales son poetas?<\/p>\n<blockquote><p>Para mi parecer si lo son, no todos, una minor\u00eda si!<\/p>\n<p>Hay muchos artitas que si ponen realmente su ser, sus sentimientos su todo. Hoy en dia vemos cantantes como Rakim y Ken Y, Tony Dize, Alex Ubago, y muchos otros que al momento no vienen a mi cabeza sus nombres.<\/p>\n<p>El punto es que la m\u00fasica ha sido, es y ser\u00e1 la musa de inspiraci\u00f3n, la que demuestre al mundo los buenos y nobles sentimientos y con ella podamos mostrarnos tal y como somos!<\/p><\/blockquote>\n","protected":false},"excerpt":{"rendered":"<p>Creen ustedes que los cantantes actuales son poetas? Para mi parecer si lo son, no todos, una minor\u00eda si! Hay muchos artitas que si ponen realmente su ser, sus sentimientos su todo. Hoy en dia vemos cantantes como Rakim y Ken Y, Tony Dize, Alex Ubago, y muchos otros que al momento no vienen a [&hellip;]<\/p>\n","protected":false},"author":5370,"featured_media":0,"parent":16,"menu_order":2,"comment_status":"open","ping_status":"open","template":"","meta":{"footnotes":""},"class_list":["post-100","page","type-page","status-publish","hentry"],"_links":{"self":[{"href":"https:\/\/blog.espol.edu.ec\/sorilis\/wp-json\/wp\/v2\/pages\/100","targetHints":{"allow":["GET"]}}],"collection":[{"href":"https:\/\/blog.espol.edu.ec\/sorilis\/wp-json\/wp\/v2\/pages"}],"about":[{"href":"https:\/\/blog.espol.edu.ec\/sorilis\/wp-json\/wp\/v2\/types\/page"}],"author":[{"embeddable":true,"href":"https:\/\/blog.espol.edu.ec\/sorilis\/wp-json\/wp\/v2\/users\/5370"}],"replies":[{"embeddable":true,"href":"https:\/\/blog.espol.edu.ec\/sorilis\/wp-json\/wp\/v2\/comments?post=100"}],"version-history":[{"count":4,"href":"https:\/\/blog.espol.edu.ec\/sorilis\/wp-json\/wp\/v2\/pages\/100\/revisions"}],"predecessor-version":[{"id":102,"href":"https:\/\/blog.espol.edu.ec\/sorilis\/wp-json\/wp\/v2\/pages\/100\/revisions\/102"}],"up":[{"embeddable":true,"href":"https:\/\/blog.espol.edu.ec\/sorilis\/wp-json\/wp\/v2\/pages\/16"}],"wp:attachment":[{"href":"https:\/\/blog.espol.edu.ec\/sorilis\/wp-json\/wp\/v2\/media?parent=100"}],"curies":[{"name":"wp","href":"https:\/\/api.w.org\/{rel}","templated":true}]}}