{"id":51,"date":"2010-11-12T03:18:39","date_gmt":"2010-11-11T15:18:39","guid":{"rendered":"http:\/\/blog.espol.edu.ec\/sorilis\/?page_id=51"},"modified":"2010-11-12T03:18:39","modified_gmt":"2010-11-11T15:18:39","slug":"amar-es-una-actitud-interior","status":"publish","type":"page","link":"https:\/\/blog.espol.edu.ec\/sorilis\/amar-es-una-actitud-interior\/","title":{"rendered":"Amar es una actitud interior"},"content":{"rendered":"<div style=\"text-align: center\"><a href=\"http:\/\/blog.espol.edu.ec\/sorilis\/files\/2010\/11\/imagenes-dibujos-amor-p.jpg\"><img loading=\"lazy\" decoding=\"async\" class=\"alignnone size-full wp-image-52\" title=\"imagenes-dibujos-amor-p\" src=\"http:\/\/blog.espol.edu.ec\/sorilis\/files\/2010\/11\/imagenes-dibujos-amor-p.jpg\" alt=\"\" width=\"190\" height=\"131\" \/><\/a><\/div>\n<div>Muchas personas creen que es f\u00e1cil amar y que solo necesitan encontrar a alguien quien amar. Peor a\u00fan, piensan que el problema est\u00e1 afuera y que lo que necesitan, es hallar a alguien que los ame.<\/div>\n<p>El amor, siendo algo tan importante, pensamos que hay que dejarlo a la deriva, que ya se aparecer\u00e1 el hombre o la mujer de mi vida.<\/p>\n<p>Lo curioso, es que no operamos de la misma forma en otros \u00e1mbitos.<\/p>\n<p>Por ejemplo, si quieres ser el mejor estudiante de tu clase, sabes que no lo dejas a la deriva. Cuestionas, investigas y pruebas formas de estudio para aprender y ser el mejor.<\/p>\n<p>Si quieres ser el mejor bailar\u00edn de salsa, tienes que experimentar, equivocarte muchas veces y quedarte con tus mejores pasos.<\/p>\n<p>Y en el amor, que es la meta que muchos anhelamos, creemos que solo debemos acostarnos en la hamaca y mecernos. El amor llegar\u00e1 solito.<\/p>\n<p>Pensar que solo necesito una persona por la que sienta amor, equivale a pensar que voy a ser un magn\u00edfico guitarrista sin estudiar los principios b\u00e1sicos para tocarla, y que solo necesito la mejor guitarra. Y cuando la tenga\u2026. \u00a1voy a tocar la quinta sinfon\u00eda de Beethoven!<\/p>\n<p>Il\u00f3gico \u00bfverdad?<\/p>\n<p>En el amor, primero tienes que comprender los principios b\u00e1sicos y la naturaleza humana.<\/p>\n<p>\u00bfPor donde empiezo Edgar? Debes empezar por ti. Muchas veces juzgas a tus candidatos o parejas, por lo que has observado en tu familia. Por ejemplo, piensas que si tu pap\u00e1 trata mal a tu mam\u00e1, es as\u00ed en todas las relaciones. Y por eso dices que el matrimonio no es para ti. Si tu t\u00eda Juana te dice \u201cMira mi ni\u00f1a, los hombres solo lo que quieren es acostarse contigo\u201d vas a ir con esa etiqueta y con esos lentes vas a ver a todos los hombres.<\/p>\n<p>\u201cMira hijo, las mujeres son interesadas, con dinero \u00a1hasta baila el perro!\u201d y como hombre, piensas que las mujeres solo piensan en tu billetera. Si tienes una baja autoestima, producto de la falta de atenci\u00f3n de tus padres desde la ni\u00f1ez, vas a ir a una relaci\u00f3n con la etiqueta de que no mereces ser amada, inconscientemente te saboteas, y cuando un hombre te trata bien, piensas que tiene muy mal gusto por haberte elegido \u00a1y lo acabas dejando! Eres hija de la mala vida, no cabe duda\u2026<\/p>\n<p>Tambi\u00e9n, la falta de autoestima, hace que no desees pelear con tu pareja \u201cpara que vea que soy un amor\u201d lo que no sabes, es que al no platicar acerca de las diferencias, estas se van acumulando en un \u201ccostalito\u201d invisible que llevas a tus espaldas y ocurre que un solo problema menor, hace que ya no soportes la carga, le arrojas el costal a la cara \u00a1y le lees la lista de navidad!<\/p>\n<p>Tu pareja se quedar\u00e1 sorprendida por el peque\u00f1o problema por el que te enojas. No es el peque\u00f1o problema. Es el c\u00famulo de todos, y que con uno m\u00e1s ya no aguantaste.<\/p>\n<p>Pero tambi\u00e9n puede ocurrir que tengas tu costalito, y que tu pareja ni siquiera te de la oportunidad de arroj\u00e1rselo. Se va de tu vida antes \u00bfpor qu\u00e9? Te guste o no, los problemas son la sal de la vida. Si no hay diferencias y di\u00e1logo, tu pareja se aburre, no encuentra ninguna emoci\u00f3n en ti, ya que a todo dices \u201csi\u201d y se va \u00a1pero si yo le aguantaba todo! me vas a decir. No debiste hacerlo. Tu pareja te hubiera agradecido m\u00e1s que le dijeras lo que no te gustaba de la relaci\u00f3n, para que trabajaran juntos en ella.<\/p>\n<p>Por eso, debes ir al encuentro del amor con total apertura ante la vida. Debes liberarte de las cadenas de las experiencias del ayer. Porque si juzgas con los lentes del pasado a tus parejas, no te permitir\u00e1n apreciar la gran oportunidad que tienes en estos momentos ante ti.<\/p>\n<p>Dicen que, debes en cuando, pasa un cent\u00edmetro c\u00fabico de la suerte delante de nosotros. Que debemos estar alerta para que, cuando este aparezca justo delante de nuestros ojos, atraparlo y no dejarlo ir.<\/p>\n<p>Alguna persona dec\u00eda que no ha vivido 25 a\u00f1os, sino que ha vivido el mismo d\u00eda durante 25 a\u00f1os.<\/p>\n<p>Y t\u00fa \u00bfHas vivido 10 relaciones diferentes o la misma relaci\u00f3n 10 veces? Porque si repites una y otra vez las mismas experiencias, significa que hay algo en ti que tienes que liberar. Significa que juzgas a las personas con tus experiencias del ayer. Abrete a la posibilidad, desde el fondo de tu coraz\u00f3n, de que esa persona puede ser diferente. Y con\u00f3cela. No trates de ver caracter\u00edsticas de otras parejas en ella.<\/p>\n<p>Por ejemplo, tuve una novia que quise mucho. Pero tuvo muchas parejas antes de m\u00ed y me ve\u00eda a la luz de sus experiencias del ayer. En cierta ocasi\u00f3n le di un regalo, porque ten\u00eda ganas. Y me dijo \u201cme da la impresi\u00f3n de que eres como mi ex novio Jorge, \u00e9l me quer\u00eda comprar con obsequios\u201d \u00bf\u00bf?? Fue la cara que puse. Yo siempre he querido que una mujer me aprecie por lo que soy. No comprarla con regalos, porque no ser\u00eda un amor sincero. Tampoco, por mi dinero.<\/p>\n<p>Me quedaba claro que me ve\u00eda con los lentes de sus experiencias pasadas. No se hab\u00eda ocupado en conocer al verdadero Edgar.<\/p>\n<p>El colof\u00f3n lleg\u00f3 cuando, semanas antes de terminar, me dijo \u201cmi ex novio Alberto me dijo que por \u00e9l no hab\u00eda problema, que aunque tuviera novio (yo) pod\u00edamos seguirnos viendo, tener intimidad\u2026\u201d Bueno, yo asum\u00ed que hab\u00eda \u201crechazado\u201d esa proposici\u00f3n indecorosa y que por eso me lo estaba compartiendo.<\/p>\n<p>Aunque ahora me queda la duda de si la rechaz\u00f3. Cuando terminamos \u00bfQu\u00e9 crees? Me dijo \u201cte propongo que nos veamos cuando tengamos ganas\u201d lo que para mi traducido era \u201cquiero verte cuando tenga ganas\u201d, pero cuando sigui\u00f3 hablando\u2026 \u00a1me qued\u00e9 estupefacto! \u00a1me estaba haciendo exactamente la misma proposici\u00f3n indecorosa que su ex novio Alberto le hab\u00eda hecho a ella!<br \/>\nGuard\u00e9 silencio. No respond\u00ed nada. \u201cBueno, si tu quieres\u2026\u201d. Segu\u00ed sin responder nada. Estaba decepcionado. Comprend\u00ed que ella nunca me hab\u00eda conocido como soy. Estaba tan ocupada en sus problemas y sus deseos ego\u00edstas, que nunca me conoci\u00f3. Si lo hubiera hecho sabr\u00eda de antemano que esa proposici\u00f3n indecorosa me era inaceptable. Mi novia lo tiene todo. Mi amiga\u2026 solo mi amistad.<\/p>\n<p>Obviamente rechac\u00e9 su oferta.<\/p>\n<p>Moraleja: tienes que cambiar desde el fondo de tu ser. Dejar de juzgar a tus parejas o candidatos por caracter\u00edsticas f\u00edsicas del hombre ideal, que son m\u00e1s producto de la mercadotecnia que de la realidad. Deja de ver experiencias del pasado en tu relaci\u00f3n de hoy. Una persona puede tocar tu alma y no tiene nada que ver con tu tipo de hombre o mujer ideal. Tampoco, con las malas experiencias del ayer.<\/p>\n<p>Tiene que ver con la sinton\u00eda de dos almas que se encuentran y se reconocen. El cuerpo es solo un veh\u00edculo. Y cuando limpies tu alma de bloqueos, ver\u00e1s la vida como es y a tus parejas como son. Ver\u00e1s a las claras sus defectos y sentir\u00e1s amor por ellas.<\/p>\n<p>Comprensi\u00f3n e inter\u00e9s sincero por la vida de tu pareja, es esencial para experimentar el amor verdadero.<\/p>\n<p>Si dominas este arte, ser\u00e1s como un guitarrista que no importa la guitarra que tenga entre sus manos \u00a1har\u00e1 salir de ella melod\u00edas de \u00e1ngeles!<\/p>\n<p>Muchas de nuestras parejas que rechazamos por razones superficiales, fueron aceptadas y son felices con otras personas que las ayudaron a superar sus miedos y sacaron m\u00fasica de ellas. No sab\u00edas que el problema era tu falta de habilidad para extraer las mejores melod\u00edas de su coraz\u00f3n.<\/p>\n<p>Ya lo sabes. De ahora en adelante, qu\u00edtate los lentes oscuros, lib\u00e9rate de las cadenas del pasado \u00a1y extrae las mejores canciones del coraz\u00f3n de tu pareja!<\/p>\n<blockquote><p><em>Colaboraci\u00f3n de Edgar Mart\u00ednez<br \/>\nM\u00e9xico<\/em><\/p><\/blockquote>\n","protected":false},"excerpt":{"rendered":"<p>Muchas personas creen que es f\u00e1cil amar y que solo necesitan encontrar a alguien quien amar. Peor a\u00fan, piensan que el problema est\u00e1 afuera y que lo que necesitan, es hallar a alguien que los ame. El amor, siendo algo tan importante, pensamos que hay que dejarlo a la deriva, que ya se aparecer\u00e1 el [&hellip;]<\/p>\n","protected":false},"author":5370,"featured_media":0,"parent":0,"menu_order":0,"comment_status":"open","ping_status":"open","template":"","meta":{"footnotes":""},"class_list":["post-51","page","type-page","status-publish","hentry"],"_links":{"self":[{"href":"https:\/\/blog.espol.edu.ec\/sorilis\/wp-json\/wp\/v2\/pages\/51","targetHints":{"allow":["GET"]}}],"collection":[{"href":"https:\/\/blog.espol.edu.ec\/sorilis\/wp-json\/wp\/v2\/pages"}],"about":[{"href":"https:\/\/blog.espol.edu.ec\/sorilis\/wp-json\/wp\/v2\/types\/page"}],"author":[{"embeddable":true,"href":"https:\/\/blog.espol.edu.ec\/sorilis\/wp-json\/wp\/v2\/users\/5370"}],"replies":[{"embeddable":true,"href":"https:\/\/blog.espol.edu.ec\/sorilis\/wp-json\/wp\/v2\/comments?post=51"}],"version-history":[{"count":1,"href":"https:\/\/blog.espol.edu.ec\/sorilis\/wp-json\/wp\/v2\/pages\/51\/revisions"}],"predecessor-version":[{"id":53,"href":"https:\/\/blog.espol.edu.ec\/sorilis\/wp-json\/wp\/v2\/pages\/51\/revisions\/53"}],"wp:attachment":[{"href":"https:\/\/blog.espol.edu.ec\/sorilis\/wp-json\/wp\/v2\/media?parent=51"}],"curies":[{"name":"wp","href":"https:\/\/api.w.org\/{rel}","templated":true}]}}