{"id":111,"date":"2015-06-01T14:58:39","date_gmt":"2015-06-01T14:58:39","guid":{"rendered":"http:\/\/blog.espol.edu.ec\/srgranja\/?page_id=111"},"modified":"2015-06-01T14:59:14","modified_gmt":"2015-06-01T14:59:14","slug":"sobre-el-blog","status":"publish","type":"page","link":"https:\/\/blog.espol.edu.ec\/srgranja\/sobre-el-blog\/","title":{"rendered":"Sobre el blog"},"content":{"rendered":"<p style=\"text-align: center\"><strong>\u00bfQu\u00e9 significa admirar a una persona?<\/strong><\/p>\n<p style=\"text-align: center\">En la vida de los seres humanos, es com\u00fan encontrarse con personas a las cuales podemos\u00a0llegar a tenerles afecto y a admirarlas. Seg\u00fan el <a href=\"http:\/\/www.rae.es\/recursos\/diccionarios\/drae\" target=\"_blank\">DRAE<\/a> (Diccionario de la Lengua Espa\u00f1ola) \"admirar\" significa tener en singular estimaci\u00f3n a alguien o algo, juzg\u00e1ndolos sobresalientes y extraordinarios. En mi vida, me he encontrado con algunas personas a las cuales considero dignas de admirar por su deseo de seguir adelante a pesar de las adversidades y las dificultades que se les ha presentado. En este blog, les dar\u00e9 a conocer a algunas personas que admiro y que estoy segura que servir\u00e1n de inspiraci\u00f3n para nuestras vidas para lograr entender que SI podemos lograrlo; pero para eso se debe luchar cada d\u00eda.<\/p>\n","protected":false},"excerpt":{"rendered":"<p>\u00bfQu\u00e9 significa admirar a una persona? En la vida de los seres humanos, es com\u00fan encontrarse con personas a las cuales podemos\u00a0llegar a tenerles afecto y a admirarlas. Seg\u00fan el DRAE (Diccionario de la Lengua Espa\u00f1ola) \"admirar\" significa tener en &hellip; <a href=\"https:\/\/blog.espol.edu.ec\/srgranja\/sobre-el-blog\/\">Sigue leyendo <span class=\"meta-nav\">&rarr;<\/span><\/a><\/p>\n","protected":false},"author":9651,"featured_media":0,"parent":0,"menu_order":0,"comment_status":"open","ping_status":"open","template":"","meta":{"footnotes":""},"class_list":["post-111","page","type-page","status-publish","hentry"],"_links":{"self":[{"href":"https:\/\/blog.espol.edu.ec\/srgranja\/wp-json\/wp\/v2\/pages\/111","targetHints":{"allow":["GET"]}}],"collection":[{"href":"https:\/\/blog.espol.edu.ec\/srgranja\/wp-json\/wp\/v2\/pages"}],"about":[{"href":"https:\/\/blog.espol.edu.ec\/srgranja\/wp-json\/wp\/v2\/types\/page"}],"author":[{"embeddable":true,"href":"https:\/\/blog.espol.edu.ec\/srgranja\/wp-json\/wp\/v2\/users\/9651"}],"replies":[{"embeddable":true,"href":"https:\/\/blog.espol.edu.ec\/srgranja\/wp-json\/wp\/v2\/comments?post=111"}],"version-history":[{"count":2,"href":"https:\/\/blog.espol.edu.ec\/srgranja\/wp-json\/wp\/v2\/pages\/111\/revisions"}],"predecessor-version":[{"id":113,"href":"https:\/\/blog.espol.edu.ec\/srgranja\/wp-json\/wp\/v2\/pages\/111\/revisions\/113"}],"wp:attachment":[{"href":"https:\/\/blog.espol.edu.ec\/srgranja\/wp-json\/wp\/v2\/media?parent=111"}],"curies":[{"name":"wp","href":"https:\/\/api.w.org\/{rel}","templated":true}]}}