{"id":2,"date":"2013-11-30T01:17:30","date_gmt":"2013-11-30T01:17:30","guid":{"rendered":"http:\/\/blog.espol.edu.ec\/srpinarg\/?page_id=2"},"modified":"2014-06-01T23:05:57","modified_gmt":"2014-06-01T23:05:57","slug":"calculo","status":"publish","type":"page","link":"https:\/\/blog.espol.edu.ec\/srpinarg\/calculo\/","title":{"rendered":"C\u00c1LCULO"},"content":{"rendered":"<p><a href=\"http:\/\/blog.espol.edu.ec\/srpinarg\/files\/2014\/05\/Tomo-I-C\u00c3\u00a1lculo-Diferencial.pdf\">Solucionario Tomo I - C\u00e1lculo Diferencial de Deminovich<\/a><\/p>\n<p><a href=\"http:\/\/blog.espol.edu.ec\/srpinarg\/files\/2014\/05\/Tomo-II-C\u00c3\u00a1lculo-Integral.pdf\">Solucionario Tomo II - C\u00e1lculo Integral de Deminovich<\/a><\/p>\n<p><a href=\"http:\/\/blog.espol.edu.ec\/srpinarg\/files\/2014\/05\/Tomo-III-C\u00c3\u00a1lculo-de-Varias-Variables1.pdf\">Solucionario Tomo III - C\u00e1lculo de Varias Variables de Deminovich<\/a><\/p>\n<p><a href=\"http:\/\/blog.espol.edu.ec\/srpinarg\/files\/2014\/05\/Calculus-1-Tom-Ap\u00f3stol-2\u00ba-Edici\u00f3n.pdf\">Calculus 1 (Tom Ap\u00f3stol) - 2\u00ba Edici\u00f3n<\/a><\/p>\n<p><a href=\"http:\/\/blog.espol.edu.ec\/srpinarg\/files\/2014\/05\/Suplemento-de-c\u00e1culo-infinitesimal.pdf\">Suplemento de c\u00e1lculo infinitesimal<\/a><\/p>\n<p><a href=\"http:\/\/blog.espol.edu.ec\/srpinarg\/files\/2014\/05\/Libro-Ca\u00a6\u00fclculo.-Louis-Leithold.-Septima-Edicio\u00a6\u00fcn.pdf\">[Libro] Ca\u00a6\u00fclculo. Louis Leithold. Septima Edicio\u00a6\u00fcn<\/a><\/p>\n<p><a href=\"http:\/\/blog.espol.edu.ec\/srpinarg\/files\/2014\/05\/Calculo-de-Purcell-9na-Edici\u00f3n.pdf\">Calculo de Purcell 9na Edici\u00f3n<\/a><\/p>\n<p><a href=\"http:\/\/blog.espol.edu.ec\/srpinarg\/files\/2014\/05\/Calculo-Infinitesimal-Ed.2.pdf\">Calculo Infinitesimal Ed.2<\/a><\/p>\n","protected":false},"excerpt":{"rendered":"<p>Solucionario Tomo I - C\u00e1lculo Diferencial de Deminovich Solucionario Tomo II - C\u00e1lculo Integral de Deminovich Solucionario Tomo III - C\u00e1lculo de Varias Variables de Deminovich Calculus 1 (Tom Ap\u00f3stol) - 2\u00ba Edici\u00f3n Suplemento de c\u00e1lculo infinitesimal [Libro] Ca\u00a6\u00fclculo. Louis Leithold. Septima Edicio\u00a6\u00fcn Calculo de Purcell 9na Edici\u00f3n Calculo Infinitesimal Ed.2<\/p>\n","protected":false},"author":8928,"featured_media":0,"parent":0,"menu_order":0,"comment_status":"open","ping_status":"open","template":"","meta":{"footnotes":""},"class_list":["post-2","page","type-page","status-publish","hentry"],"_links":{"self":[{"href":"https:\/\/blog.espol.edu.ec\/srpinarg\/wp-json\/wp\/v2\/pages\/2","targetHints":{"allow":["GET"]}}],"collection":[{"href":"https:\/\/blog.espol.edu.ec\/srpinarg\/wp-json\/wp\/v2\/pages"}],"about":[{"href":"https:\/\/blog.espol.edu.ec\/srpinarg\/wp-json\/wp\/v2\/types\/page"}],"author":[{"embeddable":true,"href":"https:\/\/blog.espol.edu.ec\/srpinarg\/wp-json\/wp\/v2\/users\/8928"}],"replies":[{"embeddable":true,"href":"https:\/\/blog.espol.edu.ec\/srpinarg\/wp-json\/wp\/v2\/comments?post=2"}],"version-history":[{"count":8,"href":"https:\/\/blog.espol.edu.ec\/srpinarg\/wp-json\/wp\/v2\/pages\/2\/revisions"}],"predecessor-version":[{"id":124,"href":"https:\/\/blog.espol.edu.ec\/srpinarg\/wp-json\/wp\/v2\/pages\/2\/revisions\/124"}],"wp:attachment":[{"href":"https:\/\/blog.espol.edu.ec\/srpinarg\/wp-json\/wp\/v2\/media?parent=2"}],"curies":[{"name":"wp","href":"https:\/\/api.w.org\/{rel}","templated":true}]}}