{"id":38,"date":"2013-11-17T13:28:53","date_gmt":"2013-11-17T13:28:53","guid":{"rendered":"http:\/\/blog.espol.edu.ec\/ssegovia95\/?page_id=38"},"modified":"2013-11-20T23:34:07","modified_gmt":"2013-11-20T23:34:07","slug":"caballosrazas","status":"publish","type":"page","link":"https:\/\/blog.espol.edu.ec\/ssegovia95\/caballosrazas\/","title":{"rendered":"CABALLOS:RAZAS"},"content":{"rendered":"<h3><span style=\"color: #36a0aa\"><strong><em>CUARTO DE MILLA<\/em><\/strong><\/span><\/h3>\n<div style=\"width: 312px\" class=\"wp-caption aligncenter\"><img loading=\"lazy\" decoding=\"async\" alt=\"\" src=\"http:\/\/blogsdelagente.com\/blogfiles\/marce\/f-afamousdoc.gif\" width=\"302\" height=\"246\" \/><p class=\"wp-caption-text\">El Cuarto de Milla o Quarter Horse es una raza caballo de caballer\u00eda ligera desarrollada en los Estados Unidos a partir del Purasangre, el Morgan, el Saddlebred americano y otros rocines para ser un caballo de carreras de 402 metros.<\/p><\/div>\n<p><span style=\"color: #36a0aa\"><strong><em>ESPA\u00d1OL ANDALUZ-PRE<\/em><\/strong><\/span><\/p>\n<div style=\"width: 402px\" class=\"wp-caption aligncenter\"><img loading=\"lazy\" decoding=\"async\" class=\" \" alt=\"\" src=\"http:\/\/glossi-media-us-west.s3-us-west-1.amazonaws.com\/media\/5cec15ceb2ce4716a2d7364baa0eaad9709Cok.jpgphpMyAdminGWKzg4dRxUou55q9BSUXiDvX1X7\" width=\"392\" height=\"235\" \/><p class=\"wp-caption-text\">El caballo andaluz (oficialmente Pura Raza Espa\u00f1ola) es una raza de caballo espa\u00f1ola originaria de Andaluc\u00eda. Se trata de un caballo ib\u00e9rico de tipo barroco que est\u00e1 entre las razas equinas m\u00e1s antiguas del mundo<\/p><\/div>\n<h3><em>AKHAL-TEK\u00c9<\/em><\/h3>\n<p>&nbsp;<\/p>\n<div style=\"width: 346px\" class=\"wp-caption aligncenter\"><img loading=\"lazy\" decoding=\"async\" alt=\"\" src=\"http:\/\/upload.wikimedia.org\/wikipedia\/commons\/9\/99\/Achaltekkiner.jpg\" width=\"336\" height=\"299\" \/><p class=\"wp-caption-text\">El caballo Akhal-Teke es una raza de caballo relacionada con el extinto caballo turcomano criada en la actualidad en Rusia y en Turkmenist\u00e1n<\/p><\/div>\n<h3><strong><em>COB<img loading=\"lazy\" decoding=\"async\" class=\"aligncenter\" alt=\"\" src=\"http:\/\/3.bp.blogspot.com\/-veqikubIndE\/Ts6WLBB7OrI\/AAAAAAAAAAY\/O6MPna9Sbjc\/s1600\/horse9.jpg\" width=\"540\" height=\"359\" \/><\/em><\/strong><\/h3>\n<h3><\/h3>\n<p style=\"text-align: right\"><span style=\"color: #888888\"><strong>\u00a0<\/strong><\/span>es un tipo de caballo con mayor inteligencia y una de las mejores razas existentes<\/p>\n<h3 style=\"text-align: left\"><strong><em>BELGA DE TIRO<\/em><\/strong><\/h3>\n<div style=\"width: 269px\" class=\"wp-caption aligncenter\"><img loading=\"lazy\" decoding=\"async\" alt=\"\" src=\"image\/jpeg;base64,\/9j\/4AAQSkZJRgABAQAAAQABAAD\/2wCEAAkGBxQTEhUUExQVFhUWFRcaGBgXGBoUGBgaFxoYFxYVFBcYHCggGBolHRUUITEhJSkrLi4uFx8zODMsNygtLiwBCgoKDg0OGxAQGi8kICQsLCwsLCwsLCwsLCwsLCwsLCwsLCwsLCwsLCwsLCwsLCwsLCwsLCwsLCwsLCwsLCwsLP\/AABEIAMIBAwMBIgACEQEDEQH\/xAAcAAAABwEBAAAAAAAAAAAAAAAAAQIDBAUGBwj\/xABFEAABAwIEAwUFBgQDBgcBAAABAAIRAyEEEjFBBVFhBiJxgZETMqGxwRRCUtHh8AcjkvEVYnIzU3OCorJDRFSDk8PSFv\/EABkBAAMBAQEAAAAAAAAAAAAAAAABAgMEBf\/EACsRAAICAQMEAQMDBQAAAAAAAAABAhEDEiExBBNBUSIUMmFSgZEFQnGh0f\/aAAwDAQACEQMRAD8A34SkhHK9k8ENBFKKUUMUgkoSigFIkUoSgYaCKUcoACNEggA0ESCBgQQQQAaCJBAUGjRSgkAaNJlCUBQpBFKEoANBFKEoAUEaTKEpAKQhJRgoGGjQQSANEiQQMZQRSilaGYaEpMoSmMOUJSZSS5FCFyhKbzIsydBY7KOU0HIElFDselCUxJRFxRpDUSZQlRsxQ9oUaQ1IkyhKje0KM1CjSGpEiUJUYVCj9oUaR6kSJTeIxAYJKj18VkGY6LJ8c7bYeHUzPjluOoaXA\/AqXS5HH5cI09fijIMPaHbZrNPIE7T8dpWawfb+g0FlaWvYKgvcHKSGAOGsxE8x1tzDG8WJeSx5bEjM0uGdpOhafPUcpk3VOXnT9\/vX1XHPqa4OyHTXydT4t2+q4avUpDJVYD3TBDhYESZgi4I5jdO0\/wCK1OGzROaRmAMiLSWTBnWxXJ8x0CUzCuPqsn1Ur2Nl0sa3O9dku2FHHNAb3KoaC+mdjJBDXEDNEDTmFpF5fpuLXakdRqNpCv8Ah3a7G4ZrmNruLXtMZj7SJgZ6bnSWkREadJVw6rapIyn0m\/xZ2zC8dp1MXVwrbuo02Pc6bS43ZHMAsP8AzdFarjH8L+JCi+vVcS57y1pkyYkuLiTckk\/BdMHaSkCZKvH1MGvk6M59PJP4qy8QUSjxCm6IcLqQagG66E01aMHFrkcQlIzIZwnQhaNN50EUBX4fiLHNBkXTrcU0kAG5XPqczMkAJbOLOYT8OfkvPj17tKSKeL0dDQWc4N2kY8QQWxa6v6VQOEjRejDJGf2szquRxEggrACJBBMQEEEEAGiQRSgAZUMqEopTECEDCEoigAimqlUDdMY\/EgNIzAGNzA8yuVdpu1r3OdTBBAtIlpnmHMqQ7xhRkyxxq2XjxPI6RoO3XEwGETeDEPN+haWR6OXLqtSTJ\/L5IqlUkyTJ63RMZP7+i8vNneR2ephwrGqEzKcY2UulTk2CuMFQgiRv9NfFc50JDPD8BbM5vUBWTWNgF1rwYiw\/NRq+NLZjwTFP8Z1iQNuQ+qzkaxqyc2nRIe59OSJkzECLADc6BP8AZjgDuKYkYdrhTY2k52bJmDQ2AAQCNSRvzVTh6GbM7vFwkuDblzfvADzV1\/Dvi7cFxGlUe6o2iQWvuW5c0gGo0e81ro15zsiA8r8UK4P2fq4WrimVYmk8U7fePvB7ehaQR\/qVzUZIlyvv4sUHUuIYeo2ctWg8PNod7N0ieo9oPIrNPr2k6Soyr5bHPFjlDF1MwyjujefgrirxlxEOdB1A0VPhK4c3uWVVxTEFrxmAtfVKLleiLB1yzecG7QOJIqabK0\/xxk6Wlc94dVc++jfFTWHvd11t91uurzQ+N8GMsGOTs6GMfTP3ggsBmP4ggt1\/UZejL6SPsh08QQAOiTXrZYMAlQadQZiSYA1TVaq2oTJsNFwKFszLKpxNggOt4Kxo9o6jGktdLeZ2CxzsE2o+GuMfBO4uiWMyh0t5Baxbg1pdMTimXzO1dVpJzzPotRwftPnaMwmTEj8lyShiYOVy0XCKxbdr7EeYjkunHmljduTM8mKuDr4vdCFR9meLtqMDXO73U3V+AvWhkU46kYUJhJqODQXOIDRckmAPEnRZLtL29p0S6nhwK1UWLp\/lsPUj3yOQt1WGxGOq4kk4h5rOJswkhjB\/kYO6D1ieq58vVxjstzqxdHOe72R0DHdvMFTJAqGoR\/u25h5OcQ0+RVaf4nYfahWPnT\/\/AEud4zB5XFoE\/FQH01yvrZs6l0UEdewf8Q8K\/wB5ldnUsDh\/0uJ+CuKPajBu\/wDMMHR80\/8AuAXBpIRtqEaFNdbMl9HDweiqOKpPEsqU3Dm17T8ihiqgaxzswgAmddOi87ms78R9Ul9V3M+qv65+ifoV7\/0aHtX2iq4lxaGgNB1aLnxJWebhndB1JH0SAic5ck8kpu2dUMagqQ+GUm6kvO8Wb5blPU303H3I8Dy28FAClYYxfnb9FFmlFk2kMoc1sSY\/MJ8ECPT8k2x0iMpDXyQeU2n4IvZAmTY\/l+qVlUM48ZRmkX0A28U1hKxFifujXkZI\/fVN8TcCYHmoftnFx3J+mnwSasE6dlvhKuWo0nSQ0+BsT9VbcQwcbSTaOc3g7\/2VDw+qHnK4W3\/RagUcjrk1GwIJuRGx\/e6wk6dHTGKlubTthi\/bcIwVYmXU3+zedSDlLTPKTTafMLBU8VIcGi\/JX+Gp5uH4+mT7tOnWbf8A3VTvmP8AS9ZXhlVtNhJaczj3STAgLpjHWrPPzLRNlpSJDQND1soT6jXPyvbJ0B5dU9h8UKlnCSBITdZjnkEANy\/FQlFNvyS23sWFKllaJ0AvzScLUgE2AUPGV3NIY6bi3ON1MwEOBIaSEaGuRavQxUMk94oI3upyZYZQQVZCNZtyW5W9dPJV3+KnOQIy6C3xT3EMZ7QCmNBcT81X4PhjnOg2HPZWkvJjFLyaahUDWagkjX8lFJZTBc5pLtp\/JV5xrmERBDbJrEcTFS5En4BR23ZCgyw4diPaPcXBoB1MI8QGscfZ+7vdU+Ex2SbTOyFXHzIcLbAWT0b\/AIG8bbLHDcVLHzMQdZ+XNbKl2mq4rDmmwOa1zshfMOI+9EaCJHP4rmA7xXQeHkUsLSjlf1v9Vbm4Kk+Tqw9NFu2iDU4Mylmze7by3gemqTRr0r5bACTby+qLtNxPOMrdNSQq\/gRYX5anuOEE\/JY6js0lw6kS6m2nfPoYmBvP7+az+NY01HZWlrZsNf3Oq2PAKIZX9k90+zD8jhu03jrrI8Sss6n34BWevc07exU16RmIKQaB15KyxGHdmh35\/JJZTMRz5jmtFIycCrKS5TKuFOYhNsw5KtMzaI4aicxXtLhJIAi5MTsP3dMYnh5Bh23Lc8glqDQVtCjI+SfNHLY\/2U7h+DcCYsW3\/KEOI4IsDTqHkjlcRP8A3BGoNBZ8NAqNDbWbE6aG4+KjcSphsuEamfrE8vok8FrhodmnTugaF0W9YSOOy1rW9JPjv8ZTAoa75JPVP8MZcuty8FFdorvh2DAkPOWBad1pBWYZZUhirUa0tyxPMfVdF4ZD8O1zgO6JtfaVzohskN2Kv8JxA\/YnNY8gw4Ogw5pzWc08iHAW0g8lnlxqSKwZnHYscZiX0qjmCMtejVY5v+Ui8jaLHyWX7QcSNXIwMa0MbFt+qbpVvZsY6lJdnfLnEEnM3KRzgB2u58FX+wd4qsa0JpPYM01NptbouOB4kC0mYiPqrx9PvNhwA3BWb4ZRM2s8iyV9qJeWuMQVEsep2iNVGkqYZpd7RxkiwT2F4vTpyIuo2Dwbajc0uMaprHcPAMZdd90oxkpb7kNpofqYmm4l2aJKCqRgwLFwQV6l6CiaeGMqElszEaIf4QWNtJnVbw4SIhuvRAYQ\/h+C7F0fnWcjzO6o5XjWXczK4RyaTKgfZjtTf\/SV2L7H\/k+CP7E78B9Fqukiv7hLPL0cZOCqk\/7N\/wDSUxjaL2xnaWzMSImNYXbRgnfgPoqrjPADiXMY+mS1kuO2oLWgepPkEpdNFLaRpDqJXvE5ZwxgdUaOv6x8FreN1CxtNkRlbvvP7+ahNwDaPEKdAAQ14Bk75SLnmSVN7SYR4qHPM8zpzsvLz\/GdM9fpXqg2ihz5holYa2qcpshP08Pm25\/BZtm6iaPh7cz6LhqaZBO3dDhfxACqX4fvG2hKsME5zKdI6Ne2o3+l2YefvBOGi6o+pk3c6\/ST9CVzylTOiKtEYUhYixm4ExpNv3sma7sxMi+xFj4i3VMlzwcsiRbx9PRR69TLEOj9I15LoizlmhYod69reslFh6Az+RUplVrzBvpfWZ\/YR1MOZsb3+Bgq7M9IVPG5Xx0g305+cQrSng2VZYSYAkHkSLH5rP8AEG5attYE+MahWfBK+UmRaRNvj81nKRrGBZ4PhfsS77w1ad+dx4BN8SwYq4d5pkd05oOuYSHDWwiSrLF+1qMLmGHEd0TB5\/ECPNZ\/g2LHtRmOUGZnS4Iv6\/FFi0lfwPBnPTJbAD4LjoHajzsVA7UV5qO9PzW2xIa3Nk7rZ0F5cbAAc+myw3GnAxBuNdxM7HyWyZhKJT1R3W+B+cK2pVw6m3NuI9LKpvlJ8vr+ancLwT30y4U3FoNnAGJ5StYnNlXDEV35ZA3R8PxRB8lLqcNdIc4EWQZTyuBFhvKoytcCa1QOF9k9hKJddsC\/wUd9PO93eAHiAl0ab2yRUYB4ooRYcaouZUaWmwA0S8Pwc+0D6gzNeoGGpe1cA+uPKStZgKTabIdULgDa2yU5KMdK5CnZKwZp07aBSKWEFRzpNmtzA\/RUj3Bz4AdB5iyueDYpo9q0tdIYbrKORpaWUoJuzL4ttMvdZ2qCQ\/HsJJir6BBa6SdTOye27+lPS3fHzSqtY6RS\/wDkC53h+ymMDKIcRLHknvfd2CbodkMWK1RxIyuDo73PRZLIvMjocX+k6I+rVi1Oif8A3UbMPjdqNIg6H2tvkuVs7EY8Gzx\/UV1DgtCrToU2Pd32gTdE8qS2kVCF8oN9PHjTCUT19tH0VfxnD8QNMgYWixzvvCvceoWtwtcSQ50SFn+3PDauJaxtCoBlEEndEcy8sJY\/SOa1uweOlz\/s7TUJzB4rgkGZG+oMLVdp+E1amEFWpTyVWN74BDhIHeII1BifMqFhOyOMaxzXV2ySIMutHmrHg3BcZRqSazHsIhzCCQ4HXU69VOWUJr7kPE545bJnMXYgTBHj+an4Dob7ehj8lJ7f8H+y15aO5U7zOXJzfEH5hZ3htaXAbE7rKrVnbrpmowzzUw7mjWk5rm+ZM\/RI\/wAU9mHVtAYgbTIDmz5\/FV+HxxoPLtoMg6EFU3G+K+3Ihoa1swBO\/NSsWplSzaFsX3FqnfBtJ138IKGHpAtO\/OdZWWpYwiM1wOui1Z4TiKLWvqUntY5odmiRBv3o93XQwdVThoVGfdUyFiTBEEgiI8t\/0Rs4gQdbAHXy\/JLxlRlS4e0eJ15gD9VWvLG\/eEcpTW4m6LbENztDwb8jc7Sn2VstPaefyHzVE\/j0CAB0vHQTzUzBYptak6PebBIBmZMHwUShLlmkMkeEy34bx5wBY4uAO4N5O4J3Vbj6odWc5tg50gcpUVlJxBABv8PJWjuHNp0szpiR3tR1nkUNpDSY7RqRTcMwkA5bxBIy26wSsm9gJcSYAtbfT9fRTcZxZoBbTFjudY5KrdEDnv8ATxP5rXHFpbmGacW9hdQAsa0WuT9PotbXBo4HDUmmC8uqujkbN+Cnfwhxg9rWoEU5qMa9mdodenIcATvDgf8AlK6pimk5YZRMNAuwecdFfdjDZnJkhKXBweri3tHOed1AGPqZhYei7y7Ak\/8Ah0P6EQwN70sP\/Qn9RH2QsP4OGvxFWT3W217q0FPEmrw8PyNzMr5Sco0LZC6uzCga0cP\/AEqQzD0hTcz7PQguDoDYB6nqjvx8sOyzgdDGvDrgAXuGhXfD+J1SAD5GF1Z\/C8OdcNQHgE4MDhwMv2elHgplmix9pmB+1VMsyD4AJXAOIl76jXTJY7LFgLbroNOjhhYYen5D9EpmFw4JLaDGnmAo7kPZSxuzi7qzwYLjKC7T\/h2F\/wDT0\/RBbfUQI+nkE58XISDiG8jfkkQwnUpThT66LzjqU2Co8ahJFXe6IlhG8IGnTtr6oFrvyD7SN5lOsqpupTp63RUck7oDXJcsKvUIaXEgRJJNgALyVla3bykycn83lALR6m\/wWn45w4VsLWpts59J7WzoCQQCfguCtovpvqMqyx1Iw9p1mYi2vP0W2HHGSdik2ndl\/wBqeP1MWW+0gBvutGgnWJ3t8FTUqUd4k2UijwvFOY2o2hVdSc4Bj8ji0kmAA7TUxrErZU+y9HCUXYnHuFUUxPsaYPsy7ZrjrUJMCDDechaOo7GutcnP+KY7MABmgiRIiRpIO4kH0VXmUvjHEn4is+s+AXGzR7rGizWNGzQIChtaSYAkmwHMmwC6IxpHPKTk7Nf\/AA67O\/aa\/tag\/k0SCZ0e\/VrOoGp8huux\/aQDBkqt7M8ObhcNSogCWt7xnV5u8+pPlCs3PadYXDknqkUm15IeM4fhn3fQY6ebGk\/JVruzfD3vvhmzbQFo9BAWgFQRoEoEHYKLaL12VtHhGFYAGUaLR\/w2\/ExKOtwig+QWU7giQxoIkRYgSFYSOQSQ4cggWtnJsXRdQcWPGXKSHRrPMdExi6\/8l7TplJB021U\/t80txdQyIcGHLpLS0DN6hwWeqOD8tMTLob\/VYD5LWMeGdTyXH9i\/4H\/DipVo+0r1BRc5oNNuUvcAbg1NA233Re+2izHEeE1MLUNOs2DsfuuH4mncL0E4k\/d0sPJVXG+G08TT9nWpgjUHdp\/E07FOOd3uckkqOUdleEVC44phLRRl9PT+a9vvU29IkE9YG8df4XxJlakyrTMteLcxsWu5EGQfBYbtdxrLh2spuioARYR3WktmPunS2yq\/4acfqNxJw5Mtqguj8NRgkuHi0X8AryY3KLkxKcVVHWQ86InDmEgVXabeBRmq7nJXKaa4iy+2l0M26JjnHXVNh5iyCu4vQc9EZICBnolE+CBa16DkI2loTbXnkg2oeSA1odBagkmp0HoggdsU2nTEwkOoMO9vNV7c8eaODz15dE0mZaoeiWKLbiyV7JlyTBUJ9QjQpJeZ1vCBXH0TadMTZE+oxuqhlztdETmnmigteCY6swi8\/RZPtP2ROLxNCph6bahLmiq15LGPYzv99zbgWLZF+8OS0LhvYK\/7LUgDnJHQK8b0ysUt9h3j\/DctKn7IBlOib022GXKWAAf5ZB8JWX4pwyniKT6T5yPbGtwdQfEGD5Lprmg67rA8X4a6lULR7pu0zcjkeoWmaDW6EpL1ZxDtT2MrYOXgirR\/3jdW\/wDEbt46eCr+y+FqVMQ0UmF72guaA0vMti8DxA813KpQcRlLZBsZ0g\/RDsN2doYPE1H0xHtWtaNw0gklrSdA6W\/0gK8efbcHGw8HUzsDqlKpSf8AeY9paQeki7eqkNDeS3GKwLKjcrwCPks7jOB5DZ9jcA6\/qspYnexSa9FYCBoE42qIUTEMLTcEfvdMMqdFk4tcj7iXgsm1xuLJRrMOgVZm2IK03Z\/Btc1znxe0fUJxhqdB3fwcm\/iexn2mi+CfaUslre48n\/7AsiKPsq9BzvuV6WadYFQOv5BdE\/jHTNOpQJYMgc6HTq7uyehsbLmHGcQKlWW\/eI8zYH5Lrx46SCWS1R0mv\/EhwqltOmHU5i5M63IW34NSdjKYf7MtpPGro7w0MCTI1uuJ8IoA4qkzRr6jGnpmcBPxK9PNLKVMRDWMbA5ANECFU8UOFsZxnLlnD\/4x9kqeFpsr0TDQQxzNGtBnKW+cAjrKgfwl4O6m5+KqMIJbkpZhs673wecADz5ra8aqOxtUVKgBosJFOm67XEH\/AGjxvEWGk32CcLjeAPL4LCeXbSh3TssDjiTt6I\/tp218FXtJPIRzTxzCRE\/vQLno07n4Hn4txKL7SdoTNcm3gmpM+78UtInlfonfana\/JJGKMzChl5Jk3AHl4IxIEwnQu6Tfth\/CfRAYgnbwsobqzjYDrb4pL6xBiPjZGkbzFgKjvw\/BBV325\/In9+KCKDv\/AIHxH6lBsC+qjtonmPj5W8k4WGduXVaaRfH0KzDQi\/SfolMrAbjyv0TBpkEERH9kj0n0326IoE4rlEx1Rs7\/AL6JOYCZiNuv6qHlLibj93sPJCsBIbE3335QlpE8ka4JmdgsL+fNWnCqkOF7SqFtUC8W5W9eSnYHGBrmgR3iZMtEWmTP05o0lxlG9jfUnSoPaDDNdSJMS24PzCN5c1uYd+0iLes2CxPGOJV6j\/ZucG90lwD5EHYwBcreMqjTIcfIpmJkSQRbTdHSrDkRzn11lVlWqRItNp9LpdLEaQJOh2M81hpGsiWxtOB8aLppv94CQ7ZwGx6j4q3qAOAJ+6bFYA4otbLA3OZsSQIuNYVrwbjZIjEOaHA6CwjYifO59FopS8jSjLgm4\/hxfme03A93oOVtVmWPgwB+i1FPtThswAeCScoi4PWeSzWKxA9tVLYy59dtNkT3V+QexOwuBzEddP1WmwGCyBQ+BhrgHxaIV+2IThHcG6Rle3\/DKVfCllf3R3g6cuRwBAeDpIBOsjouHYfsNXfUc6nakD3DU7rnT0j4mJXYe1nE21qvsBBp04NT\/MT7rI5ak+HVVdWvuDedY85vtAQ5uLpCdeTDcO7GYgODnPY3KQRALzIgidOm66JxHHYmrTFFwAZq4tkEtGrW8p5qJSriCfC\/700SqdWTB06zvfdRKcmCoNrXQMoaANBytoiqZtI8h801UqCwDfTf9ylUn2FrfvpooGkhd7aH5yn2OJ336bqO2qDc79P3sSkuxGUyBfp62SplXAmtpOvO10iqCYiITbcW7S3mfpKL7SN4trbXmPIoCojpFiDawTjBFpmR\/b5KLiHjMLnedNDp9LJFPE2gbTNviluS0k6Jr7aCR8kl+tmzb48lEGP96IJk257JH+JOzaAmZDQdY5HzNk6Ico2TM3Np+aCZ+2PN8rUEbh\/P8EttIxIFz+\/LUpD6EauM8uXgmauOFNk5tulhzTNPFTqdvrGvqF0bUKkSTSBmDySC4QBp5eG6S7EDXN4DnHJG186Ak9Bmny5qR1bobfDjYxtZN13ZdidPzBF07UdlOoBFzf5fvdMuMyL5rRGpsSSemykNHsddcDq0\/XVVfaVhFDNTzZqcPkCTA1yjmAplKofug6QTrrrPoEZJg93fw9I8dEk6dlLTRX8P7c1RSzt9sacBoNQe8dyLfJKwmMLWOr14Be7Tdo+62Nj3p81YtayBMW5kHQW9FD44GPovAcDlaSPuwW96R1t8FSabKa2IVDEZ6hiQ0Rrv+7K6ovb3R4+fRc74D2iLahzMc7MAAGgkiBOgubFaajxZxgsoPP8A0kSfvArfJExhRq4bcj3oPTp8JUPHcNaT714ifPQ3vqqdvEsSSXNw7w0Ai7gL6Aj93lP0K1czme2mSLd0vIMCJuLWKx0teTW\/wUmO7P15bkIcA6xzARB6wbLTOqsZ3SQOm8\/W9lEa+sWy6rM3GVkWvYC5F97qk4lh8Wa7XN7zQ5haLSb5iDAHLYJ\/ds2J3XB2TgmEc2m20CNCZ8+iidrvb06LnUHtFrh23mq7s72jDKYa+2W0HUWk33UDtnx9z6DmsIl0ADxJbf1b6qrVfkrS1\/gxmC7TUWSHF7nky9wZMvMSegnu+SN3bKjNs9hcZeWsTun6fDsHRD3neLEgiwmQTrMzryhRaWKwJz\/dkNLrOGptfUza26VQb2TMtLItft602ZSIBjcbaKK\/t1e1I7au2BHQpHE6nDwXWLnd6zSZJb73O4+irqQo1HdzCVY0HfgWBkuMRFvhqtFGH6SPkTm9uaon+W0iTufHltKQ\/t1X1ysi9oMdPqp1HgToa77OwNNpzkTyIBHlMyfik1OzmIecvs6LGjmSTe2YxfSB6ovF6HpmVlXtpXIFmWB2N5i5k\/uUkds8Tvljw22CsXdiC42qtAtoDvrZKHYRsge31AEQAZP9vJGrELRMr39tq2zWD1809R7cVdMg5CD+YVtQ7F0g0hxLnW7wOn4jEWdySqPYWjAHtH5s2pAFtdN7SZS1YvQVIrG9uHT\/ALG+uvS4mJ2Kbd21qahm1uQ5R0gfBazAdmqFN2bKSRmseu\/SNLeim\/4dTAymk0XJ021hQ54\/CHok+TF\/\/wBFi3ZS2iL6QJsdB8rp0cVxwn+TNiLA25ec+S21OgGgkNEDXf8AeicDQbAGYuB05einuL9I1hkzGDE8SgQynEDYDbe+qC2\/swdWifDlZBHc\/CH2peyH9nESTp4b9fW6QWNaefmInUhGMW4CzbEiTE7gAzEieqH2gZoLYOsgwPAbzJ01WW5WmL8Cszw6+W8xJnmd9D4pVMmTMAX1dO1zOn7KQwuiQ20yQSIO9zM773T3tGv1ygajNJgfTbbZBUbRHcJPeykDmYP4pvzvZKrljCBAAy7ac4gDRKa9pIAIPMwCDbcO8dI3S8zDctGs6az9PyRYN2iO5w0GaT0iRF5O1o15JbadpAMAbkQ7m0czp6JXtNfHaZ22N9I9LImPE93MTyvsRYbxcCCUEpV5FMomwDmyQI70jfUx001um6+EbBzNBg6RmvIGYyL6fNJrB8QCb+7pHnNtfEpdHh5sXVACQRlcCQNOWs9OqNyk5eEN0MNSYSWBklrpyiPe8evzTjADMax6nSwR0+HiffkXBy2N9NRrpaE\/WwggQ4xpYQdpLsx3ImByTKWsjvaXGMxknSSJ5yRroN0TMLlIBda9jJnS1txHxUr7KwAmZMgxmLo5WItpz3TTqAJB7+W0hst6d6bmLaBH7lU63Cp0AGOE93S4BO\/3iOada8NFhLotoBf4Aaph1gABafAmbQT9E3VdMWjLYxM8hbSNUhKSQT2Ne0EtObmHDNlOsmY2J\/umn4UGQ5riJBmR8231+SWaYJkx7ogDn9N\/RFSEA3Ph7veEAwI5jVO2Fh4ijSeIdTtcnMAbxe+vOEZw1Mx\/LZLQbxMd0NkA7xukiqSC52htF5vzGp0Sg5wgZSARuPhe+x16c0Wx2HToAg5qbMvIsbvNrjVSqtWZIyzzDd9Y0UapUDRmfYHSL9RIBsPL9QaskjpYwdJ66akX\/uWx2kPGqZiZ036bR8kcWMtB6b7xqmabbSO9tIGhv5TeY6py4BkggA+fmNdCkCoJgj7rRFo1gT4\/uE9VrAGe5zgAau59Ux7V1wIgRYnQ3shktMCdiAPgR0P5oF8QVKkyQQOf5\/JLw9VoteCfCTEX8pSRRne52jfyMfLzSfZCDmM8jvrqBvqgKH3VABYO89tNNz5pFSrBEk+VuZ185SMQG5ogjxJgzq4T6oqdYEe9YGCBJOht+lkBbvkfo4mNXC8gcpsb9bWlLGIsIg8zMTM676HVQ5kTeJnS1tZ8yPRHf7zudgLxudeSKHt7JAePxP8AK48iEEZNLdwnq0T\/ANwQSphUfYvBtBNSRs34h0qXj6LZIyiMotAiwB0QQWvgRAx1BvtWjK2LGIETlF4UfjZiIt3Rpbb9SggoIfDF4a2ZosO7YWGp2TtNoyuMfePyKCCRHgYrOJAm8zPW7tfQJNFoLXTeGyJvedfFBBNC8\/sQHjuHq8z170X5qxaJsbiBY3\/GjQTZ0xJA1jbJPmIgpNaof5hk2fAv00QQUjlwMhx9lMmYPyVjw\/8A2RG32cnz9pr42HoggmzCHJBa0F9xPffr0NkWLPcJ3zfmggmzUghxvfl8XCUvHuIzxaztLaNsjQS8mb5RLaYiN2snrIdM80T2jOf+G4\/DVBBLwW+CHhz3\/EmfUIYeoSHkkkhpgkyRduiNBBEeUFj9hsQ6233tvIeicpNALgBAAbpbUGUSCfgX\/Q5tHj9FLxG3+to8oBjwQQUsIEege\/5fUIsewe0IgRExtMAzHiggrfLNn9qJTRYDbM35psOOQXOr\/m1BBSuAXIpg7x\/1u+ZCLENEi33z9UEEGGTkilEgghgj\/9k=\" width=\"259\" height=\"194\" \/><p class=\"wp-caption-text\">El caballo de tiro es un caballo de trabajo usado por su capacidad de tracci\u00f3n<\/p><\/div>\n<p>&nbsp;<\/p>\n<h3><strong><em>BETRON<\/em><\/strong><\/h3>\n<div style=\"width: 210px\" class=\"wp-caption aligncenter\"><img loading=\"lazy\" decoding=\"async\" alt=\"Breton\" src=\"http:\/\/www.3caballos.com\/img\/razas\/breton.jpg\" width=\"200\" height=\"166\" \/><p class=\"wp-caption-text\">El caballo bret\u00f3n es una raza de caballo de tiro. Fue desarrollado en la Breta\u00f1a, una regi\u00f3n del noroeste de Francia, de poblaci\u00f3n nativa ancestral que se remonta a miles de a\u00f1os.<\/p><\/div>\n<h3><em><strong><span style=\"color: #333333;font-family: Georgia, 'Times New Roman', 'Bitstream Charter', Times, serif\"><span style=\"font-size: 12px;line-height: 18px\">CLYDESDALE\u00a0<\/span><\/span><\/strong><\/em><\/h3>\n<div style=\"width: 441px\" class=\"wp-caption aligncenter\"><img loading=\"lazy\" decoding=\"async\" alt=\"\" src=\"http:\/\/www.publicdomainpictures.net\/pictures\/30000\/nahled\/clydesdale-horse-13360442644Oq.jpg\" width=\"431\" height=\"323\" \/><p class=\"wp-caption-text\">es un animal atractivo y fuerte, de temperamento tranquilo y amistoso. En sus or\u00edgenes se lo conoc\u00eda como un caballo de trabajo. Hoy su reputaci\u00f3n es de un caballo de exhibici\u00f3n y concurso.<\/p><\/div>\n<p><strong><em>FALABELLA<\/em><\/strong><\/p>\n<div style=\"width: 310px\" class=\"wp-caption aligncenter\"><img loading=\"lazy\" decoding=\"async\" alt=\"\" src=\"http:\/\/www.razasdecaballos.com\/images\/caballo-falabella.jpg?phpMyAdmin=GWKzg4dRxUou55q9BSUXiDvX1X7\" width=\"300\" height=\"331\" \/><p class=\"wp-caption-text\">En realidad el caballo Falabella no es pony. Son caballos en miniatura dela cual existen bastantes razas alrededor de todo el mundo y esta raza es la m\u00e1spopular. Estos caballos poseen las mismas cualidades que las de los caballosnormales.<\/p><\/div>\n<p><em><strong>FRISON<\/strong><\/em><\/p>\n<div style=\"width: 541px\" class=\"wp-caption aligncenter\"><img loading=\"lazy\" decoding=\"async\" class=\" \" alt=\"\" src=\"http:\/\/animalmascota.com\/wp-content\/2011\/11\/caballo_frison.jpg\" width=\"531\" height=\"293\" \/><p class=\"wp-caption-text\">El fris\u00f3n (tambien llamados fisian) es una raza de caballo procedente de la regi\u00f3n de Frisia de los Pa\u00edses Bajos, Muy elegante y atractivo<\/p><\/div>\n<h3><em><strong>LUTISANO<\/strong><\/em><\/h3>\n<div style=\"width: 360px\" class=\"wp-caption aligncenter\"><img loading=\"lazy\" decoding=\"async\" alt=\"\" src=\"http:\/\/www.caballos-lusitanos.com\/Images\/Jabeque_net5.jpg\" width=\"350\" height=\"235\" \/><p class=\"wp-caption-text\">Por excelencia es preferentemente el color blanco uniforme, aunque en ocasiones los potros suelen nacer negros o casta\u00f1os y puede algunas veces de color bayo<\/p><\/div>\n<p><em><strong>MORGAN<\/strong><\/em><\/p>\n<div style=\"width: 371px\" class=\"wp-caption aligncenter\"><img loading=\"lazy\" decoding=\"async\" alt=\"\" src=\"http:\/\/www.elgalope.com\/fotos-de-caballos\/galerias\/morgan\/3.jpg\" width=\"361\" height=\"336\" \/><p class=\"wp-caption-text\">Esta raza se utiliza para el salto, el adiestramiento, y la caza siendomagn\u00edfico en cualquiera de estas tareas. Es buen semental para la remonta y resulta genial en la monta viajera y de placer.<\/p><\/div>\n<h3><em><strong>MUSTANG<\/strong><\/em><\/h3>\n<div style=\"width: 378px\" class=\"wp-caption aligncenter\"><img loading=\"lazy\" decoding=\"async\" class=\" \" alt=\"\" src=\"http:\/\/laherradura7dotcom.files.wordpress.com\/2011\/02\/mustang31.jpg\" width=\"368\" height=\"277\" \/><p class=\"wp-caption-text\">El Mustang ha dado origen a innumerables razas norteamericanas, tienen los rasgos de los caballos espa\u00f1oles en especial lo relativo al color.<\/p><\/div>\n<h3><em><strong>NONIUS<\/strong><\/em><\/h3>\n<p>&nbsp;<\/p>\n<div style=\"width: 360px\" class=\"wp-caption aligncenter\"><img loading=\"lazy\" decoding=\"async\" alt=\"\" src=\"http:\/\/www.galeon.com\/cabrera2\/Nonius.jpg\" width=\"350\" height=\"309\" \/><p class=\"wp-caption-text\">El Nonius es de origen h\u00fangaro, y fue a finales del siglo XIX que sus criadores superaron los dos millones de ejemplares, para as\u00ed poder vender las remontas a las naciones europeas.<\/p><\/div>\n<h3><strong><em>PALOMINO<\/em><\/strong><\/h3>\n<div style=\"width: 379px\" class=\"wp-caption aligncenter\"><img loading=\"lazy\" decoding=\"async\" class=\" \" alt=\"\" src=\"http:\/\/www.razas-caballos.com\/Imagenes\/caballo-palomino.jpg\" width=\"369\" height=\"283\" \/><p class=\"wp-caption-text\">El nombre Palomino es conocido como Isabelino en Espa\u00f1a, comoconsecuencia de la reina castiza Isabel II, quien foment\u00f3 la crianza de caballos con esta capa.<\/p><\/div>\n<p>PONY DE LOS FIORDOS<\/p>\n<div style=\"width: 410px\" class=\"wp-caption aligncenter\"><img loading=\"lazy\" decoding=\"async\" alt=\"\" src=\"http:\/\/us.123rf.com\/400wm\/400\/400\/ellende\/ellende0706\/ellende070600025\/1018771-un-marron-dun-fiordo-caballo-de-pie-en-un-area-verde-de-pasto.jpg\" width=\"400\" height=\"267\" \/><p class=\"wp-caption-text\">Trabajador, incansable, resistente y seguro en terrenos dif\u00edciles y cambios clim\u00e1ticos.<\/p><\/div>\n<p>SHAGYA-ARABE<\/p>\n<div style=\"width: 410px\" class=\"wp-caption aligncenter\"><img loading=\"lazy\" decoding=\"async\" alt=\"\" src=\"http:\/\/us.123rf.com\/400wm\/400\/400\/petrmasek\/petrmasek0702\/petrmasek070200013\/800231-running-arabe-caballo-shagya-arabe.jpg\" width=\"400\" height=\"267\" \/><p class=\"wp-caption-text\">A principios del siglo XX el vasto imperio Astro H\u00fangaro, dominaba la cr\u00eda caballar de Europa entera, a finales del siglo XIX contaba con m\u00e1s de dos millones de ejemplares y los mejores sementales del mundo.<\/p><\/div>\n<p><strong><em>PURA SANGRE<\/em><\/strong><\/p>\n<div style=\"width: 490px\" class=\"wp-caption aligncenter\"><img loading=\"lazy\" decoding=\"async\" alt=\"\" src=\"http:\/\/www.defondos.com\/bulkupload\/fondos-de-caballos\/Animales\/Caballos\/Caballo%20Pura%20Sangre_800.jpg\" width=\"480\" height=\"360\" \/><p class=\"wp-caption-text\">El caballo Pura Sangre posee temperamento de gran energ\u00eda mental y f\u00edsica, esvaliente, no rehuye la lucha de tal modo que es sensible y nervioso. Tiene ojosexpresivos y grandes. La cabeza es hermosa, bien dibujada; es de piel fina. Porotra parte la acci\u00f3n es uniforme, econ\u00f3mica y larga.<\/p><\/div>\n<p>&nbsp;<\/p>\n<p>&nbsp;<\/p>\n<p>&nbsp;<\/p>\n<p><img decoding=\"async\" alt=\"\" src=\"http:\/\/ancoco.a.n.pic.centerblog.net\/iqsrrxqs.jpg\" \/><\/p>\n<p>&nbsp;<\/p>\n","protected":false},"excerpt":{"rendered":"<p>CUARTO DE MILLA ESPA\u00d1OL ANDALUZ-PRE AKHAL-TEK\u00c9 &nbsp; COB \u00a0es un tipo de caballo con mayor inteligencia y una de las mejores razas existentes BELGA DE TIRO &nbsp; BETRON CLYDESDALE\u00a0 FALABELLA FRISON LUTISANO MORGAN MUSTANG NONIUS &nbsp; PALOMINO PONY DE LOS &hellip; <a href=\"https:\/\/blog.espol.edu.ec\/ssegovia95\/caballosrazas\/\">Sigue leyendo <span class=\"meta-nav\">&rarr;<\/span><\/a><\/p>\n","protected":false},"author":8861,"featured_media":0,"parent":0,"menu_order":9,"comment_status":"open","ping_status":"closed","template":"","meta":{"footnotes":""},"class_list":["post-38","page","type-page","status-publish","hentry"],"_links":{"self":[{"href":"https:\/\/blog.espol.edu.ec\/ssegovia95\/wp-json\/wp\/v2\/pages\/38","targetHints":{"allow":["GET"]}}],"collection":[{"href":"https:\/\/blog.espol.edu.ec\/ssegovia95\/wp-json\/wp\/v2\/pages"}],"about":[{"href":"https:\/\/blog.espol.edu.ec\/ssegovia95\/wp-json\/wp\/v2\/types\/page"}],"author":[{"embeddable":true,"href":"https:\/\/blog.espol.edu.ec\/ssegovia95\/wp-json\/wp\/v2\/users\/8861"}],"replies":[{"embeddable":true,"href":"https:\/\/blog.espol.edu.ec\/ssegovia95\/wp-json\/wp\/v2\/comments?post=38"}],"version-history":[{"count":4,"href":"https:\/\/blog.espol.edu.ec\/ssegovia95\/wp-json\/wp\/v2\/pages\/38\/revisions"}],"predecessor-version":[{"id":42,"href":"https:\/\/blog.espol.edu.ec\/ssegovia95\/wp-json\/wp\/v2\/pages\/38\/revisions\/42"}],"wp:attachment":[{"href":"https:\/\/blog.espol.edu.ec\/ssegovia95\/wp-json\/wp\/v2\/media?parent=38"}],"curies":[{"name":"wp","href":"https:\/\/api.w.org\/{rel}","templated":true}]}}